{"id":26354,"date":"2025-08-28T16:41:51","date_gmt":"2025-08-28T16:41:51","guid":{"rendered":"https:\/\/petworld.ma\/?page_id=26354"},"modified":"2026-01-23T14:29:09","modified_gmt":"2026-01-23T14:29:09","slug":"chatterie","status":"publish","type":"page","link":"https:\/\/petworld.ma\/index.php\/chatterie\/","title":{"rendered":"Chatterie, H\u00f4tel pour Chat"},"content":{"rendered":"\n\n  <div class=\"banner has-hover has-parallax\" id=\"banner-1298366629\">\n          <div class=\"banner-inner fill\">\n        <div class=\"banner-bg fill\" data-parallax=\"-3\" data-parallax-container=\".banner\" data-parallax-background>\n            <img loading=\"lazy\" decoding=\"async\" width=\"2560\" height=\"1709\" src=\"https:\/\/petworld.ma\/wp-content\/uploads\/2025\/08\/Design-sans-titre-scaled.png\" class=\"bg attachment-original size-original\" alt=\"\" \/>                                    \n                    <\/div>\n\t\t\n        <div class=\"banner-layers container\">\n            <div class=\"fill banner-link\"><\/div>            \n\n   <div id=\"text-box-1561048217\" class=\"text-box banner-layer x5 md-x50 lg-x80 y75 md-y85 lg-y100 res-text\">\n                     <div data-animate=\"fadeInLeft\">           <div class=\"text-box-content text dark\">\n              \n              <div class=\"text-inner text-center\">\n                  \n\n\t<div id=\"text-1722942613\" class=\"text\">\n\t\t\n\n<h2 class=\"alt-font\">Petworld.ma une pension pour chats<\/h2>\n<h3 class=\"uppercase\">Le cocon de vacances pour votre chat<\/h3>\n\t\t\n<style>\n#text-1722942613 {\n  color: rgb(0,0,0);\n}\n#text-1722942613 > * {\n  color: rgb(0,0,0);\n}\n<\/style>\n\t<\/div>\n\t\n\n              <\/div>\n           <\/div>\n       <\/div>                     \n<style>\n#text-box-1561048217 {\n  width: 80%;\n}\n#text-box-1561048217 .text-box-content {\n  font-size: 100%;\n}\n@media (min-width:550px) {\n  #text-box-1561048217 {\n    width: 41%;\n  }\n}\n<\/style>\n    <\/div>\n \n\n        <\/div>\n      <\/div>\n\n            \n<style>\n#banner-1298366629 {\n  padding-top: 540px;\n}\n#banner-1298366629 .overlay {\n  background-color: rgba(0, 0, 0, 0.3);\n}\n#banner-1298366629 .banner-bg img {\n  object-position: 60% 32%;\n}\n<\/style>\n  <\/div>\n\n\n<div class=\"row\"  id=\"row-1243186296\">\n\n\n\t<div id=\"col-569221346\" class=\"col medium-4 small-12 large-4\"  >\n\t\t\t\t<div class=\"col-inner\"  >\n\t\t\t\n\t\t\t\n\n\n\t\t<div class=\"icon-box featured-box icon-box-center text-center\"  >\n\t\t\t\t\t<div class=\"icon-box-img\" style=\"width: 165px\">\n\t\t\t\t<div class=\"icon\">\n\t\t\t\t\t<div class=\"icon-inner\" >\n\t\t\t\t\t\t<img loading=\"lazy\" decoding=\"async\" width=\"300\" height=\"200\" src=\"https:\/\/petworld.ma\/wp-content\/uploads\/2025\/08\/Design-sans-titre-1-300x200.png\" class=\"attachment-medium size-medium\" alt=\"\" srcset=\"https:\/\/petworld.ma\/wp-content\/uploads\/2025\/08\/Design-sans-titre-1-300x200.png 300w, https:\/\/petworld.ma\/wp-content\/uploads\/2025\/08\/Design-sans-titre-1-1024x684.png 1024w, https:\/\/petworld.ma\/wp-content\/uploads\/2025\/08\/Design-sans-titre-1-768x513.png 768w, https:\/\/petworld.ma\/wp-content\/uploads\/2025\/08\/Design-sans-titre-1-1536x1025.png 1536w, https:\/\/petworld.ma\/wp-content\/uploads\/2025\/08\/Design-sans-titre-1-2048x1367.png 2048w, https:\/\/petworld.ma\/wp-content\/uploads\/2025\/08\/Design-sans-titre-1-510x340.png 510w\" sizes=\"auto, (max-width: 300px) 100vw, 300px\" \/>\t\t\t\t\t<\/div>\n\t\t\t\t<\/div>\n\t\t\t<\/div>\n\t\t\t\t<div class=\"icon-box-text last-reset\">\n\t\t\t\t\t\t\t\t\t\n\n<h3 class=\"uppercase\">Confort r\u00e9el<\/h3>\n<p>Pas de cages m\u00e9talliques, Box en bois naturel avec volume g\u00e9n\u00e9reux (1.4mx1.1mx1.5mH), am\u00e9nagement vertical, calme, arbre \u00e0 chat avec cachette<\/p>\n\n\t\t<\/div>\n\t<\/div>\n\t\n\t\n\n\t\t<\/div>\n\t\t\t\t\t<\/div>\n\n\t\n\n\t<div id=\"col-1041501954\" class=\"col medium-4 small-12 large-4\"  >\n\t\t\t\t<div class=\"col-inner\"  >\n\t\t\t\n\t\t\t\n\n\n\t\t<div class=\"icon-box featured-box icon-box-center text-center\"  >\n\t\t\t\t\t<div class=\"icon-box-img\" style=\"width: 165px\">\n\t\t\t\t<div class=\"icon\">\n\t\t\t\t\t<div class=\"icon-inner\" >\n\t\t\t\t\t\t<img loading=\"lazy\" decoding=\"async\" width=\"300\" height=\"200\" src=\"https:\/\/petworld.ma\/wp-content\/uploads\/2025\/08\/Design-sans-titre-8-300x200.png\" class=\"attachment-medium size-medium\" alt=\"\" srcset=\"https:\/\/petworld.ma\/wp-content\/uploads\/2025\/08\/Design-sans-titre-8-300x200.png 300w, https:\/\/petworld.ma\/wp-content\/uploads\/2025\/08\/Design-sans-titre-8-1024x684.png 1024w, https:\/\/petworld.ma\/wp-content\/uploads\/2025\/08\/Design-sans-titre-8-768x513.png 768w, https:\/\/petworld.ma\/wp-content\/uploads\/2025\/08\/Design-sans-titre-8-1536x1026.png 1536w, https:\/\/petworld.ma\/wp-content\/uploads\/2025\/08\/Design-sans-titre-8-510x341.png 510w, https:\/\/petworld.ma\/wp-content\/uploads\/2025\/08\/Design-sans-titre-8.png 1650w\" sizes=\"auto, (max-width: 300px) 100vw, 300px\" \/>\t\t\t\t\t<\/div>\n\t\t\t\t<\/div>\n\t\t\t<\/div>\n\t\t\t\t<div class=\"icon-box-text last-reset\">\n\t\t\t\t\t\t\t\t\t\n\n<h3>Offre Fratrie (chats de la m\u00eame famille)\u00a0<\/h3>\n<p>-20% pour le deuxi\u00e8me chat. H\u00e9bergement dans une box spacieuse<\/p>\n\n\t\t<\/div>\n\t<\/div>\n\t\n\t\n\n\t\t<\/div>\n\t\t\t\t\t<\/div>\n\n\t\n\n\t<div id=\"col-813509917\" class=\"col medium-4 small-12 large-4\"  >\n\t\t\t\t<div class=\"col-inner\"  >\n\t\t\t\n\t\t\t\n\n\n\t\t<div class=\"icon-box featured-box icon-box-center text-center\"  >\n\t\t\t\t\t<div class=\"icon-box-img\" style=\"width: 165px\">\n\t\t\t\t<div class=\"icon\">\n\t\t\t\t\t<div class=\"icon-inner\" >\n\t\t\t\t\t\t<img loading=\"lazy\" decoding=\"async\" width=\"300\" height=\"200\" src=\"https:\/\/petworld.ma\/wp-content\/uploads\/2025\/08\/Design-sans-titre-9-300x200.png\" class=\"attachment-medium size-medium\" alt=\"\" srcset=\"https:\/\/petworld.ma\/wp-content\/uploads\/2025\/08\/Design-sans-titre-9-300x200.png 300w, https:\/\/petworld.ma\/wp-content\/uploads\/2025\/08\/Design-sans-titre-9-1024x684.png 1024w, https:\/\/petworld.ma\/wp-content\/uploads\/2025\/08\/Design-sans-titre-9-768x513.png 768w, https:\/\/petworld.ma\/wp-content\/uploads\/2025\/08\/Design-sans-titre-9-1536x1025.png 1536w, https:\/\/petworld.ma\/wp-content\/uploads\/2025\/08\/Design-sans-titre-9-2048x1367.png 2048w, https:\/\/petworld.ma\/wp-content\/uploads\/2025\/08\/Design-sans-titre-9-510x340.png 510w\" sizes=\"auto, (max-width: 300px) 100vw, 300px\" \/>\t\t\t\t\t<\/div>\n\t\t\t\t<\/div>\n\t\t\t<\/div>\n\t\t\t\t<div class=\"icon-box-text last-reset\">\n\t\t\t\t\t\t\t\t\t\n\n<h3>Offre Long S\u00e9jour<\/h3>\n<p>Traitement anti-puces offert pour un s\u00e9jour sup\u00e9rieur \u00e0 7 nuits<\/p>\n<p>-20% pour un s\u00e9jour sup\u00e9rieur \u00e0 20 nuits<\/p>\n\n\t\t<\/div>\n\t<\/div>\n\t\n\t\n\n\t\t<\/div>\n\t\t\t\t\t<\/div>\n\n\t\n\n\t<div id=\"col-1627752641\" class=\"col medium-4 small-12 large-4\"  >\n\t\t\t\t<div class=\"col-inner\"  >\n\t\t\t\n\t\t\t\n\n\n\t\t<div class=\"icon-box featured-box icon-box-center text-center\"  >\n\t\t\t\t\t<div class=\"icon-box-img\" style=\"width: 165px\">\n\t\t\t\t<div class=\"icon\">\n\t\t\t\t\t<div class=\"icon-inner\" >\n\t\t\t\t\t\t<img loading=\"lazy\" decoding=\"async\" width=\"300\" height=\"200\" src=\"https:\/\/petworld.ma\/wp-content\/uploads\/2025\/08\/Design-sans-titre-11-300x200.png\" class=\"attachment-medium size-medium\" alt=\"\" srcset=\"https:\/\/petworld.ma\/wp-content\/uploads\/2025\/08\/Design-sans-titre-11-300x200.png 300w, https:\/\/petworld.ma\/wp-content\/uploads\/2025\/08\/Design-sans-titre-11-1024x684.png 1024w, https:\/\/petworld.ma\/wp-content\/uploads\/2025\/08\/Design-sans-titre-11-768x513.png 768w, https:\/\/petworld.ma\/wp-content\/uploads\/2025\/08\/Design-sans-titre-11-1536x1025.png 1536w, https:\/\/petworld.ma\/wp-content\/uploads\/2025\/08\/Design-sans-titre-11-2048x1367.png 2048w, https:\/\/petworld.ma\/wp-content\/uploads\/2025\/08\/Design-sans-titre-11-510x340.png 510w\" sizes=\"auto, (max-width: 300px) 100vw, 300px\" \/>\t\t\t\t\t<\/div>\n\t\t\t\t<\/div>\n\t\t\t<\/div>\n\t\t\t\t<div class=\"icon-box-text last-reset\">\n\t\t\t\t\t\t\t\t\t\n\n<h3>Hygi\u00e8ne Max<\/h3>\n<p>Tous les chats re\u00e7oivent un traitement antipuces<\/p>\n<p>Vaccins \u00e0 jour obligatoire<\/p>\n\n\t\t<\/div>\n\t<\/div>\n\t\n\t\n\n\t\t<\/div>\n\t\t\t\t\t<\/div>\n\n\t\n\n<\/div>\n<div class=\"container section-title-container\" ><h1 class=\"section-title section-title-center\"><b aria-hidden=\"true\"><\/b><span class=\"section-title-main\" >Nos Tarifs<\/span><b aria-hidden=\"true\"><\/b><\/h1><\/div>\n\n\n\t<section class=\"section\" id=\"section_2135747136\">\n\t\t<div class=\"section-bg fill\" >\n\t\t\t<img loading=\"lazy\" decoding=\"async\" width=\"2560\" height=\"1709\" src=\"https:\/\/petworld.ma\/wp-content\/uploads\/2025\/08\/Design-sans-titre-3-scaled.png\" class=\"bg attachment- size-\" alt=\"\" \/>\t\t\t\t\t\t<div class=\"section-bg-overlay absolute fill\"><\/div>\n\t\t\t\n\n\t\t<\/div>\n\n\t\t\n\n\t\t<div class=\"section-content relative\">\n\t\t\t\n\n<div class=\"row row-collapse row-full-width align-middle\"  id=\"row-1381574296\">\n\n\n\t<div id=\"col-63501304\" class=\"col medium-6 small-12 large-6\"  >\n\t\t\t\t<div class=\"col-inner\"  >\n\t\t\t\n\t\t\t\n\n\t<div class=\"img has-hover x md-x lg-x y md-y lg-y\" id=\"image_1079479247\">\n\t\t\t\t\t\t\t\t<div class=\"img-inner dark\" >\n\t\t\t<img loading=\"lazy\" decoding=\"async\" width=\"995\" height=\"1024\" src=\"https:\/\/petworld.ma\/wp-content\/uploads\/2025\/10\/WhatsApp-Image-2025-10-07-at-16.05.34-995x1024.jpeg\" class=\"attachment-large size-large\" alt=\"\" srcset=\"https:\/\/petworld.ma\/wp-content\/uploads\/2025\/10\/WhatsApp-Image-2025-10-07-at-16.05.34-995x1024.jpeg 995w, https:\/\/petworld.ma\/wp-content\/uploads\/2025\/10\/WhatsApp-Image-2025-10-07-at-16.05.34-292x300.jpeg 292w, https:\/\/petworld.ma\/wp-content\/uploads\/2025\/10\/WhatsApp-Image-2025-10-07-at-16.05.34-768x790.jpeg 768w, https:\/\/petworld.ma\/wp-content\/uploads\/2025\/10\/WhatsApp-Image-2025-10-07-at-16.05.34-1493x1536.jpeg 1493w, https:\/\/petworld.ma\/wp-content\/uploads\/2025\/10\/WhatsApp-Image-2025-10-07-at-16.05.34-1991x2048.jpeg 1991w, https:\/\/petworld.ma\/wp-content\/uploads\/2025\/10\/WhatsApp-Image-2025-10-07-at-16.05.34-510x525.jpeg 510w\" sizes=\"auto, (max-width: 995px) 100vw, 995px\" \/>\t\t\t\t\t\t\n\t\t\t\t\t<\/div>\n\t\t\t\t\t\t\t\t\n<style>\n#image_1079479247 {\n  width: 100%;\n}\n<\/style>\n\t<\/div>\n\t\n\n\n\t\t<\/div>\n\t\t\t\t\t<\/div>\n\n\t\n\n\t<div id=\"col-41498326\" class=\"col medium-6 small-12 large-6\"  >\n\t\t\t\t<div class=\"col-inner text-center\"  >\n\t\t\t\n\t\t\t\n\n<p style=\"text-align: center;\"><strong style=\"font-size: 25.92px;\" data-start=\"211\" data-end=\"229\">Essentielle <\/strong><\/p>\n<p style=\"text-align: center;\"><strong style=\"font-size: 25.92px;\" data-start=\"211\" data-end=\"229\"><del>120dhs<\/del> 100dhs\/nuit + 60dhs\/s\u00e9jour traitement antipuces<\/strong><\/p>\n<ul data-start=\"230\" data-end=\"544\">\n<li data-start=\"230\" data-end=\"317\">\n<p style=\"text-align: left;\" data-start=\"232\" data-end=\"317\">Box individuel <strong data-start=\"247\" data-end=\"268\">avec arbre \u00e0 chat<\/strong> (1,4 \u00d7 1,08 m au sol ; 1,5 m hauteur \u2248 1,51 m\u00b2).<\/p>\n<\/li>\n<li style=\"text-align: left;\" data-start=\"318\" data-end=\"382\">\n<p data-start=\"320\" data-end=\"382\">Liti\u00e8re au choix : <strong data-start=\"339\" data-end=\"347\">bois<\/strong> (allergiques) ou <strong data-start=\"365\" data-end=\"381\">agglom\u00e9rante<\/strong>.<\/p>\n<\/li>\n<li style=\"text-align: left;\" data-start=\"383\" data-end=\"426\">\n<p data-start=\"385\" data-end=\"426\">Repas \u00e0 volont\u00e9 (Croquettes Premium de la marque Hills)<\/p>\n<\/li>\n<li style=\"text-align: left;\" data-start=\"383\" data-end=\"426\">\n<p data-start=\"385\" data-end=\"426\">Alimentations flexibles: Achat d&rsquo;autres croquettes dans notre magasin ou le client peut ramener ses propres croquettes<\/p>\n<\/li>\n<li style=\"text-align: left;\" data-start=\"427\" data-end=\"465\">\n<p data-start=\"429\" data-end=\"465\">Nettoyage quotidien et &amp; d\u00e9sinfection totale du box \u00e0 chaque entr\u00e9e\/sortie.<\/p>\n<\/li>\n<li style=\"text-align: left;\" data-start=\"466\" data-end=\"513\">\n<p data-start=\"468\" data-end=\"513\"><strong data-start=\"468\" data-end=\"513\">Acc\u00e8s espace jeux individuel.<\/strong><\/p>\n<\/li>\n<li data-start=\"514\" data-end=\"544\">\n<p style=\"text-align: left;\" data-start=\"516\" data-end=\"544\"><b>Photos \u00e0 la demande<\/b><\/p>\n<\/li>\n<li data-start=\"514\" data-end=\"544\">Un suppl\u00e9ment de 60dhs par s\u00e9jour pour le traitement anti-puces\/anti-tiques<\/li>\n<\/ul>\n\n\t\t<\/div>\n\t\t\t\t\n<style>\n#col-41498326 > .col-inner {\n  padding: 10% 10% 10% 10%;\n  max-width: 520px;\n}\n<\/style>\n\t<\/div>\n\n\t\n\n<\/div>\n\n\t\t<\/div>\n\n\t\t\n<style>\n#section_2135747136 {\n  padding-top: 0px;\n  padding-bottom: 0px;\n  background-color: rgb(247, 247, 247);\n}\n#section_2135747136 .section-bg-overlay {\n  background-color: rgba(255, 255, 255, 0.85);\n}\n#section_2135747136 .section-bg img {\n  object-position: 58% 33%;\n}\n<\/style>\n\t<\/section>\n\t\n\n\t<section class=\"section\" id=\"section_1967365765\">\n\t\t<div class=\"section-bg fill\" >\n\t\t\t<img loading=\"lazy\" decoding=\"async\" width=\"2560\" height=\"1709\" src=\"https:\/\/petworld.ma\/wp-content\/uploads\/2025\/08\/Design-sans-titre-2-scaled.png\" class=\"bg attachment- size-\" alt=\"\" \/>\t\t\t\t\t\t<div class=\"section-bg-overlay absolute fill\"><\/div>\n\t\t\t\n\n\t\t<\/div>\n\n\t\t\n\n\t\t<div class=\"section-content relative\">\n\t\t\t\n\n<div class=\"row row-collapse row-full-width align-middle\"  id=\"row-892315884\">\n\n\n\t<div id=\"col-1032674009\" class=\"col medium-6 small-12 large-6\"  >\n\t\t\t\t<div class=\"col-inner\"  >\n\t\t\t\n\t\t\t\n\n\t<div class=\"img has-hover x md-x lg-x y md-y lg-y\" id=\"image_673696963\">\n\t\t\t\t\t\t\t\t<div class=\"img-inner dark\" >\n\t\t\t<img loading=\"lazy\" decoding=\"async\" width=\"1020\" height=\"681\" src=\"https:\/\/petworld.ma\/wp-content\/uploads\/2025\/08\/Design-sans-titre-2-1024x684.png\" class=\"attachment-large size-large\" alt=\"\" srcset=\"https:\/\/petworld.ma\/wp-content\/uploads\/2025\/08\/Design-sans-titre-2-1024x684.png 1024w, https:\/\/petworld.ma\/wp-content\/uploads\/2025\/08\/Design-sans-titre-2-300x200.png 300w, https:\/\/petworld.ma\/wp-content\/uploads\/2025\/08\/Design-sans-titre-2-768x513.png 768w, https:\/\/petworld.ma\/wp-content\/uploads\/2025\/08\/Design-sans-titre-2-1536x1025.png 1536w, https:\/\/petworld.ma\/wp-content\/uploads\/2025\/08\/Design-sans-titre-2-2048x1367.png 2048w, https:\/\/petworld.ma\/wp-content\/uploads\/2025\/08\/Design-sans-titre-2-510x340.png 510w\" sizes=\"auto, (max-width: 1020px) 100vw, 1020px\" \/>\t\t\t\t\t\t\n\t\t\t\t\t<\/div>\n\t\t\t\t\t\t\t\t\n<style>\n#image_673696963 {\n  width: 100%;\n}\n<\/style>\n\t<\/div>\n\t\n\n\n\t\t<\/div>\n\t\t\t\t\t<\/div>\n\n\t\n\n\t<div id=\"col-388651012\" class=\"col medium-6 small-12 large-6\"  >\n\t\t\t\t<div class=\"col-inner text-center\"  >\n\t\t\t\n\t\t\t\n\n<h1 class=\"uppercase\" style=\"text-align: center;\">Fratrie (2 chats de la m\u00eame famille):\u00a0<\/h1>\n<ul>\n<li style=\"text-align: left;\" data-start=\"892\" data-end=\"962\"><strong data-start=\"892\" data-end=\"920\">2 chats dans la m\u00eame box<\/strong>.<\/li>\n<li style=\"text-align: left;\" data-start=\"965\" data-end=\"998\"><strong data-start=\"965\" data-end=\"986\">Acc\u00e8s jeux en duo<\/strong> (ensemble).<\/li>\n<li style=\"text-align: left;\" data-start=\"1001\" data-end=\"1044\"><strong data-start=\"1001\" data-end=\"1014\">R\u00e9duction de 20%<\/strong> sur le 2\u1d49 chat.<\/li>\n<\/ul>\n\n\t\t<\/div>\n\t\t\t\t\n<style>\n#col-388651012 > .col-inner {\n  padding: 10% 10% 10% 10%;\n  max-width: 520px;\n}\n<\/style>\n\t<\/div>\n\n\t\n\n<\/div>\n\n\t\t<\/div>\n\n\t\t\n<style>\n#section_1967365765 {\n  padding-top: 0px;\n  padding-bottom: 0px;\n  background-color: rgb(247, 247, 247);\n}\n#section_1967365765 .section-bg-overlay {\n  background-color: rgba(255, 255, 255, 0.85);\n}\n#section_1967365765 .section-bg img {\n  object-position: 72% 60%;\n}\n<\/style>\n\t<\/section>\n\t\n\n\t<section class=\"section\" id=\"section_630371115\">\n\t\t<div class=\"section-bg fill\" >\n\t\t\t<img loading=\"lazy\" decoding=\"async\" width=\"2560\" height=\"1709\" src=\"https:\/\/petworld.ma\/wp-content\/uploads\/2025\/08\/Design-sans-titre-7-scaled.png\" class=\"bg attachment- size-\" alt=\"\" \/>\t\t\t\t\t\t<div class=\"section-bg-overlay absolute fill\"><\/div>\n\t\t\t\n\n\t\t<\/div>\n\n\t\t\n\n\t\t<div class=\"section-content relative\">\n\t\t\t\n\n<div class=\"row row-collapse row-full-width align-middle\"  id=\"row-1535582898\">\n\n\n\t<div id=\"col-1884079492\" class=\"col medium-6 small-12 large-6\"  >\n\t\t\t\t<div class=\"col-inner\"  >\n\t\t\t\n\t\t\t\n\n\t<div class=\"img has-hover x md-x lg-x y md-y lg-y\" id=\"image_265884261\">\n\t\t\t\t\t\t\t\t<div class=\"img-inner dark\" >\n\t\t\t<img loading=\"lazy\" decoding=\"async\" width=\"1020\" height=\"681\" src=\"https:\/\/petworld.ma\/wp-content\/uploads\/2025\/08\/Design-sans-titre-7-1024x684.png\" class=\"attachment-large size-large\" alt=\"\" srcset=\"https:\/\/petworld.ma\/wp-content\/uploads\/2025\/08\/Design-sans-titre-7-1024x684.png 1024w, https:\/\/petworld.ma\/wp-content\/uploads\/2025\/08\/Design-sans-titre-7-300x200.png 300w, https:\/\/petworld.ma\/wp-content\/uploads\/2025\/08\/Design-sans-titre-7-768x513.png 768w, https:\/\/petworld.ma\/wp-content\/uploads\/2025\/08\/Design-sans-titre-7-1536x1025.png 1536w, https:\/\/petworld.ma\/wp-content\/uploads\/2025\/08\/Design-sans-titre-7-2048x1367.png 2048w, https:\/\/petworld.ma\/wp-content\/uploads\/2025\/08\/Design-sans-titre-7-510x340.png 510w\" sizes=\"auto, (max-width: 1020px) 100vw, 1020px\" \/>\t\t\t\t\t\t\n\t\t\t\t\t<\/div>\n\t\t\t\t\t\t\t\t\n<style>\n#image_265884261 {\n  width: 100%;\n}\n<\/style>\n\t<\/div>\n\t\n\n\n\t\t<\/div>\n\t\t\t\t\t<\/div>\n\n\t\n\n\t<div id=\"col-1043941606\" class=\"col medium-6 small-12 large-6\"  >\n\t\t\t\t<div class=\"col-inner text-center\"  >\n\t\t\t\n\t\t\t\n\n<h1 class=\"uppercase\" style=\"text-align: center;\">Long S\u00e9jour<\/h1>\n<ul>\n<li style=\"text-align: left;\" data-start=\"570\" data-end=\"591\">Pour une r\u00e9servation de plus de 7 nuits, <strong>le traitement anti-puces sera offert<\/strong><\/li>\n<li style=\"text-align: left;\" data-start=\"594\" data-end=\"632\">Pour une r\u00e9servation de plus de 20 nuits<strong data-start=\"594\" data-end=\"632\">, le traitement anti-puces sera offert + 20% de r\u00e9duction sur tout le s\u00e9jour<\/strong><\/li>\n<\/ul>\n\n\t\t<\/div>\n\t\t\t\t\n<style>\n#col-1043941606 > .col-inner {\n  padding: 10% 10% 10% 10%;\n  max-width: 520px;\n}\n<\/style>\n\t<\/div>\n\n\t\n\n<\/div>\n\n\t\t<\/div>\n\n\t\t\n<style>\n#section_630371115 {\n  padding-top: 0px;\n  padding-bottom: 0px;\n  background-color: rgb(247, 247, 247);\n}\n#section_630371115 .section-bg-overlay {\n  background-color: rgba(255, 255, 255, 0.85);\n}\n#section_630371115 .section-bg img {\n  object-position: 58% 33%;\n}\n<\/style>\n\t<\/section>\n\t\n\n\t<section class=\"section\" id=\"section_2045474049\">\n\t\t<div class=\"section-bg fill\" >\n\t\t\t<img loading=\"lazy\" decoding=\"async\" width=\"1920\" height=\"1280\" src=\"https:\/\/petworld.ma\/wp-content\/uploads\/2025\/09\/eric-han-Hd7vwFzZpH0-unsplash.jpg\" class=\"bg attachment- size-\" alt=\"\" \/>\t\t\t\t\t\t<div class=\"section-bg-overlay absolute fill\"><\/div>\n\t\t\t\n\n\t\t<\/div>\n\n\t\t\n\n\t\t<div class=\"section-content relative\">\n\t\t\t\n\n<div class=\"row row-collapse row-full-width align-middle\"  id=\"row-775041639\">\n\n\n\t<div id=\"col-1952246901\" class=\"col medium-6 small-12 large-6\"  >\n\t\t\t\t<div class=\"col-inner\"  >\n\t\t\t\n\t\t\t\n\n\t<div class=\"img has-hover x md-x lg-x y md-y lg-y\" id=\"image_1728523741\">\n\t\t\t\t\t\t\t\t<div class=\"img-inner dark\" >\n\t\t\t<img loading=\"lazy\" decoding=\"async\" width=\"1020\" height=\"680\" src=\"https:\/\/petworld.ma\/wp-content\/uploads\/2025\/09\/eric-han-Hd7vwFzZpH0-unsplash-1024x683.jpg\" class=\"attachment-large size-large\" alt=\"\" srcset=\"https:\/\/petworld.ma\/wp-content\/uploads\/2025\/09\/eric-han-Hd7vwFzZpH0-unsplash-1024x683.jpg 1024w, https:\/\/petworld.ma\/wp-content\/uploads\/2025\/09\/eric-han-Hd7vwFzZpH0-unsplash-300x200.jpg 300w, https:\/\/petworld.ma\/wp-content\/uploads\/2025\/09\/eric-han-Hd7vwFzZpH0-unsplash-768x512.jpg 768w, https:\/\/petworld.ma\/wp-content\/uploads\/2025\/09\/eric-han-Hd7vwFzZpH0-unsplash-1536x1024.jpg 1536w, https:\/\/petworld.ma\/wp-content\/uploads\/2025\/09\/eric-han-Hd7vwFzZpH0-unsplash-510x340.jpg 510w, https:\/\/petworld.ma\/wp-content\/uploads\/2025\/09\/eric-han-Hd7vwFzZpH0-unsplash.jpg 1920w\" sizes=\"auto, (max-width: 1020px) 100vw, 1020px\" \/>\t\t\t\t\t\t\n\t\t\t\t\t<\/div>\n\t\t\t\t\t\t\t\t\n<style>\n#image_1728523741 {\n  width: 100%;\n}\n<\/style>\n\t<\/div>\n\t\n\n\n\t\t<\/div>\n\t\t\t\t\t<\/div>\n\n\t\n\n\t<div id=\"col-848940617\" class=\"col medium-6 small-12 large-6\"  >\n\t\t\t\t<div class=\"col-inner text-center\"  >\n\t\t\t\n\t\t\t\n\n<p style=\"text-align: center;\" data-start=\"705\" data-end=\"750\"><strong data-start=\"705\" data-end=\"748\">Conditions d\u2019admission \u2013 Pension f\u00e9line<\/strong><\/p>\n<ul data-start=\"751\" data-end=\"939\">\n<li style=\"text-align: center;\" data-start=\"751\" data-end=\"814\">\n<p style=\"text-align: left;\" data-start=\"753\" data-end=\"814\">Copie d\u2019une <strong data-start=\"765\" data-end=\"785\">pi\u00e8ce d\u2019identit\u00e9<\/strong> valide (CIN ou passeport).<\/p>\n<\/li>\n<li style=\"text-align: left;\" data-start=\"815\" data-end=\"853\">\n<p data-start=\"817\" data-end=\"853\"><strong data-start=\"817\" data-end=\"843\">Carnet de vaccinations<\/strong> \u00e0 jour.<\/p>\n<\/li>\n<li data-start=\"854\" data-end=\"939\">\n<p style=\"text-align: left;\" data-start=\"856\" data-end=\"939\"><strong data-start=\"856\" data-end=\"877\">Paiement int\u00e9gral<\/strong> du s\u00e9jour <strong data-start=\"888\" data-end=\"902\">\u00e0 l\u2019avance<\/strong>.<\/p>\n<\/li>\n<\/ul>\n\n\t\t<\/div>\n\t\t\t\t\n<style>\n#col-848940617 > .col-inner {\n  padding: 10% 10% 10% 10%;\n  max-width: 520px;\n}\n<\/style>\n\t<\/div>\n\n\t\n\n<\/div>\n\n\t\t<\/div>\n\n\t\t\n<style>\n#section_2045474049 {\n  padding-top: 0px;\n  padding-bottom: 0px;\n  background-color: rgb(247, 247, 247);\n}\n#section_2045474049 .section-bg-overlay {\n  background-color: rgba(255, 255, 255, 0.85);\n}\n#section_2045474049 .section-bg img {\n  object-position: 58% 33%;\n}\n<\/style>\n\t<\/section>\n\t\n\n\t<section class=\"section\" id=\"section_603159799\">\n\t\t<div class=\"section-bg fill\" >\n\t\t\t\t\t\t\t\t\t\n\t\t\t\n\t<div class=\"is-border\"\n\t\tstyle=\"border-color:rgb(235, 235, 235);border-width:1px 0px 0px 0px;\">\n\t<\/div>\n\n\t\t<\/div>\n\n\t\t\n\n\t\t<div class=\"section-content relative\">\n\t\t\t\n\n<p>\u00a0<\/p>\n<h1 class=\"uppercase\" style=\"text-align: center;\">Pour R\u00e9server ou pour vous renseigner<\/h1>\n<h1 style=\"text-align: center;\"><strong><img loading=\"lazy\" decoding=\"async\" class=\"\" src=\"https:\/\/static.vecteezy.com\/system\/resources\/previews\/018\/930\/564\/non_2x\/whatsapp-logo-whatsapp-icon-whatsapp-transparent-free-png.png\" alt=\"logo whatsapp png, ic\u00f4ne whatsapp png, whatsapp transparent 18930564 PNG\" width=\"72\" height=\"72\" \/>07.08.05.25.10<\/strong><\/h1>\n\n\t\t<\/div>\n\n\t\t\n<style>\n#section_603159799 {\n  padding-top: 60px;\n  padding-bottom: 60px;\n  min-height: 300px;\n  background-color: rgb(245, 245, 245);\n}\n<\/style>\n\t<\/section>\n\t\n\n","protected":false},"excerpt":{"rendered":"","protected":false},"author":1,"featured_media":26410,"parent":0,"menu_order":0,"comment_status":"closed","ping_status":"closed","template":"page-blank.php","meta":{"footnotes":""},"class_list":["post-26354","page","type-page","status-publish","has-post-thumbnail","hentry"],"jetpack_sharing_enabled":true,"_links":{"self":[{"href":"https:\/\/petworld.ma\/index.php\/wp-json\/wp\/v2\/pages\/26354","targetHints":{"allow":["GET"]}}],"collection":[{"href":"https:\/\/petworld.ma\/index.php\/wp-json\/wp\/v2\/pages"}],"about":[{"href":"https:\/\/petworld.ma\/index.php\/wp-json\/wp\/v2\/types\/page"}],"author":[{"embeddable":true,"href":"https:\/\/petworld.ma\/index.php\/wp-json\/wp\/v2\/users\/1"}],"replies":[{"embeddable":true,"href":"https:\/\/petworld.ma\/index.php\/wp-json\/wp\/v2\/comments?post=26354"}],"version-history":[{"count":32,"href":"https:\/\/petworld.ma\/index.php\/wp-json\/wp\/v2\/pages\/26354\/revisions"}],"predecessor-version":[{"id":34052,"href":"https:\/\/petworld.ma\/index.php\/wp-json\/wp\/v2\/pages\/26354\/revisions\/34052"}],"wp:featuredmedia":[{"embeddable":true,"href":"https:\/\/petworld.ma\/index.php\/wp-json\/wp\/v2\/media\/26410"}],"wp:attachment":[{"href":"https:\/\/petworld.ma\/index.php\/wp-json\/wp\/v2\/media?parent=26354"}],"curies":[{"name":"wp","href":"https:\/\/api.w.org\/{rel}","templated":true}]}}