{"id":34026,"date":"2026-01-23T14:55:27","date_gmt":"2026-01-23T14:55:27","guid":{"rendered":"https:\/\/petworld.ma\/?page_id=34026"},"modified":"2026-02-03T08:24:13","modified_gmt":"2026-02-03T08:24:13","slug":"toilettage","status":"publish","type":"page","link":"https:\/\/petworld.ma\/index.php\/toilettage\/","title":{"rendered":"Toilettage Chiens et Chats"},"content":{"rendered":"\n<div class=\"row row-collapse row-full-width\"  id=\"row-1111326225\">\n\n\n\t<div id=\"col-1326132911\" class=\"col medium-6 small-12 large-6\"  >\n\t\t\t\t<div class=\"col-inner\"  >\n\t\t\t\n\t\t\t\n\n\n  <div class=\"banner has-hover\" id=\"banner-1223726459\">\n          <div class=\"banner-inner fill\">\n        <div class=\"banner-bg fill\" >\n            <img decoding=\"async\" width=\"1020\" height=\"1020\" src=\"https:\/\/petworld.ma\/wp-content\/uploads\/2026\/01\/Toilletage-2-1024x1024.png\" class=\"bg attachment-large size-large\" alt=\"\" \/>                        <div class=\"overlay\"><\/div>            \n            <div class=\"effect-sparkle bg-effect fill no-click\"><\/div>        <\/div>\n\t\t\n        <div class=\"banner-layers container\">\n            <div class=\"fill banner-link\"><\/div>            \n\n   <div id=\"text-box-1484576784\" class=\"text-box banner-layer x15 md-x15 lg-x15 y50 md-y50 lg-y50 res-text\">\n              <div data-parallax=\"2\" data-parallax-fade=\"true\">                  <div class=\"text-box-content text dark\">\n              \n              <div class=\"text-inner text-center\">\n                  \n\n\t<div id=\"text-1163510374\" class=\"text\">\n\t\t\n\n<h1 class=\"uppercase\" style=\"text-align: left;\"><span style=\"color: #000000;\"><strong style=\"font-size: 20.16px;\">Bain &amp; S\u00e9chage<\/strong><\/span><\/h1>\n<div>\n<ul>\n<li style=\"text-align: left;\">\n<p><span style=\"color: #000000;\">Shampooing adapt\u00e9 au type de poil et \u00e0 la sensibilit\u00e9 de la peau<\/span><\/p>\n<\/li>\n<li style=\"text-align: left;\">\n<p><span style=\"color: #000000;\">Massage relaxant pendant le bain<\/span><\/p>\n<\/li>\n<li style=\"text-align: left;\">\n<p><span style=\"color: #000000;\">S\u00e9chage professionnel pour un pelage propre et soyeux<\/span><\/p>\n<\/li>\n<\/ul>\n<\/div>\n\t\t\n<style>\n#text-1163510374 {\n  font-size: 1.1rem;\n  line-height: 2.35;\n  text-align: left;\n  color: rgb(0, 0, 0);\n}\n#text-1163510374 > * {\n  color: rgb(0, 0, 0);\n}\n<\/style>\n\t<\/div>\n\t\n\n              <\/div>\n           <\/div>\n              <\/div>              \n<style>\n#text-box-1484576784 {\n  width: 85%;\n}\n#text-box-1484576784 .text-box-content {\n  font-size: 100%;\n}\n@media (min-width:550px) {\n  #text-box-1484576784 {\n    width: 58%;\n  }\n}\n<\/style>\n    <\/div>\n \n\n        <\/div>\n      <\/div>\n\n            \n<style>\n#banner-1223726459 {\n  padding-top: 470px;\n  background-color: rgb(164, 113, 186);\n}\n#banner-1223726459 .overlay {\n  background-color: rgba(144, 144, 144, 0.436);\n}\n#banner-1223726459 .banner-bg img {\n  object-position: 43% 27%;\n}\n<\/style>\n  <\/div>\n\n\n\n\t\t<\/div>\n\t\t\t\t\t<\/div>\n\n\t\n\n\t<div id=\"col-205874972\" class=\"col medium-6 small-12 large-6\"  >\n\t\t\t\t<div class=\"col-inner\"  >\n\t\t\t\n\t\t\t\n\n\n  <div class=\"banner has-hover has-parallax\" id=\"banner-1436536055\">\n          <div class=\"banner-inner fill\">\n        <div class=\"banner-bg fill\" data-parallax=\"-1\" data-parallax-container=\".banner\" data-parallax-background>\n            <img decoding=\"async\" width=\"1020\" height=\"1020\" src=\"https:\/\/petworld.ma\/wp-content\/uploads\/2026\/01\/Toilletage-6-1024x1024.png\" class=\"bg attachment-large size-large\" alt=\"\" \/>                        <div class=\"overlay\"><\/div>            \n            <div class=\"effect-sliding-glass bg-effect fill no-click\"><\/div>        <\/div>\n\t\t\n        <div class=\"banner-layers container\">\n            <div class=\"fill banner-link\"><\/div>            \n\n   <div id=\"text-box-2082014563\" class=\"text-box banner-layer x15 md-x15 lg-x15 y20 md-y20 lg-y20 res-text\">\n                                <div class=\"text-box-content text \">\n              \n              <div class=\"text-inner text-left\">\n                  \n\n\t<div id=\"text-2671586051\" class=\"text\">\n\t\t\n\n<p class=\"uppercase\"><span style=\"color: #282828;\"><strong style=\"font-size: 14.4px;\">Toilettage sp\u00e9cial chats<\/strong><\/span><\/p>\n<div>\n<ul>\n<li>\n<p><span style=\"color: #282828;\">Manipulation en douceur, adapt\u00e9e aux chats craintifs<\/span><\/p>\n<\/li>\n<li>\n<p><span style=\"color: #282828;\">Bain (si tol\u00e9r\u00e9), d\u00e9m\u00ealage, coupe griffes<\/span><\/p>\n<\/li>\n<li>\n<p><span style=\"color: #282828;\">Traitement des n\u0153uds et sous-poils<\/span><\/p>\n<\/li>\n<\/ul>\n<\/div>\n\t\t\n<style>\n#text-2671586051 {\n  font-size: 1.1rem;\n}\n<\/style>\n\t<\/div>\n\t\n\n              <\/div>\n           <\/div>\n                            \n<style>\n#text-box-2082014563 {\n  width: 74%;\n}\n#text-box-2082014563 .text-box-content {\n  font-size: 100%;\n}\n@media (min-width:550px) {\n  #text-box-2082014563 {\n    width: 66%;\n  }\n}\n<\/style>\n    <\/div>\n \n\n        <\/div>\n      <\/div>\n\n            \n<style>\n#banner-1436536055 {\n  padding-top: 470px;\n  background-color: rgb(255,255,255);\n}\n#banner-1436536055 .overlay {\n  background-color: rgba(161, 161, 161, 0.483);\n}\n#banner-1436536055 .banner-bg img {\n  object-position: 72% 44%;\n}\n<\/style>\n  <\/div>\n\n\n\n\t\t<\/div>\n\t\t\t\t\t<\/div>\n\n\t\n\n<\/div>\n<div class=\"container section-title-container\" ><h1 class=\"section-title section-title-center\"><b aria-hidden=\"true\"><\/b><span class=\"section-title-main\" >Nos Formules<\/span><b aria-hidden=\"true\"><\/b><\/h1><\/div>\n\n\n\t<section class=\"section\" id=\"section_576170186\">\n\t\t<div class=\"section-bg fill\" >\n\t\t\t<img decoding=\"async\" width=\"1080\" height=\"1080\" src=\"https:\/\/petworld.ma\/wp-content\/uploads\/2026\/01\/A-partir-de-1.png\" class=\"bg attachment-original size-original\" alt=\"\" \/>\t\t\t\t\t\t<div class=\"section-bg-overlay absolute fill\"><\/div>\n\t\t\t\n\n\t\t<\/div>\n\n\t\t\n\n\t\t<div class=\"section-content relative\">\n\t\t\t\n\n<div class=\"row\"  id=\"row-1376342391\">\n\n\n\t<div id=\"col-1661534298\" class=\"col medium-6 small-12 large-6\"  >\n\t\t\t\t<div class=\"col-inner\"  >\n\t\t\t\n\t\t\t\n\n\t<div class=\"img has-hover x md-x lg-x y md-y lg-y\" id=\"image_1895737345\">\n\t\t\t\t\t\t\t\t<div class=\"img-inner dark\" >\n\t\t\t<img decoding=\"async\" width=\"1020\" height=\"1020\" src=\"https:\/\/petworld.ma\/wp-content\/uploads\/2026\/01\/A-partir-de-2-1024x1024.png\" class=\"attachment-large size-large\" alt=\"\" srcset=\"https:\/\/petworld.ma\/wp-content\/uploads\/2026\/01\/A-partir-de-2-1024x1024.png 1024w, https:\/\/petworld.ma\/wp-content\/uploads\/2026\/01\/A-partir-de-2-300x300.png 300w, https:\/\/petworld.ma\/wp-content\/uploads\/2026\/01\/A-partir-de-2-150x150.png 150w, https:\/\/petworld.ma\/wp-content\/uploads\/2026\/01\/A-partir-de-2-768x768.png 768w, https:\/\/petworld.ma\/wp-content\/uploads\/2026\/01\/A-partir-de-2-247x247.png 247w, https:\/\/petworld.ma\/wp-content\/uploads\/2026\/01\/A-partir-de-2-510x510.png 510w, https:\/\/petworld.ma\/wp-content\/uploads\/2026\/01\/A-partir-de-2-100x100.png 100w, https:\/\/petworld.ma\/wp-content\/uploads\/2026\/01\/A-partir-de-2.png 1080w\" sizes=\"(max-width: 1020px) 100vw, 1020px\" \/>\t\t\t\t\t\t\n\t\t\t\t\t<\/div>\n\t\t\t\t\t\t\t\t\n<style>\n#image_1895737345 {\n  width: 100%;\n}\n<\/style>\n\t<\/div>\n\t\n\n\n\t\t<\/div>\n\t\t\t\t\t<\/div>\n\n\t\n\n\t<div id=\"col-146577902\" class=\"col medium-6 small-12 large-6\"  >\n\t\t\t\t<div class=\"col-inner\"  >\n\t\t\t\n\t\t\t\n\n\t<div class=\"img has-hover x md-x lg-x y md-y lg-y\" id=\"image_615981160\">\n\t\t\t\t\t\t\t\t<div class=\"img-inner dark\" style=\"margin:0px 0px 0px 0px;\">\n\t\t\t<img decoding=\"async\" width=\"1020\" height=\"1020\" src=\"https:\/\/petworld.ma\/wp-content\/uploads\/2026\/01\/Tarifs-toilettage-1-1024x1024.png\" class=\"attachment-large size-large\" alt=\"\" srcset=\"https:\/\/petworld.ma\/wp-content\/uploads\/2026\/01\/Tarifs-toilettage-1-1024x1024.png 1024w, https:\/\/petworld.ma\/wp-content\/uploads\/2026\/01\/Tarifs-toilettage-1-300x300.png 300w, https:\/\/petworld.ma\/wp-content\/uploads\/2026\/01\/Tarifs-toilettage-1-150x150.png 150w, https:\/\/petworld.ma\/wp-content\/uploads\/2026\/01\/Tarifs-toilettage-1-768x768.png 768w, https:\/\/petworld.ma\/wp-content\/uploads\/2026\/01\/Tarifs-toilettage-1-247x247.png 247w, https:\/\/petworld.ma\/wp-content\/uploads\/2026\/01\/Tarifs-toilettage-1-510x510.png 510w, https:\/\/petworld.ma\/wp-content\/uploads\/2026\/01\/Tarifs-toilettage-1-100x100.png 100w, https:\/\/petworld.ma\/wp-content\/uploads\/2026\/01\/Tarifs-toilettage-1.png 1080w\" sizes=\"(max-width: 1020px) 100vw, 1020px\" \/>\t\t\t\t\t\t\n\t\t\t\t\t<\/div>\n\t\t\t\t\t\t\t\t\n<style>\n#image_615981160 {\n  width: 100%;\n}\n<\/style>\n\t<\/div>\n\t\n\n\n\t\t<\/div>\n\t\t\t\t\t<\/div>\n\n\t\n\n<\/div>\n\n\t\t<\/div>\n\n\t\t\n<style>\n#section_576170186 {\n  padding-top: 0px;\n  padding-bottom: 0px;\n  background-color: rgb(247, 247, 247);\n}\n#section_576170186 .section-bg-overlay {\n  background-color: rgba(255, 255, 255, 0.85);\n}\n<\/style>\n\t<\/section>\n\t\n\n","protected":false},"excerpt":{"rendered":"","protected":false},"author":1,"featured_media":34042,"parent":0,"menu_order":0,"comment_status":"closed","ping_status":"closed","template":"page-blank.php","meta":{"footnotes":""},"class_list":["post-34026","page","type-page","status-publish","has-post-thumbnail","hentry"],"jetpack_sharing_enabled":true,"_links":{"self":[{"href":"https:\/\/petworld.ma\/index.php\/wp-json\/wp\/v2\/pages\/34026","targetHints":{"allow":["GET"]}}],"collection":[{"href":"https:\/\/petworld.ma\/index.php\/wp-json\/wp\/v2\/pages"}],"about":[{"href":"https:\/\/petworld.ma\/index.php\/wp-json\/wp\/v2\/types\/page"}],"author":[{"embeddable":true,"href":"https:\/\/petworld.ma\/index.php\/wp-json\/wp\/v2\/users\/1"}],"replies":[{"embeddable":true,"href":"https:\/\/petworld.ma\/index.php\/wp-json\/wp\/v2\/comments?post=34026"}],"version-history":[{"count":8,"href":"https:\/\/petworld.ma\/index.php\/wp-json\/wp\/v2\/pages\/34026\/revisions"}],"predecessor-version":[{"id":34394,"href":"https:\/\/petworld.ma\/index.php\/wp-json\/wp\/v2\/pages\/34026\/revisions\/34394"}],"wp:featuredmedia":[{"embeddable":true,"href":"https:\/\/petworld.ma\/index.php\/wp-json\/wp\/v2\/media\/34042"}],"wp:attachment":[{"href":"https:\/\/petworld.ma\/index.php\/wp-json\/wp\/v2\/media?parent=34026"}],"curies":[{"name":"wp","href":"https:\/\/api.w.org\/{rel}","templated":true}]}}