{"id":993,"date":"2022-12-18T18:16:13","date_gmt":"2022-12-18T18:16:13","guid":{"rendered":"https:\/\/petworld.ma\/?page_id=993"},"modified":"2026-05-01T10:00:23","modified_gmt":"2026-05-01T10:00:23","slug":"expedition-et-livraison","status":"publish","type":"page","link":"https:\/\/petworld.ma\/index.php\/expedition-et-livraison\/","title":{"rendered":"Exp\u00e9dition et livraison"},"content":{"rendered":"\n\n\n<p>Restez confortablement chez vous, nous nous chargeons de la livraison partout au Maroc:<br>\ud83d\udecd\ufe0f Livraison offerte \u00e0 Rabat\/Temara \u00e0 partir de 200dhs de commande et aux environs de Rabat (Sal\u00e9, Menzeh, Ain Atiq, Ain Ouda, Tamesna&#8230;) \u00e0 partir de 600dhs<br>\ud83d\ude9a Livraison offerte pour les autres villes d\u00e8s 800 Dhs d&rsquo;achat<br>\u2708\ufe0f Livraison rapide entre 24\/48h et 72h pour Laayoune et Dakhla<\/p>\n\n\n\n<p><\/p>\n\n\n\n<figure class=\"wp-block-image aligncenter\"><img decoding=\"async\" src=\"https:\/\/cdn.youcan.shop\/stores\/d0742d556df94ddbc7ae4c9810aff04b\/others\/XjINk8YNtCBKx80YenxmcVFcjXZahKn82dam6wSF.jpeg\" alt=\"\"\/><\/figure>\n\n\n\n<p>Afin de vous faciliter la livraison de votre commande , nous vous proposons &nbsp;la livraison \u00e0 domicile jusqu&rsquo;\u00e0 en bas de chez vous.<\/p>\n\n\n\n<p>Apr\u00e8s avoir pass\u00e9 votre commande restez joignable vous allez recevoir un appel d&rsquo;un charg\u00e9 de client\u00e8le pour confirmer votre commande.<\/p>\n\n\n\n<p>Par la suite, notre livreur prendra contact avec vous pour pr\u00e9ciser la localisation et l&rsquo;heure de la livraison.<\/p>\n\n\n\n<p>Nous restons \u00e0 votre votre disposition pour r\u00e9pondre \u00e0 toutes vos questions, et aussi pour le suivi de vos commandes jusqu&rsquo;\u00e0 la r\u00e9ception.<\/p>\n\n\n\n<p>La r\u00e9ception de votre colis se fait entre 24h et 72 h maximum apr\u00e8s r\u00e9ception de votre commande pour les grandes villes, sinon vous aurez la confirmation du d\u00e9lai par t\u00e9l\u00e9phone.<\/p>\n\n\n\n<p>Nous esp\u00e9rons vous satisfaire et restons \u00e0 votre disposition pour toute information:<\/p>\n\n\n\n<ul class=\"wp-block-list\">\n<li>E-mail : contact@petworld.ma&nbsp;<\/li>\n\n\n\n<li>Telephone :&nbsp;07 08 05 25 10<\/li>\n\n\n\n<li>Whatsapp:&nbsp;<a href=\"https:\/\/wa.me\/212708052510\" rel=\"noreferrer noopener\" target=\"_blank\"><u>https:\/\/wa.me\/212708052510<\/u><\/a><\/li>\n<\/ul>\n","protected":false},"excerpt":{"rendered":"<p>Restez confortablement chez vous, nous nous chargeons de la livraison partout au Maroc:\ud83d\udecd\ufe0f Livraison offerte \u00e0 Rabat\/Temara \u00e0 partir de 200dhs de commande et aux environs de Rabat (Sal\u00e9, Menzeh, Ain Atiq, Ain Ouda, Tamesna&#8230;) \u00e0 partir de 600dhs\ud83d\ude9a Livraison offerte pour les autres villes d\u00e8s 800 Dhs d&rsquo;achat\u2708\ufe0f Livraison rapide entre 24\/48h et 72h [&#8230;]\n","protected":false},"author":1,"featured_media":0,"parent":0,"menu_order":0,"comment_status":"closed","ping_status":"closed","template":"","meta":{"footnotes":""},"class_list":["post-993","page","type-page","status-publish","hentry"],"jetpack_sharing_enabled":true,"_links":{"self":[{"href":"https:\/\/petworld.ma\/index.php\/wp-json\/wp\/v2\/pages\/993","targetHints":{"allow":["GET"]}}],"collection":[{"href":"https:\/\/petworld.ma\/index.php\/wp-json\/wp\/v2\/pages"}],"about":[{"href":"https:\/\/petworld.ma\/index.php\/wp-json\/wp\/v2\/types\/page"}],"author":[{"embeddable":true,"href":"https:\/\/petworld.ma\/index.php\/wp-json\/wp\/v2\/users\/1"}],"replies":[{"embeddable":true,"href":"https:\/\/petworld.ma\/index.php\/wp-json\/wp\/v2\/comments?post=993"}],"version-history":[{"count":9,"href":"https:\/\/petworld.ma\/index.php\/wp-json\/wp\/v2\/pages\/993\/revisions"}],"predecessor-version":[{"id":41157,"href":"https:\/\/petworld.ma\/index.php\/wp-json\/wp\/v2\/pages\/993\/revisions\/41157"}],"wp:attachment":[{"href":"https:\/\/petworld.ma\/index.php\/wp-json\/wp\/v2\/media?parent=993"}],"curies":[{"name":"wp","href":"https:\/\/api.w.org\/{rel}","templated":true}]}}