{"id":10068,"date":"2024-07-17T14:58:45","date_gmt":"2024-07-17T14:58:45","guid":{"rendered":"https:\/\/petworld.ma\/?post_type=product&#038;p=10068"},"modified":"2026-05-08T00:53:53","modified_gmt":"2026-05-08T00:53:53","slug":"brit-care-pochons-pour-chat-sterilise-healthy-duck-canard-in-gravy-85-g","status":"publish","type":"product","link":"https:\/\/petworld.ma\/index.php\/produit\/brit-care-pochons-pour-chat-sterilise-healthy-duck-canard-in-gravy-85-g\/","title":{"rendered":"Brit Care Pochons en Sauce Pour Chat St\u00e9rilis\u00e9 Healthy Duck (Canard) 85 g"},"content":{"rendered":"<div class=\"hidden-xs\">\n<ul>\n<li>Chat st\u00e9rilis\u00e9 Brit Care. Filets en sauce avec du canard nourrissant enrichi \u00e0 l&rsquo;argousier et \u00e0 la capucine.<\/li>\n<li>Nourriture humide compl\u00e8te sans c\u00e9r\u00e9ales de qualit\u00e9 sup\u00e9rieure pour chats adultes st\u00e9rilis\u00e9s.<\/li>\n<li>Contient des antioxydants naturels approuv\u00e9s par l&rsquo;UE : extraits de tocoph\u00e9rol d&rsquo;huile v\u00e9g\u00e9tale (1b306(i)), palmitate d&rsquo;ascorbyle (1b304) et extrait de romarin.<\/li>\n<\/ul>\n<p class=\"composition\"><strong>Composition:<\/strong><\/p>\n<p>Filets de poulet \u00e0 85% de viande (62% de poulet, 15% de foie, 8% de canard), lignocellulose, 1% d&rsquo;argousier s\u00e9ch\u00e9, 0,5% de capucine s\u00e9ch\u00e9e, carbonate de calcium, farine de pois. Constituants analytiques : prot\u00e9ines brutes 7,0%, mati\u00e8res grasses brutes 3,2%, cellulose brute 0,5%, cendres brutes 2,2%, humidit\u00e9 82,0%, calcium 0,2%, phosphore 0,2%, sodium 0,25%.<\/p>\n<p><strong>Ingr\u00e9dients analytiques :<\/strong><\/p>\n<p>vitamine A (3a672a) 400 UI, vitamine D3 (3a671) 100 UI, vitamine E (3a700) 50 mg, chlorure de choline (3a890) 60 mg, vitamine B1 (3a821) 0,3 mg, biotine (3a880) 0,1 mg, zinc (3b606) 3,5 mg, mangan\u00e8se (3b502) 0,8 mg, fer (3b103) 2,8 mg, iode (3b201) 0,2 mg, taurine (3a370) 500 mg, L-m\u00e9thionine (3c305) 1 750 mg.<\/p>\n<p><strong>Composition nutritionnelle :<\/strong>\u00a0vitamine A (3a672a) 400 UI, vitamine D3 (3a671) 100 UI, vitamine E (3a700) 50 mg, chlorure de choline (3a890) 60 mg, vitamine B1 (3a821) 0,3 mg, biotine (3a880) 0,1 mg, zinc (3b606) 3,5 mg, mangan\u00e8se (3b502) 0,8 mg, fer (3b103) 2,8 mg, iode (3b201) 0,2 mg, taurine (3a370) 500 mg, L-m\u00e9thionine (3c305) 1 750 mg.<\/p>\n<p><strong>Table d&rsquo;alimentation :<\/strong><\/p>\n<div class=\"overflow-auto\">La ration journali\u00e8re recommand\u00e9e est indiqu\u00e9e dans le tableau d&rsquo;alimentation mais peut varier en fonction de l&rsquo;\u00e2ge de votre chat, de son niveau d&rsquo;activit\u00e9 et de son environnement. Toujours fournir un bol d&rsquo;eau fra\u00eeche. Servir \u00e0 temp\u00e9rature ambiante. Lorsque vous servez pour plus de vari\u00e9t\u00e9 et de saveur, veillez \u00e0 r\u00e9duire en cons\u00e9quence la portion quotidienne recommand\u00e9e de la nourriture habituelle de votre chat. Conserver au r\u00e9frig\u00e9rateur apr\u00e8s ouverture. Dur\u00e9e de conservation : 24 mois.<\/div>\n<\/div>\n","protected":false},"excerpt":{"rendered":"<ul>\n<li>Chat st\u00e9rilis\u00e9 Brit Care. Filets en sauce avec du canard nourrissant enrichi \u00e0 l&rsquo;argousier et \u00e0 la capucine.<\/li>\n<li>Nourriture humide compl\u00e8te sans c\u00e9r\u00e9ales de qualit\u00e9 sup\u00e9rieure pour chats adultes st\u00e9rilis\u00e9s.<\/li>\n<li>Contient des antioxydants naturels approuv\u00e9s par l&rsquo;UE : extraits de tocoph\u00e9rol d&rsquo;huile v\u00e9g\u00e9tale (1b306(i)), palmitate d&rsquo;ascorbyle (1b304) et extrait de romarin.<\/li>\n<\/ul>\n","protected":false},"featured_media":10069,"template":"","meta":{"jetpack_publicize_message":"","jetpack_publicize_feature_enabled":true,"jetpack_social_post_already_shared":true,"jetpack_social_options":{"image_generator_settings":{"template":"highway","default_image_id":0,"font":"","enabled":false},"version":2}},"product_brand":[],"product_cat":[41],"product_tag":[],"class_list":{"0":"post-10068","1":"product","2":"type-product","3":"status-publish","4":"has-post-thumbnail","6":"product_cat-friandises-et-pate-pour-chat","8":"first","9":"instock","10":"taxable","11":"shipping-taxable","12":"purchasable","13":"product-type-simple"},"supplier_id":5590,"supplier_sku":"","barcode":null,"atum_controlled":true,"out_stock_date":null,"out_stock_threshold":null,"inheritable":false,"inbound_stock":0,"stock_on_hold":49,"sold_today":0,"sales_last_days":52,"reserved_stock":0,"customer_returns":0,"warehouse_damage":0,"lost_in_post":0,"other_logs":0,"out_stock_days":0,"lost_sales":0,"has_location":false,"update_date":"2026-05-08T13:28:22","atum_locations":[],"atum_stock_status":"instock","restock_status":false,"low_stock_amount":48,"sales_update_date":"2026-05-08T13:28:22","calc_backorders":null,"jetpack_publicize_connections":[],"jetpack_sharing_enabled":true,"batches":[{"id":"1563","date_created":"2025-01-09 21:31:40","date_expiry":"2026-11-26 00:00:00","user_id":"2461","batch_number":"BritPourChatSt\u00e9rilis\u00e9HealthyDUCKinGravy85G261126","location":"","quantity":"48.0000","quantity_available":"0.0000","units":"1","status":"archived","order_ids":"[16627,16639,16652,16720,16723,16787,16846,17125,17198,17224,17301,17443,17584,17617,17733,17763,17911,18035,18104]","supplier":"Brit","po":{"id":"1537","date_created":"2025-01-09 21:31:43","batch_id":"1563","po_number":"","supplier":"Brit","cost":null,"regular_price":null,"sale_price":null,"price_margin":null,"price_discount":null}},{"id":"1954","date_created":"2025-02-11 21:41:16","date_expiry":"2026-11-26 00:00:00","user_id":"2461","batch_number":"BritPourChatSt\u00e9rilis\u00e9HealthyDUCKinGravy85G261126NEW","location":"","quantity":"24.0000","quantity_available":"0.0000","units":"1","status":"archived","order_ids":"[18006,18104,18111,18160]","supplier":"Brit","po":{"id":"1926","date_created":"2025-02-11 21:41:20","batch_id":"1954","po_number":"","supplier":"Brit","cost":null,"regular_price":null,"sale_price":null,"price_margin":null,"price_discount":null}},{"id":"2630","date_created":"2025-03-30 22:13:47","date_expiry":"2026-11-26 00:00:00","user_id":"2461","batch_number":"BritPourChatSt\u00e9rilis\u00e9HealthyDUCKinGravy85G261126","location":"","quantity":"240.0000","quantity_available":"0.0000","units":"1","status":"archived","order_ids":"[20117,20206,20254,20398,20427,20482,20493,20519,20635,20931,20962,21034,21053,21392,21785,21823,22011,22028,22059,22264,22361,22448,22476,25991,25986,26051,26068,26294,26465,26712,26734,26758,26774,26777,26965,27084,27734,27861,27996,28354,28584,28663,28916,29201,29269,29339,29349,29503,29549,29606,29644,29821,29900,29987,30025,30262,30362,30593,30698,30723,30907,31121,31218,31238,29388,31335]","supplier":"Brit","po":{"id":"2598","date_created":"2025-03-30 22:13:50","batch_id":"2630","po_number":"","supplier":"Brit","cost":null,"regular_price":null,"sale_price":null,"price_margin":null,"price_discount":null}},{"id":"3826","date_created":"2025-06-04 22:11:39","date_expiry":"2026-11-26 00:00:00","user_id":"2461","batch_number":"BritPourChatSt\u00e9rilis\u00e9HealthyDUCKinGravy85G261126","location":"","quantity":"120.0000","quantity_available":"0.0000","units":"1","status":"archived","order_ids":"[23118,23438,23451,23470,23654,23668,23796,23869,23981,24250,24260,24307,24448,24466,24777,24862,24884,24907,24979,25057,25194,25234,25588,25603,25658,25669,25703,25991]","supplier":"Brit","po":{"id":"3791","date_created":"2025-06-04 22:11:40","batch_id":"3826","po_number":"","supplier":"Brit","cost":null,"regular_price":null,"sale_price":null,"price_margin":null,"price_discount":null}},{"id":"4723","date_created":"2025-08-08 09:49:40","date_expiry":"2027-06-20 00:00:00","user_id":"2461","batch_number":"BritPourChatSt\u00e9rilis\u00e9HealthyDUCKinGravy85G200627","location":"","quantity":"48.0000","quantity_available":"0.0000","units":"1","status":"archived","order_ids":"[31335,31640,32418,32627,32656,33270,33595,34149]","supplier":" BRIT","po":{"id":"4687","date_created":"2025-08-08 09:49:41","batch_id":"4723","po_number":"","supplier":" BRIT","cost":null,"regular_price":null,"sale_price":null,"price_margin":null,"price_discount":null}},{"id":"6548","date_created":"2025-12-08 14:01:43","date_expiry":"2027-10-29 00:00:00","user_id":"2461","batch_number":"BritPourChatSt\u00e9rilis\u00e9HealthyDUCKinGravy85G291027","location":"","quantity":"48.0000","quantity_available":"0.0000","units":"1","status":"archived","order_ids":"[31656,31726,31835,31904,32056,32219,34657,34684,34711,34814,34863,35244,35310,35450,35471]","supplier":"Brit","po":{"id":"6493","date_created":"2025-12-08 14:01:43","batch_id":"6548","po_number":"","supplier":"Brit","cost":null,"regular_price":null,"sale_price":null,"price_margin":null,"price_discount":null}},{"id":"7506","date_created":"2026-02-03 23:34:12","date_expiry":"2027-10-29 00:00:00","user_id":"2461","batch_number":"BritPourChatSt\u00e9rilis\u00e9HealthyDUCKinGravy85G291027","location":"","quantity":"48.0000","quantity_available":"0.0000","units":"1","status":"archived","order_ids":"[35738,35794,35995,36037,36047,36195,36247,36335,36336,36342,36548]","supplier":"Brit","po":{"id":"7441","date_created":"2026-02-03 23:34:13","batch_id":"7506","po_number":"","supplier":"Brit","cost":null,"regular_price":null,"sale_price":null,"price_margin":null,"price_discount":null}},{"id":"8422","date_created":"2026-03-23 12:34:11","date_expiry":"2028-01-29 00:00:00","user_id":"2461","batch_number":"BritPourChatSt\u00e9rilis\u00e9HealthyDUCKinGravy85G0228","location":"","quantity":"240.0000","quantity_available":"133.0000","units":"1","status":"active","order_ids":"[38331,38418,38419,38515,38518,38591,38602,38937,39119,39148,39357,39495,39683,39840,40032,40429,40571,40787,41130,41174,41197,41199,41291,41295,41470,41560]","supplier":"Brit","po":{"id":"8350","date_created":"2026-03-23 12:34:11","batch_id":"8422","po_number":"","supplier":"Brit","cost":null,"regular_price":null,"sale_price":null,"price_margin":null,"price_discount":null}}],"_links":{"self":[{"href":"https:\/\/petworld.ma\/index.php\/wp-json\/wp\/v2\/product\/10068","targetHints":{"allow":["GET"]}}],"collection":[{"href":"https:\/\/petworld.ma\/index.php\/wp-json\/wp\/v2\/product"}],"about":[{"href":"https:\/\/petworld.ma\/index.php\/wp-json\/wp\/v2\/types\/product"}],"wp:featuredmedia":[{"embeddable":true,"href":"https:\/\/petworld.ma\/index.php\/wp-json\/wp\/v2\/media\/10069"}],"wp:attachment":[{"href":"https:\/\/petworld.ma\/index.php\/wp-json\/wp\/v2\/media?parent=10068"}],"wp:term":[{"taxonomy":"product_brand","embeddable":true,"href":"https:\/\/petworld.ma\/index.php\/wp-json\/wp\/v2\/product_brand?post=10068"},{"taxonomy":"product_cat","embeddable":true,"href":"https:\/\/petworld.ma\/index.php\/wp-json\/wp\/v2\/product_cat?post=10068"},{"taxonomy":"product_tag","embeddable":true,"href":"https:\/\/petworld.ma\/index.php\/wp-json\/wp\/v2\/product_tag?post=10068"}],"curies":[{"name":"wp","href":"https:\/\/api.w.org\/{rel}","templated":true}]}}