{"id":10079,"date":"2024-07-18T08:20:53","date_gmt":"2024-07-18T08:20:53","guid":{"rendered":"https:\/\/petworld.ma\/?post_type=product&#038;p=10079"},"modified":"2026-04-08T18:47:23","modified_gmt":"2026-04-08T18:47:23","slug":"brit-snack-antistress-crevette","status":"publish","type":"product","link":"https:\/\/petworld.ma\/index.php\/produit\/brit-snack-antistress-crevette\/","title":{"rendered":"Brit Care Dog Functional Snack Antistress Shrimps (Crevette) 150g"},"content":{"rendered":"<div class=\"hidden-xs\">\n<div class=\"hidden-xs\">Aliment compl\u00e9mentaire pour chien. Les crevettes sont une source de prot\u00e9ines riches en acides gras om\u00e9ga-3 et en vitamine B12 n\u00e9cessaires au bon fonctionnement du cerveau et du syst\u00e8me cardiovasculaire.<\/div>\n<p><strong>Crevettes enrichies au chanvre<\/strong><\/p>\n<p><img loading=\"lazy\" decoding=\"async\" style=\"color: #333333;font-size: 14.4px\" src=\"https:\/\/brit-petfood.com\/file\/nodes\/pictograms\/antistress.png\" alt=\"\" width=\"47\" height=\"48\" \/><span style=\"color: #333333;font-size: 14.4px\">Aide \u00e0 contr\u00f4ler le stress. La combinaison d&rsquo;herbes aide \u00e0 garder le stress sous contr\u00f4le.<\/span><\/p>\n<div class=\"benefits\">\n<div class=\"benefits__item\"><img loading=\"lazy\" decoding=\"async\" src=\"https:\/\/brit-petfood.com\/file\/nodes\/pictograms\/grain-free.png\" alt=\"\" width=\"47\" height=\"48\" \/>Sans c\u00e9r\u00e9ales et sans pommes de terre<\/div>\n<div class=\"benefits__item\"><img loading=\"lazy\" decoding=\"async\" src=\"https:\/\/brit-petfood.com\/file\/nodes\/pictograms\/fulvin.png\" alt=\"\" width=\"47\" height=\"48\" \/>Les acides fulviques favorisent l&rsquo;absorption des nutriments<\/div>\n<div class=\"benefits__item\"><img loading=\"lazy\" decoding=\"async\" src=\"https:\/\/brit-petfood.com\/file\/nodes\/pictograms\/cantalope.png\" alt=\"\" width=\"47\" height=\"48\" \/>Extrait de melon cantaloup comme source d&rsquo;antioxydants<\/div>\n<div class=\"benefits__item\">\n<p><img loading=\"lazy\" decoding=\"async\" src=\"https:\/\/brit-petfood.com\/file\/nodes\/pictograms\/cross.png\" alt=\"\" width=\"47\" height=\"48\" \/>Les peptides de collag\u00e8ne r\u00e9g\u00e9n\u00e8rent le syst\u00e8me musculo-squelettique. Les Lactobacillus acidophilus tyndallis\u00e9s aident \u00e0 maintenir la sant\u00e9 du tractus intestinal.<\/p>\n<div class=\"benefits__item\"><img loading=\"lazy\" decoding=\"async\" src=\"https:\/\/brit-petfood.com\/file\/nodes\/icon-made-in-eu.png\" alt=\"\" width=\"47\" height=\"48\" \/>Fabriqu\u00e9 dans l&rsquo;UE\u00a0<b><\/b><\/div>\n<div><\/div>\n<\/div>\n<\/div>\n<p><strong>POURQUOI LE CHANVRE ?<\/strong>Le chanvre aide \u00e0 harmoniser les processus de base de l&rsquo;organisme et \u00e0 soutenir ses d\u00e9fenses naturelles. Il poss\u00e8de des propri\u00e9t\u00e9s cicatrisantes et apaisantes qui favorisent une r\u00e9g\u00e9n\u00e9ration profonde, une bonne digestion et un bien-\u00eatre mental g\u00e9n\u00e9ral.<\/p>\n<p><strong>CREVETTES<\/strong>Une source de prot\u00e9ines riche en acides gras om\u00e9ga-3 et en vitamine B12 n\u00e9cessaires au bon fonctionnement du cerveau et du syst\u00e8me cardiovasculaire.<\/p>\n<p class=\"composition\"><strong>Composition :<\/strong>\u00a0crevettes d\u00e9shydrat\u00e9es (26 %), citrouille (20 %), lentilles rouges (15 %), amidon v\u00e9g\u00e9tal liquide (14 %), prot\u00e9ines de crevettes* (10 %), sauce au saumon* (5 %), collag\u00e8ne (4 %), chanvre s\u00e9ch\u00e9 (1,5 %), racine de val\u00e9riane s\u00e9ch\u00e9e (1,5 %), huile de saumon (1 %), min\u00e9raux, aub\u00e9pine s\u00e9ch\u00e9e (0,5 %), acide fulvique (0,5 %), extrait de melon cantaloup (0,01 %), Lactobacillus acidophilus HA \u2013 122 inactiv\u00e9 (15&#215;109 cellules\/kg). *hydrolys\u00e9<\/p>\n<p><strong>Ingr\u00e9dients analytiques :<\/strong>\u00a0prot\u00e9ines brutes 26,0 %, mati\u00e8res grasses brutes 4,0 %, humidit\u00e9 17,0 %, cendres brutes 7,0 %, fibres brutes 1,0 %, calcium 1,5 %, phosphore 1,1 %, sodium 0,8 %, om\u00e9ga 3 0,2 %, om\u00e9ga 6 0,35 %.<\/p>\n<p><strong>Composition nutritionnelle :<\/strong>\u00a0vitamine C (3a312) 500 mg. Avec conservateurs approuv\u00e9s par l&rsquo;UE : acide citrique (E 330), acide DL-malique (E 296).<\/p>\n<p><strong>\u00c9nergie m\u00e9tabolisable :<\/strong>\u00a03 090 kcal\/kg<\/p>\n<\/div>\n","protected":false},"excerpt":{"rendered":"<p class=\"hidden-xs\">Compl\u00e9ment alimentaire pour chiens. Friandise \u00e0 p\u00e2te molle.<\/p>\n","protected":false},"featured_media":10080,"template":"","meta":{"jetpack_publicize_message":"","jetpack_publicize_feature_enabled":true,"jetpack_social_post_already_shared":true,"jetpack_social_options":{"image_generator_settings":{"template":"highway","default_image_id":0,"font":"","enabled":false},"version":2}},"product_brand":[],"product_cat":[26,39],"product_tag":[],"class_list":{"0":"post-10079","1":"product","2":"type-product","3":"status-publish","4":"has-post-thumbnail","6":"product_cat-croquettes","7":"product_cat-friandises-et-pates-pour-chien","9":"first","10":"instock","11":"taxable","12":"shipping-taxable","13":"purchasable","14":"product-type-simple"},"supplier_id":5590,"supplier_sku":"","barcode":null,"atum_controlled":true,"out_stock_date":null,"out_stock_threshold":null,"inheritable":false,"inbound_stock":0,"stock_on_hold":0,"sold_today":0,"sales_last_days":0,"reserved_stock":0,"customer_returns":0,"warehouse_damage":0,"lost_in_post":0,"other_logs":0,"out_stock_days":0,"lost_sales":0,"has_location":false,"update_date":"2026-04-23T00:14:35","atum_locations":[],"atum_stock_status":"instock","restock_status":false,"low_stock_amount":20,"sales_update_date":"2026-04-23T00:14:34","calc_backorders":null,"jetpack_publicize_connections":[],"jetpack_sharing_enabled":true,"batches":[{"id":"821","date_created":"2024-11-15 09:57:28","date_expiry":"2026-02-07 00:00:00","user_id":"2760","batch_number":"BritSnackAntiStress070226","location":"","quantity":"20.0000","quantity_available":"0.0000","units":"1","status":"archived","order_ids":"[15012,15185,15454,15848,16706,16805,16970,17101,17200,17219,17654,17770,17771,17803,18007,18611]","supplier":"Brit","po":{"id":"798","date_created":"2024-11-15 09:57:29","batch_id":"821","po_number":"","supplier":"Brit","cost":null,"regular_price":null,"sale_price":null,"price_margin":null,"price_discount":null}},{"id":"1448","date_created":"2024-12-31 21:53:09","date_expiry":"2026-05-26 00:00:00","user_id":"2760","batch_number":"BritSnackAntiStress260526","location":"","quantity":"20.0000","quantity_available":"0.0000","units":"1","status":"archived","order_ids":"[19337,19690,20088,21063,21175,21301,22007,22637,22971,23222,23552,26013,27685,27955,27988]","supplier":"Brit","po":{"id":"1421","date_created":"2024-12-31 21:53:12","batch_id":"1448","po_number":"","supplier":"Brit","cost":null,"regular_price":null,"sale_price":null,"price_margin":null,"price_discount":null}},{"id":"3842","date_created":"2025-06-04 22:45:29","date_expiry":"2026-09-07 00:00:00","user_id":"2760","batch_number":"BritSnackAntiStress070926","location":"","quantity":"20.0000","quantity_available":"0.0000","units":"1","status":"archived","order_ids":"[28191,28563,28676,28882,29025,29057,29101,29607,30818,30923,31020,31064,31143,31375,31410,31649]","supplier":"Brit","po":{"id":"3806","date_created":"2025-06-04 22:45:30","batch_id":"3842","po_number":"","supplier":"Brit","cost":null,"regular_price":null,"sale_price":null,"price_margin":null,"price_discount":null}},{"id":"4752","date_created":"2025-08-08 11:59:07","date_expiry":"2027-02-28 00:00:00","user_id":"2760","batch_number":"BritSnackAntiStress280227","location":"","quantity":"20.0000","quantity_available":"20.0000","units":"1","status":"archived","order_ids":"[]","supplier":" BRIT","po":{"id":"4716","date_created":"2025-08-08 11:59:09","batch_id":"4752","po_number":"","supplier":" BRIT","cost":null,"regular_price":null,"sale_price":null,"price_margin":null,"price_discount":null}},{"id":"7192","date_created":"2026-01-15 13:24:17","date_expiry":"2027-02-28 00:00:00","user_id":"2760","batch_number":"BritSnackAntiStress280227","location":"","quantity":"20.0000","quantity_available":"15.0000","units":"1","status":"active","order_ids":"[34604,34746,35663,38408,39205]","supplier":"Brit","po":{"id":"7128","date_created":"2026-01-15 13:24:18","batch_id":"7192","po_number":"","supplier":"Brit","cost":null,"regular_price":null,"sale_price":null,"price_margin":null,"price_discount":null}},{"id":"7480","date_created":"2026-02-03 00:40:40","date_expiry":"2027-06-30 00:00:00","user_id":"2760","batch_number":"BritSnackAntiStress300627","location":"","quantity":"10.0000","quantity_available":"10.0000","units":"1","status":"active","order_ids":null,"supplier":" BRIT","po":{"id":"7415","date_created":"2026-02-03 00:40:41","batch_id":"7480","po_number":"","supplier":" BRIT","cost":null,"regular_price":null,"sale_price":null,"price_margin":null,"price_discount":null}}],"_links":{"self":[{"href":"https:\/\/petworld.ma\/index.php\/wp-json\/wp\/v2\/product\/10079","targetHints":{"allow":["GET"]}}],"collection":[{"href":"https:\/\/petworld.ma\/index.php\/wp-json\/wp\/v2\/product"}],"about":[{"href":"https:\/\/petworld.ma\/index.php\/wp-json\/wp\/v2\/types\/product"}],"wp:featuredmedia":[{"embeddable":true,"href":"https:\/\/petworld.ma\/index.php\/wp-json\/wp\/v2\/media\/10080"}],"wp:attachment":[{"href":"https:\/\/petworld.ma\/index.php\/wp-json\/wp\/v2\/media?parent=10079"}],"wp:term":[{"taxonomy":"product_brand","embeddable":true,"href":"https:\/\/petworld.ma\/index.php\/wp-json\/wp\/v2\/product_brand?post=10079"},{"taxonomy":"product_cat","embeddable":true,"href":"https:\/\/petworld.ma\/index.php\/wp-json\/wp\/v2\/product_cat?post=10079"},{"taxonomy":"product_tag","embeddable":true,"href":"https:\/\/petworld.ma\/index.php\/wp-json\/wp\/v2\/product_tag?post=10079"}],"curies":[{"name":"wp","href":"https:\/\/api.w.org\/{rel}","templated":true}]}}