{"id":10085,"date":"2024-07-18T08:57:34","date_gmt":"2024-07-18T08:57:34","guid":{"rendered":"https:\/\/petworld.ma\/?post_type=product&#038;p=10085"},"modified":"2026-04-25T09:05:30","modified_gmt":"2026-04-25T09:05:30","slug":"mera-dog-exclusive-puppy-15kg","status":"publish","type":"product","link":"https:\/\/petworld.ma\/index.php\/produit\/mera-dog-exclusive-puppy-15kg\/","title":{"rendered":"Mera Dog Exclusive Puppy 15kg"},"content":{"rendered":"<div class=\"elementor-element elementor-element-706fcd6 elementor-widget elementor-widget-woocommerce-product-content\" data-id=\"706fcd6\" data-element_type=\"widget\" data-widget_type=\"woocommerce-product-content.default\">\n<div class=\"elementor-widget-container\">\n<p>\u2022 Aliment complet pour Chiot 1 er age.<br \/>\n\u2022 Adapt\u00e9 de mani\u00e8re optimale aux besoins en nutriments dans la phase de croissance<br \/>\n\u2022 Recette sans bl\u00e9<br \/>\n\u2022 Renforce le syst\u00e8me imunitaire<br \/>\n\u2022 Acides gras naturels om\u00e9ga-3 et om\u00e9ga-6 (\u00e0 partir d\u2019huile de saumon, d\u2019huile de tournesol et de lin) ainsi que de ch\u00e9late de zinc pour la peau et la fourrure<br \/>\n\u2022 protection optimale des articulations gr\u00e2ce \u00e0 la glucosamine et au sulfate de chondro\u00eftine (mat\u00e9riaux de construction pour le cartilage et les articulations)<br \/>\n\u2022 Huile de saumon inclus dans la composition<\/p>\n<\/div>\n<\/div>\n<div class=\"elementor-element elementor-element-a39b7f2 elementor-widget elementor-widget-woocommerce-product-short-description\" data-id=\"a39b7f2\" data-element_type=\"widget\" data-widget_type=\"woocommerce-product-short-description.default\">\n<div class=\"elementor-widget-container\">\n<div class=\"woocommerce-product-details__short-description\">\n<h5 class=\"info-banner--title\">Chiot sensible MERA Exklusiv \u2013 pour les utilisateurs professionnels<\/h5>\n<div class=\"info-banner--text\">\n<p>MERA EXKLUSIV a \u00e9t\u00e9 d\u00e9velopp\u00e9 exclusivement pour les utilisateurs professionnels et, avec sa gamme attrayante et diff\u00e9renci\u00e9e, offre l\u2019alimentation adapt\u00e9e aux besoins individuels de votre animal.\u00a0Nos concepts nutritionnels riches sont adapt\u00e9s aux esp\u00e8ces et fournissent aux amis \u00e0 quatre pattes exactement les nutriments dont ils ont besoin dans chaque situation et \u00e0 chaque niveau d\u2019activit\u00e9.<\/p>\n<p>Comme pour\u00a0<em>tous les produits<\/em>\u00a0\u00ab\u00a0MERA sensibles\u00a0\u00bb, ces recettes se passent des \u00e9l\u00e9ments suivants :<strong><br \/>\n<\/strong>Bl\u00e9 et orge, sources de viande exotique, colorants, ar\u00f4mes et conservateurs, ingr\u00e9dients g\u00e9n\u00e9tiquement modifi\u00e9s, sucre, soja, vitamine K3.<\/p>\n<p><strong>Composition :<\/strong>\u00a0riz (40%), prot\u00e9ines de dinde (30%, s\u00e9ch\u00e9es), graisse de volaille, prot\u00e9ines de riz, hydrolysat de prot\u00e9ines de volaille, levure de bi\u00e8re (s\u00e9ch\u00e9e), pulpe de betterave, graines de lin, lignocellulose, huile de saumon, huile de tournesol, colostrum bovin (0,5%), chlorure de sodium, parois cellulaires de levure (riches en mannane-oligosaccharides et b\u00eata-glucanes), inuline de chicor\u00e9e, chlorure de potassium, farine d\u2019algues, glucosamine issue de tissus d\u2019origine animale, sulfate de chondro\u00eftine.<\/p>\n<p><strong>Constituants analytiques :\u00a0<\/strong>prot\u00e9ines 29%, teneur en mati\u00e8res grasses 16%, fibres alimentaires brutes 2,5%, cendres brutes 7%, calcium 1,2%, phosphore 0,9%, sodium 0,35%.<\/p>\n<p><strong>Additifs par kg : additifs nutritionnels physiologiques :\u00a0<\/strong>vitamine A 15.000IE, vitamine D3 1.600IE, vitamine E 400mg, vitamine C 300mg, cuivre (sulfate de cuivre (II), pentahydrat\u00e9) 15mg, zinc (sulfate de zinc, monohydrat\u00e9) 100mg, zinc (zinc de glycine hydrat\u00e9 (solide)) 50mg, fer (sulfate de fer (II), monohydrat\u00e9) 250mg, mangan\u00e8se (sulfate de mangan\u00e8se (II), monohydrat\u00e9) 35mg, iode (iodate de calcium, anhydre) 2mg, s\u00e9l\u00e9nium (s\u00e9l\u00e9nite de sodium) 0,4mg.<\/p>\n<\/div>\n<\/div>\n<\/div>\n<\/div>\n","protected":false},"excerpt":{"rendered":"<p>Fabriqu\u00e9 en Allemagne<\/p>\n<p>Aliment complet pour chiot<\/p>\n","protected":false},"featured_media":10086,"template":"","meta":{"jetpack_publicize_message":"","jetpack_publicize_feature_enabled":true,"jetpack_social_post_already_shared":true,"jetpack_social_options":{"image_generator_settings":{"template":"highway","default_image_id":0,"font":"","enabled":false},"version":2}},"product_brand":[],"product_cat":[26],"product_tag":[],"class_list":{"0":"post-10085","1":"product","2":"type-product","3":"status-publish","4":"has-post-thumbnail","6":"product_cat-croquettes","8":"first","9":"instock","10":"taxable","11":"shipping-taxable","12":"purchasable","13":"product-type-simple"},"supplier_id":5588,"supplier_sku":"072355","barcode":null,"atum_controlled":true,"out_stock_date":null,"out_stock_threshold":null,"inheritable":false,"inbound_stock":0,"stock_on_hold":0,"sold_today":0,"sales_last_days":0,"reserved_stock":0,"customer_returns":0,"warehouse_damage":0,"lost_in_post":0,"other_logs":0,"out_stock_days":0,"lost_sales":0,"has_location":false,"update_date":"2026-05-14T00:00:39","atum_locations":[],"atum_stock_status":"instock","restock_status":false,"low_stock_amount":2,"sales_update_date":"2026-05-14T00:00:39","calc_backorders":0,"jetpack_publicize_connections":[],"jetpack_sharing_enabled":true,"batches":[{"id":"662","date_created":"2024-10-19 14:16:17","date_expiry":"2026-06-28 00:00:00","user_id":"50","batch_number":"MERAEXCLUSIVE15KG280626","location":"","quantity":"1.0000","quantity_available":"0.0000","units":"1","status":"archived","order_ids":"[13233,14283,14694,15758]","supplier":"mera","po":{"id":"643","date_created":"2024-10-19 14:16:17","batch_id":"662","po_number":"","supplier":"mera","cost":null,"regular_price":null,"sale_price":null,"price_margin":null,"price_discount":null}},{"id":"1313","date_created":"2024-12-19 22:31:36","date_expiry":"2026-09-11 00:00:00","user_id":"50","batch_number":"MERAEXCLUSIVE15KG110926","location":"","quantity":"4.0000","quantity_available":"0.0000","units":"1","status":"archived","order_ids":"[17156,17165]","supplier":"mera","po":{"id":"1287","date_created":"2024-12-19 22:31:39","batch_id":"1313","po_number":"","supplier":"mera","cost":null,"regular_price":null,"sale_price":null,"price_margin":null,"price_discount":null}},{"id":"1839","date_created":"2025-02-01 17:31:31","date_expiry":"2026-09-10 00:00:00","user_id":"50","batch_number":"MERAEXCLUSIVE15KG100926","location":"","quantity":"1.0000","quantity_available":"0.0000","units":"1","status":"archived","order_ids":"[18904]","supplier":"mera","po":{"id":"1813","date_created":"2025-02-01 17:31:34","batch_id":"1839","po_number":"","supplier":"mera","cost":null,"regular_price":null,"sale_price":null,"price_margin":null,"price_discount":null}},{"id":"2375","date_created":"2025-03-14 20:51:28","date_expiry":"2026-09-10 00:00:00","user_id":"50","batch_number":"MERAEXCLUSIVE15KG100926","location":"","quantity":"1.0000","quantity_available":"0.0000","units":"1","status":"archived","order_ids":"[22392]","supplier":"mera","po":{"id":"2344","date_created":"2025-03-14 20:51:31","batch_id":"2375","po_number":"","supplier":"mera","cost":null,"regular_price":null,"sale_price":null,"price_margin":null,"price_discount":null}},{"id":"3711","date_created":"2025-06-01 18:11:23","date_expiry":"2026-10-11 00:00:00","user_id":"50","batch_number":"MERAEXCLUSIVE15KG111026","location":"","quantity":"2.0000","quantity_available":"0.0000","units":"1","status":"archived","order_ids":"[24200,24861]","supplier":"mera","po":{"id":"3677","date_created":"2025-06-01 18:11:24","batch_id":"3711","po_number":"","supplier":"mera","cost":null,"regular_price":null,"sale_price":null,"price_margin":null,"price_discount":null}},{"id":"4543","date_created":"2025-07-21 20:40:35","date_expiry":"2026-10-11 00:00:00","user_id":"50","batch_number":"MERAEXCLUSIVE15KG111026","location":"","quantity":"1.0000","quantity_available":"0.0000","units":"1","status":"archived","order_ids":"[25897]","supplier":"mera","po":{"id":"4507","date_created":"2025-07-21 20:40:35","batch_id":"4543","po_number":"","supplier":"mera","cost":null,"regular_price":null,"sale_price":null,"price_margin":null,"price_discount":null}},{"id":"4592","date_created":"2025-07-29 20:55:40","date_expiry":"2026-10-11 00:00:00","user_id":"50","batch_number":"MERAEXCLUSIVE15KG111026","location":"","quantity":"1.0000","quantity_available":"0.0000","units":"1","status":"archived","order_ids":"[28691]","supplier":"mera","po":{"id":"4556","date_created":"2025-07-29 20:55:40","batch_id":"4592","po_number":"","supplier":"mera","cost":null,"regular_price":null,"sale_price":null,"price_margin":null,"price_discount":null}},{"id":"5003","date_created":"2025-08-26 22:36:06","date_expiry":"2026-05-16 00:00:00","user_id":"50","batch_number":"MERAEXCLUSIVE15KG160526","location":"","quantity":"1.0000","quantity_available":"0.0000","units":"1","status":"archived","order_ids":"[27989]","supplier":"mera","po":{"id":"4967","date_created":"2025-08-26 22:36:07","batch_id":"5003","po_number":"","supplier":"mera","cost":null,"regular_price":null,"sale_price":null,"price_margin":null,"price_discount":null}},{"id":"5598","date_created":"2025-10-02 10:04:37","date_expiry":"2027-03-21 00:00:00","user_id":"50","batch_number":"MERAEXCLUSIVE15KG210327","location":"","quantity":"1.0000","quantity_available":"0.0000","units":"1","status":"archived","order_ids":"[29308]","supplier":"mera","po":{"id":"5552","date_created":"2025-10-02 10:04:39","batch_id":"5598","po_number":"","supplier":"mera","cost":null,"regular_price":null,"sale_price":null,"price_margin":null,"price_discount":null}},{"id":"5786","date_created":"2025-10-18 13:27:37","date_expiry":"2027-03-21 00:00:00","user_id":"50","batch_number":"MERAEXCLUSIVE15KG210327","location":"","quantity":"1.0000","quantity_available":"0.0000","units":"1","status":"archived","order_ids":"[29538]","supplier":"mera","po":{"id":"5736","date_created":"2025-10-18 13:27:38","batch_id":"5786","po_number":"","supplier":"mera","cost":null,"regular_price":null,"sale_price":null,"price_margin":null,"price_discount":null}},{"id":"5984","date_created":"2025-11-04 13:40:00","date_expiry":"2027-05-16 00:00:00","user_id":"50","batch_number":"MERAEXCLUSIVE15KG160527","location":"","quantity":"2.0000","quantity_available":"0.0000","units":"1","status":"archived","order_ids":"[30190,31026]","supplier":"mera","po":{"id":"5927","date_created":"2025-11-04 13:40:00","batch_id":"5984","po_number":"","supplier":"mera","cost":null,"regular_price":null,"sale_price":null,"price_margin":null,"price_discount":null}},{"id":"6321","date_created":"2025-11-24 00:59:39","date_expiry":"2027-05-16 00:00:00","user_id":"50","batch_number":"MERAEXCLUSIVE15KG160527","location":"","quantity":"1.0000","quantity_available":"0.0000","units":"1","status":"archived","order_ids":"[31250]","supplier":"MERA","po":{"id":"6267","date_created":"2025-11-24 00:59:39","batch_id":"6321","po_number":"","supplier":"MERA","cost":null,"regular_price":null,"sale_price":null,"price_margin":null,"price_discount":null}},{"id":"6415","date_created":"2025-12-02 11:12:18","date_expiry":"2027-05-16 00:00:00","user_id":"50","batch_number":"MERAEXCLUSIVE15KG160527","location":"","quantity":"1.0000","quantity_available":"0.0000","units":"1","status":"archived","order_ids":"[32265]","supplier":"MERA","po":{"id":"6361","date_created":"2025-12-02 11:12:18","batch_id":"6415","po_number":"","supplier":"MERA","cost":null,"regular_price":null,"sale_price":null,"price_margin":null,"price_discount":null}},{"id":"6623","date_created":"2025-12-11 13:39:02","date_expiry":"2027-05-16 00:00:00","user_id":"50","batch_number":"MERAEXCLUSIVE15KG160527","location":"","quantity":"1.0000","quantity_available":"0.0000","units":"1","status":"archived","order_ids":"[32285]","supplier":"Mera","po":{"id":"6568","date_created":"2025-12-11 13:39:03","batch_id":"6623","po_number":"","supplier":"Mera","cost":null,"regular_price":null,"sale_price":null,"price_margin":null,"price_discount":null}},{"id":"6975","date_created":"2025-12-27 13:45:05","date_expiry":"2027-05-16 00:00:00","user_id":"50","batch_number":"MERAEXCLUSIVE15KG160527","location":"","quantity":"2.0000","quantity_available":"0.0000","units":"1","status":"archived","order_ids":"[33087,33148]","supplier":"MERA","po":{"id":"6914","date_created":"2025-12-27 13:45:06","batch_id":"6975","po_number":"","supplier":"MERA","cost":null,"regular_price":null,"sale_price":null,"price_margin":null,"price_discount":null}},{"id":"7081","date_created":"2026-01-07 14:46:44","date_expiry":"2027-05-16 00:00:00","user_id":"50","batch_number":"MERAEXCLUSIVE15KG160527","location":"","quantity":"2.0000","quantity_available":"0.0000","units":"1","status":"archived","order_ids":"[35011,35399]","supplier":"mera","po":{"id":"7017","date_created":"2026-01-07 14:46:44","batch_id":"7081","po_number":"","supplier":"mera","cost":null,"regular_price":null,"sale_price":null,"price_margin":null,"price_discount":null}},{"id":"7710","date_created":"2026-02-14 14:17:12","date_expiry":"2027-05-16 00:00:00","user_id":"50","batch_number":"MERAEXCLUSIVE15KG160527","location":"","quantity":"2.0000","quantity_available":"0.0000","units":"1","status":"archived","order_ids":"[37424,38929]","supplier":"MERA","po":{"id":"7645","date_created":"2026-02-14 14:17:12","batch_id":"7710","po_number":"","supplier":"MERA","cost":null,"regular_price":null,"sale_price":null,"price_margin":null,"price_discount":null}},{"id":"8269","date_created":"2026-03-14 12:04:23","date_expiry":"2027-09-30 00:00:00","user_id":"50","batch_number":"MERAEXCLUSIVE15KG300927","location":"","quantity":"1.0000","quantity_available":"1.0000","units":"1","status":"active","order_ids":null,"supplier":"MERA","po":{"id":"8196","date_created":"2026-03-14 12:04:23","batch_id":"8269","po_number":"","supplier":"MERA","cost":null,"regular_price":null,"sale_price":null,"price_margin":null,"price_discount":null}},{"id":"8821","date_created":"2026-04-15 11:16:36","date_expiry":"2027-07-30 00:00:00","user_id":"50","batch_number":"MERAEXCLUSIVE15KG300727","location":"","quantity":"1.0000","quantity_available":"0.0000","units":"1","status":"archived","order_ids":"[40322]","supplier":"MERA","po":{"id":"8748","date_created":"2026-04-15 11:16:37","batch_id":"8821","po_number":"","supplier":"MERA","cost":null,"regular_price":null,"sale_price":null,"price_margin":null,"price_discount":null}},{"id":"9081","date_created":"2026-04-25 09:05:29","date_expiry":"2027-09-06 00:00:00","user_id":"50","batch_number":"MERAEXCLUSIVE15KG060927","location":"","quantity":"1.0000","quantity_available":"1.0000","units":"1","status":"active","order_ids":null,"supplier":"mera","po":{"id":"9004","date_created":"2026-04-25 09:05:30","batch_id":"9081","po_number":"","supplier":"mera","cost":null,"regular_price":null,"sale_price":null,"price_margin":null,"price_discount":null}}],"_links":{"self":[{"href":"https:\/\/petworld.ma\/index.php\/wp-json\/wp\/v2\/product\/10085","targetHints":{"allow":["GET"]}}],"collection":[{"href":"https:\/\/petworld.ma\/index.php\/wp-json\/wp\/v2\/product"}],"about":[{"href":"https:\/\/petworld.ma\/index.php\/wp-json\/wp\/v2\/types\/product"}],"wp:featuredmedia":[{"embeddable":true,"href":"https:\/\/petworld.ma\/index.php\/wp-json\/wp\/v2\/media\/10086"}],"wp:attachment":[{"href":"https:\/\/petworld.ma\/index.php\/wp-json\/wp\/v2\/media?parent=10085"}],"wp:term":[{"taxonomy":"product_brand","embeddable":true,"href":"https:\/\/petworld.ma\/index.php\/wp-json\/wp\/v2\/product_brand?post=10085"},{"taxonomy":"product_cat","embeddable":true,"href":"https:\/\/petworld.ma\/index.php\/wp-json\/wp\/v2\/product_cat?post=10085"},{"taxonomy":"product_tag","embeddable":true,"href":"https:\/\/petworld.ma\/index.php\/wp-json\/wp\/v2\/product_tag?post=10085"}],"curies":[{"name":"wp","href":"https:\/\/api.w.org\/{rel}","templated":true}]}}