{"id":10087,"date":"2024-07-18T09:22:46","date_gmt":"2024-07-18T09:22:46","guid":{"rendered":"https:\/\/petworld.ma\/?post_type=product&#038;p=10087"},"modified":"2026-04-23T11:23:53","modified_gmt":"2026-04-23T11:23:53","slug":"carnilove-cat-mousse-chicken-duck-and-pheasant-poulet-canard-et-faisan-100g","status":"publish","type":"product","link":"https:\/\/petworld.ma\/index.php\/produit\/carnilove-cat-mousse-chicken-duck-and-pheasant-poulet-canard-et-faisan-100g\/","title":{"rendered":"Carnilove Cat Mousse Chicken, Duck and Pheasant (Poulet, Canard et Faisan) 100g"},"content":{"rendered":"<div class=\"container pt-30\">\n<div class=\"row\">\n<div class=\"col-12\">\n<div class=\"container pt-30\">\n<div class=\"row\">\n<div class=\"col-10\">\n<div class=\"container pt-30\">\n<div class=\"row\">\n<div class=\"col-10\">\n<p><img loading=\"lazy\" decoding=\"async\" class=\"benefits_icon\" src=\"https:\/\/carnilove.com\/assets\/front\/images\/grain-free-potato-free.png\" width=\"100\" height=\"99\" \/> CARNILOVE \u00c0 LA VIANDE BLANCHE DE POULET, AU CANARD ET AU FAISAN POUR CHATS ADULTES. ALIMENT COMPLET HUMIDE SUPERPREMIUM POUR CHATS ADULTES.<\/p>\n<h2>COMPOSITION<\/h2>\n<p>viande de poulet, foie de poulet, c\u0153urs de poulet 35 %, bouillon, canard 10 %, faisan 10 %, airelles 1 %, min\u00e9raux 1 %, huile de lin 0,1 %.<\/p>\n<h2>ADDITIFS NUTRITIONNELS POUR 1 KG<\/h2>\n<p>vitamine D3 (E671) 300 UI, vitamine E (3a700) 150 mg, taurine (3a370) 650 mg, biotine (3a880) 0,3 mg, ch\u00e9late cuivreux d&rsquo;acides amin\u00e9s, hydrat\u00e9 (3b405) 0,6 mg, ch\u00e9late ferreux d&rsquo;acides amin\u00e9s, hydrat\u00e9 (3b106) 12 mg, iodure de potassium (3b201) 1 mg, ch\u00e9late de mangan\u00e8se d&rsquo;acides amin\u00e9s, hydrat\u00e9 (3b504) 2,5 mg, ch\u00e9late de zinc d&rsquo;acides amin\u00e9s, hydrat\u00e9 (3b606) 15 mg.<\/p>\n<h2>COMPOSANT ANALYTIQUES POUR 1 KG<\/h2>\n<p>Prot\u00e9ine brute 10,6%, Mati\u00e8res grasses brutes 6,6%, Cendres brutes 2,4%, Cellulose brute 0,4%, Humidit\u00e9 79%, Calcium 0,2%, Phosphore 0,3%, Sodium 0,2%.<\/p>\n<h2>\u00c9NERGIE M\u00c9TABOLISABLE<\/h2>\n<p>1040 kcal\/kg<\/p>\n<\/div>\n<\/div>\n<\/div>\n<\/div>\n<\/div>\n<\/div>\n<\/div>\n<\/div>\n<\/div>\n","protected":false},"excerpt":{"rendered":"<p>CARNILOVE \u00c0 LA VIANDE BLANCHE DE POULET, AU CANARD ET AU FAISAN POUR CHATS ADULTES. ALIMENT COMPLET HUMIDE SUPERPREMIUM POUR CHATS ADULTES.<\/p>\n","protected":false},"featured_media":10095,"template":"","meta":{"jetpack_publicize_message":"","jetpack_publicize_feature_enabled":true,"jetpack_social_post_already_shared":true,"jetpack_social_options":{"image_generator_settings":{"template":"highway","default_image_id":0,"font":"","enabled":false},"version":2}},"product_brand":[],"product_cat":[41],"product_tag":[],"class_list":{"0":"post-10087","1":"product","2":"type-product","3":"status-publish","4":"has-post-thumbnail","6":"product_cat-friandises-et-pate-pour-chat","8":"first","9":"instock","10":"taxable","11":"shipping-taxable","12":"purchasable","13":"product-type-simple"},"supplier_id":7839,"supplier_sku":"","barcode":null,"atum_controlled":true,"out_stock_date":null,"out_stock_threshold":null,"inheritable":false,"inbound_stock":0,"stock_on_hold":0,"sold_today":12,"sales_last_days":25,"reserved_stock":0,"customer_returns":0,"warehouse_damage":0,"lost_in_post":0,"other_logs":0,"out_stock_days":0,"lost_sales":0,"has_location":false,"update_date":"2026-04-23T11:24:10","atum_locations":[],"atum_stock_status":"instock","restock_status":false,"low_stock_amount":20,"sales_update_date":"2026-04-23T11:24:08","calc_backorders":null,"jetpack_publicize_connections":[],"jetpack_sharing_enabled":true,"batches":[{"id":"48","date_created":"2024-09-12 17:51:37","date_expiry":"2026-07-06 00:00:00","user_id":"2760","batch_number":"2024.8","location":"","quantity":"5.0000","quantity_available":"0.0000","units":"1","status":"archived","order_ids":"[11637,11936]","supplier":"Carnilove","po":{"id":"45","date_created":"2024-09-12 17:51:37","batch_id":"48","po_number":"","supplier":"Carnilove","cost":null,"regular_price":null,"sale_price":null,"price_margin":null,"price_discount":null}},{"id":"815","date_created":"2024-11-13 13:36:04","date_expiry":"2026-12-06 00:00:00","user_id":"2760","batch_number":"CL MousseCH Duck&pheas061226","location":"","quantity":"12.0000","quantity_available":"0.0000","units":"1","status":"archived","order_ids":"[15230,15454,15970,16720,16912]","supplier":"Carnilove","po":{"id":"792","date_created":"2024-11-13 13:36:04","batch_id":"815","po_number":"","supplier":"Carnilove","cost":null,"regular_price":null,"sale_price":null,"price_margin":null,"price_discount":null}},{"id":"2132","date_created":"2025-02-23 12:56:03","date_expiry":"2026-12-06 00:00:00","user_id":"2760","batch_number":"CL MousseCH Duck&pheas061226","location":"","quantity":"48.0000","quantity_available":"0.0000","units":"1","status":"archived","order_ids":"[18325,18990,19060,19623,19691,20254,20398,21249,21397,21581,21647,22051,22059,22442,22448,22595,23259,23656]","supplier":"Carnilove","po":{"id":"2102","date_created":"2025-02-23 12:56:06","batch_id":"2132","po_number":"","supplier":"Carnilove","cost":null,"regular_price":null,"sale_price":null,"price_margin":null,"price_discount":null}},{"id":"8179","date_created":"2026-03-11 15:07:39","date_expiry":"2028-11-30 00:00:00","user_id":"2760","batch_number":"CL MousseCH Duck&pheas301128","location":"","quantity":"120.0000","quantity_available":"85.0000","units":"1","status":"active","order_ids":"[38173,38560,39106,40030,40517,40626]","supplier":"Carnilove","po":{"id":"8117","date_created":"2026-03-11 15:07:39","batch_id":"8179","po_number":"","supplier":"Carnilove","cost":null,"regular_price":null,"sale_price":null,"price_margin":null,"price_discount":null}}],"_links":{"self":[{"href":"https:\/\/petworld.ma\/index.php\/wp-json\/wp\/v2\/product\/10087","targetHints":{"allow":["GET"]}}],"collection":[{"href":"https:\/\/petworld.ma\/index.php\/wp-json\/wp\/v2\/product"}],"about":[{"href":"https:\/\/petworld.ma\/index.php\/wp-json\/wp\/v2\/types\/product"}],"wp:featuredmedia":[{"embeddable":true,"href":"https:\/\/petworld.ma\/index.php\/wp-json\/wp\/v2\/media\/10095"}],"wp:attachment":[{"href":"https:\/\/petworld.ma\/index.php\/wp-json\/wp\/v2\/media?parent=10087"}],"wp:term":[{"taxonomy":"product_brand","embeddable":true,"href":"https:\/\/petworld.ma\/index.php\/wp-json\/wp\/v2\/product_brand?post=10087"},{"taxonomy":"product_cat","embeddable":true,"href":"https:\/\/petworld.ma\/index.php\/wp-json\/wp\/v2\/product_cat?post=10087"},{"taxonomy":"product_tag","embeddable":true,"href":"https:\/\/petworld.ma\/index.php\/wp-json\/wp\/v2\/product_tag?post=10087"}],"curies":[{"name":"wp","href":"https:\/\/api.w.org\/{rel}","templated":true}]}}