{"id":10115,"date":"2024-07-18T13:59:59","date_gmt":"2024-07-18T13:59:59","guid":{"rendered":"https:\/\/petworld.ma\/?post_type=product&#038;p=10115"},"modified":"2025-06-11T14:15:11","modified_gmt":"2025-06-11T14:15:11","slug":"sac-de-transpost-transparent-chat-et-petit-chien-43x27x28cm","status":"publish","type":"product","link":"https:\/\/petworld.ma\/index.php\/produit\/sac-de-transpost-transparent-chat-et-petit-chien-43x27x28cm\/","title":{"rendered":"Sac de Transpost Transparent Chat et petit Chien 43x27x28cm"},"content":{"rendered":"<ul>\n<li>Sac transparent pour chat r\u00e9sistant aux rayures, imperm\u00e9able et l\u00e9ger. Parfait pour les petits animaux.<\/li>\n<li>Facile \u00e0 nettoyer et durable.<\/li>\n<li>Offre une bonne ventilation et un confort optimal.<\/li>\n<li>Pratique pour diverses occasions.<\/li>\n<\/ul>\n<p>Dimension: <span style=\"color: #333333;font-size: 14.4px\">43*27*28cm<\/span><\/p>\n<div class=\"attribute-item\"><\/div>\n<p>&nbsp;<\/p>\n","protected":false},"excerpt":{"rendered":"<p>Couleur: Rouge<\/p>\n<p>Dimension: <span style=\"color: #333333;font-size: 14.4px\">43*27*28cm<\/span><\/p>\n","protected":false},"featured_media":10116,"template":"","meta":{"jetpack_publicize_message":"","jetpack_publicize_feature_enabled":true,"jetpack_social_post_already_shared":true,"jetpack_social_options":{"image_generator_settings":{"template":"highway","default_image_id":0,"font":"","enabled":false},"version":2}},"product_brand":[],"product_cat":[91,90],"product_tag":[],"class_list":{"0":"post-10115","1":"product","2":"type-product","3":"status-publish","4":"has-post-thumbnail","6":"product_cat-sac-de-transport-pour-chat","7":"product_cat-sac-de-transport-pour-chien","9":"first","10":"outofstock","11":"taxable","12":"shipping-taxable","13":"purchasable","14":"product-type-simple"},"supplier_id":8054,"supplier_sku":"","barcode":null,"atum_controlled":true,"out_stock_date":"2025-06-11 14:15:11","out_stock_threshold":null,"inheritable":false,"inbound_stock":0,"stock_on_hold":0,"sold_today":0,"sales_last_days":0,"reserved_stock":0,"customer_returns":0,"warehouse_damage":0,"lost_in_post":0,"other_logs":0,"out_stock_days":317,"lost_sales":19020,"has_location":false,"update_date":"2026-04-25T09:02:20","atum_locations":[],"atum_stock_status":"outofstock","restock_status":false,"low_stock_amount":1,"sales_update_date":"2026-04-25T09:02:20","calc_backorders":null,"jetpack_publicize_connections":[],"jetpack_sharing_enabled":true,"batches":[],"_links":{"self":[{"href":"https:\/\/petworld.ma\/index.php\/wp-json\/wp\/v2\/product\/10115","targetHints":{"allow":["GET"]}}],"collection":[{"href":"https:\/\/petworld.ma\/index.php\/wp-json\/wp\/v2\/product"}],"about":[{"href":"https:\/\/petworld.ma\/index.php\/wp-json\/wp\/v2\/types\/product"}],"wp:featuredmedia":[{"embeddable":true,"href":"https:\/\/petworld.ma\/index.php\/wp-json\/wp\/v2\/media\/10116"}],"wp:attachment":[{"href":"https:\/\/petworld.ma\/index.php\/wp-json\/wp\/v2\/media?parent=10115"}],"wp:term":[{"taxonomy":"product_brand","embeddable":true,"href":"https:\/\/petworld.ma\/index.php\/wp-json\/wp\/v2\/product_brand?post=10115"},{"taxonomy":"product_cat","embeddable":true,"href":"https:\/\/petworld.ma\/index.php\/wp-json\/wp\/v2\/product_cat?post=10115"},{"taxonomy":"product_tag","embeddable":true,"href":"https:\/\/petworld.ma\/index.php\/wp-json\/wp\/v2\/product_tag?post=10115"}],"curies":[{"name":"wp","href":"https:\/\/api.w.org\/{rel}","templated":true}]}}