{"id":10122,"date":"2024-07-18T14:32:07","date_gmt":"2024-07-18T14:32:07","guid":{"rendered":"https:\/\/petworld.ma\/?post_type=product&#038;p=10122"},"modified":"2026-02-17T22:55:24","modified_gmt":"2026-02-17T22:55:24","slug":"sac-de-transpost-transparent-chat-et-petit-chien-40x31x20cm","status":"publish","type":"product","link":"https:\/\/petworld.ma\/index.php\/produit\/sac-de-transpost-transparent-chat-et-petit-chien-40x31x20cm\/","title":{"rendered":"Sac de Transport Transparent Chat et petit Chien 40x31x20cm"},"content":{"rendered":"<p>D\u00e9couvrez notre capsule spatiale pour sac \u00e0 dos Cat Carrier ! Id\u00e9ale pour voyager avec votre chat, elle offre confort et s\u00e9curit\u00e9. Fabriqu\u00e9e en mat\u00e9riaux durables et respirants, avec une bulle transparente pour que votre chat puisse observer son environnement. Pratique avec son bol d&rsquo;eau amovible. Parfait pour toutes vos aventures avec votre compagnon f\u00e9lin !<\/p>\n<p>Dimension: <span style=\"color: #333333; font-size: 14.4px;\">40*31*20cm<\/span><\/p>\n<div class=\"attribute-item\"><\/div>\n<p>&nbsp;<\/p>\n","protected":false},"excerpt":{"rendered":"<p>Couleur: Noir<\/p>\n<p>Dimension: <span style=\"color: #333333; font-size: 14.4px;\">43*27*28cm<\/span><\/p>\n","protected":false},"featured_media":10123,"template":"","meta":{"jetpack_publicize_message":"","jetpack_publicize_feature_enabled":true,"jetpack_social_post_already_shared":true,"jetpack_social_options":{"image_generator_settings":{"template":"highway","default_image_id":0,"font":"","enabled":false},"version":2}},"product_brand":[],"product_cat":[91,90],"product_tag":[],"class_list":{"0":"post-10122","1":"product","2":"type-product","3":"status-publish","4":"has-post-thumbnail","6":"product_cat-sac-de-transport-pour-chat","7":"product_cat-sac-de-transport-pour-chien","9":"first","10":"instock","11":"taxable","12":"shipping-taxable","13":"purchasable","14":"product-type-simple"},"supplier_id":8054,"supplier_sku":"","barcode":null,"atum_controlled":true,"out_stock_date":null,"out_stock_threshold":null,"inheritable":false,"inbound_stock":0,"stock_on_hold":0,"sold_today":0,"sales_last_days":0,"reserved_stock":0,"customer_returns":0,"warehouse_damage":0,"lost_in_post":0,"other_logs":0,"out_stock_days":0,"lost_sales":0,"has_location":false,"update_date":"2026-04-30T00:16:24","atum_locations":[],"atum_stock_status":"instock","restock_status":false,"low_stock_amount":1,"sales_update_date":"2026-04-30T00:16:24","calc_backorders":null,"jetpack_publicize_connections":[],"jetpack_sharing_enabled":true,"batches":[],"_links":{"self":[{"href":"https:\/\/petworld.ma\/index.php\/wp-json\/wp\/v2\/product\/10122","targetHints":{"allow":["GET"]}}],"collection":[{"href":"https:\/\/petworld.ma\/index.php\/wp-json\/wp\/v2\/product"}],"about":[{"href":"https:\/\/petworld.ma\/index.php\/wp-json\/wp\/v2\/types\/product"}],"wp:featuredmedia":[{"embeddable":true,"href":"https:\/\/petworld.ma\/index.php\/wp-json\/wp\/v2\/media\/10123"}],"wp:attachment":[{"href":"https:\/\/petworld.ma\/index.php\/wp-json\/wp\/v2\/media?parent=10122"}],"wp:term":[{"taxonomy":"product_brand","embeddable":true,"href":"https:\/\/petworld.ma\/index.php\/wp-json\/wp\/v2\/product_brand?post=10122"},{"taxonomy":"product_cat","embeddable":true,"href":"https:\/\/petworld.ma\/index.php\/wp-json\/wp\/v2\/product_cat?post=10122"},{"taxonomy":"product_tag","embeddable":true,"href":"https:\/\/petworld.ma\/index.php\/wp-json\/wp\/v2\/product_tag?post=10122"}],"curies":[{"name":"wp","href":"https:\/\/api.w.org\/{rel}","templated":true}]}}