{"id":10148,"date":"2024-07-19T10:47:08","date_gmt":"2024-07-19T10:47:08","guid":{"rendered":"https:\/\/petworld.ma\/?post_type=product&#038;p=10148"},"modified":"2026-04-09T12:26:41","modified_gmt":"2026-04-09T12:26:41","slug":"carnilove-dog-pate-carp-with-black-carrot-cape-300g","status":"publish","type":"product","link":"https:\/\/petworld.ma\/index.php\/produit\/carnilove-dog-pate-carp-with-black-carrot-cape-300g\/","title":{"rendered":"Carnilove Dog Pat\u00e9 Carp with Black Carrot (Cape) 300g"},"content":{"rendered":"<div class=\"order-2 order-lg-1\">\n<p><img decoding=\"async\" class=\"benefits_icon\" src=\"https:\/\/carnilove.com\/assets\/front\/images\/grain-free-potato-free.png\" width=\"101\" height=\"100\" \/> SACHET FRA\u00ceCHEUR AVEC DES MORCEAUX DE VIANDE ET D\u2019ORGANES D\u2019ANIMAUX EN P\u00c2T\u00c9. UN ALIMENT COMPLET OU UN ACCOMPAGNEMENT SAVOUREUX POUR LES CROQUETTES. DES TYPES DE VIANDE UNIQUES. SANS C\u00c9R\u00c9ALES, SANS POMMES DE TERRE, SANS OGM, SANS SOJA, SANS CONSERVATEURS, SANS COLORANTS. TENEUR \u00c9LEV\u00c9E EN VIANDE DE 85 %.<\/p>\n<\/div>\n<div class=\"order-1 order-lg-1\">\n<div class=\"productDetail__intro\">La carpe, tr\u00e8s nourrissante et facile \u00e0 dig\u00e9rer, a un effet positif sur la condition physique g\u00e9n\u00e9rale. Sa teneur \u00e9lev\u00e9e en acides gras om\u00e9ga-3 renforce la sant\u00e9 de la peau, du c\u0153ur et des articulations. La carotte noire r\u00e9duit le taux de cholest\u00e9rol dans le sang et prot\u00e8ge ainsi le c\u0153ur et le syst\u00e8me circulatoire. Riche en antioxydants, elle renforce \u00e9galement l\u2019immunit\u00e9, la peau et la vision.<\/div>\n<\/div>\n<div><\/div>\n<div>\n<h2>COMPOSITION<\/h2>\n<p>85 % viande et organes (59 % dindon, 26 % carpe), 4 % carotte noire, 1 % farine de pois, 1% lignocellulose, 1 % huile de lin.<\/p>\n<h2>ADDITIFS NUTRITIONNELS POUR 1 KG<\/h2>\n<p>vitamine D3 (3a671) 200 unit\u00e9s, vitamine E (3a700) 100 mg, biotine (3a880) 0,5 mg, zinc (3b606) 12 mg, mangan\u00e8se (3b504) 3 mg, fer (3b106) 10 mg, cuivre (3b406) 4 mg, iode (3b201) 0,7 mg, taurine (3a370) 800 mg. Additifs technologiques par kg: gomme de caroube (E 410) 4,000 mg. Contient des antioxydants naturels.<\/p>\n<h2>COMPOSANT ANALYTIQUES POUR 1 KG<\/h2>\n<p>prot\u00e9ine brute 8,5 %, teneur en mati\u00e8res grasses 7,0\u00a0%, cellulose brute 0,2 %, cendres brutes 2,5\u00a0%, humidit\u00e9 78,0\u00a0%, calcium 0,2\u00a0%, phosphore 0,2\u00a0%, sodium 0,35\u00a0%, om\u00e9ga-3 0,2 %<\/p>\n<h2>\u00c9NERGIE M\u00c9TABOLISABLE<\/h2>\n<p>1 100 kcal\/kg<\/p>\n<h2>CONDITIONNEMENT<\/h2>\n<p>0.3 kg<\/p>\n<\/div>\n","protected":false},"excerpt":{"rendered":"<div class=\"order-2 order-lg-1\">\n<div class=\"order-2 order-lg-1\">\n<p class=\"benefits__content\">SACHET FRA\u00ceCHEUR AVEC DES MORCEAUX DE VIANDE ET D\u2019ORGANES D\u2019ANIMAUX EN P\u00c2T\u00c9. UN ALIMENT COMPLET OU UN ACCOMPAGNEMENT SAVOUREUX POUR LES CROQUETTES. DES TYPES DE VIANDE UNIQUES. SANS C\u00c9R\u00c9ALES, SANS POMMES DE TERRE, SANS OGM, SANS SOJA, SANS CONSERVATEURS, SANS COLORANTS. TENEUR \u00c9LEV\u00c9E EN VIANDE DE 85 %.<\/p>\n<\/div>\n<\/div>\n","protected":false},"featured_media":10150,"template":"","meta":{"jetpack_publicize_message":"","jetpack_publicize_feature_enabled":true,"jetpack_social_post_already_shared":true,"jetpack_social_options":{"image_generator_settings":{"template":"highway","default_image_id":0,"font":"","enabled":false},"version":2}},"product_brand":[],"product_cat":[26,39],"product_tag":[],"class_list":{"0":"post-10148","1":"product","2":"type-product","3":"status-publish","4":"has-post-thumbnail","6":"product_cat-croquettes","7":"product_cat-friandises-et-pates-pour-chien","9":"first","10":"instock","11":"taxable","12":"shipping-taxable","13":"purchasable","14":"product-type-simple"},"supplier_id":7839,"supplier_sku":"","barcode":null,"atum_controlled":true,"out_stock_date":null,"out_stock_threshold":null,"inheritable":false,"inbound_stock":0,"stock_on_hold":0,"sold_today":0,"sales_last_days":0,"reserved_stock":0,"customer_returns":0,"warehouse_damage":0,"lost_in_post":0,"other_logs":0,"out_stock_days":0,"lost_sales":0,"has_location":false,"update_date":"2026-05-11T00:22:13","atum_locations":[],"atum_stock_status":"instock","restock_status":false,"low_stock_amount":10,"sales_update_date":"2026-05-11T00:22:13","calc_backorders":null,"jetpack_publicize_connections":[],"jetpack_sharing_enabled":true,"batches":[{"id":"2035","date_created":"2025-02-16 19:09:23","date_expiry":"2026-03-22 00:00:00","user_id":"2461","batch_number":"Carnilove Dog Pat\u00e9 Carp220326","location":"","quantity":"10.0000","quantity_available":"0.0000","units":"1","status":"archived","order_ids":"[18208,35079]","supplier":"Carnilove","po":{"id":"2005","date_created":"2025-02-16 19:09:26","batch_id":"2035","po_number":"","supplier":"Carnilove","cost":null,"regular_price":null,"sale_price":null,"price_margin":null,"price_discount":null}},{"id":"3153","date_created":"2025-04-24 21:02:20","date_expiry":"2025-12-13 00:00:00","user_id":"2461","batch_number":"Carnilove Dog Pat\u00e9 Carp131225","location":"","quantity":"12.0000","quantity_available":"0.0000","units":"1","status":"archived","order_ids":"[22951,23800,25616,29919]","supplier":"Carnilove","po":{"id":"3121","date_created":"2025-04-24 21:02:21","batch_id":"3153","po_number":"","supplier":"Carnilove","cost":null,"regular_price":null,"sale_price":null,"price_margin":null,"price_discount":null}},{"id":"8247","date_created":"2026-03-14 10:06:13","date_expiry":"2027-10-31 00:00:00","user_id":"2461","batch_number":"Carnilove Dog Pat\u00e9 Carp311027","location":"","quantity":"12.0000","quantity_available":"1.0000","units":"1","status":"active","order_ids":"[38156,39231]","supplier":"Carnilove","po":{"id":"8173","date_created":"2026-03-14 10:06:13","batch_id":"8247","po_number":"","supplier":"Carnilove","cost":null,"regular_price":null,"sale_price":null,"price_margin":null,"price_discount":null}}],"_links":{"self":[{"href":"https:\/\/petworld.ma\/index.php\/wp-json\/wp\/v2\/product\/10148","targetHints":{"allow":["GET"]}}],"collection":[{"href":"https:\/\/petworld.ma\/index.php\/wp-json\/wp\/v2\/product"}],"about":[{"href":"https:\/\/petworld.ma\/index.php\/wp-json\/wp\/v2\/types\/product"}],"wp:featuredmedia":[{"embeddable":true,"href":"https:\/\/petworld.ma\/index.php\/wp-json\/wp\/v2\/media\/10150"}],"wp:attachment":[{"href":"https:\/\/petworld.ma\/index.php\/wp-json\/wp\/v2\/media?parent=10148"}],"wp:term":[{"taxonomy":"product_brand","embeddable":true,"href":"https:\/\/petworld.ma\/index.php\/wp-json\/wp\/v2\/product_brand?post=10148"},{"taxonomy":"product_cat","embeddable":true,"href":"https:\/\/petworld.ma\/index.php\/wp-json\/wp\/v2\/product_cat?post=10148"},{"taxonomy":"product_tag","embeddable":true,"href":"https:\/\/petworld.ma\/index.php\/wp-json\/wp\/v2\/product_tag?post=10148"}],"curies":[{"name":"wp","href":"https:\/\/api.w.org\/{rel}","templated":true}]}}