{"id":10151,"date":"2024-07-19T10:53:31","date_gmt":"2024-07-19T10:53:31","guid":{"rendered":"https:\/\/petworld.ma\/?post_type=product&#038;p=10151"},"modified":"2026-03-12T16:29:45","modified_gmt":"2026-03-12T16:29:45","slug":"carnilove-dog-meat-jerky-lamb-with-salmon-fillet-agneau-avec-saumon-100g","status":"publish","type":"product","link":"https:\/\/petworld.ma\/index.php\/produit\/carnilove-dog-meat-jerky-lamb-with-salmon-fillet-agneau-avec-saumon-100g\/","title":{"rendered":"Carnilove Dog Meat Jerky Snack Lamb with Salmon Fillet (Agneau avec Saumon) 100g"},"content":{"rendered":"<div class=\"order-2 order-lg-1\">\n<div class=\"mb-1\">\n<div class=\"heading\">\n<p class=\"heading__subtitle productDetail__subtitle\">FRIANDISE \u00c0 BASE DE VIANDE S\u00c9CH\u00c9E \u2013 FILETS D\u2019AGNEAU ET SAUMON<\/p>\n<\/div>\n<\/div>\n<div class=\"d-flex flex-column mb-6\">\n<div class=\"order-2 order-lg-1\"><span style=\"color: #555555;font-size: 14.4px\">Aliment compl\u00e9mentaire pour chiens adultes.<\/span><\/div>\n<div class=\"order-1 order-lg-1\">\n<div class=\"productDetail__intro\">\n<ul>\n<li>90 % de viande<\/li>\n<li>Go\u00fbt irr\u00e9sistible<\/li>\n<li>Uniquement antioxydants naturels<\/li>\n<li>Sans c\u00e9r\u00e9ales \u2013 Sans colorants \u2013 Sans sucre \u2013 Sans OGM \u2013 Fabriqu\u00e9 en UE<\/li>\n<\/ul>\n<h2>COMPOSITION<\/h2>\n<p>dinde (30\u00a0%), poulet (30\u00a0%), agneau (26\u00a0%), saumon (4\u00a0%), glyc\u00e9rine d\u2019origine v\u00e9g\u00e9tale, argousier (1\u00a0%), chlorure de sodium.<\/p>\n<h2>ADDITIFS NUTRITIONNELS POUR 1 KG<\/h2>\n<p>Contient des antioxydants naturels: extrait de romarin et extraits riches en tocoph\u00e9rols tir\u00e9s d\u2019huiles v\u00e9g\u00e9tales (1b306(i)).<\/p>\n<h2>COMPOSANT ANALYTIQUES POUR 1 KG<\/h2>\n<p>prot\u00e9ine brute 29,0 %, mati\u00e8res grasses brutes 25,0 %, humidit\u00e9 18,0 %, cendres brutes 8,0 %, cellulose brute 2,0 %.<\/p>\n<\/div>\n<\/div>\n<\/div>\n<\/div>\n","protected":false},"excerpt":{"rendered":"<div class=\"order-2 order-lg-1\">\n<div class=\"order-2 order-lg-1\">\n<div class=\"mb-1\">\n<div class=\"heading\">\n<p class=\"heading__subtitle productDetail__subtitle\">FRIANDISE \u00c0 BASE DE VIANDE S\u00c9CH\u00c9E \u2013 FILETS D\u2019AGNEAU ET SAUMON<\/p>\n<\/div>\n<\/div>\n<\/div>\n<\/div>\n","protected":false},"featured_media":10153,"template":"","meta":{"jetpack_publicize_message":"","jetpack_publicize_feature_enabled":true,"jetpack_social_post_already_shared":true,"jetpack_social_options":{"image_generator_settings":{"template":"highway","default_image_id":0,"font":"","enabled":false},"version":2}},"product_brand":[],"product_cat":[26,39],"product_tag":[],"class_list":{"0":"post-10151","1":"product","2":"type-product","3":"status-publish","4":"has-post-thumbnail","6":"product_cat-croquettes","7":"product_cat-friandises-et-pates-pour-chien","9":"first","10":"outofstock","11":"taxable","12":"shipping-taxable","13":"purchasable","14":"product-type-simple"},"supplier_id":7839,"supplier_sku":"","barcode":null,"atum_controlled":true,"out_stock_date":"2026-03-12 16:29:45","out_stock_threshold":null,"inheritable":false,"inbound_stock":0,"stock_on_hold":0,"sold_today":0,"sales_last_days":0,"reserved_stock":0,"customer_returns":0,"warehouse_damage":0,"lost_in_post":0,"other_logs":0,"out_stock_days":61,"lost_sales":0,"has_location":false,"update_date":"2026-05-13T00:21:36","atum_locations":[],"atum_stock_status":"outofstock","restock_status":false,"low_stock_amount":10,"sales_update_date":"2026-05-13T00:21:36","calc_backorders":null,"jetpack_publicize_connections":[],"jetpack_sharing_enabled":true,"batches":[{"id":"817","date_created":"2024-11-13 14:25:01","date_expiry":"2025-10-16 00:00:00","user_id":"2461","batch_number":"CLJerkyLamb&Salmon161025","location":"","quantity":"11.0000","quantity_available":"0.0000","units":"1","status":"archived","order_ids":"[14332,14670,14775,16842,18224]","supplier":"Carnilove","po":{"id":"794","date_created":"2024-11-13 14:25:02","batch_id":"817","po_number":"","supplier":"Carnilove","cost":null,"regular_price":null,"sale_price":null,"price_margin":null,"price_discount":null}}],"_links":{"self":[{"href":"https:\/\/petworld.ma\/index.php\/wp-json\/wp\/v2\/product\/10151","targetHints":{"allow":["GET"]}}],"collection":[{"href":"https:\/\/petworld.ma\/index.php\/wp-json\/wp\/v2\/product"}],"about":[{"href":"https:\/\/petworld.ma\/index.php\/wp-json\/wp\/v2\/types\/product"}],"wp:featuredmedia":[{"embeddable":true,"href":"https:\/\/petworld.ma\/index.php\/wp-json\/wp\/v2\/media\/10153"}],"wp:attachment":[{"href":"https:\/\/petworld.ma\/index.php\/wp-json\/wp\/v2\/media?parent=10151"}],"wp:term":[{"taxonomy":"product_brand","embeddable":true,"href":"https:\/\/petworld.ma\/index.php\/wp-json\/wp\/v2\/product_brand?post=10151"},{"taxonomy":"product_cat","embeddable":true,"href":"https:\/\/petworld.ma\/index.php\/wp-json\/wp\/v2\/product_cat?post=10151"},{"taxonomy":"product_tag","embeddable":true,"href":"https:\/\/petworld.ma\/index.php\/wp-json\/wp\/v2\/product_tag?post=10151"}],"curies":[{"name":"wp","href":"https:\/\/api.w.org\/{rel}","templated":true}]}}