{"id":10154,"date":"2024-07-19T11:02:41","date_gmt":"2024-07-19T11:02:41","guid":{"rendered":"https:\/\/petworld.ma\/?post_type=product&#038;p=10154"},"modified":"2026-03-12T16:29:42","modified_gmt":"2026-03-12T16:29:42","slug":"carnilove-dog-meat-jerky-snack-beef-beef-muscle-fillet-boeuf-100g","status":"publish","type":"product","link":"https:\/\/petworld.ma\/index.php\/produit\/carnilove-dog-meat-jerky-snack-beef-beef-muscle-fillet-boeuf-100g\/","title":{"rendered":"Carnilove Dog Meat Jerky Snack Beef And Beef Muscle Fillet (Boeuf) 100g"},"content":{"rendered":"<div class=\"order-2 order-lg-1\">\n<div class=\"mb-1\">\n<div class=\"heading\">\n<div class=\"mb-1\">\n<div class=\"heading\">\n<p class=\"heading__subtitle productDetail__subtitle\">FRIANDISE \u00c0 BASE DE VIANDE S\u00c9CH\u00c9E \u2013 FILETS DE B\u0152UF<\/p>\n<\/div>\n<\/div>\n<div class=\"d-flex flex-column mb-6\">\n<div class=\"order-2 order-lg-1\"><span style=\"color: #555555;font-size: 14.4px\">Aliment compl\u00e9mentaire pour chiens adultes.<\/span><\/div>\n<div class=\"order-1 order-lg-1\">\n<div class=\"productDetail__intro\">\n<ul>\n<li>90 % de viande<\/li>\n<li>Go\u00fbt irr\u00e9sistible<\/li>\n<li>Uniquement antioxydants naturels<\/li>\n<li>Sans c\u00e9r\u00e9ales \u2013 Sans colorants \u2013 Sans sucre \u2013 Sans OGM \u2013 Fabriqu\u00e9 en UE<\/li>\n<\/ul>\n<\/div>\n<\/div>\n<\/div>\n<\/div>\n<\/div>\n<div class=\"d-flex flex-column mb-6\">\n<div class=\"order-1 order-lg-1\">\n<div class=\"productDetail__intro\">\n<h2>COMPOSITION<\/h2>\n<p>dinde (40\u00a0%), muscles de b\u0153uf (26\u00a0%), poulet (24\u00a0%), glyc\u00e9rine d\u2019origine v\u00e9g\u00e9tale, chlorure de sodium.<\/p>\n<h2>ADDITIFS NUTRITIONNELS POUR 1 KG<\/h2>\n<p>Contient des antioxydants naturels: extrait de romarin et extraits riches en tocoph\u00e9rols tir\u00e9s d\u2019huiles v\u00e9g\u00e9tales (1b306(i)).<\/p>\n<h2>COMPOSANT ANALYTIQUES POUR 1 KG<\/h2>\n<p>prot\u00e9ine brute 31,0 %, mati\u00e8res grasses brutes 27,0 %, humidit\u00e9 18,0 %, cendres brutes 5,0 %, cellulose brute 2,0 %.<\/p>\n<\/div>\n<\/div>\n<\/div>\n<\/div>\n","protected":false},"excerpt":{"rendered":"<div class=\"order-2 order-lg-1\">\n<div class=\"order-2 order-lg-1\">\n<div class=\"mb-1\">\n<div class=\"heading\">\n<div class=\"mb-1\">\n<div class=\"heading\">\n<p class=\"heading__subtitle productDetail__subtitle\">FRIANDISE \u00c0 BASE DE VIANDE S\u00c9CH\u00c9E \u2013 FILETS DE B\u0152UF<\/p>\n<\/div>\n<\/div>\n<\/div>\n<\/div>\n<\/div>\n<\/div>\n","protected":false},"featured_media":10155,"template":"","meta":{"jetpack_publicize_message":"","jetpack_publicize_feature_enabled":true,"jetpack_social_post_already_shared":true,"jetpack_social_options":{"image_generator_settings":{"template":"highway","default_image_id":0,"font":"","enabled":false},"version":2}},"product_brand":[],"product_cat":[26,39],"product_tag":[],"class_list":{"0":"post-10154","1":"product","2":"type-product","3":"status-publish","4":"has-post-thumbnail","6":"product_cat-croquettes","7":"product_cat-friandises-et-pates-pour-chien","9":"first","10":"outofstock","11":"sale","12":"taxable","13":"shipping-taxable","14":"purchasable","15":"product-type-simple"},"supplier_id":7839,"supplier_sku":"","barcode":null,"atum_controlled":true,"out_stock_date":"2026-03-12 16:29:41","out_stock_threshold":null,"inheritable":false,"inbound_stock":0,"stock_on_hold":0,"sold_today":0,"sales_last_days":0,"reserved_stock":0,"customer_returns":0,"warehouse_damage":0,"lost_in_post":0,"other_logs":0,"out_stock_days":57,"lost_sales":0,"has_location":false,"update_date":"2026-05-09T00:19:49","atum_locations":[],"atum_stock_status":"outofstock","restock_status":false,"low_stock_amount":10,"sales_update_date":"2026-05-09T00:19:49","calc_backorders":null,"jetpack_publicize_connections":[],"jetpack_sharing_enabled":true,"batches":[{"id":"816","date_created":"2024-11-13 13:48:38","date_expiry":"2025-10-18 00:00:00","user_id":"2461","batch_number":"CL Jerky beef&beef181025","location":"","quantity":"4.0000","quantity_available":"0.0000","units":"1","status":"archived","order_ids":"[14648,16334,17114,17190]","supplier":"Carnilove","po":{"id":"793","date_created":"2024-11-13 13:48:39","batch_id":"816","po_number":"","supplier":"Carnilove","cost":null,"regular_price":null,"sale_price":null,"price_margin":null,"price_discount":null}},{"id":"1193","date_created":"2024-12-13 09:17:03","date_expiry":"2026-04-07 00:00:00","user_id":"2461","batch_number":"CL Jerky beef&beef070426","location":"","quantity":"24.0000","quantity_available":"0.0000","units":"1","status":"archived","order_ids":"[28743,29080,29259,30145,30725,31899,32015,33768,34761,35035,36310,36987]","supplier":"Carnilove","po":{"id":"1165","date_created":"2024-12-13 09:17:03","batch_id":"1193","po_number":"","supplier":"Carnilove","cost":null,"regular_price":null,"sale_price":null,"price_margin":null,"price_discount":null}},{"id":"1273","date_created":"2024-12-18 16:25:16","date_expiry":"2026-04-07 00:00:00","user_id":"2461","batch_number":"CL Jerky beef&beef070426","location":"","quantity":"12.0000","quantity_available":"0.0000","units":"1","status":"archived","order_ids":"[17887,18224,21301,22656,23571,24760,25388,27168,27467,27723]","supplier":"Carnilove","po":{"id":"1246","date_created":"2024-12-18 16:25:19","batch_id":"1273","po_number":"","supplier":"Carnilove","cost":null,"regular_price":null,"sale_price":null,"price_margin":null,"price_discount":null}}],"_links":{"self":[{"href":"https:\/\/petworld.ma\/index.php\/wp-json\/wp\/v2\/product\/10154","targetHints":{"allow":["GET"]}}],"collection":[{"href":"https:\/\/petworld.ma\/index.php\/wp-json\/wp\/v2\/product"}],"about":[{"href":"https:\/\/petworld.ma\/index.php\/wp-json\/wp\/v2\/types\/product"}],"wp:featuredmedia":[{"embeddable":true,"href":"https:\/\/petworld.ma\/index.php\/wp-json\/wp\/v2\/media\/10155"}],"wp:attachment":[{"href":"https:\/\/petworld.ma\/index.php\/wp-json\/wp\/v2\/media?parent=10154"}],"wp:term":[{"taxonomy":"product_brand","embeddable":true,"href":"https:\/\/petworld.ma\/index.php\/wp-json\/wp\/v2\/product_brand?post=10154"},{"taxonomy":"product_cat","embeddable":true,"href":"https:\/\/petworld.ma\/index.php\/wp-json\/wp\/v2\/product_cat?post=10154"},{"taxonomy":"product_tag","embeddable":true,"href":"https:\/\/petworld.ma\/index.php\/wp-json\/wp\/v2\/product_tag?post=10154"}],"curies":[{"name":"wp","href":"https:\/\/api.w.org\/{rel}","templated":true}]}}