{"id":10157,"date":"2024-07-19T11:15:29","date_gmt":"2024-07-19T11:15:29","guid":{"rendered":"https:\/\/petworld.ma\/?post_type=product&#038;p=10157"},"modified":"2026-04-07T19:00:05","modified_gmt":"2026-04-07T19:00:05","slug":"carnilove-dog-snack-duck-enriched-with-rosemary-canard-200g","status":"publish","type":"product","link":"https:\/\/petworld.ma\/index.php\/produit\/carnilove-dog-snack-duck-enriched-with-rosemary-canard-200g\/","title":{"rendered":"Carnilove Dog Snack Duck enriched with Rosemary (Canard) 200g"},"content":{"rendered":"<div class=\"order-2 order-lg-1\">\n<div class=\"mb-1\">\n<div class=\"heading\">\n<p class=\"heading__subtitle productDetail__subtitle\"><img decoding=\"async\" class=\"benefits_icon\" src=\"https:\/\/carnilove.com\/assets\/front\/images\/grain-free-potato-free.png\" width=\"87\" height=\"86\" \/> UNE VIANDE AU GO\u00dbT EXOTIQUE ! UNE D\u00c9LICIEUSE FRIANDISE MOELLEUSE CONVENANT \u00c0 TOUS LES CHIENS. AVEC DU ROMARIN POUR LA SANT\u00c9 BUCCO-DENTAIRE.<\/p>\n<h2>COMPOSITION<\/h2>\n<p>35 % canard s\u00e9ch\u00e9, pois jaunes, amidon v\u00e9g\u00e9tal liquide, sauce \u00e0 base de canard, sauce \u00e0 base de foie de volaille, collag\u00e8ne, 1 % romarin, huile de saumon.<\/p>\n<h2>COMPOSANT ANALYTIQUES POUR 1 KG<\/h2>\n<p>prot\u00e9ine brute 32,0 %, teneur en mati\u00e8res grasses 6,0 %, humidit\u00e9 17,0 %, cendres brutes 7,0 %, cellulose brute 1,0 %, calcium 1,2 %, phosphore 1,0 %, acides gras Om\u00e9ga-3 0,1 %, acides gras Om\u00e9ga-6 0,6 %. Contient des conservateurs naturels : acide citrique, acide DL-malique.<\/p>\n<h2>\u00c9NERGIE M\u00c9TABOLISABLE<\/h2>\n<p>3 200 kcal\/kg<\/p>\n<\/div>\n<\/div>\n<\/div>\n","protected":false},"excerpt":{"rendered":"<div class=\"order-2 order-lg-1\">\n<div class=\"order-2 order-lg-1\">\n<div class=\"mb-1\">\n<div class=\"heading\">\n<div class=\"mb-1\">\n<div class=\"heading\">\n<p class=\"heading__subtitle productDetail__subtitle\">GRAIN FREE \u2013 EXOTIC MEAT FLAVOUR \u2013 NO ARTIFICIAL COLORANTS<\/p>\n<\/div>\n<\/div>\n<div class=\"d-flex flex-column mb-6\">\n<div class=\"order-2 order-lg-1\"><span style=\"color: #555555;font-size: 14.4px\">UNE VIANDE AU GO\u00dbT EXOTIQUE ! UNE D\u00c9LICIEUSE FRIANDISE MOELLEUSE CONVENANT \u00c0 TOUS LES CHIENS. AVEC DU ROMARIN POUR LA SANT\u00c9 BUCCO-DENTAIRE.<\/span><\/div>\n<\/div>\n<\/div>\n<\/div>\n<\/div>\n<\/div>\n","protected":false},"featured_media":10159,"template":"","meta":{"jetpack_publicize_message":"","jetpack_publicize_feature_enabled":true,"jetpack_social_post_already_shared":true,"jetpack_social_options":{"image_generator_settings":{"template":"highway","default_image_id":0,"font":"","enabled":false},"version":2}},"product_brand":[],"product_cat":[26,39],"product_tag":[],"class_list":{"0":"post-10157","1":"product","2":"type-product","3":"status-publish","4":"has-post-thumbnail","6":"product_cat-croquettes","7":"product_cat-friandises-et-pates-pour-chien","9":"first","10":"outofstock","11":"taxable","12":"shipping-taxable","13":"purchasable","14":"product-type-simple"},"supplier_id":7839,"supplier_sku":"","barcode":null,"atum_controlled":true,"out_stock_date":"2026-04-07 19:00:05","out_stock_threshold":null,"inheritable":false,"inbound_stock":0,"stock_on_hold":0,"sold_today":0,"sales_last_days":0,"reserved_stock":0,"customer_returns":0,"warehouse_damage":0,"lost_in_post":0,"other_logs":0,"out_stock_days":31,"lost_sales":651,"has_location":false,"update_date":"2026-05-09T00:18:07","atum_locations":[],"atum_stock_status":"outofstock","restock_status":false,"low_stock_amount":10,"sales_update_date":"2026-05-09T00:18:07","calc_backorders":null,"jetpack_publicize_connections":[],"jetpack_sharing_enabled":true,"batches":[{"id":"598","date_created":"2024-10-10 10:26:52","date_expiry":"2025-09-28 00:00:00","user_id":"2461","batch_number":"CLSnackDuckD280925","location":"","quantity":"20.0000","quantity_available":"0.0000","units":"1","status":"archived","order_ids":"[13067,14454,15135,15866,16842,17064,17893,18978,19441,21183,21296,21908,22526,23664,26217,26389,26590]","supplier":"Carnilove","po":{"id":"581","date_created":"2024-10-10 10:26:53","batch_id":"598","po_number":"","supplier":"Carnilove","cost":null,"regular_price":null,"sale_price":null,"price_margin":null,"price_discount":null}},{"id":"8249","date_created":"2026-03-14 10:19:25","date_expiry":"2027-07-07 00:00:00","user_id":"2461","batch_number":"CLSnackDuckD070727","location":"","quantity":"10.0000","quantity_available":"0.0000","units":"1","status":"archived","order_ids":"[38205,38393,39150]","supplier":"Carnilove","po":{"id":"8175","date_created":"2026-03-14 10:19:25","batch_id":"8249","po_number":"","supplier":"Carnilove","cost":null,"regular_price":null,"sale_price":null,"price_margin":null,"price_discount":null}}],"_links":{"self":[{"href":"https:\/\/petworld.ma\/index.php\/wp-json\/wp\/v2\/product\/10157","targetHints":{"allow":["GET"]}}],"collection":[{"href":"https:\/\/petworld.ma\/index.php\/wp-json\/wp\/v2\/product"}],"about":[{"href":"https:\/\/petworld.ma\/index.php\/wp-json\/wp\/v2\/types\/product"}],"wp:featuredmedia":[{"embeddable":true,"href":"https:\/\/petworld.ma\/index.php\/wp-json\/wp\/v2\/media\/10159"}],"wp:attachment":[{"href":"https:\/\/petworld.ma\/index.php\/wp-json\/wp\/v2\/media?parent=10157"}],"wp:term":[{"taxonomy":"product_brand","embeddable":true,"href":"https:\/\/petworld.ma\/index.php\/wp-json\/wp\/v2\/product_brand?post=10157"},{"taxonomy":"product_cat","embeddable":true,"href":"https:\/\/petworld.ma\/index.php\/wp-json\/wp\/v2\/product_cat?post=10157"},{"taxonomy":"product_tag","embeddable":true,"href":"https:\/\/petworld.ma\/index.php\/wp-json\/wp\/v2\/product_tag?post=10157"}],"curies":[{"name":"wp","href":"https:\/\/api.w.org\/{rel}","templated":true}]}}