{"id":10175,"date":"2024-07-19T14:28:45","date_gmt":"2024-07-19T14:28:45","guid":{"rendered":"https:\/\/petworld.ma\/?post_type=product&#038;p=10175"},"modified":"2026-03-24T14:14:19","modified_gmt":"2026-03-24T14:14:19","slug":"brosse-a-vapeur-electrique-pour-chat-et-chien","status":"publish","type":"product","link":"https:\/\/petworld.ma\/index.php\/produit\/brosse-a-vapeur-electrique-pour-chat-et-chien\/","title":{"rendered":"Brosse \u00e0 Vapeur Electrique pour Chat et Chien"},"content":{"rendered":"<p>La brosse vapeur 3 en 1 pour chat et chien \u00e9limine efficacement les poils tomenteux, tout en diffusant des huiles essentielles pour une fourrure lustr\u00e9e et une maison sans poils.<\/p>\n<ol>\n<li>Efficacit\u00e9 de brossage<\/li>\n<li>Facilit\u00e9 d&rsquo;utilisation<\/li>\n<li>Praticit\u00e9 du m\u00e9canisme de nettoyage<\/li>\n<li>Confort pour l&rsquo;animal<\/li>\n<li>Polyvalence sur diff\u00e9rents types d&rsquo;animaux<\/li>\n<li>Possibilit\u00e9 de rajouter des huiles essentielles<\/li>\n<\/ol>\n<div style=\"width: 1020px;\" class=\"wp-video\"><video class=\"wp-video-shortcode\" id=\"video-10175-1\" width=\"1020\" height=\"1020\" preload=\"metadata\" controls=\"controls\"><source type=\"video\/mp4\" src=\"https:\/\/petworld.ma\/wp-content\/uploads\/2024\/07\/77a58574-a44c-4429-93c9-8becc6cd67ff-hd.mp4?_=1\" \/><a href=\"https:\/\/petworld.ma\/wp-content\/uploads\/2024\/07\/77a58574-a44c-4429-93c9-8becc6cd67ff-hd.mp4\">https:\/\/petworld.ma\/wp-content\/uploads\/2024\/07\/77a58574-a44c-4429-93c9-8becc6cd67ff-hd.mp4<\/a><\/video><\/div>\n","protected":false},"excerpt":{"rendered":"<p>La brosse vapeur 3 en 1 pour chat et chien \u00e9limine efficacement les poils tomenteux, tout en diffusant des huiles essentielles pour une fourrure lustr\u00e9e et une maison sans poils. Efficacit\u00e9 de brossage Facilit\u00e9 d&rsquo;utilisation Praticit\u00e9 du m\u00e9canisme de nettoyage Confort pour l&rsquo;animal Polyvalence sur diff\u00e9rents types d&rsquo;animaux Possibilit\u00e9 de rajouter des huiles essentielles<\/p>\n","protected":false},"featured_media":10181,"template":"","meta":{"jetpack_publicize_message":"","jetpack_publicize_feature_enabled":true,"jetpack_social_post_already_shared":true,"jetpack_social_options":{"image_generator_settings":{"template":"highway","default_image_id":0,"font":"","enabled":false},"version":2}},"product_brand":[],"product_cat":[222,223],"product_tag":[],"class_list":{"0":"post-10175","1":"product","2":"type-product","3":"status-publish","4":"has-post-thumbnail","6":"product_cat-brosses-coupe-griffes","7":"product_cat-brosses-coupe-griffes-hygiene-et-soins","9":"first","10":"instock","11":"sale","12":"taxable","13":"shipping-taxable","14":"purchasable","15":"product-type-simple"},"supplier_id":5592,"supplier_sku":"","barcode":null,"atum_controlled":true,"out_stock_date":null,"out_stock_threshold":null,"inheritable":false,"inbound_stock":0,"stock_on_hold":0,"sold_today":0,"sales_last_days":0,"reserved_stock":0,"customer_returns":0,"warehouse_damage":0,"lost_in_post":0,"other_logs":0,"out_stock_days":0,"lost_sales":0,"has_location":false,"update_date":"2026-04-22T09:59:56","atum_locations":[],"atum_stock_status":"instock","restock_status":false,"low_stock_amount":5,"sales_update_date":"2026-04-22T09:59:56","calc_backorders":null,"jetpack_publicize_connections":[],"jetpack_sharing_enabled":true,"batches":[],"_links":{"self":[{"href":"https:\/\/petworld.ma\/index.php\/wp-json\/wp\/v2\/product\/10175","targetHints":{"allow":["GET"]}}],"collection":[{"href":"https:\/\/petworld.ma\/index.php\/wp-json\/wp\/v2\/product"}],"about":[{"href":"https:\/\/petworld.ma\/index.php\/wp-json\/wp\/v2\/types\/product"}],"wp:featuredmedia":[{"embeddable":true,"href":"https:\/\/petworld.ma\/index.php\/wp-json\/wp\/v2\/media\/10181"}],"wp:attachment":[{"href":"https:\/\/petworld.ma\/index.php\/wp-json\/wp\/v2\/media?parent=10175"}],"wp:term":[{"taxonomy":"product_brand","embeddable":true,"href":"https:\/\/petworld.ma\/index.php\/wp-json\/wp\/v2\/product_brand?post=10175"},{"taxonomy":"product_cat","embeddable":true,"href":"https:\/\/petworld.ma\/index.php\/wp-json\/wp\/v2\/product_cat?post=10175"},{"taxonomy":"product_tag","embeddable":true,"href":"https:\/\/petworld.ma\/index.php\/wp-json\/wp\/v2\/product_tag?post=10175"}],"curies":[{"name":"wp","href":"https:\/\/api.w.org\/{rel}","templated":true}]}}