{"id":10284,"date":"2024-07-24T14:58:46","date_gmt":"2024-07-24T14:58:46","guid":{"rendered":"https:\/\/petworld.ma\/?post_type=product&#038;p=10284"},"modified":"2026-04-28T13:50:36","modified_gmt":"2026-04-28T13:50:36","slug":"litiere-automatique-et-connectee-avec-application-mobile-wifi","status":"publish","type":"product","link":"https:\/\/petworld.ma\/index.php\/produit\/litiere-automatique-et-connectee-avec-application-mobile-wifi\/","title":{"rendered":"Liti\u00e8re Automatique et Connect\u00e9e avec Application EziClean Robot k8i"},"content":{"rendered":"<p>D\u00e9couvrez la\u00a0<strong>liti\u00e8re automatique et connect\u00e9e avec application<\/strong>, une r\u00e9volution dans le soin des chats. Cette liti\u00e8re automatique\u00a0offre une solution hygi\u00e9nique et facile \u00e0 g\u00e9rer gr\u00e2ce \u00e0 son syst\u00e8me automatis\u00e9 et \u00e0 son application connect\u00e9e, qui vous permet de contr\u00f4ler la liti\u00e8re \u00e0 distance.<\/p>\n<h2>UNE LITI\u00c8RE \u00c9L\u00c9GANTE ET DURABLE<\/h2>\n<p>Con\u00e7ue avec une attention particuli\u00e8re pour le design et la durabilit\u00e9, cette\u00a0<strong>liti\u00e8re automatique<\/strong>\u00a0est fabriqu\u00e9e en plastique r\u00e9sistant de haute qualit\u00e9. Sa couleur blanche et son allure moderne s&rsquo;adaptent parfaitement \u00e0 l&rsquo;esth\u00e9tique de votre maison, tout en assurant la propret\u00e9 et le confort de votre chat.<\/p>\n<div style=\"width: 480px;\" class=\"wp-video\"><video class=\"wp-video-shortcode\" id=\"video-10284-1\" width=\"480\" height=\"848\" preload=\"metadata\" controls=\"controls\"><source type=\"video\/mp4\" src=\"https:\/\/petworld.ma\/wp-content\/uploads\/2024\/07\/Litiere-automatique-connectee.mp4?_=1\" \/><a href=\"https:\/\/petworld.ma\/wp-content\/uploads\/2024\/07\/Litiere-automatique-connectee.mp4\">https:\/\/petworld.ma\/wp-content\/uploads\/2024\/07\/Litiere-automatique-connectee.mp4<\/a><\/video><\/div>\n<h2>UNE GESTION FACILE ET INTELLIGENTE<\/h2>\n<p>L&rsquo;int\u00e9gration d&rsquo;une application connect\u00e9e transforme la gestion de la\u00a0<strong>liti\u00e8re automatique<\/strong>\u00a0de votre chat. Suivez le comportement et les habitudes de toilette de votre f\u00e9lin, recevez des notifications pour le nettoyage, et contr\u00f4lez la liti\u00e8re \u00e0 distance, pour une tranquillit\u00e9 d&rsquo;esprit totale.<\/p>\n<p><img decoding=\"async\" src=\"https:\/\/cdn.shopify.com\/s\/files\/1\/0554\/1796\/2663\/files\/Litiere-Automatique-et-Connectee-avec-Application-Pour-toi-Mon-chat-10388417_480x480.jpg?v=1706049970\" alt=\"\" \/><\/p>\n<h2>HYGI\u00c8NE ET CONFORT<\/h2>\n<p>Cette\u00a0<strong>liti\u00e8re automatique<\/strong>\u00a0et connect\u00e9e est non seulement confortable pour votre chat, mais elle simplifie \u00e9galement votre vie. Le nettoyage automatique et l&rsquo;entretien facile vous permettent de maintenir un environnement propre et sain pour votre animal de compagnie sans effort suppl\u00e9mentaire.<\/p>\n<p><img decoding=\"async\" src=\"https:\/\/cdn.shopify.com\/s\/files\/1\/0554\/1796\/2663\/files\/Litiere-Automatique-et-Connectee-avec-Application-Pour-toi-Mon-chat-10388581_480x480.jpg?v=1706049973\" alt=\"\" \/><\/p>\n<h2><strong>INFORMATIONS SUPPL\u00c9MENTAIRES<\/strong><\/h2>\n<p>Dimensions :\u00a048 x 51,6 x 50,5 cm<\/p>\n<p>Mat\u00e9riau :\u00a0Plastique<\/p>\n<p>Alimentation : C\u00e2ble<\/p>\n<p>Caract\u00e9ristiques : Contr\u00f4lable via application, Ensemble de capteurs, Radar infrarouge, Syst\u00e8me de protection contre les accidents, R\u00e9servoir avec sac poubelle<\/p>\n<p>Contenu : 1 Liti\u00e8re automatique, 1 Adaptateur, 1 Rouleau de sac poubelle, 1 Guide rapide, 1 Manuel d&rsquo;utilisation<\/p>\n<p>Livraison du produit : 8 \u00e0 14 jours ouvr\u00e9s<\/p>\n<h2><strong>LA QUALIT\u00c9 AVANT TOUT<\/strong><\/h2>\n<p>Nous choisissons minutieusement les mat\u00e9riaux pour assurer le bien-\u00eatre de votre animal. Vous ne souhaitez que le confort et le bonheur de votre chat !<\/p>\n<p>&nbsp;<\/p>\n","protected":false},"excerpt":{"rendered":"<p>Liti\u00e8re automatique avec connexion WIFI !!!<\/p>\n","protected":false},"featured_media":33371,"template":"","meta":{"jetpack_publicize_message":"","jetpack_publicize_feature_enabled":true,"jetpack_social_post_already_shared":true,"jetpack_social_options":{"image_generator_settings":{"template":"highway","default_image_id":0,"font":"","enabled":false},"version":2}},"product_brand":[],"product_cat":[187,94],"product_tag":[],"class_list":{"0":"post-10284","1":"product","2":"type-product","3":"status-publish","4":"has-post-thumbnail","6":"product_cat-destockage","7":"product_cat-litieres-et-bacs","9":"first","10":"onbackorder","11":"sale","12":"taxable","13":"shipping-taxable","14":"purchasable","15":"product-type-simple"},"supplier_id":8054,"supplier_sku":"","barcode":null,"atum_controlled":true,"out_stock_date":null,"out_stock_threshold":null,"inheritable":false,"inbound_stock":0,"stock_on_hold":2,"sold_today":1,"sales_last_days":2,"reserved_stock":0,"customer_returns":0,"warehouse_damage":0,"lost_in_post":0,"other_logs":0,"out_stock_days":0,"lost_sales":0,"has_location":false,"update_date":"2026-04-28T13:50:42","atum_locations":[],"atum_stock_status":"onbackorder","restock_status":false,"low_stock_amount":2,"sales_update_date":"2026-04-28T13:50:41","calc_backorders":-9,"jetpack_publicize_connections":[],"jetpack_sharing_enabled":true,"batches":[],"_links":{"self":[{"href":"https:\/\/petworld.ma\/index.php\/wp-json\/wp\/v2\/product\/10284","targetHints":{"allow":["GET"]}}],"collection":[{"href":"https:\/\/petworld.ma\/index.php\/wp-json\/wp\/v2\/product"}],"about":[{"href":"https:\/\/petworld.ma\/index.php\/wp-json\/wp\/v2\/types\/product"}],"wp:featuredmedia":[{"embeddable":true,"href":"https:\/\/petworld.ma\/index.php\/wp-json\/wp\/v2\/media\/33371"}],"wp:attachment":[{"href":"https:\/\/petworld.ma\/index.php\/wp-json\/wp\/v2\/media?parent=10284"}],"wp:term":[{"taxonomy":"product_brand","embeddable":true,"href":"https:\/\/petworld.ma\/index.php\/wp-json\/wp\/v2\/product_brand?post=10284"},{"taxonomy":"product_cat","embeddable":true,"href":"https:\/\/petworld.ma\/index.php\/wp-json\/wp\/v2\/product_cat?post=10284"},{"taxonomy":"product_tag","embeddable":true,"href":"https:\/\/petworld.ma\/index.php\/wp-json\/wp\/v2\/product_tag?post=10284"}],"curies":[{"name":"wp","href":"https:\/\/api.w.org\/{rel}","templated":true}]}}