{"id":10300,"date":"2024-07-25T09:15:18","date_gmt":"2024-07-25T09:15:18","guid":{"rendered":"https:\/\/petworld.ma\/?post_type=product&#038;p=10300"},"modified":"2026-04-25T09:06:15","modified_gmt":"2026-04-25T09:06:15","slug":"mera-goody-snack-dinde-et-riz-pour-chien-600g","status":"publish","type":"product","link":"https:\/\/petworld.ma\/index.php\/produit\/mera-goody-snack-dinde-et-riz-pour-chien-600g\/","title":{"rendered":"Mera Goody Snack Dinde et Riz pour chien 600g"},"content":{"rendered":"<div>Biscuits pour chien extr\u00eamement savoureux et sans gluten. Avec de la dinde digestible comme seule source de prot\u00e9ines animales et du riz facilement digestible pour minimiser le risque d&rsquo;intol\u00e9rances et d&rsquo;allergies alimentaires. Ces biscuits pour chien font partie int\u00e9grante du concept alimentaire MERA PURE et constituent une r\u00e9compense id\u00e9ale pour votre chien. Parfait pour les chiens exigeants et sensibles aux allergies.<\/div>\n<div>&#8211; Recette de dinde et de riz<\/div>\n<div>&#8211; Sans gluten<\/div>\n<div>&#8211; 1 seule source de viande et de glucides<\/div>\n<div>&#8211; Hautement digestible<\/div>\n<div>&#8211; R\u00e9compense quotidienne parfaite pour les chiens sensibles<\/div>\n<div>&#8211; Sans colorants ni conservateurs<\/div>\n<div><\/div>\n<div><b>Fabriqu\u00e9 en Allemagne<\/b><\/div>\n<div><b>\u00a0<\/b><\/div>\n<div><b>Ingr\u00e9dients:<\/b><\/div>\n<div>Riz (70 %), prot\u00e9ines de dinde (22,5 %, s\u00e9ch\u00e9es), chlorure de sodium, graisse de volaille, lignocellulose, inuline de chicor\u00e9e (0,1 %)<\/div>\n<div><\/div>\n<div><b>Analyse:<\/b><\/div>\n<div>Prot\u00e9ines 20%, teneur en mati\u00e8res grasses 6%, fibres brutes 2%, cendres brutes 6%.<\/div>\n<div><\/div>\n<div><b>Taille:<\/b><\/div>\n<div>600g<\/div>\n","protected":false},"excerpt":{"rendered":"<p>Goody Snack Dinde et Riz<\/p>\n<p>Compl\u00e9ment alimentaire pour chiens adultes<\/p>\n<div>\n<p>Fabriqu\u00e9 en Allemagne.<\/p>\n<\/div>\n","protected":false},"featured_media":10301,"template":"","meta":{"jetpack_publicize_message":"","jetpack_publicize_feature_enabled":true,"jetpack_social_post_already_shared":true,"jetpack_social_options":{"image_generator_settings":{"template":"highway","default_image_id":0,"font":"","enabled":false},"version":2}},"product_brand":[],"product_cat":[26,39,106],"product_tag":[],"class_list":{"0":"post-10300","1":"product","2":"type-product","3":"status-publish","4":"has-post-thumbnail","6":"product_cat-croquettes","7":"product_cat-friandises-et-pates-pour-chien","8":"product_cat-jouet-et-dressage","10":"first","11":"instock","12":"sale","13":"taxable","14":"shipping-taxable","15":"purchasable","16":"product-type-simple"},"supplier_id":5588,"supplier_sku":"059078","barcode":null,"atum_controlled":true,"out_stock_date":null,"out_stock_threshold":null,"inheritable":false,"inbound_stock":0,"stock_on_hold":0,"sold_today":0,"sales_last_days":0,"reserved_stock":0,"customer_returns":0,"warehouse_damage":0,"lost_in_post":0,"other_logs":0,"out_stock_days":0,"lost_sales":0,"has_location":false,"update_date":"2026-05-14T00:02:22","atum_locations":[],"atum_stock_status":"instock","restock_status":false,"low_stock_amount":10,"sales_update_date":"2026-05-14T00:02:22","calc_backorders":0,"jetpack_publicize_connections":[],"jetpack_sharing_enabled":true,"batches":[{"id":"53","date_created":"2024-09-12 18:13:50","date_expiry":"2025-04-28 00:00:00","user_id":"50","batch_number":"MERASnack600Gr280425","location":"","quantity":"4.0000","quantity_available":"0.0000","units":"1","status":"archived","order_ids":"[11946,12162,12302,12835,13802]","supplier":"mera","po":{"id":"50","date_created":"2024-09-12 18:13:50","batch_id":"53","po_number":"","supplier":"mera","cost":null,"regular_price":null,"sale_price":null,"price_margin":null,"price_discount":null}},{"id":"600","date_created":"2024-10-10 11:21:05","date_expiry":"2025-12-31 00:00:00","user_id":"50","batch_number":"MERASnack600Gr311225","location":"","quantity":"22.0000","quantity_available":"0.0000","units":"1","status":"archived","order_ids":"[14821,15041,15799,15824,16798,17350,18021,18347,18691,18991,19048,20187,20561,21288]","supplier":"mera","po":{"id":"583","date_created":"2024-10-10 11:21:05","batch_id":"600","po_number":"","supplier":"mera","cost":null,"regular_price":null,"sale_price":null,"price_margin":null,"price_discount":null}},{"id":"2440","date_created":"2025-03-22 09:41:48","date_expiry":"2025-12-31 00:00:00","user_id":"50","batch_number":"MERASnack600Gr311225","location":"","quantity":"7.0000","quantity_available":"0.0000","units":"1","status":"archived","order_ids":"[22926,23705,23819,24980,25617]","supplier":"mera","po":{"id":"2409","date_created":"2025-03-22 09:41:50","batch_id":"2440","po_number":"","supplier":"mera","cost":null,"regular_price":null,"sale_price":null,"price_margin":null,"price_discount":null}},{"id":"3190","date_created":"2025-04-25 20:03:19","date_expiry":"2025-12-31 00:00:00","user_id":"50","batch_number":"MERASnack600Gr311225","location":"","quantity":"2.0000","quantity_available":"0.0000","units":"1","status":"archived","order_ids":"[21360,22025]","supplier":"mera","po":{"id":"3158","date_created":"2025-04-25 20:03:20","batch_id":"3190","po_number":"","supplier":"mera","cost":null,"regular_price":null,"sale_price":null,"price_margin":null,"price_discount":null}},{"id":"3396","date_created":"2025-05-12 20:54:18","date_expiry":"2025-12-31 00:00:00","user_id":"50","batch_number":"MERASnack600Gr311225","location":"","quantity":"2.0000","quantity_available":"0.0000","units":"1","status":"archived","order_ids":"[22067,22781]","supplier":"mera","po":{"id":"3363","date_created":"2025-05-12 20:54:19","batch_id":"3396","po_number":"","supplier":"mera","cost":null,"regular_price":null,"sale_price":null,"price_margin":null,"price_discount":null}},{"id":"4065","date_created":"2025-06-18 21:48:29","date_expiry":"2026-08-30 00:00:00","user_id":"50","batch_number":"MERASnack600Gr300826","location":"","quantity":"4.0000","quantity_available":"0.0000","units":"1","status":"archived","order_ids":"[29194,29259,30904]","supplier":"mera","po":{"id":"4029","date_created":"2025-06-18 21:48:30","batch_id":"4065","po_number":"","supplier":"mera","cost":null,"regular_price":null,"sale_price":null,"price_margin":null,"price_discount":null}},{"id":"4142","date_created":"2025-06-27 08:59:54","date_expiry":"2026-08-30 00:00:00","user_id":"50","batch_number":"MERASnack600Gr300826","location":"","quantity":"1.0000","quantity_available":"0.0000","units":"1","status":"archived","order_ids":"[25731]","supplier":"mera","po":{"id":"4106","date_created":"2025-06-27 08:59:55","batch_id":"4142","po_number":"","supplier":"mera","cost":null,"regular_price":null,"sale_price":null,"price_margin":null,"price_discount":null}},{"id":"4268","date_created":"2025-07-06 16:04:25","date_expiry":"2026-08-30 00:00:00","user_id":"50","batch_number":"MERASnack600Gr300826","location":"","quantity":"1.0000","quantity_available":"0.0000","units":"1","status":"archived","order_ids":"[25773]","supplier":"mera","po":{"id":"4231","date_created":"2025-07-06 16:04:26","batch_id":"4268","po_number":"","supplier":"mera","cost":null,"regular_price":null,"sale_price":null,"price_margin":null,"price_discount":null}},{"id":"4594","date_created":"2025-07-29 20:57:13","date_expiry":"2026-08-30 00:00:00","user_id":"50","batch_number":"MERASnack600Gr300826","location":"","quantity":"3.0000","quantity_available":"0.0000","units":"1","status":"archived","order_ids":"[26753,27214,27825]","supplier":"mera","po":{"id":"4558","date_created":"2025-07-29 20:57:14","batch_id":"4594","po_number":"","supplier":"mera","cost":null,"regular_price":null,"sale_price":null,"price_margin":null,"price_discount":null}},{"id":"5004","date_created":"2025-08-26 22:38:52","date_expiry":"2026-10-30 00:00:00","user_id":"50","batch_number":"MERASnack600Gr301026","location":"","quantity":"0.0000","quantity_available":"0.0000","units":"1","status":"archived","order_ids":null,"supplier":"mera","po":{"id":"4968","date_created":"2025-08-26 22:38:53","batch_id":"5004","po_number":"","supplier":"mera","cost":null,"regular_price":null,"sale_price":null,"price_margin":null,"price_discount":null}},{"id":"5312","date_created":"2025-09-15 20:59:12","date_expiry":"2026-10-30 00:00:00","user_id":"50","batch_number":"MERASnack600Gr301026","location":"","quantity":"1.0000","quantity_available":"0.0000","units":"1","status":"archived","order_ids":"[30904]","supplier":"mera","po":{"id":"5269","date_created":"2025-09-15 20:59:13","batch_id":"5312","po_number":"","supplier":"mera","cost":null,"regular_price":null,"sale_price":null,"price_margin":null,"price_discount":null}},{"id":"5518","date_created":"2025-09-25 11:00:20","date_expiry":"2026-10-30 00:00:00","user_id":"50","batch_number":"MERASnack600Gr301026","location":"","quantity":"1.0000","quantity_available":"0.0000","units":"1","status":"archived","order_ids":"[30904]","supplier":"mera","po":{"id":"5472","date_created":"2025-09-25 11:00:21","batch_id":"5518","po_number":"","supplier":"mera","cost":null,"regular_price":null,"sale_price":null,"price_margin":null,"price_discount":null}},{"id":"5599","date_created":"2025-10-02 10:25:34","date_expiry":"2026-10-30 00:00:00","user_id":"50","batch_number":"MERASnack600Gr301026","location":"","quantity":"1.0000","quantity_available":"0.0000","units":"1","status":"archived","order_ids":"[30904]","supplier":"mera","po":{"id":"5553","date_created":"2025-10-02 10:25:34","batch_id":"5599","po_number":"","supplier":"mera","cost":null,"regular_price":null,"sale_price":null,"price_margin":null,"price_discount":null}},{"id":"5985","date_created":"2025-11-04 13:43:01","date_expiry":"2026-10-30 00:00:00","user_id":"50","batch_number":"MERASnack600Gr301026","location":"","quantity":"2.0000","quantity_available":"0.0000","units":"1","status":"archived","order_ids":"[30904,31294]","supplier":"mera","po":{"id":"5928","date_created":"2025-11-04 13:43:02","batch_id":"5985","po_number":"","supplier":"mera","cost":null,"regular_price":null,"sale_price":null,"price_margin":null,"price_discount":null}},{"id":"6422","date_created":"2025-12-02 11:24:20","date_expiry":"2026-10-30 00:00:00","user_id":"50","batch_number":"MERASnack600Gr301026","location":"","quantity":"12.0000","quantity_available":"0.0000","units":"1","status":"archived","order_ids":"[33211,33858,34934,36943,36986,36990,37084,37778,38166,38578,38925,40383]","supplier":"mera","po":{"id":"6368","date_created":"2025-12-02 11:24:21","batch_id":"6422","po_number":"","supplier":"mera","cost":null,"regular_price":null,"sale_price":null,"price_margin":null,"price_discount":null}},{"id":"6624","date_created":"2025-12-11 13:42:50","date_expiry":"2026-10-30 00:00:00","user_id":"50","batch_number":"MERASnack600Gr301026","location":"","quantity":"0.0000","quantity_available":"0.0000","units":"1","status":"archived","order_ids":null,"supplier":"MERA","po":{"id":"6569","date_created":"2025-12-11 13:42:50","batch_id":"6624","po_number":"","supplier":"MERA","cost":null,"regular_price":null,"sale_price":null,"price_margin":null,"price_discount":null}},{"id":"8017","date_created":"2026-02-28 12:33:06","date_expiry":"2027-01-30 00:00:00","user_id":"50","batch_number":"MERASnack600Gr300127","location":"","quantity":"1.0000","quantity_available":"0.0000","units":"1","status":"archived","order_ids":"[40508]","supplier":"mera","po":{"id":"7955","date_created":"2026-02-28 12:33:07","batch_id":"8017","po_number":"","supplier":"mera","cost":null,"regular_price":null,"sale_price":null,"price_margin":null,"price_discount":null}},{"id":"8070","date_created":"2026-03-05 10:51:32","date_expiry":"2027-01-30 00:00:00","user_id":"50","batch_number":"MERASnack600Gr300127","location":"","quantity":"1.0000","quantity_available":"1.0000","units":"1","status":"active","order_ids":null,"supplier":"mera","po":{"id":"8008","date_created":"2026-03-05 10:51:33","batch_id":"8070","po_number":"","supplier":"mera","cost":null,"regular_price":null,"sale_price":null,"price_margin":null,"price_discount":null}},{"id":"8270","date_created":"2026-03-14 12:04:57","date_expiry":"2027-01-30 00:00:00","user_id":"50","batch_number":"MERASnack600Gr300127","location":"","quantity":"3.0000","quantity_available":"3.0000","units":"1","status":"active","order_ids":null,"supplier":"mera","po":{"id":"8197","date_created":"2026-03-14 12:04:57","batch_id":"8270","po_number":"","supplier":"mera","cost":null,"regular_price":null,"sale_price":null,"price_margin":null,"price_discount":null}},{"id":"8590","date_created":"2026-03-28 14:12:41","date_expiry":"2027-01-30 00:00:00","user_id":"50","batch_number":"MERASnack600Gr300127","location":"","quantity":"2.0000","quantity_available":"2.0000","units":"1","status":"active","order_ids":null,"supplier":"mera","po":{"id":"8518","date_created":"2026-03-28 14:12:42","batch_id":"8590","po_number":"","supplier":"mera","cost":null,"regular_price":null,"sale_price":null,"price_margin":null,"price_discount":null}},{"id":"8822","date_created":"2026-04-15 11:17:05","date_expiry":"2027-01-30 00:00:00","user_id":"50","batch_number":"MERASnack600Gr300127","location":"","quantity":"2.0000","quantity_available":"2.0000","units":"1","status":"active","order_ids":null,"supplier":"mera","po":{"id":"8749","date_created":"2026-04-15 11:17:05","batch_id":"8822","po_number":"","supplier":"mera","cost":null,"regular_price":null,"sale_price":null,"price_margin":null,"price_discount":null}},{"id":"9082","date_created":"2026-04-25 09:06:15","date_expiry":"2027-01-30 00:00:00","user_id":"50","batch_number":"MERASnack600Gr300127","location":"","quantity":"2.0000","quantity_available":"2.0000","units":"1","status":"active","order_ids":null,"supplier":"mera","po":{"id":"9005","date_created":"2026-04-25 09:06:15","batch_id":"9082","po_number":"","supplier":"mera","cost":null,"regular_price":null,"sale_price":null,"price_margin":null,"price_discount":null}}],"_links":{"self":[{"href":"https:\/\/petworld.ma\/index.php\/wp-json\/wp\/v2\/product\/10300","targetHints":{"allow":["GET"]}}],"collection":[{"href":"https:\/\/petworld.ma\/index.php\/wp-json\/wp\/v2\/product"}],"about":[{"href":"https:\/\/petworld.ma\/index.php\/wp-json\/wp\/v2\/types\/product"}],"wp:featuredmedia":[{"embeddable":true,"href":"https:\/\/petworld.ma\/index.php\/wp-json\/wp\/v2\/media\/10301"}],"wp:attachment":[{"href":"https:\/\/petworld.ma\/index.php\/wp-json\/wp\/v2\/media?parent=10300"}],"wp:term":[{"taxonomy":"product_brand","embeddable":true,"href":"https:\/\/petworld.ma\/index.php\/wp-json\/wp\/v2\/product_brand?post=10300"},{"taxonomy":"product_cat","embeddable":true,"href":"https:\/\/petworld.ma\/index.php\/wp-json\/wp\/v2\/product_cat?post=10300"},{"taxonomy":"product_tag","embeddable":true,"href":"https:\/\/petworld.ma\/index.php\/wp-json\/wp\/v2\/product_tag?post=10300"}],"curies":[{"name":"wp","href":"https:\/\/api.w.org\/{rel}","templated":true}]}}