{"id":10391,"date":"2024-07-28T14:25:30","date_gmt":"2024-07-28T14:25:30","guid":{"rendered":"https:\/\/petworld.ma\/?post_type=product&#038;p=10391"},"modified":"2026-04-23T23:20:33","modified_gmt":"2026-04-23T23:20:33","slug":"lait-pour-chaton-en-poudre-bio-kitten-petactive-200g","status":"publish","type":"product","link":"https:\/\/petworld.ma\/index.php\/produit\/lait-pour-chaton-en-poudre-bio-kitten-petactive-200g\/","title":{"rendered":"Lait pour chaton en poudre Bio Kitten PetActive (200g)"},"content":{"rendered":"<section class=\"elementor-section elementor-top-section elementor-element elementor-element-4597368 elementor-section-boxed elementor-section-height-default elementor-section-height-default tf-sticky-section tf-sticky-no\" data-id=\"4597368\" data-element_type=\"section\" data-settings=\"{&quot;background_background&quot;:&quot;classic&quot;,&quot;tf_sticky&quot;:&quot;no&quot;}\">\n<div class=\"elementor-container elementor-column-gap-no\">\n<div class=\"elementor-column elementor-col-50 elementor-top-column elementor-element elementor-element-8258e2c\" data-id=\"8258e2c\" data-element_type=\"column\">\n<div class=\"elementor-widget-wrap elementor-element-populated\">\n<div class=\"elementor-element elementor-element-23f107f elementor-widget elementor-widget-woocommerce-product-content\" data-id=\"23f107f\" data-element_type=\"widget\" data-widget_type=\"woocommerce-product-content.default\">\n<div class=\"elementor-widget-container\">\n<div class=\"vgblk-rw-wrapper limit-wrapper\">\n<p>Aliments compl\u00e9mentaires pour\u00a0<strong>chaton<\/strong> formul\u00e9s avec pr\u00e9cision pour correspondre au lait maternel et favoriser une croissance et un d\u00e9veloppement optimaux de votre compagnon \u00e0 quatre pattes. Les formules \u00e9quilibr\u00e9es contiennent des prot\u00e9ines, des vitamines, des min\u00e9raux et des huiles.Fournissant tous les besoins nutritionnels des chatons et chiots pr\u00e9matur\u00e9ment s\u00e9par\u00e9s,\u00a0<strong>les substituts de lait\u00a0<\/strong><strong>Bio Kitten<\/strong> contiennent toutes les vitamines et min\u00e9raux n\u00e9cessaires et contribuent \u00e0 une croissance saine des muscles et des os.<\/p>\n<p><strong>Bio Kitten<\/strong> peuvent \u00e9galement \u00eatre utilis\u00e9s comme compl\u00e9ment nutritionnel pour les m\u00e8res enceintes et allaitantes ou pour les chats \u00e2g\u00e9s et faibles.<\/p>\n<p>La teneur en lactose est r\u00e9duite afin de pr\u00e9venir la diarrh\u00e9e. Ainsi,\u00a0<strong>Bio PetActive\u00a0<\/strong><strong>Bio Kitten<\/strong>\u00a0offre une alimentation saine et facilement digestible pour votre chat et votre chien.<\/p>\n<p><strong>La taurine<\/strong>\u00a0est un acide amin\u00e9 essentiel pour les chats. Elle n&rsquo;est pas synth\u00e9tis\u00e9e naturellement dans l&rsquo;organisme et doit \u00eatre absorb\u00e9e avec l&rsquo;alimentation. Elle est n\u00e9cessaire \u00e0 la vision et \u00e0 la reproduction. Elle prot\u00e8ge contre les radicaux libres, ce qui fait de la taurine un antioxydant important qui aide \u00e0 lutter contre le vieillissement.<\/p>\n<p><strong>La L-Carnitine<\/strong>\u00a0est utilis\u00e9e pour le m\u00e9tabolisme des acides gras dans le corps et la conversion de l&rsquo;\u00e9nergie dans les cellules. Elle aide \u00e0 r\u00e9duire la proportion de graisse dans le corps, \u00e0 perdre du poids et \u00e0 transformer la graisse entre les masses musculaires inefficaces en \u00e9nergie.<\/p>\n<p><strong><em>Instructions de m\u00e9lange :<\/em><\/strong><em> M\u00e9langez Bio Kitten avec une petite quantit\u00e9 d&rsquo;eau en dessous du point d&rsquo;\u00e9bullition (80\u00b0C). Ajoutez ensuite progressivement le reste de l&rsquo;eau tout en remuant vivement le lait. Laissez refroidir et servez lorsque le lait atteint la temp\u00e9rature corporelle (35-40\u00b0C).<\/em><\/p>\n<\/div>\n<\/div>\n<\/div>\n<\/div>\n<\/div>\n<\/div>\n<\/section>\n<section class=\"elementor-section elementor-top-section elementor-element elementor-element-b2d2655 elementor-section-boxed elementor-section-height-default elementor-section-height-default tf-sticky-section tf-sticky-no\" data-id=\"b2d2655\" data-element_type=\"section\" data-settings=\"{&quot;tf_sticky&quot;:&quot;no&quot;}\">\n<div class=\"elementor-container elementor-column-gap-default\">\n<div class=\"elementor-column elementor-col-100 elementor-top-column elementor-element elementor-element-59ba292\" data-id=\"59ba292\" data-element_type=\"column\">\n<div class=\"elementor-widget-wrap elementor-element-populated\">\n<div class=\"elementor-element elementor-element-afbe54d elementor-widget elementor-widget-heading\" data-id=\"afbe54d\" data-element_type=\"widget\" data-widget_type=\"heading.default\">\n<div class=\"elementor-widget-container\"><\/div>\n<\/div>\n<\/div>\n<\/div>\n<\/div>\n<\/section>\n","protected":false},"excerpt":{"rendered":"<p>Aliments compl\u00e9mentaires pour\u00a0chaton formul\u00e9s avec pr\u00e9cision pour correspondre au lait maternel et favoriser une croissance et un d\u00e9veloppement optimaux de votre compagnon \u00e0 quatre pattes. Les formules \u00e9quilibr\u00e9es contiennent des prot\u00e9ines, des vitamines, des min\u00e9raux et des huiles.Fournissant tous les besoins nutritionnels des chatons et chiots pr\u00e9matur\u00e9ment s\u00e9par\u00e9s,\u00a0les substituts de lait\u00a0Bio Kitten contiennent toutes les [&#8230;]\n","protected":false},"featured_media":10392,"template":"","meta":{"jetpack_publicize_message":"","jetpack_publicize_feature_enabled":true,"jetpack_social_post_already_shared":true,"jetpack_social_options":{"image_generator_settings":{"template":"highway","default_image_id":0,"font":"","enabled":false},"version":2}},"product_brand":[],"product_cat":[220],"product_tag":[],"class_list":{"0":"post-10391","1":"product","2":"type-product","3":"status-publish","4":"has-post-thumbnail","6":"product_cat-lait-maternel","8":"first","9":"outofstock","10":"taxable","11":"shipping-taxable","12":"purchasable","13":"product-type-simple"},"supplier_id":5589,"supplier_sku":"","barcode":null,"atum_controlled":true,"out_stock_date":"2026-04-23 23:20:34","out_stock_threshold":null,"inheritable":false,"inbound_stock":0,"stock_on_hold":0,"sold_today":0,"sales_last_days":4,"reserved_stock":0,"customer_returns":0,"warehouse_damage":0,"lost_in_post":0,"other_logs":0,"out_stock_days":5,"lost_sales":299,"has_location":false,"update_date":"2026-04-29T13:53:21","atum_locations":[],"atum_stock_status":"outofstock","restock_status":false,"low_stock_amount":2,"sales_update_date":"2026-04-29T13:53:21","calc_backorders":null,"jetpack_publicize_connections":[],"jetpack_sharing_enabled":true,"batches":[{"id":"607","date_created":"2024-10-10 14:57:10","date_expiry":"2026-05-01 00:00:00","user_id":"2760","batch_number":"BioKitenLait010526","location":"","quantity":"68.0000","quantity_available":"0.0000","units":"1","status":"archived","order_ids":"[12824,13100,13122,13248,14010,15094,15168,15463,15550,15573,15664,15812,15943,16186,16491,16512,16556,17247,18663,18940,19042,19218,19446,19475,20444,20534,20536,20654,20774,20829,20866,21015,21036,21077,21464,21776,21836,21907,21953,22242,22464,22513,23152,23220,24019,24295,24788,25431,25524,25605,25899,26069,26101,26125]","supplier":"Zooluxe","po":{"id":"590","date_created":"2024-10-10 14:57:10","batch_id":"607","po_number":"","supplier":"Zooluxe","cost":null,"regular_price":null,"sale_price":null,"price_margin":null,"price_discount":null}},{"id":"4582","date_created":"2025-07-25 13:06:00","date_expiry":"2026-05-01 00:00:00","user_id":"2760","batch_number":"BioKitenLait010526","location":"","quantity":"4.0000","quantity_available":"0.0000","units":"1","status":"archived","order_ids":"[25135,25287,25431]","supplier":"Casablanca","po":{"id":"4546","date_created":"2025-07-25 13:06:00","batch_id":"4582","po_number":"","supplier":"Casablanca","cost":null,"regular_price":null,"sale_price":null,"price_margin":null,"price_discount":null}},{"id":"5114","date_created":"2025-09-04 11:22:07","date_expiry":"2027-04-11 00:00:00","user_id":"2760","batch_number":"BioKitenLait110427","location":"","quantity":"6.0000","quantity_available":"0.0000","units":"1","status":"archived","order_ids":"[26700,26718,26763,26785,27015,27285,27429,28364,28795,28822]","supplier":"Casablanca","po":{"id":"5077","date_created":"2025-09-04 11:22:08","batch_id":"5114","po_number":"","supplier":"Casablanca","cost":null,"regular_price":null,"sale_price":null,"price_margin":null,"price_discount":null}},{"id":"5744","date_created":"2025-10-15 16:51:36","date_expiry":"2027-04-11 00:00:00","user_id":"2760","batch_number":"BioKitenLait110427","location":"","quantity":"18.0000","quantity_available":"0.0000","units":"1","status":"archived","order_ids":"[29121,29173,29285,29602,29909,30129,30633,33096,33155,33790,33904,33907,34689,35793,36935,37063,37616,38995,39121,39188,39330,40286,40601,40608,40654]","supplier":"Casablanca","po":{"id":"5697","date_created":"2025-10-15 16:51:37","batch_id":"5744","po_number":"","supplier":"Casablanca","cost":null,"regular_price":null,"sale_price":null,"price_margin":null,"price_discount":null}}],"_links":{"self":[{"href":"https:\/\/petworld.ma\/index.php\/wp-json\/wp\/v2\/product\/10391","targetHints":{"allow":["GET"]}}],"collection":[{"href":"https:\/\/petworld.ma\/index.php\/wp-json\/wp\/v2\/product"}],"about":[{"href":"https:\/\/petworld.ma\/index.php\/wp-json\/wp\/v2\/types\/product"}],"wp:featuredmedia":[{"embeddable":true,"href":"https:\/\/petworld.ma\/index.php\/wp-json\/wp\/v2\/media\/10392"}],"wp:attachment":[{"href":"https:\/\/petworld.ma\/index.php\/wp-json\/wp\/v2\/media?parent=10391"}],"wp:term":[{"taxonomy":"product_brand","embeddable":true,"href":"https:\/\/petworld.ma\/index.php\/wp-json\/wp\/v2\/product_brand?post=10391"},{"taxonomy":"product_cat","embeddable":true,"href":"https:\/\/petworld.ma\/index.php\/wp-json\/wp\/v2\/product_cat?post=10391"},{"taxonomy":"product_tag","embeddable":true,"href":"https:\/\/petworld.ma\/index.php\/wp-json\/wp\/v2\/product_tag?post=10391"}],"curies":[{"name":"wp","href":"https:\/\/api.w.org\/{rel}","templated":true}]}}