{"id":10441,"date":"2024-07-29T09:08:50","date_gmt":"2024-07-29T09:08:50","guid":{"rendered":"https:\/\/petworld.ma\/?post_type=product&#038;p=10441"},"modified":"2026-05-05T16:42:14","modified_gmt":"2026-05-05T16:42:14","slug":"brit-fresh-chicken-with-sweet-potato-poulet-patate-400-g","status":"publish","type":"product","link":"https:\/\/petworld.ma\/index.php\/produit\/brit-fresh-chicken-with-sweet-potato-poulet-patate-400-g\/","title":{"rendered":"Brit Fresh Chicken with Sweet Potato (Poulet, Patate) 400 g"},"content":{"rendered":"<div class=\"hidden-xs\">Brit Fresh propose une alimentation d\u00e9licieuse, compl\u00e8te et \u00e9quilibr\u00e9e, comportant de la viande, des abats, l\u00e9gumes, fruits et plantes de sources locales. Fabriqu\u00e9 \u00e0 base de viande fra\u00eeche, le produit conserve naturellement le jus de viande avec des substances qui conf\u00e8rent au produit ses qualit\u00e9s gustatives uniques. Aliment complet pour chiens.<\/div>\n<ul>\n<li>Avec des cultures ancestrales &#8211; sarrasin et patate douce<\/li>\n<li>Contient des graines de lin, de l&rsquo;huile de saumon, des algues et du cassis<\/li>\n<li>Enrichi d&rsquo;un m\u00e9lange de plantes locales &#8211; romarin, thym, souci, pissenlit<\/li>\n<li>Compl\u00e9ment id\u00e9al de croquettes. Il permet d&rsquo;am\u00e9liorer l&rsquo;app\u00e9tit et apporte un suppl\u00e9ment d&rsquo;eau<\/li>\n<li>SANS GLUTEN &#8211; SANS SOJA &#8211; SANS OGM &#8211; SANS CONSERVATEURS &#8211; SANS COLORANTS<\/li>\n<\/ul>\n<p class=\"composition\"><strong>Composition:<\/strong>\u00a0poulet 48 %, dinde 28 %, bouillon 11 %, patates douces 4,5 %, pommes 2 %, min\u00e9raux 2 %, sarrasin 1,3 %, m\u00e9lange de plantes (romarin, thym, souci, pissenlit) 1 %, huile de saumon 1 %, persil 0,5 %, graines de lin 0,5 %, algues et cassis 0,2 %.<\/p>\n<p><strong>Composants analytiques:<\/strong>\u00a0prot\u00e9ine brute 8 %, teneur en mati\u00e8res grasses 6,5 %, cendres brutes 2,5 %, humidit\u00e9 75,0 %, cellulose brute 0,7 %, calcium 0,3 %, phosphore 0,2 %, sodium 0,4 %.<\/p>\n<p><strong>Ingr\u00e9dients:<\/strong>\u00a0vitamine D3 (E671) 250 IU, vitamine E (3a700) 150 mg, zinc (3b606) 15 mg, fer (3b103) 12 mg, mangan\u00e8se (3b502) 3 mg, iode (3b201) 0,75 mg, cuivre (E4) 0,5 mg, biotine (3a880) 0,2 mg.<\/p>\n","protected":false},"excerpt":{"rendered":"<p>Brit Fresh propose une alimentation d\u00e9licieuse, compl\u00e8te et \u00e9quilibr\u00e9e, comportant de la viande, des abats, l\u00e9gumes, fruits et plantes de sources locales. Fabriqu\u00e9 \u00e0 base de viande fra\u00eeche, le produit conserve naturellement le jus de viande avec des substances qui conf\u00e8rent au produit ses qualit\u00e9s gustatives uniques. Aliment complet pour chiens. Avec des cultures ancestrales [&#8230;]\n","protected":false},"featured_media":10445,"template":"","meta":{"jetpack_publicize_message":"","jetpack_publicize_feature_enabled":true,"jetpack_social_post_already_shared":true,"jetpack_social_options":{"image_generator_settings":{"template":"highway","default_image_id":0,"font":"","enabled":false},"version":2}},"product_brand":[],"product_cat":[26,39],"product_tag":[],"class_list":{"0":"post-10441","1":"product","2":"type-product","3":"status-publish","4":"has-post-thumbnail","6":"product_cat-croquettes","7":"product_cat-friandises-et-pates-pour-chien","9":"first","10":"instock","11":"taxable","12":"shipping-taxable","13":"purchasable","14":"product-type-simple"},"supplier_id":5590,"supplier_sku":"","barcode":null,"atum_controlled":true,"out_stock_date":null,"out_stock_threshold":null,"inheritable":false,"inbound_stock":0,"stock_on_hold":0,"sold_today":0,"sales_last_days":2,"reserved_stock":0,"customer_returns":0,"warehouse_damage":0,"lost_in_post":0,"other_logs":0,"out_stock_days":0,"lost_sales":0,"has_location":false,"update_date":"2026-05-11T10:09:39","atum_locations":[],"atum_stock_status":"instock","restock_status":false,"low_stock_amount":12,"sales_update_date":"2026-05-11T10:09:39","calc_backorders":0,"jetpack_publicize_connections":[],"jetpack_sharing_enabled":true,"batches":[{"id":"1330","date_created":"2024-12-20 21:37:59","date_expiry":"2027-07-13 00:00:00","user_id":"2760","batch_number":"BritPateChickenPotato130726","location":"","quantity":"4.0000","quantity_available":"0.0000","units":"1","status":"archived","order_ids":"[17939,18612,18732]","supplier":"Brit","po":{"id":"1304","date_created":"2024-12-20 21:38:01","batch_id":"1330","po_number":"","supplier":"Brit","cost":null,"regular_price":null,"sale_price":null,"price_margin":null,"price_discount":null}},{"id":"1331","date_created":"2024-12-20 21:38:02","date_expiry":"2027-07-13 00:00:00","user_id":"2760","batch_number":"BritPateChickenPotato130726","location":"","quantity":"12.0000","quantity_available":"0.0000","units":"1","status":"archived","order_ids":"[18732,18914,19468,19474,25769,29556,30107,31094]","supplier":"Brit","po":{"id":"1305","date_created":"2024-12-20 21:38:04","batch_id":"1331","po_number":"","supplier":"Brit","cost":null,"regular_price":null,"sale_price":null,"price_margin":null,"price_discount":null}},{"id":"2504","date_created":"2025-03-26 22:54:18","date_expiry":"2027-04-13 00:00:00","user_id":"2760","batch_number":"BritPateChickenPotato130426","location":"","quantity":"24.0000","quantity_available":"0.0000","units":"1","status":"archived","order_ids":"[19724,20512,20965,20967,21044,21438,22007,22304,22985,24077,25489,25769,32866]","supplier":"Brit","po":{"id":"2472","date_created":"2025-03-26 22:54:21","batch_id":"2504","po_number":"","supplier":"Brit","cost":null,"regular_price":null,"sale_price":null,"price_margin":null,"price_discount":null}},{"id":"3854","date_created":"2025-06-05 08:54:01","date_expiry":"2028-03-21 00:00:00","user_id":"2760","batch_number":"BritPateChickenPotato210328","location":"","quantity":"6.0000","quantity_available":"0.0000","units":"1","status":"archived","order_ids":"[32241]","supplier":"Brit","po":{"id":"3818","date_created":"2025-06-05 08:54:02","batch_id":"3854","po_number":"","supplier":"Brit","cost":null,"regular_price":null,"sale_price":null,"price_margin":null,"price_discount":null}},{"id":"4768","date_created":"2025-08-08 14:34:31","date_expiry":"2028-03-26 00:00:00","user_id":"2760","batch_number":"BritPateChickenPotato260328","location":"","quantity":"4.0000","quantity_available":"0.0000","units":"1","status":"archived","order_ids":"[36924,38818,39654]","supplier":" BRIT","po":{"id":"4732","date_created":"2025-08-08 14:34:32","batch_id":"4768","po_number":"","supplier":" BRIT","cost":null,"regular_price":null,"sale_price":null,"price_margin":null,"price_discount":null}},{"id":"6590","date_created":"2025-12-09 17:26:10","date_expiry":"2028-03-30 00:00:00","user_id":"2760","batch_number":"BritPateChickenPotato300328","location":"","quantity":"12.0000","quantity_available":"10.0000","units":"1","status":"active","order_ids":"[41364,41435]","supplier":"Brit","po":{"id":"6535","date_created":"2025-12-09 17:26:11","batch_id":"6590","po_number":"","supplier":"Brit","cost":null,"regular_price":null,"sale_price":null,"price_margin":null,"price_discount":null}}],"_links":{"self":[{"href":"https:\/\/petworld.ma\/index.php\/wp-json\/wp\/v2\/product\/10441","targetHints":{"allow":["GET"]}}],"collection":[{"href":"https:\/\/petworld.ma\/index.php\/wp-json\/wp\/v2\/product"}],"about":[{"href":"https:\/\/petworld.ma\/index.php\/wp-json\/wp\/v2\/types\/product"}],"wp:featuredmedia":[{"embeddable":true,"href":"https:\/\/petworld.ma\/index.php\/wp-json\/wp\/v2\/media\/10445"}],"wp:attachment":[{"href":"https:\/\/petworld.ma\/index.php\/wp-json\/wp\/v2\/media?parent=10441"}],"wp:term":[{"taxonomy":"product_brand","embeddable":true,"href":"https:\/\/petworld.ma\/index.php\/wp-json\/wp\/v2\/product_brand?post=10441"},{"taxonomy":"product_cat","embeddable":true,"href":"https:\/\/petworld.ma\/index.php\/wp-json\/wp\/v2\/product_cat?post=10441"},{"taxonomy":"product_tag","embeddable":true,"href":"https:\/\/petworld.ma\/index.php\/wp-json\/wp\/v2\/product_tag?post=10441"}],"curies":[{"name":"wp","href":"https:\/\/api.w.org\/{rel}","templated":true}]}}