{"id":10446,"date":"2024-07-29T09:14:50","date_gmt":"2024-07-29T09:14:50","guid":{"rendered":"https:\/\/petworld.ma\/?post_type=product&#038;p=10446"},"modified":"2026-05-05T16:42:13","modified_gmt":"2026-05-05T16:42:13","slug":"brit-fresh-duck-with-millet-canard-millet-400-g","status":"publish","type":"product","link":"https:\/\/petworld.ma\/index.php\/produit\/brit-fresh-duck-with-millet-canard-millet-400-g\/","title":{"rendered":"Brit Fresh Duck with Millet (Canard, Millet) 400 g"},"content":{"rendered":"<div class=\"hidden-xs\">\n<div class=\"hidden-xs\">Brit Fresh propose une alimentation d\u00e9licieuse, compl\u00e8te et \u00e9quilibr\u00e9e, comportant de la viande, des abats, l\u00e9gumes, fruits et plantes de sources locales. Fabriqu\u00e9 \u00e0 base de viande fra\u00eeche, le produit conserve naturellement le jus de viande avec des substances qui conf\u00e8rent au produit ses qualit\u00e9s gustatives uniques. Aliment complet pour chiens.<\/div>\n<ul>\n<li>Avec des cultures ancestrales &#8211; millet<\/li>\n<li>Contient des graines de lin, de l&rsquo;huile de saumon, des algues et du cassis<\/li>\n<li>Enrichi d&rsquo;un m\u00e9lange de plantes locales &#8211; romarin, thym, souci, pissenlit<\/li>\n<li>Compl\u00e9ment id\u00e9al de croquettes. Il permet d&rsquo;am\u00e9liorer l&rsquo;app\u00e9tit et apporte un suppl\u00e9ment d&rsquo;eau<\/li>\n<li>SANS GLUTEN &#8211; SANS SOJA &#8211; SANS OGM &#8211; SANS CONSERVATEURS &#8211; SANS COLORANTS<\/li>\n<\/ul>\n<div style=\"width: 730px;\" class=\"wp-video\"><video class=\"wp-video-shortcode\" id=\"video-10446-1\" width=\"730\" height=\"410\" autoplay preload=\"metadata\" controls=\"controls\"><source type=\"video\/mp4\" src=\"https:\/\/petworld.ma\/wp-content\/uploads\/2024\/07\/fresh-duck-all-16-9-01.mp4?_=1\" \/><a href=\"https:\/\/petworld.ma\/wp-content\/uploads\/2024\/07\/fresh-duck-all-16-9-01.mp4\">https:\/\/petworld.ma\/wp-content\/uploads\/2024\/07\/fresh-duck-all-16-9-01.mp4<\/a><\/video><\/div>\n<p class=\"composition\"><strong>Composition:<\/strong>\u00a0canard 66 %, bouillon 14 %, millet 8 %, carottes 4,3 %, pommes 2 %, min\u00e9raux 2 %, m\u00e9lange de plantes (romarin, thym, souci, pissenlit) 1 %, huile de saumon 1 %, persil 1 %, graines de lin 0,5 %, algues et cassis 0,2 %.<\/p>\n<p><strong>Composants analytiques:<\/strong>\u00a0prot\u00e9ine brute 8 %, teneur en mati\u00e8res grasses 7 %, cendres brutes 2,2 %, humidit\u00e9 75,0 %, cellulose brute 0,7 %, calcium 0,3 %, phosphore 0,2 %, sodium 0,4 %.<\/p>\n<p><strong>Ingr\u00e9dients:<\/strong>\u00a0vitamine D3 (E671) 250 IU, vitamine E (3a700) 150 mg, zinc (3b606) 15 mg, fer (3b103) 12 mg, mangan\u00e8se (3b502) 3 mg, iode (3b201) 0,75 mg, cuivre (E4) 0,5 mg, biotine (3a880) 0,2 mg.<\/p>\n<\/div>\n","protected":false},"excerpt":{"rendered":"<p>Brit Fresh propose une alimentation d\u00e9licieuse, compl\u00e8te et \u00e9quilibr\u00e9e, comportant de la viande, des abats, l\u00e9gumes, fruits et plantes de sources locales. Fabriqu\u00e9 \u00e0 base de viande fra\u00eeche, le produit conserve naturellement le jus de viande avec des substances qui conf\u00e8rent au produit ses qualit\u00e9s gustatives uniques. Aliment complet pour chiens. Avec des cultures ancestrales [&#8230;]\n","protected":false},"featured_media":10451,"template":"","meta":{"jetpack_publicize_message":"","jetpack_publicize_feature_enabled":true,"jetpack_social_post_already_shared":true,"jetpack_social_options":{"image_generator_settings":{"template":"highway","default_image_id":0,"font":"","enabled":false},"version":2}},"product_brand":[],"product_cat":[26,39],"product_tag":[],"class_list":{"0":"post-10446","1":"product","2":"type-product","3":"status-publish","4":"has-post-thumbnail","6":"product_cat-croquettes","7":"product_cat-friandises-et-pates-pour-chien","9":"first","10":"instock","11":"taxable","12":"shipping-taxable","13":"purchasable","14":"product-type-simple"},"supplier_id":5590,"supplier_sku":"","barcode":null,"atum_controlled":true,"out_stock_date":null,"out_stock_threshold":null,"inheritable":false,"inbound_stock":0,"stock_on_hold":0,"sold_today":0,"sales_last_days":4,"reserved_stock":0,"customer_returns":0,"warehouse_damage":0,"lost_in_post":0,"other_logs":0,"out_stock_days":0,"lost_sales":0,"has_location":false,"update_date":"2026-05-13T00:22:09","atum_locations":[],"atum_stock_status":"instock","restock_status":false,"low_stock_amount":12,"sales_update_date":"2026-05-13T00:22:09","calc_backorders":0,"jetpack_publicize_connections":[],"jetpack_sharing_enabled":true,"batches":[{"id":"701","date_created":"2024-10-25 11:23:30","date_expiry":"2027-02-09 00:00:00","user_id":"2760","batch_number":"BritFreshD400gr090227","location":"","quantity":"12.0000","quantity_available":"0.0000","units":"1","status":"archived","order_ids":"[13864,14888,15376,15948,16805,17361,17905,32984]","supplier":"Brit","po":{"id":"682","date_created":"2024-10-25 11:23:31","batch_id":"701","po_number":"","supplier":"Brit","cost":null,"regular_price":null,"sale_price":null,"price_margin":null,"price_discount":null}},{"id":"965","date_created":"2024-11-28 18:27:08","date_expiry":"2027-04-11 00:00:00","user_id":"2760","batch_number":"BritFreshD400gr110427","location":"","quantity":"6.0000","quantity_available":"0.0000","units":"1","status":"archived","order_ids":"[17939,18398,18732,19543]","supplier":"Brit","po":{"id":"943","date_created":"2024-11-28 18:27:09","batch_id":"965","po_number":"","supplier":"Brit","cost":null,"regular_price":null,"sale_price":null,"price_margin":null,"price_discount":null}},{"id":"1332","date_created":"2024-12-20 21:40:24","date_expiry":"2027-04-11 00:00:00","user_id":"2760","batch_number":"BritFreshD400gr110427","location":"","quantity":"12.0000","quantity_available":"0.0000","units":"1","status":"archived","order_ids":"[19843,20479,20512,20547,21044]","supplier":"Brit","po":{"id":"1306","date_created":"2024-12-20 21:40:27","batch_id":"1332","po_number":"","supplier":"Brit","cost":null,"regular_price":null,"sale_price":null,"price_margin":null,"price_discount":null}},{"id":"2505","date_created":"2025-03-26 22:55:40","date_expiry":"2027-04-11 00:00:00","user_id":"2760","batch_number":"BritFreshD400gr110427","location":"","quantity":"12.0000","quantity_available":"0.0000","units":"1","status":"archived","order_ids":"[21162,21438,22473,22482,22637,30723,31159,32241]","supplier":"Brit","po":{"id":"2473","date_created":"2025-03-26 22:55:44","batch_id":"2505","po_number":"","supplier":"Brit","cost":null,"regular_price":null,"sale_price":null,"price_margin":null,"price_discount":null}},{"id":"3855","date_created":"2025-06-05 08:54:58","date_expiry":"2027-04-11 00:00:00","user_id":"2760","batch_number":"BritFreshD400gr110427","location":"","quantity":"18.0000","quantity_available":"10.0000","units":"1","status":"active","order_ids":"[33596,33630,38804,41166,41364,41435]","supplier":"Brit","po":{"id":"3819","date_created":"2025-06-05 08:54:59","batch_id":"3855","po_number":"","supplier":"Brit","cost":null,"regular_price":null,"sale_price":null,"price_margin":null,"price_discount":null}},{"id":"4769","date_created":"2025-08-08 14:35:13","date_expiry":"2027-04-11 00:00:00","user_id":"2760","batch_number":"BritFreshD400gr110427","location":"","quantity":"6.0000","quantity_available":"0.0000","units":"1","status":"archived","order_ids":"[25769,26641,28019]","supplier":"Brit","po":{"id":"4733","date_created":"2025-08-08 14:35:14","batch_id":"4769","po_number":"","supplier":"Brit","cost":null,"regular_price":null,"sale_price":null,"price_margin":null,"price_discount":null}}],"_links":{"self":[{"href":"https:\/\/petworld.ma\/index.php\/wp-json\/wp\/v2\/product\/10446","targetHints":{"allow":["GET"]}}],"collection":[{"href":"https:\/\/petworld.ma\/index.php\/wp-json\/wp\/v2\/product"}],"about":[{"href":"https:\/\/petworld.ma\/index.php\/wp-json\/wp\/v2\/types\/product"}],"wp:featuredmedia":[{"embeddable":true,"href":"https:\/\/petworld.ma\/index.php\/wp-json\/wp\/v2\/media\/10451"}],"wp:attachment":[{"href":"https:\/\/petworld.ma\/index.php\/wp-json\/wp\/v2\/media?parent=10446"}],"wp:term":[{"taxonomy":"product_brand","embeddable":true,"href":"https:\/\/petworld.ma\/index.php\/wp-json\/wp\/v2\/product_brand?post=10446"},{"taxonomy":"product_cat","embeddable":true,"href":"https:\/\/petworld.ma\/index.php\/wp-json\/wp\/v2\/product_cat?post=10446"},{"taxonomy":"product_tag","embeddable":true,"href":"https:\/\/petworld.ma\/index.php\/wp-json\/wp\/v2\/product_tag?post=10446"}],"curies":[{"name":"wp","href":"https:\/\/api.w.org\/{rel}","templated":true}]}}