{"id":10452,"date":"2024-07-29T09:21:28","date_gmt":"2024-07-29T09:21:28","guid":{"rendered":"https:\/\/petworld.ma\/?post_type=product&#038;p=10452"},"modified":"2026-05-11T15:18:03","modified_gmt":"2026-05-11T15:18:03","slug":"brit-pate-and-meat-chicken-poulet-400g","status":"publish","type":"product","link":"https:\/\/petworld.ma\/index.php\/produit\/brit-pate-and-meat-chicken-poulet-400g\/","title":{"rendered":"Brit Pat\u00e9 and Meat &#8211; Chicken (Poulet) 400g"},"content":{"rendered":"<div class=\"hidden-xs\">\n<p>Poulet et b\u0153uf 70 % + p\u00e2t\u00e9 de viande pure. Aliment complet pour chiens.<\/p>\n<\/div>\n<ul>\n<li>De vrais morceaux de viande et d&rsquo;abats en p\u00e2t\u00e9.<\/li>\n<li>Gr\u00e2ce \u00e0 sa haute teneur en viande de haute qualit\u00e9 et \u00e0 son traitement respectueux, le produit est particuli\u00e8rement savoureux. M\u00eame les plus grands gourmets canins se r\u00e9galeront de cette d\u00e9licieuse association de vrais morceaux de viande et d&rsquo;abats en p\u00e2t\u00e9.<\/li>\n<li>Le Brit Pat\u00e9 &amp; Meat est aussi un compl\u00e9ment id\u00e9al de croquettes. Il permet d&rsquo;am\u00e9liorer l&rsquo;app\u00e9tit et apporte un suppl\u00e9ment d&rsquo;eau.<\/li>\n<li>SANS C\u00c9R\u00c9ALES &#8211; SANS SOJA &#8211; SANS OGM<\/li>\n<\/ul>\n<p class=\"composition\"><strong>Composition:<\/strong>\u00a0poulet 48% (viande et organes), boeuf 22% (viande et organes), amidon de pois 3 %, fibres de pois 1 %, huile de saumon 0,5 %.<\/p>\n<p><strong>Composants analytiques:<\/strong>\u00a0prot\u00e9ine brute 8%, graisse brute 5%, cendres brutes 3,5%, humidit\u00e9 78%, cellulose brute 0,5%, calcium 0,1 %, phosphore 0,3 %, sodium 0,2 %.<\/p>\n<p><strong>Ingr\u00e9dients:<\/strong>\u00a0vitamine D3 (3a671) 250 UI, vitamine E (3a700) 100 mg, zinc (3b606) 15 mg, fer (3b106) 10 mg, mangan\u00e8se (3b504) 3 mg, iodure de potassium (3b201) 0,75 mg, cuivre (3b406) 0,5 mg, biotine (3a880) 0,2 mg. Additifs technologiques par kg: gomme de caroube (E410) 5000 mg.<\/p>\n<p><strong>Metabolizable energy:<\/strong>\u00a0959 kcal\/kg<\/p>\n","protected":false},"excerpt":{"rendered":"<p>Poulet et b\u0153uf 70 % + p\u00e2t\u00e9 de viande pure. Aliment complet pour chiens. De vrais morceaux de viande et d&rsquo;abats en p\u00e2t\u00e9. Gr\u00e2ce \u00e0 sa haute teneur en viande de haute qualit\u00e9 et \u00e0 son traitement respectueux, le produit est particuli\u00e8rement savoureux. M\u00eame les plus grands gourmets canins se r\u00e9galeront de cette d\u00e9licieuse association [&#8230;]\n","protected":false},"featured_media":10454,"template":"","meta":{"jetpack_publicize_message":"","jetpack_publicize_feature_enabled":true,"jetpack_social_post_already_shared":true,"jetpack_social_options":{"image_generator_settings":{"template":"highway","default_image_id":0,"font":"","enabled":false},"version":2}},"product_brand":[],"product_cat":[26,39],"product_tag":[],"class_list":{"0":"post-10452","1":"product","2":"type-product","3":"status-publish","4":"has-post-thumbnail","6":"product_cat-croquettes","7":"product_cat-friandises-et-pates-pour-chien","9":"first","10":"instock","11":"taxable","12":"shipping-taxable","13":"purchasable","14":"product-type-simple"},"supplier_id":5590,"supplier_sku":"","barcode":null,"atum_controlled":true,"out_stock_date":null,"out_stock_threshold":null,"inheritable":false,"inbound_stock":0,"stock_on_hold":1,"sold_today":0,"sales_last_days":1,"reserved_stock":0,"customer_returns":0,"warehouse_damage":0,"lost_in_post":0,"other_logs":0,"out_stock_days":0,"lost_sales":0,"has_location":false,"update_date":"2026-05-12T14:40:42","atum_locations":[],"atum_stock_status":"instock","restock_status":false,"low_stock_amount":12,"sales_update_date":"2026-05-12T14:40:42","calc_backorders":0,"jetpack_publicize_connections":[],"jetpack_sharing_enabled":true,"batches":[{"id":"624","date_created":"2024-10-11 16:04:41","date_expiry":"2027-03-28 00:00:00","user_id":"9","batch_number":"BRITPCHIcken400GR280327","location":"","quantity":"28.0000","quantity_available":"0.0000","units":"1","status":"archived","order_ids":"[13087,13151,14172,14335,14454,15948,16280,16696,18419,18914,19724,20088,20365,20547]","supplier":"Brit","po":{"id":"607","date_created":"2024-10-11 16:04:42","batch_id":"624","po_number":"","supplier":"Brit","cost":null,"regular_price":null,"sale_price":null,"price_margin":null,"price_discount":null}},{"id":"1334","date_created":"2024-12-20 21:42:44","date_expiry":"2027-08-09 00:00:00","user_id":"9","batch_number":"BRITPCHIcken400GR090827","location":"","quantity":"12.0000","quantity_available":"0.0000","units":"1","status":"archived","order_ids":"[20547,21636,22985,23790]","supplier":"Brit","po":{"id":"1308","date_created":"2024-12-20 21:42:46","batch_id":"1334","po_number":"","supplier":"Brit","cost":null,"regular_price":null,"sale_price":null,"price_margin":null,"price_discount":null}},{"id":"3133","date_created":"2025-04-23 08:24:52","date_expiry":"2027-10-22 00:00:00","user_id":"9","batch_number":"BRITPCHIcken400GR221027","location":"","quantity":"6.0000","quantity_available":"0.0000","units":"1","status":"archived","order_ids":"[23790]","supplier":"Brit","po":{"id":"3100","date_created":"2025-04-23 08:24:53","batch_id":"3133","po_number":"","supplier":"Brit","cost":null,"regular_price":null,"sale_price":null,"price_margin":null,"price_discount":null}},{"id":"3857","date_created":"2025-06-05 08:57:42","date_expiry":"2027-12-20 00:00:00","user_id":"9","batch_number":"BRITPCHIcken400GR201227","location":"","quantity":"6.0000","quantity_available":"0.0000","units":"1","status":"archived","order_ids":"[23790,24077,24141]","supplier":"Brit","po":{"id":"3821","date_created":"2025-06-05 08:57:42","batch_id":"3857","po_number":"","supplier":"Brit","cost":null,"regular_price":null,"sale_price":null,"price_margin":null,"price_discount":null}},{"id":"4228","date_created":"2025-07-03 18:02:44","date_expiry":"2027-12-20 00:00:00","user_id":"9","batch_number":"BRITPCHIcken400GR201227","location":"","quantity":"6.0000","quantity_available":"0.0000","units":"1","status":"archived","order_ids":"[24141,25267,25873]","supplier":"Brit","po":{"id":"4191","date_created":"2025-07-03 18:02:45","batch_id":"4228","po_number":"","supplier":"Brit","cost":null,"regular_price":null,"sale_price":null,"price_margin":null,"price_discount":null}},{"id":"4566","date_created":"2025-07-24 19:44:28","date_expiry":"2027-12-20 00:00:00","user_id":"9","batch_number":"BRITPCHIcken400GR201227","location":"","quantity":"6.0000","quantity_available":"0.0000","units":"1","status":"archived","order_ids":"[26767,28605]","supplier":"Brit","po":{"id":"4530","date_created":"2025-07-24 19:44:28","batch_id":"4566","po_number":"","supplier":"Brit","cost":null,"regular_price":null,"sale_price":null,"price_margin":null,"price_discount":null}},{"id":"5806","date_created":"2025-10-18 17:46:50","date_expiry":"2027-10-22 00:00:00","user_id":"9","batch_number":"BRITPCHIcken400GR221027","location":"","quantity":"18.0000","quantity_available":"0.0000","units":"1","status":"archived","order_ids":"[31011,32241]","supplier":"Brit","po":{"id":"5756","date_created":"2025-10-18 17:46:50","batch_id":"5806","po_number":"","supplier":"Brit","cost":null,"regular_price":null,"sale_price":null,"price_margin":null,"price_discount":null}},{"id":"6592","date_created":"2025-12-09 17:31:53","date_expiry":"2028-10-06 00:00:00","user_id":"9","batch_number":"BRITPCHIcken400GR061028","location":"","quantity":"10.0000","quantity_available":"0.0000","units":"1","status":"archived","order_ids":"[33134,35568,36815,37904,38250,38870,39173]","supplier":"Brit","po":{"id":"6537","date_created":"2025-12-09 17:31:54","batch_id":"6592","po_number":"","supplier":"Brit","cost":null,"regular_price":null,"sale_price":null,"price_margin":null,"price_discount":null}},{"id":"8423","date_created":"2026-03-23 13:31:34","date_expiry":"2028-12-06 00:00:00","user_id":"9","batch_number":"BRITPCHIcken400GR1228","location":"","quantity":"12.0000","quantity_available":"10.0000","units":"1","status":"active","order_ids":"[39230,41166,41755]","supplier":"Brit","po":{"id":"8351","date_created":"2026-03-23 13:31:34","batch_id":"8423","po_number":"","supplier":"Brit","cost":null,"regular_price":null,"sale_price":null,"price_margin":null,"price_discount":null}}],"_links":{"self":[{"href":"https:\/\/petworld.ma\/index.php\/wp-json\/wp\/v2\/product\/10452","targetHints":{"allow":["GET"]}}],"collection":[{"href":"https:\/\/petworld.ma\/index.php\/wp-json\/wp\/v2\/product"}],"about":[{"href":"https:\/\/petworld.ma\/index.php\/wp-json\/wp\/v2\/types\/product"}],"wp:featuredmedia":[{"embeddable":true,"href":"https:\/\/petworld.ma\/index.php\/wp-json\/wp\/v2\/media\/10454"}],"wp:attachment":[{"href":"https:\/\/petworld.ma\/index.php\/wp-json\/wp\/v2\/media?parent=10452"}],"wp:term":[{"taxonomy":"product_brand","embeddable":true,"href":"https:\/\/petworld.ma\/index.php\/wp-json\/wp\/v2\/product_brand?post=10452"},{"taxonomy":"product_cat","embeddable":true,"href":"https:\/\/petworld.ma\/index.php\/wp-json\/wp\/v2\/product_cat?post=10452"},{"taxonomy":"product_tag","embeddable":true,"href":"https:\/\/petworld.ma\/index.php\/wp-json\/wp\/v2\/product_tag?post=10452"}],"curies":[{"name":"wp","href":"https:\/\/api.w.org\/{rel}","templated":true}]}}