{"id":10556,"date":"2024-08-01T15:38:04","date_gmt":"2024-08-01T15:38:04","guid":{"rendered":"https:\/\/petworld.ma\/?post_type=product&#038;p=10556"},"modified":"2026-04-03T16:44:31","modified_gmt":"2026-04-03T16:44:31","slug":"purina-felix-sensations-festin-de-saveurs-en-gelatine-4x85g","status":"publish","type":"product","link":"https:\/\/petworld.ma\/index.php\/produit\/purina-felix-sensations-festin-de-saveurs-en-gelatine-4x85g\/","title":{"rendered":"Purina Felix Sensations Festin de Saveurs en G\u00e9latine 4x85g"},"content":{"rendered":"<p>FELIX\u00a0<sup>\u00ae<\/sup>\u00a0Sensations est une gamme d&rsquo;aliments d\u00e9licieux fabriqu\u00e9s avec des ingr\u00e9dients de qualit\u00e9 qui ont une apparence, une odeur et bien s\u00fbr un go\u00fbt d\u00e9licieux pour votre chat.<\/p>\n<p>Chaque repas FELIX\u00a0<sup>\u00ae<\/sup>\u00a0Sensations contient une vari\u00e9t\u00e9 de petits morceaux de viande ou de poisson servis dans de d\u00e9licieuses et savoureuses gel\u00e9es pour une saveur et un ar\u00f4me app\u00e9tissants. FELIX\u00a0<sup>\u00ae<\/sup>\u00a0Sensations est disponible dans une large gamme de saveurs de poisson et de viande pour satisfaire l&rsquo;amour de la vari\u00e9t\u00e9 de votre chat.<\/p>\n<p><strong>Composition<\/strong><\/p>\n<p>Au B\u0153uf : Viandes et sous-produits d&rsquo;origine animale* (14%, dont 4% de b\u0153uf), Extraits de prot\u00e9ines v\u00e9g\u00e9tales, Poissons et sous-produits de poisson, L\u00e9gumes (0,9% de tomate d\u00e9shydrat\u00e9e, \u00e9quivalent \u00e0 11% de tomate en g\u00e9latine), Substances min\u00e9rales, Sucres<\/p>\n<p>*pi\u00e8ces : 44% Viandes et sous-produits d&rsquo;origine animale.<\/p>\n<p>Au Poulet : Viandes et sous-produits d&rsquo;origine animale* (14%, dont poulet 8%), Extraits de prot\u00e9ines v\u00e9g\u00e9tales, Poissons et sous-produits de poisson, L\u00e9gumes (0,7% de carotte d\u00e9shydrat\u00e9e, \u00e9quivalent \u00e0 8,5% de carotte dans la g\u00e9latine), Substances min\u00e9rales, Sucres<\/p>\n<p>*pi\u00e8ces : 44% Viandes et sous-produits d&rsquo;origine animale.<\/p>\n","protected":false},"excerpt":{"rendered":"<ul>\n<li>Alimentation 100% compl\u00e8te et \u00e9quilibr\u00e9e.<\/li>\n<li>Vitamines D&amp;E.<\/li>\n<li>Source d&rsquo;acides gras om\u00e9ga 6.<\/li>\n<li>Nourriture humide pour chats compos\u00e9e d&rsquo;ingr\u00e9dients de qualit\u00e9.<\/li>\n<\/ul>\n","protected":false},"featured_media":10557,"template":"","meta":{"jetpack_publicize_message":"","jetpack_publicize_feature_enabled":true,"jetpack_social_post_already_shared":true,"jetpack_social_options":{"image_generator_settings":{"template":"highway","default_image_id":0,"font":"","enabled":false},"version":2}},"product_brand":[],"product_cat":[41],"product_tag":[],"class_list":{"0":"post-10556","1":"product","2":"type-product","3":"status-publish","4":"has-post-thumbnail","6":"product_cat-friandises-et-pate-pour-chat","8":"first","9":"instock","10":"sale","11":"taxable","12":"shipping-taxable","13":"purchasable","14":"product-type-simple"},"supplier_id":5592,"supplier_sku":"","barcode":null,"atum_controlled":true,"out_stock_date":null,"out_stock_threshold":null,"inheritable":false,"inbound_stock":0,"stock_on_hold":0,"sold_today":1,"sales_last_days":1,"reserved_stock":0,"customer_returns":0,"warehouse_damage":0,"lost_in_post":0,"other_logs":0,"out_stock_days":0,"lost_sales":0,"has_location":false,"update_date":"2026-04-03T16:44:38","atum_locations":[],"atum_stock_status":"instock","restock_status":false,"low_stock_amount":12,"sales_update_date":"2026-04-03T16:44:37","calc_backorders":null,"jetpack_publicize_connections":[],"jetpack_sharing_enabled":true,"batches":[{"id":"564","date_created":"2024-10-06 20:38:25","date_expiry":"2025-06-30 00:00:00","user_id":"2461","batch_number":"FelixCelatinasFestDeSabore300625","location":"","quantity":"10.0000","quantity_available":"0.0000","units":"1","status":"archived","order_ids":"[12585,13247,13516,14562,14792,14835,16830,18117,18133]","supplier":"Casablanca","po":{"id":"547","date_created":"2024-10-06 20:38:26","batch_id":"564","po_number":"","supplier":"Casablanca","cost":null,"regular_price":null,"sale_price":null,"price_margin":null,"price_discount":null}},{"id":"7597","date_created":"2026-02-09 16:11:27","date_expiry":"2026-08-30 00:00:00","user_id":"2461","batch_number":"FelixCelatinasFestDeSabore300826","location":"","quantity":"18.0000","quantity_available":"10.0000","units":"1","status":"active","order_ids":"[36347,36556,36983,37939,37985,38016,38878]","supplier":"Casablanca","po":{"id":"7532","date_created":"2026-02-09 16:11:27","batch_id":"7597","po_number":"","supplier":"Casablanca","cost":null,"regular_price":null,"sale_price":null,"price_margin":null,"price_discount":null}}],"_links":{"self":[{"href":"https:\/\/petworld.ma\/index.php\/wp-json\/wp\/v2\/product\/10556","targetHints":{"allow":["GET"]}}],"collection":[{"href":"https:\/\/petworld.ma\/index.php\/wp-json\/wp\/v2\/product"}],"about":[{"href":"https:\/\/petworld.ma\/index.php\/wp-json\/wp\/v2\/types\/product"}],"wp:featuredmedia":[{"embeddable":true,"href":"https:\/\/petworld.ma\/index.php\/wp-json\/wp\/v2\/media\/10557"}],"wp:attachment":[{"href":"https:\/\/petworld.ma\/index.php\/wp-json\/wp\/v2\/media?parent=10556"}],"wp:term":[{"taxonomy":"product_brand","embeddable":true,"href":"https:\/\/petworld.ma\/index.php\/wp-json\/wp\/v2\/product_brand?post=10556"},{"taxonomy":"product_cat","embeddable":true,"href":"https:\/\/petworld.ma\/index.php\/wp-json\/wp\/v2\/product_cat?post=10556"},{"taxonomy":"product_tag","embeddable":true,"href":"https:\/\/petworld.ma\/index.php\/wp-json\/wp\/v2\/product_tag?post=10556"}],"curies":[{"name":"wp","href":"https:\/\/api.w.org\/{rel}","templated":true}]}}