{"id":10558,"date":"2024-08-01T15:45:53","date_gmt":"2024-08-01T15:45:53","guid":{"rendered":"https:\/\/petworld.ma\/?post_type=product&#038;p=10558"},"modified":"2026-04-24T00:35:40","modified_gmt":"2026-04-24T00:35:40","slug":"purina-felix-fantastique-junior-4x85g","status":"publish","type":"product","link":"https:\/\/petworld.ma\/index.php\/produit\/purina-felix-fantastique-junior-4x85g\/","title":{"rendered":"Purina Felix Fantastique Junior 4x85g"},"content":{"rendered":"<p>FELIX\u00a0<sup>\u00ae<\/sup>\u00a0Fantastic Junior sont des repas qui ont l&rsquo;air, l&rsquo;odeur et le go\u00fbt si d\u00e9licieux qu&rsquo;on pourrait croire que vous les avez cuisin\u00e9s vous-m\u00eame. Chaque recette, compos\u00e9e d&rsquo;ingr\u00e9dients de qualit\u00e9, contient de tendres morceaux de g\u00e9latine succulente pour un repas savoureux que votre chat trouvera irr\u00e9sistible. Ils ont aussi bon go\u00fbt qu\u2019ils en ont l\u2019air\u00a0!<\/p>\n<p>Sp\u00e9cialement formul\u00e9 pour la premi\u00e8re ann\u00e9e de vie de votre chaton, avec des prot\u00e9ines, des vitamines et des min\u00e9raux essentiels pour aider \u00e0 d\u00e9velopper des muscles, des os et des dents solides et r\u00e9pondre \u00e0 100 % des besoins quotidiens de votre chaton.<br \/>\nVeuillez consulter la ration journali\u00e8re recommand\u00e9e.<\/p>\n<p>FELIX\u00a0<sup>\u00ae<\/sup>\u00a0&#8211; Tout simplement irr\u00e9sistible !<\/p>\n<p>Au B\u0153uf : Viandes et sous-produits d&rsquo;origine animale* (20%, dont b\u0153uf 4%), Extraits de prot\u00e9ines v\u00e9g\u00e9tales, Poissons et sous-produits de poisson, Sous-produits d&rsquo;origine v\u00e9g\u00e9tale, Substances min\u00e9rales, Sucres<\/p>\n<p>*morceaux : 50% de viande et sous-produits animaux.<\/p>\n<p>Au Poulet : Viandes et sous-produits d&rsquo;origine animale* (20%, dont poulet 8%), Extraits de prot\u00e9ines v\u00e9g\u00e9tales, Poissons et sous-produits de poisson, Sous-produits d&rsquo;origine v\u00e9g\u00e9tale, Substances min\u00e9rales, Sucres<\/p>\n<p>*pi\u00e8ces : 50% viandes et produits d&rsquo;origine animale.<\/p>\n<p>Au Thon : Viandes et sous-produits d&rsquo;origine animale* (18%), Extraits de prot\u00e9ines v\u00e9g\u00e9tales, Poissons et sous-produits de poisson (thon 4%), Sous-produits d&rsquo;origine v\u00e9g\u00e9tale, Substances min\u00e9rales, Sucres<\/p>\n<p>*pi\u00e8ces\u00a0: 44 % Viande et sous-produits d&rsquo;origine animale.<\/p>\n<p>Au Saumon : Viandes et sous-produits d&rsquo;origine animale* (18%), Extraits de prot\u00e9ines v\u00e9g\u00e9tales, Poissons et sous-produits de poisson (Saumon 4%), Sous-produits d&rsquo;origine v\u00e9g\u00e9tale, Substances min\u00e9rales,<br \/>\nSucres<\/p>\n<p>*pi\u00e8ces : 44% Viandes et sous-produits d&rsquo;origine animale.<\/p>\n","protected":false},"excerpt":{"rendered":"<ul>\n<li>Alimentation 100% compl\u00e8te et \u00e9quilibr\u00e9e.<\/li>\n<li>Vitamines D&amp;E.<\/li>\n<li>Source d&rsquo;acides gras om\u00e9ga 6.<\/li>\n<li>Nourriture humide pour chats compos\u00e9e d&rsquo;ingr\u00e9dients de qualit\u00e9.<\/li>\n<\/ul>\n","protected":false},"featured_media":10559,"template":"","meta":{"jetpack_publicize_message":"","jetpack_publicize_feature_enabled":true,"jetpack_social_post_already_shared":true,"jetpack_social_options":{"image_generator_settings":{"template":"highway","default_image_id":0,"font":"","enabled":false},"version":2}},"product_brand":[],"product_cat":[41],"product_tag":[],"class_list":{"0":"post-10558","1":"product","2":"type-product","3":"status-publish","4":"has-post-thumbnail","6":"product_cat-friandises-et-pate-pour-chat","8":"first","9":"instock","10":"sale","11":"taxable","12":"shipping-taxable","13":"purchasable","14":"product-type-simple"},"supplier_id":5592,"supplier_sku":"","barcode":null,"atum_controlled":true,"out_stock_date":null,"out_stock_threshold":null,"inheritable":false,"inbound_stock":0,"stock_on_hold":0,"sold_today":0,"sales_last_days":2,"reserved_stock":0,"customer_returns":0,"warehouse_damage":0,"lost_in_post":0,"other_logs":0,"out_stock_days":0,"lost_sales":0,"has_location":false,"update_date":"2026-05-03T00:15:23","atum_locations":[],"atum_stock_status":"instock","restock_status":false,"low_stock_amount":12,"sales_update_date":"2026-05-03T00:15:23","calc_backorders":null,"jetpack_publicize_connections":[],"jetpack_sharing_enabled":true,"batches":[{"id":"560","date_created":"2024-10-06 20:27:12","date_expiry":"2026-05-31 00:00:00","user_id":"2461","batch_number":"FelixJunior310526","location":"","quantity":"30.0000","quantity_available":"0.0000","units":"1","status":"archived","order_ids":"[12735,12954,13129,13133,13229,15679,16167,16643,17002,17538,17908,18062,18093,18127,18221,18341]","supplier":"Casablanca","po":{"id":"543","date_created":"2024-10-06 20:27:13","batch_id":"560","po_number":"","supplier":"Casablanca","cost":null,"regular_price":null,"sale_price":null,"price_margin":null,"price_discount":null}},{"id":"744","date_created":"2024-11-05 14:38:29","date_expiry":"2026-07-31 00:00:00","user_id":"2461","batch_number":"FelixJunior310726","location":"","quantity":"12.0000","quantity_available":"0.0000","units":"1","status":"archived","order_ids":"[18344,18543,18603,18630]","supplier":"Casablanca","po":{"id":"725","date_created":"2024-11-05 14:38:29","batch_id":"744","po_number":"","supplier":"Casablanca","cost":null,"regular_price":null,"sale_price":null,"price_margin":null,"price_discount":null}},{"id":"1366","date_created":"2024-12-26 09:51:19","date_expiry":"2026-07-31 00:00:00","user_id":"2461","batch_number":"FelixJunior3108726","location":"","quantity":"24.0000","quantity_available":"0.0000","units":"1","status":"archived","order_ids":"[18789,18976,18998,19079,19156,19535,19712,20186,20258]","supplier":"Rabat","po":{"id":"1340","date_created":"2024-12-26 09:51:22","batch_id":"1366","po_number":"","supplier":"Rabat","cost":null,"regular_price":null,"sale_price":null,"price_margin":null,"price_discount":null}},{"id":"2776","date_created":"2025-04-06 01:23:54","date_expiry":"2027-01-31 00:00:00","user_id":"2461","batch_number":"FelixJunior310127","location":"","quantity":"60.0000","quantity_available":"0.0000","units":"1","status":"archived","order_ids":"[20783,20852,21049,21071,22374,22385,24311,24621,24637,24862,24925,25057,25064,25240]","supplier":"RABAT","po":{"id":"2743","date_created":"2025-04-06 01:23:55","batch_id":"2776","po_number":"","supplier":"RABAT","cost":null,"regular_price":null,"sale_price":null,"price_margin":null,"price_discount":null}},{"id":"3208","date_created":"2025-04-27 17:58:03","date_expiry":"2027-01-31 00:00:00","user_id":"2461","batch_number":"FelixJunior310127","location":"","quantity":"24.0000","quantity_available":"0.0000","units":"1","status":"archived","order_ids":"[21425,21467,21479,21558,21777,21819,21824,22000]","supplier":"Rabat","po":{"id":"3176","date_created":"2025-04-27 17:58:04","batch_id":"3208","po_number":"","supplier":"Rabat","cost":null,"regular_price":null,"sale_price":null,"price_margin":null,"price_discount":null}},{"id":"3791","date_created":"2025-06-04 20:14:49","date_expiry":"2027-01-31 00:00:00","user_id":"2461","batch_number":"FelixJunior310127","location":"","quantity":"24.0000","quantity_available":"0.0000","units":"1","status":"archived","order_ids":"[22970,23122,23485,23582,23676,23727,23858,24063,24215,24311]","supplier":"Rabat","po":{"id":"3756","date_created":"2025-06-04 20:14:50","batch_id":"3791","po_number":"","supplier":"Rabat","cost":null,"regular_price":null,"sale_price":null,"price_margin":null,"price_discount":null}},{"id":"4693","date_created":"2025-08-02 16:39:01","date_expiry":"2027-01-31 00:00:00","user_id":"2461","batch_number":"FelixJunior310127","location":"","quantity":"72.0000","quantity_available":"0.0000","units":"1","status":"archived","order_ids":"[25373,25524,25584,25707,25953,26030,26163,26386,26570,26647,26831,27244,27465,27529,27897,27992,28060,28064]","supplier":"Rabat","po":{"id":"4657","date_created":"2025-08-02 16:39:02","batch_id":"4693","po_number":"","supplier":"Rabat","cost":null,"regular_price":null,"sale_price":null,"price_margin":null,"price_discount":null}},{"id":"5580","date_created":"2025-10-01 14:52:57","date_expiry":"2027-05-31 00:00:00","user_id":"2461","batch_number":"FelixJunior310527","location":"","quantity":"60.0000","quantity_available":"0.0000","units":"1","status":"archived","order_ids":"[28609,28834,29013,29043,29252,29320,29405,29457,29861,29874,29891,29966,29967,30138,30159,30302,30321,30392,30419,30498,30647,30929]","supplier":"Rabat","po":{"id":"5534","date_created":"2025-10-01 14:52:58","batch_id":"5580","po_number":"","supplier":"Rabat","cost":null,"regular_price":null,"sale_price":null,"price_margin":null,"price_discount":null}},{"id":"6604","date_created":"2025-12-10 09:49:05","date_expiry":"2027-05-31 00:00:00","user_id":"2461","batch_number":"FelixJunior310527","location":"","quantity":"60.0000","quantity_available":"7.0000","units":"1","status":"active","order_ids":"[32060,32079,32225,32338,32430,33004,33809,34094,34446,34530,36808,37579,37798,37824,37861,37939,38278,38997,39169,40011,40543,40655]","supplier":"Rabat","po":{"id":"6549","date_created":"2025-12-10 09:49:05","batch_id":"6604","po_number":"","supplier":"Rabat","cost":null,"regular_price":null,"sale_price":null,"price_margin":null,"price_discount":null}}],"_links":{"self":[{"href":"https:\/\/petworld.ma\/index.php\/wp-json\/wp\/v2\/product\/10558","targetHints":{"allow":["GET"]}}],"collection":[{"href":"https:\/\/petworld.ma\/index.php\/wp-json\/wp\/v2\/product"}],"about":[{"href":"https:\/\/petworld.ma\/index.php\/wp-json\/wp\/v2\/types\/product"}],"wp:featuredmedia":[{"embeddable":true,"href":"https:\/\/petworld.ma\/index.php\/wp-json\/wp\/v2\/media\/10559"}],"wp:attachment":[{"href":"https:\/\/petworld.ma\/index.php\/wp-json\/wp\/v2\/media?parent=10558"}],"wp:term":[{"taxonomy":"product_brand","embeddable":true,"href":"https:\/\/petworld.ma\/index.php\/wp-json\/wp\/v2\/product_brand?post=10558"},{"taxonomy":"product_cat","embeddable":true,"href":"https:\/\/petworld.ma\/index.php\/wp-json\/wp\/v2\/product_cat?post=10558"},{"taxonomy":"product_tag","embeddable":true,"href":"https:\/\/petworld.ma\/index.php\/wp-json\/wp\/v2\/product_tag?post=10558"}],"curies":[{"name":"wp","href":"https:\/\/api.w.org\/{rel}","templated":true}]}}