{"id":10569,"date":"2024-08-01T16:03:46","date_gmt":"2024-08-01T16:03:46","guid":{"rendered":"https:\/\/petworld.ma\/?post_type=product&#038;p=10569"},"modified":"2026-04-11T14:20:12","modified_gmt":"2026-04-11T14:20:12","slug":"pelle-a-dejections-easy-scoop-noir-et-gris","status":"publish","type":"product","link":"https:\/\/petworld.ma\/index.php\/produit\/pelle-a-dejections-easy-scoop-noir-et-gris\/","title":{"rendered":"Pelle \u00e0 D\u00e9jections Easy Scoop Noir et Gris"},"content":{"rendered":"<div class=\"mb-2\">Pelle en plastique pour ramasser les excr\u00e9ments de votre chien. Facile \u00e0 utiliser d&rsquo;une seule main en pressant la poign\u00e9e.<\/div>\n<div class=\"cms-element-text\">\n<ul>\n<li>Mat\u00e9riau : synth\u00e9tique<\/li>\n<li>Utilisation facile d&rsquo;une seule main en pressant la poign\u00e9e<\/li>\n<\/ul>\n<\/div>\n","protected":false},"excerpt":{"rendered":"<p>Pelle en plastique pour ramasser les excr\u00e9ments de votre chien. Facile \u00e0 utiliser d&rsquo;une seule main en pressant la poign\u00e9e. Mat\u00e9riau : synth\u00e9tique Utilisation facile d&rsquo;une seule main en pressant la poign\u00e9e<\/p>\n","protected":false},"featured_media":10567,"template":"","meta":{"jetpack_publicize_message":"","jetpack_publicize_feature_enabled":true,"jetpack_social_post_already_shared":true,"jetpack_social_options":{"image_generator_settings":{"template":"highway","default_image_id":0,"font":"","enabled":false},"version":2}},"product_brand":[],"product_cat":[92,106,94],"product_tag":[],"class_list":{"0":"post-10569","1":"product","2":"type-product","3":"status-publish","4":"has-post-thumbnail","6":"product_cat-harnais-et-laisses-pour-chien","7":"product_cat-jouet-et-dressage","8":"product_cat-litieres-et-bacs","10":"first","11":"instock","12":"taxable","13":"shipping-taxable","14":"purchasable","15":"product-type-variable"},"supplier_id":8770,"supplier_sku":"","barcode":null,"atum_controlled":true,"out_stock_date":"2025-07-14 18:47:49","out_stock_threshold":null,"inheritable":false,"inbound_stock":0,"stock_on_hold":0,"sold_today":0,"sales_last_days":0,"reserved_stock":0,"customer_returns":0,"warehouse_damage":0,"lost_in_post":0,"other_logs":0,"out_stock_days":290,"lost_sales":0,"has_location":false,"update_date":"2026-05-01T00:15:53","atum_locations":[],"atum_stock_status":"instock","restock_status":false,"low_stock_amount":"","sales_update_date":"2026-05-01T00:15:53","calc_backorders":null,"jetpack_publicize_connections":[],"jetpack_sharing_enabled":true,"batches":[],"_links":{"self":[{"href":"https:\/\/petworld.ma\/index.php\/wp-json\/wp\/v2\/product\/10569","targetHints":{"allow":["GET"]}}],"collection":[{"href":"https:\/\/petworld.ma\/index.php\/wp-json\/wp\/v2\/product"}],"about":[{"href":"https:\/\/petworld.ma\/index.php\/wp-json\/wp\/v2\/types\/product"}],"wp:featuredmedia":[{"embeddable":true,"href":"https:\/\/petworld.ma\/index.php\/wp-json\/wp\/v2\/media\/10567"}],"wp:attachment":[{"href":"https:\/\/petworld.ma\/index.php\/wp-json\/wp\/v2\/media?parent=10569"}],"wp:term":[{"taxonomy":"product_brand","embeddable":true,"href":"https:\/\/petworld.ma\/index.php\/wp-json\/wp\/v2\/product_brand?post=10569"},{"taxonomy":"product_cat","embeddable":true,"href":"https:\/\/petworld.ma\/index.php\/wp-json\/wp\/v2\/product_cat?post=10569"},{"taxonomy":"product_tag","embeddable":true,"href":"https:\/\/petworld.ma\/index.php\/wp-json\/wp\/v2\/product_tag?post=10569"}],"curies":[{"name":"wp","href":"https:\/\/api.w.org\/{rel}","templated":true}]}}