{"id":10571,"date":"2024-08-01T16:14:00","date_gmt":"2024-08-01T16:14:00","guid":{"rendered":"https:\/\/petworld.ma\/?post_type=product&#038;p=10571"},"modified":"2026-02-17T20:21:55","modified_gmt":"2026-02-17T20:21:55","slug":"dentifrice-pour-chien-camon-70ml","status":"publish","type":"product","link":"https:\/\/petworld.ma\/index.php\/produit\/dentifrice-pour-chien-camon-70ml\/","title":{"rendered":"Dentifrice pour chien 70ml &#8211; Camon"},"content":{"rendered":"<div class=\"product__block product__description rte\">\n<p>Ce dentifrice enti\u00e8rement naturel, \u00e0 base d&rsquo;argiles et d&rsquo;huiles essentielles, nettoie en profondeur avec une action abrasive douce, contr\u00f4le l&rsquo;accumulation de plaque dentaire et les caries et a une action rafra\u00eechissante pour l&rsquo;haleine.<br \/>\nIl renforce et prot\u00e8ge les dents et les gencives des animaux.<br \/>\n<strong>Purifie en profondeur, contr\u00f4le la mauvaise haleine.<\/strong><\/p>\n<p>Mode d&#8217;emploi :<br \/>\n1. Appliquez le dentifrice sur une brosse \u00e0 dents.<br \/>\n2. Massez soigneusement les dents et les gencives de l&rsquo;animal au moins une fois par jour, apr\u00e8s le repas principal. Le rin\u00e7age n&rsquo;est pas n\u00e9cessaire.<\/p>\n<\/div>\n","protected":false},"excerpt":{"rendered":"<p>Ce dentifrice enti\u00e8rement naturel, \u00e0 base d&rsquo;argiles et d&rsquo;huiles essentielles, nettoie en profondeur avec une action abrasive douce, contr\u00f4le l&rsquo;accumulation de plaque dentaire et les caries et a une action rafra\u00eechissante pour l&rsquo;haleine. Il renforce et prot\u00e8ge les dents et les gencives des animaux. Purifie en profondeur, contr\u00f4le la mauvaise haleine. Mode d&#8217;emploi : 1. [&#8230;]\n","protected":false},"featured_media":10574,"template":"","meta":{"jetpack_publicize_message":"","jetpack_publicize_feature_enabled":true,"jetpack_social_post_already_shared":true,"jetpack_social_options":{"image_generator_settings":{"template":"highway","default_image_id":0,"font":"","enabled":false},"version":2}},"product_brand":[],"product_cat":[217],"product_tag":[],"class_list":{"0":"post-10571","1":"product","2":"type-product","3":"status-publish","4":"has-post-thumbnail","6":"product_cat-dentifrice-soin-buccal-hygiene-et-soins","8":"first","9":"instock","10":"sale","11":"taxable","12":"shipping-taxable","13":"purchasable","14":"product-type-simple"},"supplier_id":8770,"supplier_sku":"","barcode":null,"atum_controlled":true,"out_stock_date":null,"out_stock_threshold":null,"inheritable":false,"inbound_stock":0,"stock_on_hold":0,"sold_today":0,"sales_last_days":0,"reserved_stock":0,"customer_returns":0,"warehouse_damage":0,"lost_in_post":0,"other_logs":0,"out_stock_days":0,"lost_sales":0,"has_location":false,"update_date":"2026-04-15T00:09:36","atum_locations":[],"atum_stock_status":"instock","restock_status":false,"low_stock_amount":1,"sales_update_date":"2026-04-15T00:09:36","calc_backorders":null,"jetpack_publicize_connections":[],"jetpack_sharing_enabled":true,"batches":[],"_links":{"self":[{"href":"https:\/\/petworld.ma\/index.php\/wp-json\/wp\/v2\/product\/10571","targetHints":{"allow":["GET"]}}],"collection":[{"href":"https:\/\/petworld.ma\/index.php\/wp-json\/wp\/v2\/product"}],"about":[{"href":"https:\/\/petworld.ma\/index.php\/wp-json\/wp\/v2\/types\/product"}],"wp:featuredmedia":[{"embeddable":true,"href":"https:\/\/petworld.ma\/index.php\/wp-json\/wp\/v2\/media\/10574"}],"wp:attachment":[{"href":"https:\/\/petworld.ma\/index.php\/wp-json\/wp\/v2\/media?parent=10571"}],"wp:term":[{"taxonomy":"product_brand","embeddable":true,"href":"https:\/\/petworld.ma\/index.php\/wp-json\/wp\/v2\/product_brand?post=10571"},{"taxonomy":"product_cat","embeddable":true,"href":"https:\/\/petworld.ma\/index.php\/wp-json\/wp\/v2\/product_cat?post=10571"},{"taxonomy":"product_tag","embeddable":true,"href":"https:\/\/petworld.ma\/index.php\/wp-json\/wp\/v2\/product_tag?post=10571"}],"curies":[{"name":"wp","href":"https:\/\/api.w.org\/{rel}","templated":true}]}}