{"id":10582,"date":"2024-08-01T16:44:37","date_gmt":"2024-08-01T16:44:37","guid":{"rendered":"https:\/\/petworld.ma\/?post_type=product&#038;p=10582"},"modified":"2026-02-18T17:48:36","modified_gmt":"2026-02-18T17:48:36","slug":"collier-flamingo-avec-strass-pour-chat-blanc","status":"publish","type":"product","link":"https:\/\/petworld.ma\/index.php\/produit\/collier-flamingo-avec-strass-pour-chat-blanc\/","title":{"rendered":"Collier Flamingo Chat avec Strass Blanc"},"content":{"rendered":"<div class=\"mb-2\">Offrez \u00e0 votre chat le collier Alp Monte Carlo \u00e9l\u00e9gant et robuste ! Avec une clochette pour toujours savoir o\u00f9 se trouve votre compagnon, ce collier est parfait pour les chats aventuriers qui aiment rester pr\u00e8s de vous. D\u00e9couvrez-le d\u00e8s maintenant !<\/div>\n<div class=\"cms-element-text\">\n<ul>\n<li>Mat\u00e9riau : similicuir<\/li>\n<li>La boucle est chrom\u00e9e<\/li>\n<li>Cousu pour une plus grande r\u00e9sistance<\/li>\n<li>Avec insert \u00e9lastique pour la s\u00e9curit\u00e9<\/li>\n<li>Avec clochette de chat<\/li>\n<li>D\u00e9cor\u00e9 avec strass<\/li>\n<\/ul>\n<\/div>\n","protected":false},"excerpt":{"rendered":"<p>Dimmension: 22-25CM 11MM<\/p>\n","protected":false},"featured_media":10583,"template":"","meta":{"jetpack_publicize_message":"","jetpack_publicize_feature_enabled":true,"jetpack_social_post_already_shared":true,"jetpack_social_options":{"image_generator_settings":{"template":"highway","default_image_id":0,"font":"","enabled":false},"version":2}},"product_brand":[],"product_cat":[233],"product_tag":[],"class_list":{"0":"post-10582","1":"product","2":"type-product","3":"status-publish","4":"has-post-thumbnail","6":"product_cat-colliers-harnais","8":"first","9":"instock","10":"taxable","11":"shipping-taxable","12":"purchasable","13":"product-type-simple"},"supplier_id":8770,"supplier_sku":"","barcode":null,"atum_controlled":true,"out_stock_date":null,"out_stock_threshold":null,"inheritable":false,"inbound_stock":0,"stock_on_hold":0,"sold_today":0,"sales_last_days":0,"reserved_stock":0,"customer_returns":0,"warehouse_damage":0,"lost_in_post":0,"other_logs":0,"out_stock_days":0,"lost_sales":0,"has_location":false,"update_date":"2026-05-07T00:20:12","atum_locations":[],"atum_stock_status":"instock","restock_status":false,"low_stock_amount":2,"sales_update_date":"2026-05-07T00:20:12","calc_backorders":null,"jetpack_publicize_connections":[],"jetpack_sharing_enabled":true,"batches":[],"_links":{"self":[{"href":"https:\/\/petworld.ma\/index.php\/wp-json\/wp\/v2\/product\/10582","targetHints":{"allow":["GET"]}}],"collection":[{"href":"https:\/\/petworld.ma\/index.php\/wp-json\/wp\/v2\/product"}],"about":[{"href":"https:\/\/petworld.ma\/index.php\/wp-json\/wp\/v2\/types\/product"}],"wp:featuredmedia":[{"embeddable":true,"href":"https:\/\/petworld.ma\/index.php\/wp-json\/wp\/v2\/media\/10583"}],"wp:attachment":[{"href":"https:\/\/petworld.ma\/index.php\/wp-json\/wp\/v2\/media?parent=10582"}],"wp:term":[{"taxonomy":"product_brand","embeddable":true,"href":"https:\/\/petworld.ma\/index.php\/wp-json\/wp\/v2\/product_brand?post=10582"},{"taxonomy":"product_cat","embeddable":true,"href":"https:\/\/petworld.ma\/index.php\/wp-json\/wp\/v2\/product_cat?post=10582"},{"taxonomy":"product_tag","embeddable":true,"href":"https:\/\/petworld.ma\/index.php\/wp-json\/wp\/v2\/product_tag?post=10582"}],"curies":[{"name":"wp","href":"https:\/\/api.w.org\/{rel}","templated":true}]}}