{"id":10642,"date":"2024-08-02T14:27:40","date_gmt":"2024-08-02T14:27:40","guid":{"rendered":"https:\/\/petworld.ma\/?post_type=product&#038;p=10642"},"modified":"2026-03-12T16:11:26","modified_gmt":"2026-03-12T16:11:26","slug":"purina-felix-fantastique-festin-de-saveurs-en-gelatine-12x85g","status":"publish","type":"product","link":"https:\/\/petworld.ma\/index.php\/produit\/purina-felix-fantastique-festin-de-saveurs-en-gelatine-12x85g\/","title":{"rendered":"Purina Felix Fantastique Festin de Saveurs en G\u00e9latine 12x85g"},"content":{"rendered":"<p>FELIX\u00ae Fantastic est une gamme de plats d\u00e9licieux qui ont une apparence, une odeur et un go\u00fbt si irr\u00e9sistibles qu&rsquo;on pourrait croire que vous les avez cuisin\u00e9s vous-m\u00eame. Chaque recette, r\u00e9alis\u00e9e avec des ingr\u00e9dients de qualit\u00e9, contient des morceaux tendres dans une succulente g\u00e9latine pour que votre chat puisse savourer un repas savoureux qui lui sera irr\u00e9sistible !<\/p>\n<p>Ils sont \u00e9galement une source d&rsquo;acides gras essentiels om\u00e9ga 6 avec la bonne combinaison de vitamines et de min\u00e9raux \u00e9quilibr\u00e9s pour aider \u00e0 garder votre chat plein de vitalit\u00e9 et pr\u00eat \u00e0 faire des b\u00eatises ! Ils regorgent de bienfaits pour la sant\u00e9 et couvrent 100 % des besoins quotidiens de votre chat lorsqu&rsquo;il est nourri selon la ration journali\u00e8re recommand\u00e9e.<\/p>\n<p>Et ce n&rsquo;est pas tout ! FELIX\u00ae Fantastic se d\u00e9cline dans une grande vari\u00e9t\u00e9 de d\u00e9licieuses recettes en gel\u00e9es savoureuses pour satisfaire le go\u00fbt de votre chat pour la vari\u00e9t\u00e9 au quotidien. Ils ont aussi bon go\u00fbt qu\u2019ils en ont l\u2019air\u00a0!<\/p>\n<p>FELIX\u00ae &#8211; Tout simplement irr\u00e9sistible !<\/p>\n<p>Au Poulet :<br \/>\nViandes et sous-produits d&rsquo;origine animale* (14%, dont poulet 8%)<br \/>\nExtraits de prot\u00e9ines v\u00e9g\u00e9tales<br \/>\nPoissons et sous-produits de poisson<br \/>\nSubstances min\u00e9rales<br \/>\nSucres<\/p>\n<p>*morceaux : 44% viandes et sous-produits animaux.<\/p>\n<p>Au Lapin : Viandes et sous-produits d&rsquo;origine animale* (14%, dont lapin 4%), Extraits de prot\u00e9ines v\u00e9g\u00e9tales, Poissons et sous-produits de poisson, Substances min\u00e9rales, Sucres<\/p>\n<p>*pi\u00e8ces : 44% Viandes et sous-produits d&rsquo;origine animale.<\/p>\n<p>A l&rsquo;agneau : Viandes et sous-produits d&rsquo;origine animale* (14%, dont agneau 4%), Extraits de prot\u00e9ines v\u00e9g\u00e9tales, Poissons et sous-produits de poisson, Substances min\u00e9rales, Sucres<\/p>\n<p>*pi\u00e8ces : 44% Viandes et sous-produits d&rsquo;origine animale.<\/p>\n<p>Au B\u0153uf : Viandes et sous-produits d&rsquo;origine animale* (14%, dont b\u0153uf 4%), Extraits de prot\u00e9ines v\u00e9g\u00e9tales, Poissons et sous-produits de poisson, Substances min\u00e9rales, Sucres<\/p>\n<p>*pi\u00e8ces : 44% Viandes et sous-produits d&rsquo;origine animale.<\/p>\n","protected":false},"excerpt":{"rendered":"<ul>\n<li>Alimentation 100% compl\u00e8te et \u00e9quilibr\u00e9e.<\/li>\n<li>Source d&rsquo;acides gras om\u00e9ga 6.<\/li>\n<li>Fabriqu\u00e9 avec des ingr\u00e9dients de qualit\u00e9.<\/li>\n<li>Sans ar\u00f4mes artificiels ajout\u00e9s et sans conservateurs artificiels ajout\u00e9s.<\/li>\n<\/ul>\n","protected":false},"featured_media":10644,"template":"","meta":{"jetpack_publicize_message":"","jetpack_publicize_feature_enabled":true,"jetpack_social_post_already_shared":true,"jetpack_social_options":{"image_generator_settings":{"template":"highway","default_image_id":0,"font":"","enabled":false},"version":2}},"product_brand":[],"product_cat":[41],"product_tag":[],"class_list":{"0":"post-10642","1":"product","2":"type-product","3":"status-publish","4":"has-post-thumbnail","6":"product_cat-friandises-et-pate-pour-chat","8":"first","9":"outofstock","10":"sale","11":"taxable","12":"shipping-taxable","13":"purchasable","14":"product-type-simple"},"supplier_id":5592,"supplier_sku":"","barcode":null,"atum_controlled":true,"out_stock_date":"2026-03-12 16:11:25","out_stock_threshold":null,"inheritable":false,"inbound_stock":0,"stock_on_hold":0,"sold_today":0,"sales_last_days":0,"reserved_stock":0,"customer_returns":0,"warehouse_damage":0,"lost_in_post":0,"other_logs":0,"out_stock_days":42,"lost_sales":0,"has_location":false,"update_date":"2026-04-24T00:13:13","atum_locations":[],"atum_stock_status":"outofstock","restock_status":false,"low_stock_amount":12,"sales_update_date":"2026-04-24T00:13:12","calc_backorders":null,"jetpack_publicize_connections":[],"jetpack_sharing_enabled":true,"batches":[{"id":"593","date_created":"2024-10-09 18:30:13","date_expiry":"2025-12-31 00:00:00","user_id":"2461","batch_number":"FelixFantazyboeuf311225","location":"","quantity":"12.0000","quantity_available":"0.0000","units":"1","status":"archived","order_ids":"[12996,13295,13508,13510,13733,13969,14007,14301]","supplier":"Casablanca","po":{"id":"576","date_created":"2024-10-09 18:30:14","batch_id":"593","po_number":"","supplier":"Casablanca","cost":null,"regular_price":null,"sale_price":null,"price_margin":null,"price_discount":null}},{"id":"1367","date_created":"2024-12-26 18:49:58","date_expiry":"2026-10-31 00:00:00","user_id":"2461","batch_number":"FelixFantazyboeuf311026","location":"","quantity":"18.0000","quantity_available":"0.0000","units":"1","status":"archived","order_ids":"[16281,16304,16329,16761,17127,17412,17553,17812,17815,17849,18036]","supplier":"Rabat","po":{"id":"1341","date_created":"2024-12-26 18:50:01","batch_id":"1367","po_number":"","supplier":"Rabat","cost":null,"regular_price":null,"sale_price":null,"price_margin":null,"price_discount":null}},{"id":"2142","date_created":"2025-02-25 13:25:02","date_expiry":"2026-10-31 00:00:00","user_id":"2461","batch_number":"FelixFantazyboeuf311026","location":"","quantity":"14.0000","quantity_available":"0.0000","units":"1","status":"archived","order_ids":"[18441,18460,18606,18764,18982,19174,19217,19310,19419]","supplier":"Rabat","po":{"id":"2112","date_created":"2025-02-25 13:25:05","batch_id":"2142","po_number":"","supplier":"Rabat","cost":null,"regular_price":null,"sale_price":null,"price_margin":null,"price_discount":null}},{"id":"3210","date_created":"2025-04-28 09:18:30","date_expiry":"2026-10-31 00:00:00","user_id":"2461","batch_number":"FelixFantazyboeuf311226","location":"","quantity":"30.0000","quantity_available":"0.0000","units":"1","status":"archived","order_ids":"[22095,22264,22267,22275,22305,22410,22418,22444,22732,22961,23385,23416,23444,23556,23645,24492,24993,25201]","supplier":"Rabat","po":{"id":"3178","date_created":"2025-04-28 09:18:31","batch_id":"3210","po_number":"","supplier":"Rabat","cost":null,"regular_price":null,"sale_price":null,"price_margin":null,"price_discount":null}},{"id":"3614","date_created":"2025-05-25 13:13:10","date_expiry":"2026-10-31 00:00:00","user_id":"2461","batch_number":"FelixFantazyboeuf311226","location":"","quantity":"24.0000","quantity_available":"0.0000","units":"1","status":"archived","order_ids":"[23711,23726,23845,23869,23914,23977,24112,25201,27702]","supplier":"Rabat","po":{"id":"3581","date_created":"2025-05-25 13:13:10","batch_id":"3614","po_number":"","supplier":"Rabat","cost":null,"regular_price":null,"sale_price":null,"price_margin":null,"price_discount":null}},{"id":"4349","date_created":"2025-07-12 16:00:05","date_expiry":"2026-12-31 00:00:00","user_id":"2461","batch_number":"FelixFantazyboeuf311226","location":"","quantity":"24.0000","quantity_available":"0.0000","units":"1","status":"archived","order_ids":"[25279,25537,25907,26102,26438,26644,27125,27971,27977,28061]","supplier":"Rabat","po":{"id":"4313","date_created":"2025-07-12 16:00:06","batch_id":"4349","po_number":"","supplier":"Rabat","cost":null,"regular_price":null,"sale_price":null,"price_margin":null,"price_discount":null}},{"id":"5289","date_created":"2025-09-13 12:04:49","date_expiry":"2027-12-31 00:00:00","user_id":"2461","batch_number":"FelixFantazyboeuf311227","location":"","quantity":"6.0000","quantity_available":"0.0000","units":"1","status":"archived","order_ids":"[28061,28358,28571]","supplier":"Rabat","po":{"id":"5246","date_created":"2025-09-13 12:04:50","batch_id":"5289","po_number":"","supplier":"Rabat","cost":null,"regular_price":null,"sale_price":null,"price_margin":null,"price_discount":null}},{"id":"5764","date_created":"2025-10-17 10:03:59","date_expiry":"2026-12-31 00:00:00","user_id":"2461","batch_number":"FelixFantazyboeuf311227","location":"","quantity":"12.0000","quantity_available":"0.0000","units":"1","status":"archived","order_ids":"[29055]","supplier":"Rabat","po":{"id":"5714","date_created":"2025-10-17 10:04:00","batch_id":"5764","po_number":"","supplier":"Rabat","cost":null,"regular_price":null,"sale_price":null,"price_margin":null,"price_discount":null}},{"id":"5968","date_created":"2025-11-03 13:34:14","date_expiry":"2026-12-31 00:00:00","user_id":"2461","batch_number":"FelixFantazyboeuf311227","location":"","quantity":"12.0000","quantity_available":"0.0000","units":"1","status":"archived","order_ids":"[30163,30250,30291]","supplier":"Rabat","po":{"id":"5907","date_created":"2025-11-03 13:34:14","batch_id":"5968","po_number":"","supplier":"Rabat","cost":null,"regular_price":null,"sale_price":null,"price_margin":null,"price_discount":null}},{"id":"5969","date_created":"2025-11-03 13:34:15","date_expiry":"2027-07-30 00:00:00","user_id":"2461","batch_number":"FelixFantazyboeuf300727","location":"","quantity":"19.0000","quantity_available":"0.0000","units":"1","status":"archived","order_ids":"[30291,30352,31040,31911,32206,32264,32688,32718,32844,32881,33160,33379,33680,33690,34032,34498,34568,34643]","supplier":"Rabat","po":{"id":"5908","date_created":"2025-11-03 13:34:16","batch_id":"5969","po_number":"","supplier":"Rabat","cost":null,"regular_price":null,"sale_price":null,"price_margin":null,"price_discount":null}},{"id":"7598","date_created":"2026-02-09 16:23:46","date_expiry":"2027-07-30 00:00:00","user_id":"2461","batch_number":"FelixFantazyboeuf300727","location":"","quantity":"12.0000","quantity_available":"0.0000","units":"1","status":"archived","order_ids":"[35654,35711,35986,36192]","supplier":"Rabat","po":{"id":"7533","date_created":"2026-02-09 16:23:46","batch_id":"7598","po_number":"","supplier":"Rabat","cost":null,"regular_price":null,"sale_price":null,"price_margin":null,"price_discount":null}}],"_links":{"self":[{"href":"https:\/\/petworld.ma\/index.php\/wp-json\/wp\/v2\/product\/10642","targetHints":{"allow":["GET"]}}],"collection":[{"href":"https:\/\/petworld.ma\/index.php\/wp-json\/wp\/v2\/product"}],"about":[{"href":"https:\/\/petworld.ma\/index.php\/wp-json\/wp\/v2\/types\/product"}],"wp:featuredmedia":[{"embeddable":true,"href":"https:\/\/petworld.ma\/index.php\/wp-json\/wp\/v2\/media\/10644"}],"wp:attachment":[{"href":"https:\/\/petworld.ma\/index.php\/wp-json\/wp\/v2\/media?parent=10642"}],"wp:term":[{"taxonomy":"product_brand","embeddable":true,"href":"https:\/\/petworld.ma\/index.php\/wp-json\/wp\/v2\/product_brand?post=10642"},{"taxonomy":"product_cat","embeddable":true,"href":"https:\/\/petworld.ma\/index.php\/wp-json\/wp\/v2\/product_cat?post=10642"},{"taxonomy":"product_tag","embeddable":true,"href":"https:\/\/petworld.ma\/index.php\/wp-json\/wp\/v2\/product_tag?post=10642"}],"curies":[{"name":"wp","href":"https:\/\/api.w.org\/{rel}","templated":true}]}}