{"id":10646,"date":"2024-08-02T14:35:15","date_gmt":"2024-08-02T14:35:15","guid":{"rendered":"https:\/\/petworld.ma\/?post_type=product&#038;p=10646"},"modified":"2026-04-23T19:49:27","modified_gmt":"2026-04-23T19:49:27","slug":"purina-gourmet-gold-fondant-de-poulet-85gr","status":"publish","type":"product","link":"https:\/\/petworld.ma\/index.php\/produit\/purina-gourmet-gold-fondant-de-poulet-85gr\/","title":{"rendered":"Purina Gourmet Gold Fondant de Poulet 85gr"},"content":{"rendered":"<p>Notre nourriture Gourmet garantit une alimentation 100 % compl\u00e8te et \u00e9quilibr\u00e9e. De plus, elle constitue une source importante d\u2019hydratation pour votre chat, et vous permet de lui fournir des aliments aux saveurs et aux textures vari\u00e9es pour son plus grand plaisir !<\/p>\n<ul>\n<li>Aliment 100 % complet et \u00e9quilibr\u00e9<\/li>\n<li>Compos\u00e9 d\u2019ingr\u00e9dients de haute qualit\u00e9<\/li>\n<li>Aliment complet pour chats adultes<\/li>\n<\/ul>\n<p>Ingredients: Viande et sous-produits animaux (45 % dont poulet 17 %), Poisson et sous-produits de poisson, Substances min\u00e9rales, Sucres<\/p>\n","protected":false},"excerpt":{"rendered":"<ul>\n<li>Aliment 100 % complet et \u00e9quilibr\u00e9<\/li>\n<li>Compos\u00e9 d\u2019ingr\u00e9dients de haute qualit\u00e9<\/li>\n<li>Aliment complet pour chats adultes<\/li>\n<\/ul>\n","protected":false},"featured_media":10648,"template":"","meta":{"jetpack_publicize_message":"","jetpack_publicize_feature_enabled":true,"jetpack_social_post_already_shared":true,"jetpack_social_options":{"image_generator_settings":{"template":"highway","default_image_id":0,"font":"","enabled":false},"version":2}},"product_brand":[],"product_cat":[41],"product_tag":[],"class_list":{"0":"post-10646","1":"product","2":"type-product","3":"status-publish","4":"has-post-thumbnail","6":"product_cat-friandises-et-pate-pour-chat","8":"first","9":"instock","10":"taxable","11":"shipping-taxable","12":"purchasable","13":"product-type-simple"},"supplier_id":5598,"supplier_sku":"","barcode":null,"atum_controlled":true,"out_stock_date":null,"out_stock_threshold":null,"inheritable":false,"inbound_stock":0,"stock_on_hold":0,"sold_today":0,"sales_last_days":13,"reserved_stock":0,"customer_returns":0,"warehouse_damage":0,"lost_in_post":0,"other_logs":0,"out_stock_days":0,"lost_sales":0,"has_location":false,"update_date":"2026-04-25T12:03:54","atum_locations":[],"atum_stock_status":"instock","restock_status":false,"low_stock_amount":5,"sales_update_date":"2026-04-25T12:03:53","calc_backorders":null,"jetpack_publicize_connections":[],"jetpack_sharing_enabled":true,"batches":[{"id":"1472","date_created":"2025-01-01 08:48:32","date_expiry":"2026-04-30 00:00:00","user_id":"2461","batch_number":"PurinaGourmetGoldFondantdePoulet85gr300426","location":"","quantity":"24.0000","quantity_available":"0.0000","units":"1","status":"archived","order_ids":"[16218,16455,16627,16643,16661,16686,16705,16806,16912]","supplier":"Casablanca","po":{"id":"1446","date_created":"2025-01-01 08:48:35","batch_id":"1472","po_number":"","supplier":"Casablanca","cost":null,"regular_price":null,"sale_price":null,"price_margin":null,"price_discount":null}},{"id":"1534","date_created":"2025-01-07 17:22:28","date_expiry":"2026-04-30 00:00:00","user_id":"2461","batch_number":"PurinaGourmetGoldFondantdePoulet85gr300426","location":"","quantity":"239.0000","quantity_available":"0.0000","units":"1","status":"archived","order_ids":"[16941,17013,17125,17207,17283,17520,17672,18055,18082,18148,18311]","supplier":"Casablanca","po":{"id":"1508","date_created":"2025-01-07 17:22:31","batch_id":"1534","po_number":"","supplier":"Casablanca","cost":null,"regular_price":null,"sale_price":null,"price_margin":null,"price_discount":null}},{"id":"2219","date_created":"2025-03-01 10:33:31","date_expiry":"2026-11-30 00:00:00","user_id":"2461","batch_number":"PurinaGourmetGoldFondantdePoulet85gr301126","location":"","quantity":"120.0000","quantity_available":"0.0000","units":"1","status":"archived","order_ids":"[18675,18901,18976,19058,19707,20089,20344,21086,21113,21208,21222,21300]","supplier":"Casablanca","po":{"id":"2188","date_created":"2025-03-01 10:33:34","batch_id":"2219","po_number":"","supplier":"Casablanca","cost":null,"regular_price":null,"sale_price":null,"price_margin":null,"price_discount":null}},{"id":"3753","date_created":"2025-06-02 10:26:57","date_expiry":"2026-11-30 00:00:00","user_id":"2461","batch_number":"PurinaGourmetGoldFondantdePoulet85gr301126","location":"","quantity":"120.0000","quantity_available":"0.0000","units":"1","status":"archived","order_ids":"[22797,22989,23171,23280,23299,23310,23393,23470,23516,23593,23737,23767,23838,23911,23923,24005,24042,24063,24166,24217,24356,24365,24436,24492,24793,24985,25234,25292,25371,25467,25523,25555,25580,25662,25743,25752,25815,25996,26079,26087,26447,26553,26856,26949,27077,27205,27244,27767,27974]","supplier":"Casablanca","po":{"id":"3719","date_created":"2025-06-02 10:26:57","batch_id":"3753","po_number":"","supplier":"Casablanca","cost":null,"regular_price":null,"sale_price":null,"price_margin":null,"price_discount":null}},{"id":"5251","date_created":"2025-09-10 15:12:52","date_expiry":"2026-11-30 00:00:00","user_id":"2461","batch_number":"PurinaGourmetGoldFondantdePoulet85gr301126","location":"","quantity":"110.0000","quantity_available":"0.0000","units":"1","status":"archived","order_ids":"[28082,28138,28207,28424,28439,28449,28672,28773,29003,29098,29219,29405,29494,29673,29794,29825,30578,30586,30632,30788,30991,31100,31672,32067,32179,32338,32340,33199,33209,33654,33683]","supplier":"Casablanca","po":{"id":"5208","date_created":"2025-09-10 15:12:53","batch_id":"5251","po_number":"","supplier":"Casablanca","cost":null,"regular_price":null,"sale_price":null,"price_margin":null,"price_discount":null}},{"id":"7737","date_created":"2026-02-17 15:10:06","date_expiry":"2027-09-30 00:00:00","user_id":"2461","batch_number":"PurinaGourmetGoldFondantdePoulet85gr300927","location":"","quantity":"264.0000","quantity_available":"206.0000","units":"1","status":"active","order_ids":"[36196,36550,36670,36841,36950,36978,37116,37171,37502,37538,38343,38427,38530,38633,38993,39418,40051,40332,40458,40648]","supplier":"Casablanca","po":{"id":"7672","date_created":"2026-02-17 15:10:07","batch_id":"7737","po_number":"","supplier":"Casablanca","cost":null,"regular_price":null,"sale_price":null,"price_margin":null,"price_discount":null}}],"_links":{"self":[{"href":"https:\/\/petworld.ma\/index.php\/wp-json\/wp\/v2\/product\/10646","targetHints":{"allow":["GET"]}}],"collection":[{"href":"https:\/\/petworld.ma\/index.php\/wp-json\/wp\/v2\/product"}],"about":[{"href":"https:\/\/petworld.ma\/index.php\/wp-json\/wp\/v2\/types\/product"}],"wp:featuredmedia":[{"embeddable":true,"href":"https:\/\/petworld.ma\/index.php\/wp-json\/wp\/v2\/media\/10648"}],"wp:attachment":[{"href":"https:\/\/petworld.ma\/index.php\/wp-json\/wp\/v2\/media?parent=10646"}],"wp:term":[{"taxonomy":"product_brand","embeddable":true,"href":"https:\/\/petworld.ma\/index.php\/wp-json\/wp\/v2\/product_brand?post=10646"},{"taxonomy":"product_cat","embeddable":true,"href":"https:\/\/petworld.ma\/index.php\/wp-json\/wp\/v2\/product_cat?post=10646"},{"taxonomy":"product_tag","embeddable":true,"href":"https:\/\/petworld.ma\/index.php\/wp-json\/wp\/v2\/product_tag?post=10646"}],"curies":[{"name":"wp","href":"https:\/\/api.w.org\/{rel}","templated":true}]}}