{"id":10650,"date":"2024-08-02T14:49:42","date_gmt":"2024-08-02T14:49:42","guid":{"rendered":"https:\/\/petworld.ma\/?post_type=product&#038;p=10650"},"modified":"2026-03-16T15:21:50","modified_gmt":"2026-03-16T15:21:50","slug":"purina-gourmet-gold-terrine-de-lapin-85gr","status":"publish","type":"product","link":"https:\/\/petworld.ma\/index.php\/produit\/purina-gourmet-gold-terrine-de-lapin-85gr\/","title":{"rendered":"Purina Gourmet Gold Terrine de Lapin 85gr"},"content":{"rendered":"<p>Votre chat est un v\u00e9ritable expert, donc il aime go\u00fbter des textures et des saveurs diff\u00e9rentes chaque jour. Par cons\u00e9quent, GOURMET Gold a cr\u00e9\u00e9 les recettes savoureuses Terrine pour g\u00e2ter le palais d\u00e9licat du chat \u00e0 travers une exp\u00e9rience de go\u00fbt diff\u00e9rente \u00e0 chaque repas. Ce sont des bouch\u00e9es de viandes ou de poissons tendres, hach\u00e9es finement et combin\u00e9es avec de petits morceaux tendres afin d\u2019offrir \u00e0 votre chat le plaisir d\u2019un aliment \u00e0 une texture l\u00e9g\u00e8re et app\u00e9tissante. Les Terrines de GOURMET Gold constituent un grand choix de recettes savoureuses visant \u00e0 offrir \u00e0 nos chats des moments de go\u00fbt chaque jour.<\/p>\n<p>Notre nourriture Gourmet garantit une alimentation 100 % compl\u00e8te et \u00e9quilibr\u00e9e. De plus, elle constitue une source importante d\u2019hydratation pour votre chat, et vous permet de lui fournir des aliments aux saveurs et aux textures vari\u00e9es pour son plus grand plaisir !<\/p>\n<ul>\n<li>Aliment 100 % complet et \u00e9quilibr\u00e9<\/li>\n<li>Aliment 100 % complet et \u00e9quilibr\u00e9<\/li>\n<li>Compos\u00e9 d\u2019ingr\u00e9dients de haute qualit\u00e9<\/li>\n<li>Une exp\u00e9rience culinaire unique<\/li>\n<\/ul>\n<p><strong>Ingr\u00e9dients<\/strong><\/p>\n<p>Composition : Viandes et sous-produits animaux, (dont lapin 4 %), Substances min\u00e9rales, Sucres, Sous-produits d\u2019origine v\u00e9g\u00e9tale.<\/p>\n","protected":false},"excerpt":{"rendered":"<ul>\n<li>Aliment 100 % complet et \u00e9quilibr\u00e9<\/li>\n<li>Aliment 100 % complet et \u00e9quilibr\u00e9<\/li>\n<li>Compos\u00e9 d\u2019ingr\u00e9dients de haute qualit\u00e9<\/li>\n<li>Une exp\u00e9rience culinaire unique<\/li>\n<\/ul>\n","protected":false},"featured_media":10652,"template":"","meta":{"jetpack_publicize_message":"","jetpack_publicize_feature_enabled":true,"jetpack_social_post_already_shared":true,"jetpack_social_options":{"image_generator_settings":{"template":"highway","default_image_id":0,"font":"","enabled":false},"version":2}},"product_brand":[],"product_cat":[41],"product_tag":[],"class_list":{"0":"post-10650","1":"product","2":"type-product","3":"status-publish","4":"has-post-thumbnail","6":"product_cat-friandises-et-pate-pour-chat","8":"first","9":"instock","10":"taxable","11":"shipping-taxable","12":"purchasable","13":"product-type-simple"},"supplier_id":5598,"supplier_sku":"","barcode":null,"atum_controlled":true,"out_stock_date":null,"out_stock_threshold":null,"inheritable":false,"inbound_stock":0,"stock_on_hold":0,"sold_today":0,"sales_last_days":0,"reserved_stock":0,"customer_returns":0,"warehouse_damage":0,"lost_in_post":0,"other_logs":0,"out_stock_days":0,"lost_sales":0,"has_location":false,"update_date":"2026-04-06T21:49:49","atum_locations":[],"atum_stock_status":"instock","restock_status":false,"low_stock_amount":5,"sales_update_date":"2026-04-06T21:49:49","calc_backorders":null,"jetpack_publicize_connections":[],"jetpack_sharing_enabled":true,"batches":[{"id":"1475","date_created":"2025-01-01 08:56:11","date_expiry":"2026-05-31 00:00:00","user_id":"2461","batch_number":"PurinaGourmetGoldTerrinedeLapin85gr31052026","location":"","quantity":"24.0000","quantity_available":"0.0000","units":"1","status":"archived","order_ids":"[16244,16455,16468,16687,17013,17025,17125,17440,18117,18148,18444,18513,19426,19517]","supplier":"Casablanca","po":{"id":"1449","date_created":"2025-01-01 08:56:14","batch_id":"1475","po_number":"","supplier":"Casablanca","cost":null,"regular_price":null,"sale_price":null,"price_margin":null,"price_discount":null}},{"id":"2410","date_created":"2025-03-20 23:07:46","date_expiry":"2026-05-31 00:00:00","user_id":"2461","batch_number":"PurinaGourmetGoldTerrinedeLapin85gr31052026","location":"","quantity":"24.0000","quantity_available":"0.0000","units":"1","status":"archived","order_ids":"[19706,20194,20211,20894,21113,21204,21268,21375,21601,21659,21835,21951,22028,22095,22714,22717,22730,22989]","supplier":"Rabat","po":{"id":"2379","date_created":"2025-03-20 23:07:48","batch_id":"2410","po_number":"","supplier":"Rabat","cost":null,"regular_price":null,"sale_price":null,"price_margin":null,"price_discount":null}},{"id":"7736","date_created":"2026-02-17 15:06:14","date_expiry":"2027-10-31 00:00:00","user_id":"2461","batch_number":"PurinaGourmetGoldTerrinedeLapin85gr311027","location":"","quantity":"24.0000","quantity_available":"15.0000","units":"1","status":"active","order_ids":"[36413,37175,37811]","supplier":"Casablanca","po":{"id":"7671","date_created":"2026-02-17 15:06:15","batch_id":"7736","po_number":"","supplier":"Casablanca","cost":null,"regular_price":null,"sale_price":null,"price_margin":null,"price_discount":null}}],"_links":{"self":[{"href":"https:\/\/petworld.ma\/index.php\/wp-json\/wp\/v2\/product\/10650","targetHints":{"allow":["GET"]}}],"collection":[{"href":"https:\/\/petworld.ma\/index.php\/wp-json\/wp\/v2\/product"}],"about":[{"href":"https:\/\/petworld.ma\/index.php\/wp-json\/wp\/v2\/types\/product"}],"wp:featuredmedia":[{"embeddable":true,"href":"https:\/\/petworld.ma\/index.php\/wp-json\/wp\/v2\/media\/10652"}],"wp:attachment":[{"href":"https:\/\/petworld.ma\/index.php\/wp-json\/wp\/v2\/media?parent=10650"}],"wp:term":[{"taxonomy":"product_brand","embeddable":true,"href":"https:\/\/petworld.ma\/index.php\/wp-json\/wp\/v2\/product_brand?post=10650"},{"taxonomy":"product_cat","embeddable":true,"href":"https:\/\/petworld.ma\/index.php\/wp-json\/wp\/v2\/product_cat?post=10650"},{"taxonomy":"product_tag","embeddable":true,"href":"https:\/\/petworld.ma\/index.php\/wp-json\/wp\/v2\/product_tag?post=10650"}],"curies":[{"name":"wp","href":"https:\/\/api.w.org\/{rel}","templated":true}]}}