{"id":1074,"date":"2022-12-25T19:32:31","date_gmt":"2022-12-25T19:32:31","guid":{"rendered":"https:\/\/petworld.ma\/?post_type=product&#038;p=1074"},"modified":"2026-04-06T14:48:44","modified_gmt":"2026-04-06T14:48:44","slug":"men-for-san-shampooing-tres-doux-chat-300ml","status":"publish","type":"product","link":"https:\/\/petworld.ma\/index.php\/produit\/men-for-san-shampooing-tres-doux-chat-300ml\/","title":{"rendered":"Men For San Shampoing Tr\u00e8s Doux Chat 300ml"},"content":{"rendered":"<p>Shampoing tr\u00e8s doux avec propri\u00e9t\u00e9s d\u00e9sodorisantes, adoucissantes et bact\u00e9ricides qui le rend id\u00e9al pour prot\u00e9ger la peau d\u00e9licate du chat : surtout des chats persans et ceux au pelage exotique. Sa formule avec pH neutre respecte et prot\u00e8ge l&rsquo;\u00e9quilibre naturel de la peau de l&rsquo;animal tout en apportant au pelage brillance et douceur. L&rsquo;incorporation d&rsquo;agents d\u00e9m\u00ealants rend la coiffure plus facile aussi bien sur poil sec que mouill\u00e9. Ce produit est recommand\u00e9 pour toutes les races de chats.<\/p>\n<p><a href=\"https:\/\/wa.me\/212708052510\" target=\"_blank\" rel=\"noopener noreferrer\"><img decoding=\"async\" class=\"fr-fic fr-dib aligncenter\" src=\"https:\/\/cdn.youcan.shop\/stores\/d0742d556df94ddbc7ae4c9810aff04b\/others\/P0007J0SoWqjZeG2Sg9d301ALLEgyf3naMrDHM4I.png\" width=\"262\" height=\"69\" data-name=\"stores\/d0742d556df94ddbc7ae4c9810aff04b\/others\/P0007J0SoWqjZeG2Sg9d301ALLEgyf3naMrDHM4I.png\" \/><\/a><\/p>\n","protected":false},"excerpt":{"rendered":"<p>Shampoing tr\u00e8s doux avec propri\u00e9t\u00e9s d\u00e9sodorisantes, adoucissantes et bact\u00e9ricides qui le rend id\u00e9al pour prot\u00e9ger la peau d\u00e9licate du chat : surtout des chats persans et ceux au pelage exotique. Sa formule avec pH neutre respecte et prot\u00e8ge l&rsquo;\u00e9quilibre naturel de la peau de l&rsquo;animal tout en apportant au pelage brillance et douceur. L&rsquo;incorporation d&rsquo;agents [&#8230;]\n","protected":false},"featured_media":1075,"template":"","meta":{"jetpack_publicize_message":"","jetpack_publicize_feature_enabled":true,"jetpack_social_post_already_shared":false,"jetpack_social_options":{"image_generator_settings":{"template":"highway","default_image_id":0,"font":"","enabled":false},"version":2}},"product_brand":[],"product_cat":[215],"product_tag":[],"class_list":{"0":"post-1074","1":"product","2":"type-product","3":"status-publish","4":"has-post-thumbnail","6":"product_cat-parfums-shampoing-hygiene-et-soins-pour-chat","8":"first","9":"instock","10":"taxable","11":"shipping-taxable","12":"purchasable","13":"product-type-simple"},"supplier_id":5587,"supplier_sku":"7854","barcode":null,"atum_controlled":true,"out_stock_date":null,"out_stock_threshold":null,"inheritable":false,"inbound_stock":0,"stock_on_hold":0,"sold_today":0,"sales_last_days":0,"reserved_stock":0,"customer_returns":0,"warehouse_damage":0,"lost_in_post":0,"other_logs":0,"out_stock_days":0,"lost_sales":0,"has_location":false,"update_date":"2026-04-25T00:14:10","atum_locations":[],"atum_stock_status":"instock","restock_status":false,"low_stock_amount":10,"sales_update_date":"2026-04-25T00:14:09","calc_backorders":null,"jetpack_publicize_connections":[],"jetpack_sharing_enabled":true,"batches":[{"id":"8142","date_created":"2026-03-07 12:21:51","date_expiry":"2030-09-30 00:00:00","user_id":"2461","batch_number":"Men For San Shampoing Tr\u00e8s Doux Chat 300ml300930","location":"","quantity":"12.0000","quantity_available":"12.0000","units":"1","status":"active","order_ids":"[]","supplier":"Royal Canin","po":{"id":"8081","date_created":"2026-03-07 12:21:51","batch_id":"8142","po_number":"","supplier":"Royal Canin","cost":null,"regular_price":null,"sale_price":null,"price_margin":null,"price_discount":null}}],"_links":{"self":[{"href":"https:\/\/petworld.ma\/index.php\/wp-json\/wp\/v2\/product\/1074","targetHints":{"allow":["GET"]}}],"collection":[{"href":"https:\/\/petworld.ma\/index.php\/wp-json\/wp\/v2\/product"}],"about":[{"href":"https:\/\/petworld.ma\/index.php\/wp-json\/wp\/v2\/types\/product"}],"wp:featuredmedia":[{"embeddable":true,"href":"https:\/\/petworld.ma\/index.php\/wp-json\/wp\/v2\/media\/1075"}],"wp:attachment":[{"href":"https:\/\/petworld.ma\/index.php\/wp-json\/wp\/v2\/media?parent=1074"}],"wp:term":[{"taxonomy":"product_brand","embeddable":true,"href":"https:\/\/petworld.ma\/index.php\/wp-json\/wp\/v2\/product_brand?post=1074"},{"taxonomy":"product_cat","embeddable":true,"href":"https:\/\/petworld.ma\/index.php\/wp-json\/wp\/v2\/product_cat?post=1074"},{"taxonomy":"product_tag","embeddable":true,"href":"https:\/\/petworld.ma\/index.php\/wp-json\/wp\/v2\/product_tag?post=1074"}],"curies":[{"name":"wp","href":"https:\/\/api.w.org\/{rel}","templated":true}]}}