{"id":108,"date":"2022-12-15T19:20:58","date_gmt":"2022-12-15T19:20:58","guid":{"rendered":"http:\/\/petworld.ma\/?post_type=product&#038;p=108"},"modified":"2024-12-18T14:52:38","modified_gmt":"2024-12-18T14:52:38","slug":"royal-canin-jack-russell-adulte-3-kg","status":"publish","type":"product","link":"https:\/\/petworld.ma\/index.php\/produit\/royal-canin-jack-russell-adulte-3-kg\/","title":{"rendered":"Royal Canin Jack Russell Adulte 3 kg"},"content":{"rendered":"<div class=\"product-section description-section\">\n<div class=\"single-description fr-view\">\n<h2>Aliment complet pour chiens \u00a0&#8211; Sp\u00e9cialement con\u00e7u pour Jack Russell Terrier adulte, \u00e0 partir de 10 mois.<\/h2>\n<p>ROYAL CANIN\u00ae Jack Russell Terrier Adult est sp\u00e9cialement formul\u00e9 pour r\u00e9pondre \u00e0 tous les besoins nutritionnels de votre chien adulte et convient aux Jack Russell Terriers \u00e2g\u00e9s de 10 mois et plus. \u00a0 ROYAL CANIN\u00ae Jack Russell Terrier Adult aide \u00e0 renforcer la fonction de la barri\u00e8re cutan\u00e9e gr\u00e2ce \u00e0 un complexe sp\u00e9cifique de nutriments. Cette formule contient \u00e9galement des acides gras om\u00e9ga-3 EPA et DHA ainsi que de l\u2019huile de bourrache pour nourrir la peau et le pelage de votre chien. \u00a0 Le Jack Russell Terrier est connu pour son temp\u00e9rament vif, c\u2019est pourquoi cette formule contribue \u00e9galement \u00e0 renforcer sa masse musculaire et \u00e0 soutenir son activit\u00e9 physique gr\u00e2ce \u00e0 une teneur adapt\u00e9e en prot\u00e9ines enrichie d\u2019un complexe d\u2019antioxydants pour une plus grande vitalit\u00e9. \u00a0 De plus, ROYAL CANIN\u00ae Jack Russell Terrier Adult participe au renforcement de l\u2019hygi\u00e8ne dentaire de votre chien en ralentissant la formation du tartre gr\u00e2ce \u00e0 l\u2019inclusion de ch\u00e9lateurs du calcium. \u00a0 Enfin, la forme, la taille et la texture des croquettes sont sp\u00e9cifiquement adapt\u00e9es \u00e0 la race Jack Russell Terrier.<\/p>\n<div>Composition : prot\u00e9ines de volaille d\u00e9shydrat\u00e9es, riz, ma\u00efs, bl\u00e9, isolat de prot\u00e9ines v\u00e9g\u00e9tales*, graisses animales, hydrolysat de prot\u00e9ines animales, pulpe de betterave, gluten de ma\u00efs, sels min\u00e9raux, huile de poisson, huile de soja, levures et composants de levures, fructo-oligo-saccharides, hydrolysat de levure (source de manno-oligo-saccharides), huile de bourrache (0,1 %), extrait de rose d\u2019inde (source de lut\u00e9ine), hydrolysat de crustac\u00e9 (source de glucosamine), hydrolysat de cartilage (source de chondro\u00eftine).<\/div>\n<div>Additifs (au kg)\u00a0: Additifs nutritionnels\u00a0: Vitamine A\u00a0: 29500\u00a0UI, Vitamine D3\u00a0: 800\u00a0UI, E1 (Fer)\u00a0: 45\u00a0mg, E2 (Iode)\u00a0: 4,5\u00a0mg, E4 (Cuivre)\u00a0: 14\u00a0mg, E5 (Mangan\u00e8se)\u00a0: 59\u00a0mg, E6 (Zinc)\u00a0: 137\u00a0mg, E8 (S\u00e9l\u00e9nium)\u00a0: 0,1\u00a0mg\u00a0&#8211; Additifs technologiques\u00a0: Clinoptilolite d\u2019origine s\u00e9dimentaire\u00a0: 10\u00a0g\u00a0&#8211; Additifs sensoriels\u00a0: Extrait de th\u00e9 (source de polyph\u00e9nols)\u00a0: 150\u00a0mg\u00a0&#8211; Conservateurs\u00a0&#8211; Antioxyg\u00e8nes.<\/div>\n<div>Constituants analytiques\u00a0: Prot\u00e9ine\u00a0: 30,0\u00a0%\u00a0&#8211; Teneur en mati\u00e8res grasses\u00a0: 16,0\u00a0%\u00a0&#8211; Cendres brutes\u00a0: 6,0\u00a0%\u00a0&#8211; Cellulose brute\u00a0: 1,4\u00a0%\u00a0&#8211; Au kg\u00a0: EPA\/DHA\u00a0: 3\u00a0g\u00a0&#8211; Triphosphate pentasodique\u00a0: 3,5\u00a0g.<\/div>\n<div>*L.I.P.\u00a0: prot\u00e9ine s\u00e9lectionn\u00e9e pour sa tr\u00e8s haute digestibilit\u00e9.<\/div>\n<div>Mode d\u2019emploi : voir tableau. Num\u00e9ro de lot et d\u2019identifiant usine, \u00e0 utiliser de pr\u00e9f\u00e9rence avant : voir sur l\u2019emballage. \u00c0 conserver dans un endroit sec et frais.<\/div>\n<table>\n<thead>\n<tr>\n<th>Poids du chien<\/th>\n<th>Vie \u00e0 l&rsquo;int\u00e9rieur &#8211; pas d&rsquo;exercice<\/th>\n<th>Activit\u00e9 normale<\/th>\n<th>Chiens tr\u00e8s actifs<\/th>\n<\/tr>\n<\/thead>\n<tbody>\n<tr>\n<td>&#8211;<\/td>\n<td>Gramme (Dose)<\/td>\n<td>Gramme (Dose)<\/td>\n<td>Gramme (Dose)<\/td>\n<\/tr>\n<tr>\n<td>5 kg<\/td>\n<td>80 g (7\/8)<\/td>\n<td>106 g (1+1\/8)<\/td>\n<td>123 g (1+3\/8)<\/td>\n<\/tr>\n<tr>\n<td>6 kg<\/td>\n<td>92 g (1)<\/td>\n<td>121 g (1+2\/8)<\/td>\n<td>141 g (1+7\/8)<\/td>\n<\/tr>\n<tr>\n<td>8 kg<\/td>\n<td>114 g (1+2\/8)<\/td>\n<td>150 g (1+5\/8)<\/td>\n<td>174 g (1+7\/8)<\/td>\n<\/tr>\n<tr>\n<td>10 kg<\/td>\n<td>135 g (1+4\/8)<\/td>\n<td>178 g (1+7\/8)<\/td>\n<td>206 g (2+2\/8)<\/td>\n<\/tr>\n<\/tbody>\n<\/table>\n<p><a href=\"https:\/\/wa.me\/212708052510\" target=\"_blank\" rel=\"noopener noreferrer\"><img decoding=\"async\" class=\"fr-fic fr-dib aligncenter\" src=\"https:\/\/cdn.youcan.shop\/stores\/d0742d556df94ddbc7ae4c9810aff04b\/others\/PE5Aed96rmjJdrCPonrQLz3hb3jaGDhXGNf9XoKt.png\" width=\"292\" height=\"77\" data-name=\"stores\/d0742d556df94ddbc7ae4c9810aff04b\/others\/PE5Aed96rmjJdrCPonrQLz3hb3jaGDhXGNf9XoKt.png\" \/><\/a><\/p>\n<\/div>\n<\/div>\n<div class=\"product-section add-to-cart-section\">\n<div class=\"quantity\"><\/div>\n<\/div>\n","protected":false},"excerpt":{"rendered":"<p>Aliment complet pour chiens \u00a0&#8211; Sp\u00e9cialement con\u00e7u pour Jack Russell Terrier adulte, \u00e0 partir de 10 mois. ROYAL CANIN\u00ae Jack Russell Terrier Adult est sp\u00e9cialement formul\u00e9 pour r\u00e9pondre \u00e0 tous les besoins nutritionnels de votre chien adulte et convient aux Jack Russell Terriers \u00e2g\u00e9s de 10 mois et plus. \u00a0 ROYAL CANIN\u00ae Jack Russell Terrier [&#8230;]\n","protected":false},"featured_media":385,"template":"","meta":{"jetpack_publicize_message":"","jetpack_publicize_feature_enabled":true,"jetpack_social_post_already_shared":false,"jetpack_social_options":{"image_generator_settings":{"template":"highway","default_image_id":0,"font":"","enabled":false},"version":2}},"product_brand":[],"product_cat":[26],"product_tag":[],"class_list":{"0":"post-108","1":"product","2":"type-product","3":"status-publish","4":"has-post-thumbnail","6":"product_cat-croquettes","8":"first","9":"outofstock","10":"sale","11":"taxable","12":"shipping-taxable","13":"purchasable","14":"product-type-simple"},"supplier_id":5587,"supplier_sku":"","barcode":null,"atum_controlled":true,"out_stock_date":"2024-12-18 14:52:38","out_stock_threshold":null,"inheritable":false,"inbound_stock":0,"stock_on_hold":0,"sold_today":0,"sales_last_days":0,"reserved_stock":0,"customer_returns":0,"warehouse_damage":0,"lost_in_post":0,"other_logs":0,"out_stock_days":496,"lost_sales":0,"has_location":false,"update_date":"2026-04-29T00:16:01","atum_locations":[],"atum_stock_status":"outofstock","restock_status":false,"low_stock_amount":0,"sales_update_date":"2026-04-29T00:16:01","calc_backorders":null,"jetpack_publicize_connections":[],"jetpack_sharing_enabled":true,"batches":[],"_links":{"self":[{"href":"https:\/\/petworld.ma\/index.php\/wp-json\/wp\/v2\/product\/108","targetHints":{"allow":["GET"]}}],"collection":[{"href":"https:\/\/petworld.ma\/index.php\/wp-json\/wp\/v2\/product"}],"about":[{"href":"https:\/\/petworld.ma\/index.php\/wp-json\/wp\/v2\/types\/product"}],"wp:featuredmedia":[{"embeddable":true,"href":"https:\/\/petworld.ma\/index.php\/wp-json\/wp\/v2\/media\/385"}],"wp:attachment":[{"href":"https:\/\/petworld.ma\/index.php\/wp-json\/wp\/v2\/media?parent=108"}],"wp:term":[{"taxonomy":"product_brand","embeddable":true,"href":"https:\/\/petworld.ma\/index.php\/wp-json\/wp\/v2\/product_brand?post=108"},{"taxonomy":"product_cat","embeddable":true,"href":"https:\/\/petworld.ma\/index.php\/wp-json\/wp\/v2\/product_cat?post=108"},{"taxonomy":"product_tag","embeddable":true,"href":"https:\/\/petworld.ma\/index.php\/wp-json\/wp\/v2\/product_tag?post=108"}],"curies":[{"name":"wp","href":"https:\/\/api.w.org\/{rel}","templated":true}]}}