{"id":111,"date":"2022-12-15T20:14:08","date_gmt":"2022-12-15T20:14:08","guid":{"rendered":"http:\/\/petworld.ma\/?post_type=product&#038;p=111"},"modified":"2026-04-15T15:49:35","modified_gmt":"2026-04-15T15:49:35","slug":"royal-canin-maxi-ageing-8-15kg","status":"publish","type":"product","link":"https:\/\/petworld.ma\/index.php\/produit\/royal-canin-maxi-ageing-8-15kg\/","title":{"rendered":"Royal Canin Maxi Ageing 8+ 15kg"},"content":{"rendered":"<div class=\"product-section description-section\">\n<div class=\"single-description fr-view\">\n<h2>Aliment complet pour chiens de grande taille (de 26 \u00e0 44 kg) &#8211; Plus de 8 ans.<\/h2>\n<p>L\u2019\u00e9tat de sant\u00e9 g\u00e9n\u00e9ral de votre grand chien subit de nombreux changements lorsqu\u2019il atteint sa pleine maturit\u00e9, et des signes de vieillissement peuvent commencer \u00e0 appara\u00eetre. Il est particuli\u00e8rement important d\u2019adapter l\u2019alimentation de votre chien \u00e0 cette \u00e9tape de sa vie, car son alimentation doit renforcer son \u00e9tat de sant\u00e9 g\u00e9n\u00e9ral et sa forme physique alors qu\u2019il commence \u00e0 prendre de l\u2019\u00e2ge. \u00a0 ROYAL CANIN\u00ae Maxi Ageing 8+ convient aux chiens adultes pesant entre 26 et 44 kg et est sp\u00e9cialement \u00e9labor\u00e9 pour r\u00e9pondre \u00e0 tous les besoins nutritionnels de votre grand chien. \u00a0 Les grands chiens ont parfois tendance \u00e0 prendre plus facilement du poids \u00e0 cet \u00e2ge. Peut-\u00eatre moins actifs qu\u2019auparavant, ils br\u00fblent par cons\u00e9quent moins de calories. C\u2019est pourquoi il est important de g\u00e9rer efficacement la ration quotidienne de votre chien afin qu\u2019il puisse continuer \u00e0 vieillir le plus harmonieusement possible. \u00a0 Cette formule exclusive contient \u00e9galement des prot\u00e9ines de tr\u00e8s haute qualit\u00e9 comme les L.I.P, connues pour leur haute digestibilit\u00e9, ainsi qu\u2019un apport \u00e9quilibr\u00e9 en fibres alimentaires pour favoriser la sant\u00e9 du colon.<\/p>\n<div>Composition : prot\u00e9ines de volaille d\u00e9shydrat\u00e9es, riz, graisses animales, bl\u00e9, farine de bl\u00e9, ma\u00efs, gluten de ma\u00efs, hydrolysat de prot\u00e9ines animales, isolat de prot\u00e9ines v\u00e9g\u00e9tales*, pulpe de betterave, fibres v\u00e9g\u00e9tales, huile de poisson, sels min\u00e9raux, huile de soja, levures et composants de levures, tomate (source de lycop\u00e8ne), fructo-oligosaccharides, t\u00e9guments et graines de psyllium, hydrolysat de crustac\u00e9 (source de glucosamine), huile de bourrache, extrait de rose d\u2019Inde (source de lut\u00e9ine), hydrolysat de cartilage (source de chondro\u00eftine).<\/div>\n<div>Additifs (au kg)\u00a0: Additifs nutritionnels\u00a0: Vitamine A\u00a0: 29000\u00a0UI, Vitamine D3\u00a0: 800\u00a0UI, E1 (Fer)\u00a0: 41\u00a0mg, E2 (Iode)\u00a0: 4,1\u00a0mg, E4 (Cuivre)\u00a0: 13\u00a0mg, E5 (Mangan\u00e8se)\u00a0: 53\u00a0mg, E6 (Zinc)\u00a0: 134\u00a0mg, E8 (S\u00e9l\u00e9nium)\u00a0: 0,09\u00a0mg\u00a0&#8211; Additifs technologiques\u00a0: Clinoptilolite d\u2019origine s\u00e9dimentaire\u00a0: 10\u00a0g\u00a0&#8211; Additifs sensoriels\u00a0: Extrait de th\u00e9 (source de polyph\u00e9nols)\u00a0: 150\u00a0mg\u00a0&#8211; Conservateurs\u00a0&#8211; Antioxyg\u00e8nes.<\/div>\n<div>Constituants analytiques\u00a0: Prot\u00e9ine\u00a0: 27,0\u00a0%\u00a0&#8211; Teneur en mati\u00e8res grasses : 17,0\u00a0%\u00a0&#8211; Cendres brutes\u00a0: 5,8\u00a0%\u00a0&#8211; Cellulose brute\u00a0: 2,9\u00a0%\u00a0&#8211; EPA\/DHA\u00a0: 4\u00a0g\/kg.<\/div>\n<div>*L.I.P.\u00a0: prot\u00e9ine s\u00e9lectionn\u00e9e pour sa tr\u00e8s haute digestibilit\u00e9.<\/div>\n<div>Mode d\u2019emploi : voir tableau. Num\u00e9ro de lot et d\u2019identifiant usine, \u00e0 utiliser de pr\u00e9f\u00e9rence avant : voir sur l\u2019emballage. \u00c0 conserver dans un endroit sec et frais.<\/div>\n<p><img decoding=\"async\" class=\"fr-fic fr-dib\" src=\"https:\/\/cdn.youcan.shop\/stores\/d0742d556df94ddbc7ae4c9810aff04b\/others\/q4RZ7IXM4E0eodGMcbaPakAUslxHWNAkAeCVuuHj.png\" data-name=\"stores\/d0742d556df94ddbc7ae4c9810aff04b\/others\/q4RZ7IXM4E0eodGMcbaPakAUslxHWNAkAeCVuuHj.png\" \/><\/p>\n<p><a href=\"https:\/\/wa.me\/212708052510\" target=\"_blank\" rel=\"noopener noreferrer\"><img decoding=\"async\" class=\"fr-fic fr-dib aligncenter\" src=\"https:\/\/cdn.youcan.shop\/stores\/d0742d556df94ddbc7ae4c9810aff04b\/others\/nFLfEA4gA1joWOb1jEuO0yZM7SEZqrZTc7hKHznp.png\" width=\"292\" height=\"77\" data-name=\"stores\/d0742d556df94ddbc7ae4c9810aff04b\/others\/nFLfEA4gA1joWOb1jEuO0yZM7SEZqrZTc7hKHznp.png\" \/><\/a><\/p>\n<\/div>\n<\/div>\n<div class=\"product-section add-to-cart-section\">\n<div class=\"quantity\"><\/div>\n<\/div>\n","protected":false},"excerpt":{"rendered":"<p>Aliment complet pour chiens de grande taille (de 26 \u00e0 44 kg) &#8211; Plus de 8 ans. L\u2019\u00e9tat de sant\u00e9 g\u00e9n\u00e9ral de votre grand chien subit de nombreux changements lorsqu\u2019il atteint sa pleine maturit\u00e9, et des signes de vieillissement peuvent commencer \u00e0 appara\u00eetre. Il est particuli\u00e8rement important d\u2019adapter l\u2019alimentation de votre chien \u00e0 cette \u00e9tape [&#8230;]\n","protected":false},"featured_media":399,"template":"","meta":{"jetpack_publicize_message":"","jetpack_publicize_feature_enabled":true,"jetpack_social_post_already_shared":false,"jetpack_social_options":{"image_generator_settings":{"template":"highway","default_image_id":0,"font":"","enabled":false},"version":2}},"product_brand":[],"product_cat":[26],"product_tag":[],"class_list":{"0":"post-111","1":"product","2":"type-product","3":"status-publish","4":"has-post-thumbnail","6":"product_cat-croquettes","8":"first","9":"onbackorder","10":"taxable","11":"shipping-taxable","12":"purchasable","13":"product-type-simple"},"supplier_id":5587,"supplier_sku":"7146","barcode":null,"atum_controlled":true,"out_stock_date":"2026-03-12 15:58:18","out_stock_threshold":null,"inheritable":false,"inbound_stock":0,"stock_on_hold":0,"sold_today":0,"sales_last_days":0,"reserved_stock":0,"customer_returns":0,"warehouse_damage":0,"lost_in_post":0,"other_logs":0,"out_stock_days":46,"lost_sales":0,"has_location":false,"update_date":"2026-04-28T00:15:23","atum_locations":[],"atum_stock_status":"onbackorder","restock_status":false,"low_stock_amount":1,"sales_update_date":"2026-04-28T00:15:23","calc_backorders":0,"jetpack_publicize_connections":[],"jetpack_sharing_enabled":true,"batches":[{"id":"240","date_created":"2024-09-29 12:31:39","date_expiry":"2025-03-27 00:00:00","user_id":"2461","batch_number":"RCMaxiAgeing8+15KG270325","location":"","quantity":"2.0000","quantity_available":"0.0000","units":"1","status":"archived","order_ids":"[12262,14224]","supplier":"Royal Canin","po":{"id":"235","date_created":"2024-09-29 12:31:39","batch_id":"240","po_number":"","supplier":"Royal Canin","cost":null,"regular_price":null,"sale_price":null,"price_margin":null,"price_discount":null}},{"id":"805","date_created":"2024-11-12 12:41:14","date_expiry":"2025-07-25 00:00:00","user_id":"2461","batch_number":"MaxiAgeing8+15KG250725","location":"","quantity":"2.0000","quantity_available":"0.0000","units":"1","status":"archived","order_ids":"[15724,16605]","supplier":"Royal Canin","po":{"id":"782","date_created":"2024-11-12 12:41:14","batch_id":"805","po_number":"","supplier":"Royal Canin","cost":null,"regular_price":null,"sale_price":null,"price_margin":null,"price_discount":null}}],"_links":{"self":[{"href":"https:\/\/petworld.ma\/index.php\/wp-json\/wp\/v2\/product\/111","targetHints":{"allow":["GET"]}}],"collection":[{"href":"https:\/\/petworld.ma\/index.php\/wp-json\/wp\/v2\/product"}],"about":[{"href":"https:\/\/petworld.ma\/index.php\/wp-json\/wp\/v2\/types\/product"}],"wp:featuredmedia":[{"embeddable":true,"href":"https:\/\/petworld.ma\/index.php\/wp-json\/wp\/v2\/media\/399"}],"wp:attachment":[{"href":"https:\/\/petworld.ma\/index.php\/wp-json\/wp\/v2\/media?parent=111"}],"wp:term":[{"taxonomy":"product_brand","embeddable":true,"href":"https:\/\/petworld.ma\/index.php\/wp-json\/wp\/v2\/product_brand?post=111"},{"taxonomy":"product_cat","embeddable":true,"href":"https:\/\/petworld.ma\/index.php\/wp-json\/wp\/v2\/product_cat?post=111"},{"taxonomy":"product_tag","embeddable":true,"href":"https:\/\/petworld.ma\/index.php\/wp-json\/wp\/v2\/product_tag?post=111"}],"curies":[{"name":"wp","href":"https:\/\/api.w.org\/{rel}","templated":true}]}}