{"id":1125,"date":"2023-01-06T10:26:05","date_gmt":"2023-01-06T10:26:05","guid":{"rendered":"https:\/\/petworld.ma\/?post_type=product&#038;p=1125"},"modified":"2026-04-17T11:33:26","modified_gmt":"2026-04-17T11:33:26","slug":"brit-care-superfruits-lamb-agneau","status":"publish","type":"product","link":"https:\/\/petworld.ma\/index.php\/produit\/brit-care-superfruits-lamb-agneau\/","title":{"rendered":"Brit Care Superfruits Lamb (Agneau) 100g"},"content":{"rendered":"<div class=\"hidden-xs\">\n<p>\u00ab\u00a0Shake Shake Superfruits.\u00a0\u00bb Aliment compl\u00e9mentaire sans c\u00e9r\u00e9ales, destin\u00e9 aux chats adultes.<\/p>\n<p>Friandise croustillante \u00e0 base d&rsquo;agneau et de \u00ab\u00a0SUPERFRUITS\u00a0\u00bb \u2013 noix de coco. Ces friandises croustillantes et fr\u00e9missantes attireront votre chat et l&rsquo;inviteront \u00e0 venir s&rsquo;amuser avec vous.<\/p>\n<\/div>\n<div class=\"benefits__item\"><img decoding=\"async\" src=\"https:\/\/brit-petfood.com\/file\/nodes\/icon-made-in-eu.png\" alt=\"\" width=\"47\" height=\"48\" \/>\u00a0Fabriqu\u00e9 dans l\u2019UE<\/div>\n<div>\n<p class=\"composition\"><strong>Composition:<\/strong><\/p>\n<p>prot\u00e9ines d&rsquo;agneau (30\u00a0%), pois jaune, graisse de volaille (10\u00a0%), prot\u00e9ines de pois, prot\u00e9ines de poulet hydrolys\u00e9es (7\u00a0%), noix de coco s\u00e9ch\u00e9e (4\u00a0%), pulpe de pommes s\u00e9ch\u00e9e, foies de poulet hydrolys\u00e9s (3\u00a0%), levure de bi\u00e8re (2\u00a0%), huile de saumon (2\u00a0%), farine de pois, graines de lin (1\u00a0%), membrane de coquilles d&rsquo;\u0153ufs (0,1\u00a0%).<\/p>\n<p><strong>Composants analytiques:<\/strong><\/p>\n<p>prot\u00e9ine brute 34\u00a0%, mati\u00e8res grasses brutes 17\u00a0%, cendres brutes 8\u00a0%, cellulose brute 3,5\u00a0%, humidit\u00e9 10\u00a0%, calcium 1,6\u00a0%, phosphore 1,2\u00a0%, sodium 0,2\u00a0%, magn\u00e9sium 0,1\u00a0%, om\u00e9ga-3 0,45 %, om\u00e9ga-6 2,10 %.<\/p>\n<p><strong>Ingr\u00e9dients:<\/strong><\/p>\n<p>Contient des antioxydants approuv\u00e9s par l&rsquo;Union europ\u00e9enne : extraits riches en tocoph\u00e9rols tir\u00e9s d&rsquo;huiles v\u00e9g\u00e9tales (1b306(i)), palmitate d&rsquo;ascorbyle (1b304) et extrait de romarin.<\/p>\n<p><strong>Metabolizable energy:<\/strong><\/p>\n<p>3,820 kcal\/kg<\/p>\n<\/div>\n","protected":false},"excerpt":{"rendered":"<p>\u00ab\u00a0Shake Shake Superfruits.\u00a0\u00bb Aliment compl\u00e9mentaire sans c\u00e9r\u00e9ales, destin\u00e9 aux chats adultes. Friandise croustillante \u00e0 base d&rsquo;agneau et de \u00ab\u00a0SUPERFRUITS\u00a0\u00bb \u2013 noix de coco. Ces friandises croustillantes et fr\u00e9missantes attireront votre chat et l&rsquo;inviteront \u00e0 venir s&rsquo;amuser avec vous. \u00a0Fabriqu\u00e9 dans l\u2019UE Composition: prot\u00e9ines d&rsquo;agneau (30\u00a0%), pois jaune, graisse de volaille (10\u00a0%), prot\u00e9ines de pois, prot\u00e9ines [&#8230;]\n","protected":false},"featured_media":1126,"template":"","meta":{"jetpack_publicize_message":"","jetpack_publicize_feature_enabled":true,"jetpack_social_post_already_shared":false,"jetpack_social_options":{"image_generator_settings":{"template":"highway","default_image_id":0,"font":"","enabled":false},"version":2}},"product_brand":[],"product_cat":[41],"product_tag":[],"class_list":{"0":"post-1125","1":"product","2":"type-product","3":"status-publish","4":"has-post-thumbnail","6":"product_cat-friandises-et-pate-pour-chat","8":"first","9":"instock","10":"taxable","11":"shipping-taxable","12":"purchasable","13":"product-type-simple"},"supplier_id":5590,"supplier_sku":"","barcode":null,"atum_controlled":true,"out_stock_date":null,"out_stock_threshold":null,"inheritable":false,"inbound_stock":0,"stock_on_hold":0,"sold_today":0,"sales_last_days":0,"reserved_stock":0,"customer_returns":0,"warehouse_damage":0,"lost_in_post":0,"other_logs":0,"out_stock_days":0,"lost_sales":0,"has_location":false,"update_date":"2026-04-28T00:15:38","atum_locations":[],"atum_stock_status":"instock","restock_status":false,"low_stock_amount":12,"sales_update_date":"2026-04-28T00:15:38","calc_backorders":null,"jetpack_publicize_connections":[],"jetpack_sharing_enabled":true,"batches":[{"id":"1444","date_created":"2024-12-31 21:41:12","date_expiry":"2026-05-19 00:00:00","user_id":"2760","batch_number":"BritSnackCatSuperfruit190526","location":"","quantity":"6.0000","quantity_available":"1.0000","units":"1","status":"active","order_ids":"[31970,34718,34860,36887,37515]","supplier":"Brit","po":{"id":"1417","date_created":"2024-12-31 21:41:14","batch_id":"1444","po_number":"","supplier":"Brit","cost":null,"regular_price":null,"sale_price":null,"price_margin":null,"price_discount":null}},{"id":"3820","date_created":"2025-06-04 20:54:16","date_expiry":"2026-08-25 00:00:00","user_id":"2760","batch_number":"BritSnackCatSuperfruit250826","location":"","quantity":"5.0000","quantity_available":"4.0000","units":"1","status":"active","order_ids":"[38958]","supplier":"Brit","po":{"id":"3785","date_created":"2025-06-04 20:54:16","batch_id":"3820","po_number":"","supplier":"Brit","cost":null,"regular_price":null,"sale_price":null,"price_margin":null,"price_discount":null}},{"id":"4713","date_created":"2025-08-07 22:56:46","date_expiry":"2026-08-29 00:00:00","user_id":"2760","batch_number":"BritSnackCatSuperfruit290826","location":"","quantity":"6.0000","quantity_available":"6.0000","units":"1","status":"active","order_ids":null,"supplier":"Brit","po":{"id":"4677","date_created":"2025-08-07 22:56:46","batch_id":"4713","po_number":"","supplier":"Brit","cost":null,"regular_price":null,"sale_price":null,"price_margin":null,"price_discount":null}},{"id":"7443","date_created":"2026-02-02 14:24:01","date_expiry":"2027-03-29 00:00:00","user_id":"2760","batch_number":"BritSnackCatSuperfruit290327","location":"","quantity":"6.0000","quantity_available":"6.0000","units":"1","status":"active","order_ids":null,"supplier":"Brit","po":{"id":"7378","date_created":"2026-02-02 14:24:02","batch_id":"7443","po_number":"","supplier":"Brit","cost":null,"regular_price":null,"sale_price":null,"price_margin":null,"price_discount":null}}],"_links":{"self":[{"href":"https:\/\/petworld.ma\/index.php\/wp-json\/wp\/v2\/product\/1125","targetHints":{"allow":["GET"]}}],"collection":[{"href":"https:\/\/petworld.ma\/index.php\/wp-json\/wp\/v2\/product"}],"about":[{"href":"https:\/\/petworld.ma\/index.php\/wp-json\/wp\/v2\/types\/product"}],"wp:featuredmedia":[{"embeddable":true,"href":"https:\/\/petworld.ma\/index.php\/wp-json\/wp\/v2\/media\/1126"}],"wp:attachment":[{"href":"https:\/\/petworld.ma\/index.php\/wp-json\/wp\/v2\/media?parent=1125"}],"wp:term":[{"taxonomy":"product_brand","embeddable":true,"href":"https:\/\/petworld.ma\/index.php\/wp-json\/wp\/v2\/product_brand?post=1125"},{"taxonomy":"product_cat","embeddable":true,"href":"https:\/\/petworld.ma\/index.php\/wp-json\/wp\/v2\/product_cat?post=1125"},{"taxonomy":"product_tag","embeddable":true,"href":"https:\/\/petworld.ma\/index.php\/wp-json\/wp\/v2\/product_tag?post=1125"}],"curies":[{"name":"wp","href":"https:\/\/api.w.org\/{rel}","templated":true}]}}