{"id":11278,"date":"2024-09-01T12:10:38","date_gmt":"2024-09-01T12:10:38","guid":{"rendered":"https:\/\/petworld.ma\/?post_type=product&#038;p=11278"},"modified":"2026-03-12T16:14:36","modified_gmt":"2026-03-12T16:14:36","slug":"bio-felilysine-supplements-de-l-lysine-pour-chats-90-comprimes","status":"publish","type":"product","link":"https:\/\/petworld.ma\/index.php\/produit\/bio-felilysine-supplements-de-l-lysine-pour-chats-90-comprimes\/","title":{"rendered":"Bio Felilysine &#8211; Suppl\u00e9ments de L-Lysine pour Chats &#8211; 90 Comprim\u00e9s"},"content":{"rendered":"<p><strong>Suppl\u00e9ments de L-Lysine<\/strong>\u00a0sous forme de comprim\u00e9s \u00e0 croquer et de gel, sp\u00e9cialement formul\u00e9s pour soutenir le syst\u00e8me immunitaire des chats.<\/p>\n<p>Le r\u00f4le de la L-Lysine dans l\u2019organisme : Des \u00e9tudes ont montr\u00e9 qu&rsquo;en plus de son r\u00f4le essentiel dans la synth\u00e8se des prot\u00e9ines, l&rsquo;augmentation de l&rsquo;apport alimentaire en lysine pr\u00e9sente des avantages dans la lutte contre le virus de l&rsquo;herp\u00e8s, un agent responsable des maladies des voies respiratoires sup\u00e9rieures chez le chat, commun\u00e9ment appel\u00e9es rhinites f\u00e9lines. La suppl\u00e9mentation en lysine r\u00e9duit la gravit\u00e9 et la dur\u00e9e des infections chez les animaux infect\u00e9s. Elle r\u00e9duit le risque de futures \u00e9pid\u00e9mies.<\/p>\n<ul>\n<li>Aide les animaux de compagnie \u00e0 produire\u00a0<strong>des anticorps<\/strong>\u00a0et\u00a0<strong>des enzymes<\/strong>\u00a0qui soutiennent la<\/li>\n<\/ul>\n<p><strong>syst\u00e8me immunitaire.<\/strong><\/p>\n<ul>\n<li>Favorise\u00a0<strong>une fonction oculaire saine<\/strong>\u00a0et\u00a0<strong>une respiration normale<\/strong><\/li>\n<li>Aide \u00e0 soulager\u00a0<strong>le FHV-1 (virus de l&rsquo;herp\u00e8s f\u00e9lin)<\/strong><\/li>\n<\/ul>\n","protected":false},"excerpt":{"rendered":"<h1 class=\"product_title entry-title elementor-heading-title elementor-size-default\">90 Comprim\u00e9s Suppl\u00e9ments de L-Lysine pour Chats.<\/h1>\n","protected":false},"featured_media":11279,"template":"","meta":{"jetpack_publicize_message":"","jetpack_publicize_feature_enabled":true,"jetpack_social_post_already_shared":true,"jetpack_social_options":{"image_generator_settings":{"template":"highway","default_image_id":0,"font":"","enabled":false},"version":2}},"product_brand":[],"product_cat":[219],"product_tag":[],"class_list":{"0":"post-11278","1":"product","2":"type-product","3":"status-publish","4":"has-post-thumbnail","6":"product_cat-complement-alimentaire-hygiene-et-soins-pour-chat","8":"first","9":"outofstock","10":"taxable","11":"shipping-taxable","12":"purchasable","13":"product-type-simple"},"supplier_id":5589,"supplier_sku":"BIO031","barcode":null,"atum_controlled":true,"out_stock_date":"2026-03-12 16:14:36","out_stock_threshold":null,"inheritable":false,"inbound_stock":0,"stock_on_hold":0,"sold_today":0,"sales_last_days":0,"reserved_stock":0,"customer_returns":0,"warehouse_damage":0,"lost_in_post":0,"other_logs":0,"out_stock_days":55,"lost_sales":0,"has_location":false,"update_date":"2026-05-07T00:17:11","atum_locations":[],"atum_stock_status":"outofstock","restock_status":false,"low_stock_amount":2,"sales_update_date":"2026-05-07T00:17:11","calc_backorders":null,"jetpack_publicize_connections":[],"jetpack_sharing_enabled":true,"batches":[{"id":"612","date_created":"2024-10-10 16:45:24","date_expiry":"2026-05-01 00:00:00","user_id":"9","batch_number":"Felilysine010526","location":"","quantity":"10.0000","quantity_available":"0.0000","units":"1","status":"archived","order_ids":"[12962,13281,13487,13760,13909,13953,15566,16139,16479,16634]","supplier":"Zooluxe","po":{"id":"595","date_created":"2024-10-10 16:45:25","batch_id":"612","po_number":"","supplier":"Zooluxe","cost":null,"regular_price":null,"sale_price":null,"price_margin":null,"price_discount":null}},{"id":"1134","date_created":"2024-12-09 23:11:05","date_expiry":"2026-05-30 00:00:00","user_id":"9","batch_number":"Felilysine300526","location":"","quantity":"24.0000","quantity_available":"0.0000","units":"1","status":"archived","order_ids":"[16699,19646,20382,20397,20785,21580,21621,21656,22527,22577,22775,22930,22977,23040,23093,23211,23508,23984,24076,24211,28862,29124]","supplier":"Zooluxe","po":{"id":"1110","date_created":"2024-12-09 23:11:05","batch_id":"1134","po_number":"","supplier":"Zooluxe","cost":null,"regular_price":null,"sale_price":null,"price_margin":null,"price_discount":null}},{"id":"1660","date_created":"2025-01-16 21:26:30","date_expiry":"2026-05-30 00:00:00","user_id":"9","batch_number":"Felilysine300526","location":"","quantity":"6.0000","quantity_available":"0.0000","units":"1","status":"archived","order_ids":"[16846,16874,17322,17502,18404,19156]","supplier":"Zooluxe","po":{"id":"1634","date_created":"2025-01-16 21:26:33","batch_id":"1660","po_number":"","supplier":"Zooluxe","cost":null,"regular_price":null,"sale_price":null,"price_margin":null,"price_discount":null}}],"_links":{"self":[{"href":"https:\/\/petworld.ma\/index.php\/wp-json\/wp\/v2\/product\/11278","targetHints":{"allow":["GET"]}}],"collection":[{"href":"https:\/\/petworld.ma\/index.php\/wp-json\/wp\/v2\/product"}],"about":[{"href":"https:\/\/petworld.ma\/index.php\/wp-json\/wp\/v2\/types\/product"}],"wp:featuredmedia":[{"embeddable":true,"href":"https:\/\/petworld.ma\/index.php\/wp-json\/wp\/v2\/media\/11279"}],"wp:attachment":[{"href":"https:\/\/petworld.ma\/index.php\/wp-json\/wp\/v2\/media?parent=11278"}],"wp:term":[{"taxonomy":"product_brand","embeddable":true,"href":"https:\/\/petworld.ma\/index.php\/wp-json\/wp\/v2\/product_brand?post=11278"},{"taxonomy":"product_cat","embeddable":true,"href":"https:\/\/petworld.ma\/index.php\/wp-json\/wp\/v2\/product_cat?post=11278"},{"taxonomy":"product_tag","embeddable":true,"href":"https:\/\/petworld.ma\/index.php\/wp-json\/wp\/v2\/product_tag?post=11278"}],"curies":[{"name":"wp","href":"https:\/\/api.w.org\/{rel}","templated":true}]}}