{"id":11280,"date":"2024-09-01T12:20:11","date_gmt":"2024-09-01T12:20:11","guid":{"rendered":"https:\/\/petworld.ma\/?post_type=product&#038;p=11280"},"modified":"2026-03-12T16:13:32","modified_gmt":"2026-03-12T16:13:32","slug":"calming-cat-pate-apaisante-pour-chat-bio-petactive-100ml","status":"publish","type":"product","link":"https:\/\/petworld.ma\/index.php\/produit\/calming-cat-pate-apaisante-pour-chat-bio-petactive-100ml\/","title":{"rendered":"Calming Cat &#8211; P\u00e2te apaisante pour chat &#8211; Bio PetActive 100ml"},"content":{"rendered":"<p><strong>Compl\u00e9ment alimentaire\u00a0<\/strong><strong>calmant\u00a0<\/strong><strong>pour chats.<\/strong><\/p>\n<p><strong>Les suppl\u00e9ments calmants<\/strong>\u00a0sont formul\u00e9s scientifiquement pour aider naturellement votre ami \u00e0 quatre pattes anxieux ou instable \u00e0 atteindre le calme et le bonheur.<\/p>\n<p>Aidez votre animal \u00e0 rester content pendant la s\u00e9paration, le stress du voyage, le mal des transports, les visites chez le v\u00e9t\u00e9rinaire et le toiletteur, les orages, les feux d&rsquo;artifice, les d\u00e9m\u00e9nagements ou d&rsquo;autres situations pouvant provoquer de l&rsquo;anxi\u00e9t\u00e9 et de la tension caus\u00e9es par des changements dans la routine quotidienne de votre animal. Peut \u00e9galement \u00eatre utilis\u00e9 pour la gestion des probl\u00e8mes de comportement car il aide \u00e0 maintenir un \u00e9quilibre \u00e9motionnel normal et peut aider \u00e0 freiner les comportements destructeurs.\u00a0<strong>Ingr\u00e9dients actifs ;<\/strong><\/p>\n<p><strong>La camomille<\/strong>\u00a0offre de nombreux bienfaits tels que le soulagement de la douleur, l&rsquo;apaisement des maux d&rsquo;estomac et est \u00e9galement un s\u00e9datif pour aider \u00e0 calmer les animaux nerveux.<\/p>\n<p><strong>Le L-Tryptophane\u00a0<\/strong><strong>et\u00a0<\/strong><strong>la L-Th\u00e9anine<\/strong>\u00a0sont des acides amin\u00e9s essentiels qui aident \u00e0 stimuler la production de neurotransmetteurs s\u00e9rotonine et dopamine qui jouent un r\u00f4le dans les r\u00e9ponses \u00e9motionnelles et les effets calmants naturels. Ils contribuent \u00e0 am\u00e9liorer la fonction c\u00e9r\u00e9brale et peuvent r\u00e9duire l&rsquo;hyperactivit\u00e9 et favoriser la relaxation.<\/p>\n<p><strong>La passiflore<\/strong>\u00a0r\u00e9duit le stress et l&rsquo;irritabilit\u00e9 en soutenant l&rsquo;\u00e9quilibre hormonal du corps et peut avoir un effet calmant sur les nerfs.<\/p>\n<p><strong>La poudre de racine de gingembre<\/strong>\u00a0combat les naus\u00e9es et les maux de ventre qui accompagnent souvent l&rsquo;anxi\u00e9t\u00e9 des animaux de compagnie.\u00a0<strong>La thiamine (vitamine B1)<\/strong>\u00a0est une vitamine essentielle au fonctionnement du syst\u00e8me nerveux. Elle peut aider \u00e0 r\u00e9duire l&rsquo;anxi\u00e9t\u00e9 chez les animaux de compagnie et aide \u00e0 optimiser l&rsquo;int\u00e9grit\u00e9 et la fonction des neurotransmetteurs dans le cerveau.\u00a0<strong>Principaux avantages :<\/strong><\/p>\n<ul>\n<li>Soulage le stress, l&rsquo;anxi\u00e9t\u00e9 et la col\u00e8re chez les animaux de compagnie<\/li>\n<li>Relaxant musculaire naturel pour les muscles tendus<\/li>\n<li>Calme l&rsquo;anxi\u00e9t\u00e9 de s\u00e9paration et \u00e9quilibre l&rsquo;humeur g\u00e9n\u00e9rale<\/li>\n<li>Aide \u00e0 soulager les maux d&rsquo;estomac et les probl\u00e8mes intestinaux<\/li>\n<li>Soutien comportemental<\/li>\n<li>Favorise la relaxation et le calme<\/li>\n<\/ul>\n<p><strong><em>Mode d&#8217;emploi des comprim\u00e9s calmants pour chats\u00a0<\/em><\/strong><strong><em>:<\/em><\/strong><em>\u00a030 minutes avant la situation stressante, donnez 2 comprim\u00e9s. Si n\u00e9cessaire, 2 comprim\u00e9s suppl\u00e9mentaires peuvent \u00eatre administr\u00e9s \u00e0 12 heures d&rsquo;intervalle.<\/em><\/p>\n<p><strong><em>Mode d&#8217;emploi\u00a0<\/em><\/strong><strong><em>de la p\u00e2te calmante pour chats<\/em><\/strong><em>\u00a0: donner 2 grammes par jour directement du tube ou ajouter \u00e0 la nourriture. (2 g correspondent \u00e0 environ 4 cm). Si n\u00e9cessaire, peut \u00eatre administr\u00e9 deux fois par jour \u00e0 12 heures d&rsquo;intervalle.<\/em><\/p>\n<p><strong><em>Comprim\u00e9s calmants pour chiens\u00a0<\/em><\/strong><strong><em>Mode d&#8217;emploi :<\/em><\/strong><em>\u00a030 minutes avant la situation stressante, donner selon le tableau ci-dessous. Peut \u00eatre administr\u00e9 directement ou \u00e9cras\u00e9 et saupoudr\u00e9 dans la nourriture s\u00e8che\/humide. Administrer pendant ou apr\u00e8s les repas.<\/em><\/p>\n","protected":false},"excerpt":{"rendered":"<h1 class=\"product_title entry-title elementor-heading-title elementor-size-default\">P\u00e2te apaisante pour chat 100ml<\/h1>\n","protected":false},"featured_media":11281,"template":"","meta":{"jetpack_publicize_message":"","jetpack_publicize_feature_enabled":true,"jetpack_social_post_already_shared":true,"jetpack_social_options":{"image_generator_settings":{"template":"highway","default_image_id":0,"font":"","enabled":false},"version":2}},"product_brand":[],"product_cat":[219],"product_tag":[],"class_list":{"0":"post-11280","1":"product","2":"type-product","3":"status-publish","4":"has-post-thumbnail","6":"product_cat-complement-alimentaire-hygiene-et-soins-pour-chat","8":"first","9":"outofstock","10":"taxable","11":"shipping-taxable","12":"purchasable","13":"product-type-simple"},"supplier_id":5589,"supplier_sku":"","barcode":null,"atum_controlled":true,"out_stock_date":"2026-03-12 16:13:30","out_stock_threshold":null,"inheritable":false,"inbound_stock":0,"stock_on_hold":0,"sold_today":0,"sales_last_days":0,"reserved_stock":0,"customer_returns":0,"warehouse_damage":0,"lost_in_post":0,"other_logs":0,"out_stock_days":61,"lost_sales":0,"has_location":false,"update_date":"2026-05-13T00:23:40","atum_locations":[],"atum_stock_status":"outofstock","restock_status":false,"low_stock_amount":2,"sales_update_date":"2026-05-13T00:23:39","calc_backorders":null,"jetpack_publicize_connections":[],"jetpack_sharing_enabled":true,"batches":[{"id":"606","date_created":"2024-10-10 14:53:50","date_expiry":"2025-05-29 00:00:00","user_id":"2461","batch_number":"CalmingCat290525","location":"","quantity":"20.0000","quantity_available":"0.0000","units":"1","status":"archived","order_ids":"[11690,13953,14189,14961,15024,15786,16521,16767,16924,17108,17294,17452,18303,18360,18491,18533,19127,19528,21487,21570,21740,21817]","supplier":"Zooluxe","po":{"id":"589","date_created":"2024-10-10 14:53:51","batch_id":"606","po_number":"","supplier":"Zooluxe","cost":null,"regular_price":null,"sale_price":null,"price_margin":null,"price_discount":null}},{"id":"4073","date_created":"2025-06-20 16:17:13","date_expiry":"2027-04-09 00:00:00","user_id":"2461","batch_number":"CalmingCat090427","location":"","quantity":"21.0000","quantity_available":"0.0000","units":"1","status":"archived","order_ids":"[23589,23712,24228,24502,24637,24863,24881,24885,25055,25088,25350,25528,25763,26048,26051,26211,26652,26881,26963]","supplier":"Casablanca","po":{"id":"4037","date_created":"2025-06-20 16:17:14","batch_id":"4073","po_number":"","supplier":"Casablanca","cost":null,"regular_price":null,"sale_price":null,"price_margin":null,"price_discount":null}}],"_links":{"self":[{"href":"https:\/\/petworld.ma\/index.php\/wp-json\/wp\/v2\/product\/11280","targetHints":{"allow":["GET"]}}],"collection":[{"href":"https:\/\/petworld.ma\/index.php\/wp-json\/wp\/v2\/product"}],"about":[{"href":"https:\/\/petworld.ma\/index.php\/wp-json\/wp\/v2\/types\/product"}],"wp:featuredmedia":[{"embeddable":true,"href":"https:\/\/petworld.ma\/index.php\/wp-json\/wp\/v2\/media\/11281"}],"wp:attachment":[{"href":"https:\/\/petworld.ma\/index.php\/wp-json\/wp\/v2\/media?parent=11280"}],"wp:term":[{"taxonomy":"product_brand","embeddable":true,"href":"https:\/\/petworld.ma\/index.php\/wp-json\/wp\/v2\/product_brand?post=11280"},{"taxonomy":"product_cat","embeddable":true,"href":"https:\/\/petworld.ma\/index.php\/wp-json\/wp\/v2\/product_cat?post=11280"},{"taxonomy":"product_tag","embeddable":true,"href":"https:\/\/petworld.ma\/index.php\/wp-json\/wp\/v2\/product_tag?post=11280"}],"curies":[{"name":"wp","href":"https:\/\/api.w.org\/{rel}","templated":true}]}}