{"id":11283,"date":"2024-09-01T12:25:43","date_gmt":"2024-09-01T12:25:43","guid":{"rendered":"https:\/\/petworld.ma\/?post_type=product&#038;p=11283"},"modified":"2026-04-29T12:05:00","modified_gmt":"2026-04-29T12:05:00","slug":"hairball-control","status":"publish","type":"product","link":"https:\/\/petworld.ma\/index.php\/produit\/hairball-control\/","title":{"rendered":"Cati\u0307 Malt Hai\u0307rball Control &#8211; Rem\u00e8de contre les boules de poils pour chats &#8211; Bio PetActive 100ml"},"content":{"rendered":"<p><strong>P\u00e2te sp\u00e9cialement formul\u00e9e aide \u00e0 \u00e9liminer et \u00e0 pr\u00e9venir les boules de poils chez les chats.<\/strong><\/p>\n<p>Les chats avalent leurs poils en se l\u00e9chant le corps dans le but de se nettoyer et ces poils finissent par devenir des boules de poils dans leur estomac ou leurs intestins, provoquant un blocage du tractus gastro-intestinal.<\/p>\n<p>Si la boule de poils passe par l&rsquo;estomac et se dirige vers les intestins, elle peut se calcifier et bloquer l&rsquo;intestin ou les intestins.\u00a0<strong>Les chats \u00e0 poils longs sont souvent confront\u00e9s \u00e0 ce probl\u00e8me.<\/strong>\u00a0La boule de poils dans l&rsquo;estomac qui ne peut pas \u00eatre vomie est un probl\u00e8me courant chez les chats \u00e0 poils courts qui se toilettent beaucoup.<\/p>\n<p>La p\u00e2te CatiMalt apporte un soutien quotidien contre la formation de boules de poils et aide \u00e0 pr\u00e9venir la constipation et le mouvement doux des poils aval\u00e9s dans l&rsquo;estomac et les intestins.<\/p>\n<p><strong>Le mannan-oligosaccharide (MOS),<\/strong>\u00a0avec son effet pr\u00e9biotique, augmente les bact\u00e9ries b\u00e9n\u00e9fiques dans l&rsquo;intestin ; provoquant la diminution des bact\u00e9ries nocives, aidant notre ami \u00e0 b\u00e9n\u00e9ficier de la quantit\u00e9 maximale de nourriture qu&rsquo;il a mang\u00e9e et jouant un r\u00f4le dans le renforcement de l&rsquo;immunit\u00e9.<\/p>\n<p><strong>Mode d&#8217;emploi :\u00a0<\/strong><em>Appliquer 2 \u00e0 3 cm de p\u00e2te sur les pattes des chats. Peut \u00eatre utilis\u00e9 2 \u00e0 3 jours par semaine pour pr\u00e9venir les boules de poils. Recommand\u00e9 pour une utilisation quotidienne pour \u00e9liminer les boules de poils.<\/em><\/p>\n","protected":false},"excerpt":{"rendered":"<h1 class=\"product_title entry-title elementor-heading-title elementor-size-default\">Rem\u00e8de contre les boules de poils pour chats 100ml.<\/h1>\n","protected":false},"featured_media":11284,"template":"","meta":{"jetpack_publicize_message":"","jetpack_publicize_feature_enabled":true,"jetpack_social_post_already_shared":true,"jetpack_social_options":{"image_generator_settings":{"template":"highway","default_image_id":0,"font":"","enabled":false},"version":2}},"product_brand":[],"product_cat":[219],"product_tag":[],"class_list":{"0":"post-11283","1":"product","2":"type-product","3":"status-publish","4":"has-post-thumbnail","6":"product_cat-complement-alimentaire-hygiene-et-soins-pour-chat","8":"first","9":"instock","10":"taxable","11":"shipping-taxable","12":"purchasable","13":"product-type-simple"},"supplier_id":5589,"supplier_sku":"","barcode":null,"atum_controlled":true,"out_stock_date":null,"out_stock_threshold":null,"inheritable":false,"inbound_stock":0,"stock_on_hold":0,"sold_today":0,"sales_last_days":0,"reserved_stock":0,"customer_returns":0,"warehouse_damage":0,"lost_in_post":0,"other_logs":0,"out_stock_days":0,"lost_sales":0,"has_location":false,"update_date":"2026-05-14T00:00:26","atum_locations":[],"atum_stock_status":"instock","restock_status":false,"low_stock_amount":2,"sales_update_date":"2026-05-14T00:00:26","calc_backorders":null,"jetpack_publicize_connections":[],"jetpack_sharing_enabled":true,"batches":[{"id":"613","date_created":"2024-10-10 16:47:11","date_expiry":"2026-06-01 00:00:00","user_id":"9","batch_number":"Cati\u0307MaltHai\u0307rball010626","location":"","quantity":"8.0000","quantity_available":"0.0000","units":"1","status":"archived","order_ids":"[14216,14305,14787,16104,16815,17127,19709,19780]","supplier":"Zooluxe","po":{"id":"596","date_created":"2024-10-10 16:47:12","batch_id":"613","po_number":"","supplier":"Zooluxe","cost":null,"regular_price":null,"sale_price":null,"price_margin":null,"price_discount":null}},{"id":"3209","date_created":"2025-04-27 19:10:13","date_expiry":"2026-06-01 00:00:00","user_id":"9","batch_number":"Cati\u0307MaltHai\u0307rball010626","location":"","quantity":"10.0000","quantity_available":"0.0000","units":"1","status":"archived","order_ids":"[21320,23735,23758,24158,25088,25317,25677,26211]","supplier":"Zooluxe","po":{"id":"3177","date_created":"2025-04-27 19:10:14","batch_id":"3209","po_number":"","supplier":"Zooluxe","cost":null,"regular_price":null,"sale_price":null,"price_margin":null,"price_discount":null}},{"id":"5528","date_created":"2025-09-28 10:40:04","date_expiry":"2027-04-14 00:00:00","user_id":"9","batch_number":"Hairball100425","location":"","quantity":"18.0000","quantity_available":"12.0000","units":"1","status":"active","order_ids":"[27050,28097,31421,40091,40111,40660]","supplier":"Zooluxe","po":{"id":"5483","date_created":"2025-09-28 10:40:09","batch_id":"5528","po_number":"","supplier":"Zooluxe","cost":null,"regular_price":null,"sale_price":null,"price_margin":null,"price_discount":null}},{"id":"5529","date_created":"2025-09-28 10:40:05","date_expiry":"2027-04-14 00:00:00","user_id":"9","batch_number":"Hairball100425","location":"","quantity":"18.0000","quantity_available":"18.0000","units":"1","status":"active","order_ids":null,"supplier":"Zooluxe","po":{"id":"5482","date_created":"2025-09-28 10:40:06","batch_id":"5529","po_number":"","supplier":"Zooluxe","cost":null,"regular_price":null,"sale_price":null,"price_margin":null,"price_discount":null}}],"_links":{"self":[{"href":"https:\/\/petworld.ma\/index.php\/wp-json\/wp\/v2\/product\/11283","targetHints":{"allow":["GET"]}}],"collection":[{"href":"https:\/\/petworld.ma\/index.php\/wp-json\/wp\/v2\/product"}],"about":[{"href":"https:\/\/petworld.ma\/index.php\/wp-json\/wp\/v2\/types\/product"}],"wp:featuredmedia":[{"embeddable":true,"href":"https:\/\/petworld.ma\/index.php\/wp-json\/wp\/v2\/media\/11284"}],"wp:attachment":[{"href":"https:\/\/petworld.ma\/index.php\/wp-json\/wp\/v2\/media?parent=11283"}],"wp:term":[{"taxonomy":"product_brand","embeddable":true,"href":"https:\/\/petworld.ma\/index.php\/wp-json\/wp\/v2\/product_brand?post=11283"},{"taxonomy":"product_cat","embeddable":true,"href":"https:\/\/petworld.ma\/index.php\/wp-json\/wp\/v2\/product_cat?post=11283"},{"taxonomy":"product_tag","embeddable":true,"href":"https:\/\/petworld.ma\/index.php\/wp-json\/wp\/v2\/product_tag?post=11283"}],"curies":[{"name":"wp","href":"https:\/\/api.w.org\/{rel}","templated":true}]}}