{"id":11315,"date":"2024-09-01T14:52:37","date_gmt":"2024-09-01T14:52:37","guid":{"rendered":"https:\/\/petworld.ma\/?post_type=product&#038;p=11315"},"modified":"2026-05-06T15:34:44","modified_gmt":"2026-05-06T15:34:44","slug":"king-dog-croquettes-pour-chien-20kg","status":"publish","type":"product","link":"https:\/\/petworld.ma\/index.php\/produit\/king-dog-croquettes-pour-chien-20kg\/","title":{"rendered":"King Dog Croquettes pour chien 20kg"},"content":{"rendered":"<p>La nourriture s\u00e8che King Dog Adult Beef Flavored est une marque de qualit\u00e9 sup\u00e9rieure, enti\u00e8rement naturelle, formul\u00e9e par une \u00e9quipe de nutritionnistes holistiques. Test\u00e9e cliniquement et approuv\u00e9e par les v\u00e9t\u00e9rinaires, cette nourriture pour chiens est con\u00e7ue pour fournir une nutrition optimale aux chiens de tous \u00e2ges et de toutes races. Fabriqu\u00e9e \u00e0 partir d&rsquo;ingr\u00e9dients de haute qualit\u00e9 comme le bl\u00e9, le ma\u00efs et les prot\u00e9ines animales transform\u00e9es, elle offre une alimentation \u00e9quilibr\u00e9e pour soutenir la sant\u00e9 et le bien-\u00eatre g\u00e9n\u00e9ral de votre chien.<\/p>\n<p>Avec des vitamines, des min\u00e9raux et des nutriments essentiels comme le calcium, le phosphore et les vitamines A, D et E, King Dog Food favorise une peau saine, un pelage brillant, des os solides et un syst\u00e8me immunitaire robuste. Offrez \u00e0 votre ami \u00e0 quatre pattes la d\u00e9licieuse saveur du b\u0153uf tout en veillant \u00e0 ce que ses besoins nutritionnels soient satisfaits.<\/p>\n<p><strong>Min\u00e9raux :<\/strong><\/p>\n<ul>\n<li>Calcium<\/li>\n<li>Phosphore<\/li>\n<li>Sodium<\/li>\n<li>lodine<\/li>\n<li>Zinc<\/li>\n<li>Cuivre<\/li>\n<li>Chlorure de potassium<\/li>\n<li>Fer<\/li>\n<li>S\u00e9l\u00e9nium<\/li>\n<\/ul>\n<p><strong>Vitamines :<\/strong><\/p>\n<ul>\n<li>Vit. A<\/li>\n<li>Vit. D<\/li>\n<li>Ann\u00e9e. E<\/li>\n<li>Vit. C<\/li>\n<li>Vitamine B1 \u2013 B2 \u2013 B3 (niacine) \u2013 B6 \u2013 B12 \u2013 B7 (biotine) \u2013 B9 (acide folique)<\/li>\n<li>Blanc. K<\/li>\n<li>Choline<\/li>\n<li>Pantoth\u00e9nate de calcium<\/li>\n<\/ul>\n<p><strong>Composition nutritionnelle<\/strong><\/p>\n<ul>\n<li>Prot\u00e9ine brute 18%<\/li>\n<li>Mati\u00e8res grasses brutes 7%<\/li>\n<li>Cendres brutes 8%<\/li>\n<li>Cellulose brute (fibre) 4%<\/li>\n<\/ul>\n","protected":false},"excerpt":{"rendered":"<p>La nourriture s\u00e8che King Dog Adult Beef Flavored est une marque de qualit\u00e9 sup\u00e9rieure, enti\u00e8rement naturelle, formul\u00e9e par une \u00e9quipe de nutritionnistes holistiques. Test\u00e9e cliniquement et approuv\u00e9e par les v\u00e9t\u00e9rinaires, cette nourriture pour chiens est con\u00e7ue pour fournir une nutrition optimale aux chiens de tous \u00e2ges et de toutes races. Fabriqu\u00e9e \u00e0 partir d&rsquo;ingr\u00e9dients de [&#8230;]\n","protected":false},"featured_media":40699,"template":"","meta":{"jetpack_publicize_message":"","jetpack_publicize_feature_enabled":true,"jetpack_social_post_already_shared":true,"jetpack_social_options":{"image_generator_settings":{"template":"highway","default_image_id":0,"font":"","enabled":false},"version":2}},"product_brand":[],"product_cat":[26],"product_tag":[],"class_list":{"0":"post-11315","1":"product","2":"type-product","3":"status-publish","4":"has-post-thumbnail","6":"product_cat-croquettes","8":"first","9":"instock","10":"taxable","11":"shipping-taxable","12":"purchasable","13":"product-type-simple"},"supplier_id":5592,"supplier_sku":"","barcode":null,"atum_controlled":true,"out_stock_date":null,"out_stock_threshold":null,"inheritable":false,"inbound_stock":0,"stock_on_hold":1,"sold_today":0,"sales_last_days":1,"reserved_stock":0,"customer_returns":0,"warehouse_damage":0,"lost_in_post":0,"other_logs":0,"out_stock_days":0,"lost_sales":0,"has_location":false,"update_date":"2026-05-09T00:21:40","atum_locations":[],"atum_stock_status":"instock","restock_status":false,"low_stock_amount":5,"sales_update_date":"2026-05-09T00:21:39","calc_backorders":0,"jetpack_publicize_connections":[],"jetpack_sharing_enabled":true,"batches":[{"id":"656","date_created":"2024-10-17 14:23:38","date_expiry":"2026-01-16 00:00:00","user_id":"2760","batch_number":"KING20KG160126","location":"","quantity":"4.0000","quantity_available":"0.0000","units":"1","status":"archived","order_ids":"[13800,14256,14564,15810]","supplier":"Rabat","po":{"id":"636","date_created":"2024-10-17 14:23:38","batch_id":"656","po_number":"","supplier":"Rabat","cost":null,"regular_price":null,"sale_price":null,"price_margin":null,"price_discount":null}},{"id":"1353","date_created":"2024-12-21 15:13:48","date_expiry":"2026-05-12 00:00:00","user_id":"2760","batch_number":"KING20KG120526","location":"","quantity":"10.0000","quantity_available":"0.0000","units":"1","status":"archived","order_ids":"[15884,16168,16994,17154]","supplier":"Rabat","po":{"id":"1326","date_created":"2024-12-21 15:13:51","batch_id":"1353","po_number":"","supplier":"Rabat","cost":null,"regular_price":null,"sale_price":null,"price_margin":null,"price_discount":null}},{"id":"1522","date_created":"2025-01-06 22:26:01","date_expiry":"2026-05-12 00:00:00","user_id":"2760","batch_number":"KING20KG120526","location":"","quantity":"2.0000","quantity_available":"0.0000","units":"1","status":"archived","order_ids":"[16472,16994]","supplier":"Rabat","po":{"id":"1496","date_created":"2025-01-06 22:26:04","batch_id":"1522","po_number":"","supplier":"Rabat","cost":null,"regular_price":null,"sale_price":null,"price_margin":null,"price_discount":null}},{"id":"1523","date_created":"2025-01-06 22:26:05","date_expiry":"2026-05-12 00:00:00","user_id":"2760","batch_number":"KING20KG120526","location":"","quantity":"5.0000","quantity_available":"0.0000","units":"1","status":"archived","order_ids":"[17242,17549]","supplier":"Rabat","po":{"id":"1497","date_created":"2025-01-06 22:26:08","batch_id":"1523","po_number":"","supplier":"Rabat","cost":null,"regular_price":null,"sale_price":null,"price_margin":null,"price_discount":null}},{"id":"1893","date_created":"2025-02-06 23:32:22","date_expiry":"2026-05-12 00:00:00","user_id":"2760","batch_number":"KING20KG120526","location":"","quantity":"4.0000","quantity_available":"0.0000","units":"1","status":"archived","order_ids":"[18436,19247,20559,20592]","supplier":"Rabat","po":{"id":"1867","date_created":"2025-02-06 23:32:25","batch_id":"1893","po_number":"","supplier":"Rabat","cost":null,"regular_price":null,"sale_price":null,"price_margin":null,"price_discount":null}},{"id":"2566","date_created":"2025-03-29 21:38:18","date_expiry":"2026-06-20 00:00:00","user_id":"2760","batch_number":"KING20KG200626","location":"","quantity":"2.0000","quantity_available":"0.0000","units":"1","status":"archived","order_ids":"[20902]","supplier":"Rabat","po":{"id":"2534","date_created":"2025-03-29 21:38:22","batch_id":"2566","po_number":"","supplier":"Rabat","cost":null,"regular_price":null,"sale_price":null,"price_margin":null,"price_discount":null}},{"id":"3213","date_created":"2025-04-29 23:09:47","date_expiry":"2026-06-20 00:00:00","user_id":"2760","batch_number":"KING20KG200626","location":"","quantity":"4.0000","quantity_available":"0.0000","units":"1","status":"archived","order_ids":"[22949,24358]","supplier":"Rabat","po":{"id":"3181","date_created":"2025-04-29 23:09:48","batch_id":"3213","po_number":"","supplier":"Rabat","cost":null,"regular_price":null,"sale_price":null,"price_margin":null,"price_discount":null}},{"id":"4523","date_created":"2025-07-18 18:18:38","date_expiry":"2026-11-17 00:00:00","user_id":"2760","batch_number":"KING20KG171126","location":"","quantity":"4.0000","quantity_available":"0.0000","units":"1","status":"archived","order_ids":"[25591,27438]","supplier":"Casablanca","po":{"id":"4487","date_created":"2025-07-18 18:18:39","batch_id":"4523","po_number":"","supplier":"Casablanca","cost":null,"regular_price":null,"sale_price":null,"price_margin":null,"price_discount":null}},{"id":"5303","date_created":"2025-09-14 16:05:38","date_expiry":"2026-11-17 00:00:00","user_id":"2760","batch_number":"KING20KG171126","location":"","quantity":"18.0000","quantity_available":"0.0000","units":"1","status":"archived","order_ids":"[28838,28841,28918,28990,30637,31734,31974,33336]","supplier":"Zoolux","po":{"id":"5260","date_created":"2025-09-14 16:05:39","batch_id":"5303","po_number":"","supplier":"Zoolux","cost":null,"regular_price":null,"sale_price":null,"price_margin":null,"price_discount":null}},{"id":"5961","date_created":"2025-11-02 18:34:48","date_expiry":"2027-02-23 00:00:00","user_id":"2760","batch_number":"KING20KG230227","location":"","quantity":"18.0000","quantity_available":"8.0000","units":"1","status":"active","order_ids":"[33336,35575,35683,37263,38154,38430,38765,40092,40693,41482]","supplier":"Zoolux","po":{"id":"5900","date_created":"2025-11-02 18:34:51","batch_id":"5961","po_number":"","supplier":"Zoolux","cost":null,"regular_price":null,"sale_price":null,"price_margin":null,"price_discount":null}},{"id":"7003","date_created":"2025-12-28 16:39:51","date_expiry":"2027-04-06 00:00:00","user_id":"2760","batch_number":"KING20KG060427","location":"","quantity":"4.0000","quantity_available":"3.0000","units":"1","status":"active","order_ids":"[33819]","supplier":"Zooluxe","po":{"id":"6942","date_created":"2025-12-28 16:39:51","batch_id":"7003","po_number":"","supplier":"Zooluxe","cost":null,"regular_price":null,"sale_price":null,"price_margin":null,"price_discount":null}}],"_links":{"self":[{"href":"https:\/\/petworld.ma\/index.php\/wp-json\/wp\/v2\/product\/11315","targetHints":{"allow":["GET"]}}],"collection":[{"href":"https:\/\/petworld.ma\/index.php\/wp-json\/wp\/v2\/product"}],"about":[{"href":"https:\/\/petworld.ma\/index.php\/wp-json\/wp\/v2\/types\/product"}],"wp:featuredmedia":[{"embeddable":true,"href":"https:\/\/petworld.ma\/index.php\/wp-json\/wp\/v2\/media\/40699"}],"wp:attachment":[{"href":"https:\/\/petworld.ma\/index.php\/wp-json\/wp\/v2\/media?parent=11315"}],"wp:term":[{"taxonomy":"product_brand","embeddable":true,"href":"https:\/\/petworld.ma\/index.php\/wp-json\/wp\/v2\/product_brand?post=11315"},{"taxonomy":"product_cat","embeddable":true,"href":"https:\/\/petworld.ma\/index.php\/wp-json\/wp\/v2\/product_cat?post=11315"},{"taxonomy":"product_tag","embeddable":true,"href":"https:\/\/petworld.ma\/index.php\/wp-json\/wp\/v2\/product_tag?post=11315"}],"curies":[{"name":"wp","href":"https:\/\/api.w.org\/{rel}","templated":true}]}}