{"id":1150,"date":"2023-01-08T17:01:20","date_gmt":"2023-01-08T17:01:20","guid":{"rendered":"https:\/\/petworld.ma\/?post_type=product&#038;p=1150"},"modified":"2026-04-18T18:40:04","modified_gmt":"2026-04-18T18:40:04","slug":"collier-reglable-avec-cloche-pour-chat-et-petit-chien","status":"publish","type":"product","link":"https:\/\/petworld.ma\/index.php\/produit\/collier-reglable-avec-cloche-pour-chat-et-petit-chien\/","title":{"rendered":"Collier r\u00e9glable avec cloche pour chat"},"content":{"rendered":"<p>Collier avec motif adapt\u00e9 pour chat ou chien (taille small). Ce collier est r\u00e9glable et il est \u00e9quip\u00e9 d&rsquo;une cloche.<\/p>\n<p>Taille: 1 cm de large, 19-33cm de tour de cou, adapt\u00e9 aux chats.<\/p>\n<div style=\"width: 720px;\" class=\"wp-video\"><video class=\"wp-video-shortcode\" id=\"video-1150-1\" width=\"720\" height=\"720\" preload=\"metadata\" controls=\"controls\"><source type=\"video\/mp4\" src=\"https:\/\/petworld.ma\/wp-content\/uploads\/2023\/01\/1.mp4?_=1\" \/><a href=\"https:\/\/petworld.ma\/wp-content\/uploads\/2023\/01\/1.mp4\">https:\/\/petworld.ma\/wp-content\/uploads\/2023\/01\/1.mp4<\/a><\/video><\/div>\n","protected":false},"excerpt":{"rendered":"<p>Collier avec motif adapt\u00e9 pour chat ou chien (taille small). Ce collier est r\u00e9glable et il est \u00e9quip\u00e9 d&rsquo;une cloche. Taille: 1 cm de large, 19-33cm de tour de cou, adapt\u00e9 aux chats.<\/p>\n","protected":false},"featured_media":1151,"template":"","meta":{"jetpack_publicize_message":"","jetpack_publicize_feature_enabled":true,"jetpack_social_post_already_shared":false,"jetpack_social_options":{"image_generator_settings":{"template":"highway","default_image_id":0,"font":"","enabled":false},"version":2}},"product_brand":[],"product_cat":[233],"product_tag":[],"class_list":{"0":"post-1150","1":"product","2":"type-product","3":"status-publish","4":"has-post-thumbnail","6":"product_cat-colliers-harnais","8":"first","9":"instock","10":"sale","11":"taxable","12":"shipping-taxable","13":"purchasable","14":"product-type-variable"},"supplier_id":null,"supplier_sku":"","barcode":null,"atum_controlled":true,"out_stock_date":null,"out_stock_threshold":null,"inheritable":true,"inbound_stock":0,"stock_on_hold":0,"sold_today":1,"sales_last_days":2,"reserved_stock":0,"customer_returns":0,"warehouse_damage":0,"lost_in_post":0,"other_logs":0,"out_stock_days":0,"lost_sales":0,"has_location":false,"update_date":"2026-04-19T00:09:55","atum_locations":[],"atum_stock_status":"instock","restock_status":false,"low_stock_amount":"","sales_update_date":"2026-04-17T00:06:33","calc_backorders":null,"jetpack_publicize_connections":[],"jetpack_sharing_enabled":true,"batches":[],"_links":{"self":[{"href":"https:\/\/petworld.ma\/index.php\/wp-json\/wp\/v2\/product\/1150","targetHints":{"allow":["GET"]}}],"collection":[{"href":"https:\/\/petworld.ma\/index.php\/wp-json\/wp\/v2\/product"}],"about":[{"href":"https:\/\/petworld.ma\/index.php\/wp-json\/wp\/v2\/types\/product"}],"wp:featuredmedia":[{"embeddable":true,"href":"https:\/\/petworld.ma\/index.php\/wp-json\/wp\/v2\/media\/1151"}],"wp:attachment":[{"href":"https:\/\/petworld.ma\/index.php\/wp-json\/wp\/v2\/media?parent=1150"}],"wp:term":[{"taxonomy":"product_brand","embeddable":true,"href":"https:\/\/petworld.ma\/index.php\/wp-json\/wp\/v2\/product_brand?post=1150"},{"taxonomy":"product_cat","embeddable":true,"href":"https:\/\/petworld.ma\/index.php\/wp-json\/wp\/v2\/product_cat?post=1150"},{"taxonomy":"product_tag","embeddable":true,"href":"https:\/\/petworld.ma\/index.php\/wp-json\/wp\/v2\/product_tag?post=1150"}],"curies":[{"name":"wp","href":"https:\/\/api.w.org\/{rel}","templated":true}]}}