{"id":11562,"date":"2024-09-12T09:23:50","date_gmt":"2024-09-12T09:23:50","guid":{"rendered":"https:\/\/petworld.ma\/?post_type=product&#038;p=11562"},"modified":"2026-04-20T05:14:01","modified_gmt":"2026-04-20T05:14:01","slug":"purina-pro-plan-canine-fortiflora-supplement-probiotique-pour-chien","status":"publish","type":"product","link":"https:\/\/petworld.ma\/index.php\/produit\/purina-pro-plan-canine-fortiflora-supplement-probiotique-pour-chien\/","title":{"rendered":"Purina Pro Plan Canine Fortiflora &#8211; Suppl\u00e9ment Probiotique pour Chien (1 bo\u00eete de 30 sachets)"},"content":{"rendered":"<div class=\"product_section js-product_section container is-justify-space-between has-padding-bottom \" data-rv-handle=\"pro-plan\u00ae-sterilised-nutrisavour\u2122-en-sauce-au-poulet-85g\">\n<div class=\"product__information has-product-sticker one-half column medium-down--one-whole\">\n<div class=\"description content bottom has-padding-top\">\n<div class=\"info-icon__container_wrapper\">\n<div class=\"info-icon__container\">\n<div class=\"info-icon__text\">\n<div class=\"product_detail_product_information\">\n<div class=\"generic-block__container\">\n<div class=\"generic-block__container--inner\">\n<div class=\"generic-block__container--text-block\">\n<div class=\"feeding-guide-table-wrap\">\n<div class=\"field__item\">\n<p><strong>Caract\u00e9ristiques<\/strong><\/p>\n<ul>\n<li>Aide \u00e0 soutenir l&rsquo;\u00e9quilibre et le bien-\u00eatre intestinal.<\/li>\n<li>Prouv\u00e9 pour aider \u00e0 promouvoir des d\u00e9fenses naturelles fortes.<\/li>\n<li>Formule tr\u00e8s savoureuse qui peut \u00e9galement faire office d&rsquo;exhausteur de go\u00fbt chez les chiens malades.<\/li>\n<\/ul>\n<\/div>\n<div class=\"field__item\">\n<p>Suppl\u00e9ment probiotique qui renforce le syst\u00e8me immunitaire des chiots et des chiens adultes. Il peut \u00eatre utilis\u00e9 pour diff\u00e9rentes situations telles que : stress d&rsquo;un nouveau foyer, voyages, antibioth\u00e9rapie, manque d&rsquo;app\u00e9tit, selles molles et flatulences.<\/p>\n<p>Fabriqu\u00e9 en France et prescrit par les v\u00e9t\u00e9rinaires depuis plus de 10 ans, PURINA\u00ae PRO PLAN\u00ae Canine FortiFlora\u00ae minimise les troubles gastro-intestinaux d\u00e9clench\u00e9s par le stress, le changement abrupt d\u2019alimentation, ou \u00e0 la suite d\u2019un traitement antibiotique. Il contient une souche unique de bact\u00e9rie b\u00e9n\u00e9fique, SF68\u00ae, dont la contribution au bon fonctionnement et \u00e0 l&rsquo;\u00e9quilibre de l&rsquo;intestin a \u00e9t\u00e9 scientifiquement prouv\u00e9e.<\/p>\n<p>FortiFlora\u00ae est hautement app\u00e9tent et est tr\u00e8s facile \u00e0 administrer. Il suffit de saupoudrer un sachet entier, une fois par jour, sur la nourriture habituelle de votre animal de compagnie, que ce soit des croquettes ou de la pat\u00e9e.<\/p>\n<p><strong>Composition: <\/strong>Viandes et sous-produits animaux, Substances min\u00e9rales<\/p>\n<p><strong>Constituants analytiques: <\/strong>Prot\u00e9ine : 55 %, Teneur en mati\u00e8res grasses : 18 %, Cendres brutes : 8,5 %, Cellulose brute : 1 %<\/p>\n<p><strong>Additifs : additifs nutritionnels<\/strong><\/p>\n<p>mg\/kg : Fe : 1080 ;<br \/>\nI : 16 ;<br \/>\nCu : 110 ;<br \/>\nMn : 400 ;<br \/>\nZn : 1000 ;<br \/>\nSe : 1,1.<\/p>\n<p>Stabilisateurs de la flore intestinale : <em>Enterococcus faecium<\/em>\u00a0SF68 NCIMB 10415 (4b1705) : 1&#215;10<sup>12<\/sup>\u00a0UFC\/kg.<\/p>\n<p><strong>Apports caloriques moyens dans l\u2019aliment<\/strong><\/p>\n<p>Energie m\u00e9tabolisable (EM)* : 3,9 kcal\/g<br \/>\nSelon le NRC 2006<\/p>\n<\/div>\n<\/div>\n<\/div>\n<\/div>\n<\/div>\n<\/div>\n<\/div>\n<\/div>\n<\/div>\n<\/div>\n<\/div>\n<\/div>\n","protected":false},"excerpt":{"rendered":"<div class=\"dsu-product--options\">Tailles disponibles\u200b : <span style=\"font-size: 14.4px\">30x1g<\/span><\/div>\n<div class=\"dsu-product--highlight\">\n<div class=\"field field--name-field-product-highlight field--type-string field--label-hidden field__items\">\n<ul>\n<li>Aide \u00e0 soutenir l&rsquo;\u00e9quilibre et le bien-\u00eatre intestinal.<\/li>\n<li>Prouv\u00e9 pour aider \u00e0 promouvoir des d\u00e9fenses naturelles fortes.<\/li>\n<li>Formule tr\u00e8s savoureuse qui peut \u00e9galement faire office d&rsquo;exhausteur de go\u00fbt chez les chiens malades.<\/li>\n<\/ul>\n<\/div>\n<\/div>\n","protected":false},"featured_media":11564,"template":"","meta":{"jetpack_publicize_message":"","jetpack_publicize_feature_enabled":true,"jetpack_social_post_already_shared":true,"jetpack_social_options":{"image_generator_settings":{"template":"highway","default_image_id":0,"font":"","enabled":false},"version":2}},"product_brand":[],"product_cat":[218],"product_tag":[],"class_list":{"0":"post-11562","1":"product","2":"type-product","3":"status-publish","4":"has-post-thumbnail","6":"product_cat-complement-alimentaire","8":"first","9":"outofstock","10":"taxable","11":"shipping-taxable","12":"purchasable","13":"product-type-simple"},"supplier_id":5598,"supplier_sku":"","barcode":null,"atum_controlled":true,"out_stock_date":"2026-04-20 05:14:02","out_stock_threshold":null,"inheritable":false,"inbound_stock":0,"stock_on_hold":0,"sold_today":0,"sales_last_days":1,"reserved_stock":0,"customer_returns":0,"warehouse_damage":0,"lost_in_post":0,"other_logs":0,"out_stock_days":4,"lost_sales":285,"has_location":false,"update_date":"2026-04-25T00:12:56","atum_locations":[],"atum_stock_status":"outofstock","restock_status":false,"low_stock_amount":"","sales_update_date":"2026-04-25T00:12:55","calc_backorders":null,"jetpack_publicize_connections":[],"jetpack_sharing_enabled":true,"batches":[{"id":"151","date_created":"2024-09-23 16:33:07","date_expiry":null,"user_id":"9","batch_number":"2023.6","location":"","quantity":"1.0000","quantity_available":"0.0000","units":"1","status":"archived","order_ids":"[11914]","supplier":"Proplan","po":{"id":"147","date_created":"2024-09-23 16:33:08","batch_id":"151","po_number":"","supplier":"Proplan","cost":null,"regular_price":null,"sale_price":null,"price_margin":null,"price_discount":null}},{"id":"8217","date_created":"2026-03-13 10:35:51","date_expiry":"2027-02-28 00:00:00","user_id":"9","batch_number":"FortiFloraChien0227","location":"","quantity":"2.0000","quantity_available":"0.0000","units":"1","status":"archived","order_ids":"[37627,40315]","supplier":"Laurenne","po":{"id":"8155","date_created":"2026-03-13 10:35:51","batch_id":"8217","po_number":"","supplier":"Laurenne","cost":null,"regular_price":null,"sale_price":null,"price_margin":null,"price_discount":null}}],"_links":{"self":[{"href":"https:\/\/petworld.ma\/index.php\/wp-json\/wp\/v2\/product\/11562","targetHints":{"allow":["GET"]}}],"collection":[{"href":"https:\/\/petworld.ma\/index.php\/wp-json\/wp\/v2\/product"}],"about":[{"href":"https:\/\/petworld.ma\/index.php\/wp-json\/wp\/v2\/types\/product"}],"wp:featuredmedia":[{"embeddable":true,"href":"https:\/\/petworld.ma\/index.php\/wp-json\/wp\/v2\/media\/11564"}],"wp:attachment":[{"href":"https:\/\/petworld.ma\/index.php\/wp-json\/wp\/v2\/media?parent=11562"}],"wp:term":[{"taxonomy":"product_brand","embeddable":true,"href":"https:\/\/petworld.ma\/index.php\/wp-json\/wp\/v2\/product_brand?post=11562"},{"taxonomy":"product_cat","embeddable":true,"href":"https:\/\/petworld.ma\/index.php\/wp-json\/wp\/v2\/product_cat?post=11562"},{"taxonomy":"product_tag","embeddable":true,"href":"https:\/\/petworld.ma\/index.php\/wp-json\/wp\/v2\/product_tag?post=11562"}],"curies":[{"name":"wp","href":"https:\/\/api.w.org\/{rel}","templated":true}]}}