{"id":11651,"date":"2024-09-15T12:51:18","date_gmt":"2024-09-15T12:51:18","guid":{"rendered":"https:\/\/petworld.ma\/?post_type=product&#038;p=11651"},"modified":"2026-03-16T09:43:41","modified_gmt":"2026-03-16T09:43:41","slug":"prestige-sticks-petites-perruches-avec-noix-garniture-de-raisins-versal-laga","status":"publish","type":"product","link":"https:\/\/petworld.ma\/index.php\/produit\/prestige-sticks-petites-perruches-avec-noix-garniture-de-raisins-versal-laga\/","title":{"rendered":"Prestige Sticks Petites Perruches avec Noix Et Garniture de Raisins &#8211; Versela Laga -2&#215;30 g"},"content":{"rendered":"<div id=\"DESCR_TINY-bloc-2\" class=\"stylusBloc stylusBloc--text stylusBloc--autogen\">\n<div class=\"stylusBloc__content\">\n<div class=\"zms-title-div\">\n<div class=\"zms-title\" data-size=\"t1\">Des b\u00e2tonnets de graines: Enrichis de coquilles d&rsquo;hu\u00eetres pour l&rsquo;apport en min\u00e9raux<\/div>\n<\/div>\n<p>Les b\u00e2tonnets de graines cuits, aux noix et garniture de raisins, sont de d\u00e9licieuses friandises con\u00e7ues pour les petits perroquets et les petites perruches. Compos\u00e9s de noisettes, de noix et de raisins secs, ces b\u00e2tonnets offrent une vari\u00e9t\u00e9 de saveurs naturelles sans sucres ajout\u00e9s, ni conservateurs, colorants ou ar\u00f4mes synth\u00e9tiques. Enrichis de coquilles d&rsquo;hu\u00eetres, ils fournissent des min\u00e9raux essentiels, faisant de ces friandises une option \u00e0 la fois nutritive et savoureuse pour vos oiseaux.<\/p>\n<\/div>\n<\/div>\n<div id=\"DESCR_TINY-bloc-3\" class=\"stylusBloc stylusBloc--text\">\n<div class=\"stylusBloc__content\">\n<div class=\"zms-title-div\">\n<div class=\"zms-title\" data-size=\"t1\"><strong>Caract\u00e9ristiques: <\/strong>VERSELE LAGA Prestige Sticks Canaris avec Fruits Rouges &amp; Menthe<\/div>\n<\/div>\n<p>&#8211; D\u00e9licieuses friandises pour petits perroquets<br \/>\n&#8211; Aux noisettes, aux noix et aux raisins secs<br \/>\n&#8211; Sans sucres ajout\u00e9s et sans conservateurs, colorants ou ar\u00f4mes synth\u00e9tiques<br \/>\n&#8211; Enrichi de coquilles d&rsquo;hu\u00eetres<\/p>\n<\/div>\n<\/div>\n","protected":false},"excerpt":{"rendered":"<p>Deux b\u00e2tonnets de graines cuits, aux noix et garniture de raisins, sont de d\u00e9licieuses friandises con\u00e7ues pour les petits perroquets et les petites perruches.<\/p>\n","protected":false},"featured_media":11653,"template":"","meta":{"jetpack_publicize_message":"","jetpack_publicize_feature_enabled":true,"jetpack_social_post_already_shared":true,"jetpack_social_options":{"image_generator_settings":{"template":"highway","default_image_id":0,"font":"","enabled":false},"version":2}},"product_brand":[],"product_cat":[141],"product_tag":[],"class_list":{"0":"post-11651","1":"product","2":"type-product","3":"status-publish","4":"has-post-thumbnail","6":"product_cat-oiseaux","8":"first","9":"outofstock","10":"taxable","11":"shipping-taxable","12":"purchasable","13":"product-type-simple"},"supplier_id":5589,"supplier_sku":"422352","barcode":null,"atum_controlled":true,"out_stock_date":"2026-03-16 09:43:41","out_stock_threshold":null,"inheritable":false,"inbound_stock":0,"stock_on_hold":0,"sold_today":0,"sales_last_days":0,"reserved_stock":0,"customer_returns":0,"warehouse_damage":0,"lost_in_post":0,"other_logs":0,"out_stock_days":42,"lost_sales":0,"has_location":false,"update_date":"2026-04-28T00:14:42","atum_locations":[],"atum_stock_status":"outofstock","restock_status":false,"low_stock_amount":6,"sales_update_date":"2026-04-28T00:14:42","calc_backorders":null,"jetpack_publicize_connections":[],"jetpack_sharing_enabled":true,"batches":[{"id":"111","date_created":"2024-09-15 12:54:14","date_expiry":"2025-09-01 00:00:00","user_id":"2760","batch_number":"stick11092024","location":"","quantity":"10.0000","quantity_available":"0.0000","units":"1","status":"archived","order_ids":"[12477,14970,15005,15386,15790,20222,20419]","supplier":"Zooluxe","po":{"id":"107","date_created":"2024-09-15 12:54:15","batch_id":"111","po_number":"","supplier":"Zooluxe","cost":null,"regular_price":null,"sale_price":null,"price_margin":null,"price_discount":null}},{"id":"5535","date_created":"2025-09-28 21:30:00","date_expiry":"2027-01-01 00:00:00","user_id":"2760","batch_number":"stick0127","location":"","quantity":"40.0000","quantity_available":"0.0000","units":"1","status":"archived","order_ids":"[28246,28371,28851,29902,29928,29954,30170,30637,30797,30986,31151,31338,31659,31813,32597]","supplier":"Zoolux","po":{"id":"5489","date_created":"2025-09-28 21:30:01","batch_id":"5535","po_number":"","supplier":"Zoolux","cost":null,"regular_price":null,"sale_price":null,"price_margin":null,"price_discount":null}}],"_links":{"self":[{"href":"https:\/\/petworld.ma\/index.php\/wp-json\/wp\/v2\/product\/11651","targetHints":{"allow":["GET"]}}],"collection":[{"href":"https:\/\/petworld.ma\/index.php\/wp-json\/wp\/v2\/product"}],"about":[{"href":"https:\/\/petworld.ma\/index.php\/wp-json\/wp\/v2\/types\/product"}],"wp:featuredmedia":[{"embeddable":true,"href":"https:\/\/petworld.ma\/index.php\/wp-json\/wp\/v2\/media\/11653"}],"wp:attachment":[{"href":"https:\/\/petworld.ma\/index.php\/wp-json\/wp\/v2\/media?parent=11651"}],"wp:term":[{"taxonomy":"product_brand","embeddable":true,"href":"https:\/\/petworld.ma\/index.php\/wp-json\/wp\/v2\/product_brand?post=11651"},{"taxonomy":"product_cat","embeddable":true,"href":"https:\/\/petworld.ma\/index.php\/wp-json\/wp\/v2\/product_cat?post=11651"},{"taxonomy":"product_tag","embeddable":true,"href":"https:\/\/petworld.ma\/index.php\/wp-json\/wp\/v2\/product_tag?post=11651"}],"curies":[{"name":"wp","href":"https:\/\/api.w.org\/{rel}","templated":true}]}}