{"id":11660,"date":"2024-09-15T13:18:59","date_gmt":"2024-09-15T13:18:59","guid":{"rendered":"https:\/\/petworld.ma\/?post_type=product&#038;p=11660"},"modified":"2026-04-17T18:50:59","modified_gmt":"2026-04-17T18:50:59","slug":"harnais-avec-laisse-chat-harms-rouge-noir-flamingo","status":"publish","type":"product","link":"https:\/\/petworld.ma\/index.php\/produit\/harnais-avec-laisse-chat-harms-rouge-noir-flamingo\/","title":{"rendered":"Harnais avec laisse Flamingo Chat Harms Rouge Et Noir"},"content":{"rendered":"<div class=\"mb-2\">Offrez \u00e0 votre chat la libert\u00e9 de d\u00e9couvrir en toute s\u00e9curit\u00e9 avec le harnais pour chat Harms ! Fabriqu\u00e9 \u00e0 partir de mat\u00e9riaux respirants et ajustable pour un confort optimal. Inclus une laisse assortie. Parfait pour les chats et chatons aventuriers !<\/div>\n<div class=\"cms-element-text\">\n<ul>\n<li>Mat\u00e9riau : nylon avec mesh respirant<\/li>\n<li>Le harnais est r\u00e9glable en continu<\/li>\n<li>Le harnais a une boucle \u00e0 clic et la laisse a un mousqueton<\/li>\n<li>Des parties m\u00e9talliques chrom\u00e9es<\/li>\n<li>Avec anneau pour attacher une laisse<\/li>\n<li>Avec laisse<\/li>\n<\/ul>\n<p><strong>Dimensions:\u00a0<\/strong><\/p>\n<p><img loading=\"lazy\" decoding=\"async\" class=\"alignnone size-medium wp-image-11662\" src=\"https:\/\/petworld.ma\/wp-content\/uploads\/2024\/09\/Harnais-chat-flamingo-chat-rouge-noir-300x193.webp\" alt=\"\" width=\"300\" height=\"193\" srcset=\"https:\/\/petworld.ma\/wp-content\/uploads\/2024\/09\/Harnais-chat-flamingo-chat-rouge-noir-300x193.webp 300w, https:\/\/petworld.ma\/wp-content\/uploads\/2024\/09\/Harnais-chat-flamingo-chat-rouge-noir-510x328.webp 510w, https:\/\/petworld.ma\/wp-content\/uploads\/2024\/09\/Harnais-chat-flamingo-chat-rouge-noir.webp 730w\" sizes=\"auto, (max-width: 300px) 100vw, 300px\" \/><\/p>\n<\/div>\n","protected":false},"excerpt":{"rendered":"<h1 class=\"product-detail-name h3 text-primary mb-2\">A:37cm B:43-55cm C:120cm x 15mm x 2mm (voir photo)<\/h1>\n","protected":false},"featured_media":11661,"template":"","meta":{"jetpack_publicize_message":"","jetpack_publicize_feature_enabled":true,"jetpack_social_post_already_shared":true,"jetpack_social_options":{"image_generator_settings":{"template":"highway","default_image_id":0,"font":"","enabled":false},"version":2}},"product_brand":[],"product_cat":[100],"product_tag":[],"class_list":{"0":"post-11660","1":"product","2":"type-product","3":"status-publish","4":"has-post-thumbnail","6":"product_cat-accessoires-jouets-et-colliers","8":"first","9":"outofstock","10":"taxable","11":"shipping-taxable","12":"purchasable","13":"product-type-variable"},"supplier_id":8770,"supplier_sku":"","barcode":null,"atum_controlled":true,"out_stock_date":null,"out_stock_threshold":null,"inheritable":true,"inbound_stock":0,"stock_on_hold":0,"sold_today":0,"sales_last_days":0,"reserved_stock":0,"customer_returns":0,"warehouse_damage":0,"lost_in_post":0,"other_logs":0,"out_stock_days":0,"lost_sales":0,"has_location":false,"update_date":"2026-05-15T00:01:12","atum_locations":[],"atum_stock_status":"outofstock","restock_status":false,"low_stock_amount":"","sales_update_date":"2026-05-15T00:01:12","calc_backorders":null,"jetpack_publicize_connections":[],"jetpack_sharing_enabled":true,"batches":[],"_links":{"self":[{"href":"https:\/\/petworld.ma\/index.php\/wp-json\/wp\/v2\/product\/11660","targetHints":{"allow":["GET"]}}],"collection":[{"href":"https:\/\/petworld.ma\/index.php\/wp-json\/wp\/v2\/product"}],"about":[{"href":"https:\/\/petworld.ma\/index.php\/wp-json\/wp\/v2\/types\/product"}],"wp:featuredmedia":[{"embeddable":true,"href":"https:\/\/petworld.ma\/index.php\/wp-json\/wp\/v2\/media\/11661"}],"wp:attachment":[{"href":"https:\/\/petworld.ma\/index.php\/wp-json\/wp\/v2\/media?parent=11660"}],"wp:term":[{"taxonomy":"product_brand","embeddable":true,"href":"https:\/\/petworld.ma\/index.php\/wp-json\/wp\/v2\/product_brand?post=11660"},{"taxonomy":"product_cat","embeddable":true,"href":"https:\/\/petworld.ma\/index.php\/wp-json\/wp\/v2\/product_cat?post=11660"},{"taxonomy":"product_tag","embeddable":true,"href":"https:\/\/petworld.ma\/index.php\/wp-json\/wp\/v2\/product_tag?post=11660"}],"curies":[{"name":"wp","href":"https:\/\/api.w.org\/{rel}","templated":true}]}}