{"id":11677,"date":"2024-09-15T14:44:41","date_gmt":"2024-09-15T14:44:41","guid":{"rendered":"https:\/\/petworld.ma\/?post_type=product&#038;p=11677"},"modified":"2026-05-08T21:15:18","modified_gmt":"2026-05-08T21:15:18","slug":"shampoing-anti-parasites-pooshi-chien-et-chat-tutti-frutty-250ml","status":"publish","type":"product","link":"https:\/\/petworld.ma\/index.php\/produit\/shampoing-anti-parasites-pooshi-chien-et-chat-tutti-frutty-250ml\/","title":{"rendered":"Shampoing Anti-Parasites Pooshi Chien et Chat Tutti frutty (250ml)"},"content":{"rendered":"<p>Pour am\u00e9liorer l\u2019hygi\u00e8ne de votre chien\/chat, utilisez le\u00a0shampoing antiparasitaire insectifuge pelage<strong>.<\/strong><\/p>\n<p>shampoing insectifuge avec actifs d\u2019origine v\u00e9g\u00e9tale. Pour chien (d\u00e8s 4 semaines) et chat (d\u00e8s de 8 semaines). Contre puces, tiques, poux, moustiques, phl\u00e9botomes, ao\u00fbtats.<\/p>\n<p>Parfum: Tutti frutty<\/p>\n<p>&nbsp;<\/p>\n","protected":false},"excerpt":{"rendered":"<div class=\"c-product__short-description\">\n<p>Shampoing insectifuge avec actifs d\u2019origine v\u00e9g\u00e9tale.<\/p>\n<p>Parfum: Tutti frutty<\/p>\n<\/div>\n<div class=\"c-product__atc-wrap\">\n<div class=\"c-product__atc-row-1\">\n<div class=\"c-product__quantity quantity\"><\/div>\n<\/div>\n<\/div>\n","protected":false},"featured_media":11678,"template":"","meta":{"jetpack_publicize_message":"","jetpack_publicize_feature_enabled":true,"jetpack_social_post_already_shared":true,"jetpack_social_options":{"image_generator_settings":{"template":"highway","default_image_id":0,"font":"","enabled":false},"version":2}},"product_brand":[],"product_cat":[215,214],"product_tag":[],"class_list":{"0":"post-11677","1":"product","2":"type-product","3":"status-publish","4":"has-post-thumbnail","6":"product_cat-parfums-shampoing-hygiene-et-soins-pour-chat","7":"product_cat-parfums-shampoing","9":"first","10":"outofstock","11":"taxable","12":"shipping-taxable","13":"purchasable","14":"product-type-simple"},"supplier_id":8770,"supplier_sku":"","barcode":null,"atum_controlled":true,"out_stock_date":"2026-05-08 21:15:18","out_stock_threshold":null,"inheritable":false,"inbound_stock":0,"stock_on_hold":0,"sold_today":0,"sales_last_days":0,"reserved_stock":0,"customer_returns":0,"warehouse_damage":0,"lost_in_post":0,"other_logs":0,"out_stock_days":2,"lost_sales":0,"has_location":false,"update_date":"2026-05-11T00:20:36","atum_locations":[],"atum_stock_status":"outofstock","restock_status":false,"low_stock_amount":2,"sales_update_date":"2026-05-11T00:20:36","calc_backorders":null,"jetpack_publicize_connections":[],"jetpack_sharing_enabled":true,"batches":[{"id":"812","date_created":"2024-11-13 10:51:43","date_expiry":"2025-11-30 00:00:00","user_id":"2753","batch_number":"SHAMPOAntipaTUTTI301125","location":"","quantity":"3.0000","quantity_available":"0.0000","units":"1","status":"archived","order_ids":"[20773,20937,20947]","supplier":"GreenTown kennel","po":{"id":"789","date_created":"2024-11-13 10:51:43","batch_id":"812","po_number":"","supplier":"GreenTown kennel","cost":null,"regular_price":null,"sale_price":null,"price_margin":null,"price_discount":null}},{"id":"1821","date_created":"2025-01-29 21:11:35","date_expiry":"2025-11-30 00:00:00","user_id":"2753","batch_number":"SHAMPOAntipaTUTTI301125","location":"","quantity":"10.0000","quantity_available":"0.0000","units":"1","status":"archived","order_ids":"[21021,22530,23781,24197,25154,26052,29265,30122]","supplier":"GreenTown kennel","po":{"id":"1795","date_created":"2025-01-29 21:11:38","batch_id":"1821","po_number":"","supplier":"GreenTown kennel","cost":null,"regular_price":null,"sale_price":null,"price_margin":null,"price_discount":null}}],"_links":{"self":[{"href":"https:\/\/petworld.ma\/index.php\/wp-json\/wp\/v2\/product\/11677","targetHints":{"allow":["GET"]}}],"collection":[{"href":"https:\/\/petworld.ma\/index.php\/wp-json\/wp\/v2\/product"}],"about":[{"href":"https:\/\/petworld.ma\/index.php\/wp-json\/wp\/v2\/types\/product"}],"wp:featuredmedia":[{"embeddable":true,"href":"https:\/\/petworld.ma\/index.php\/wp-json\/wp\/v2\/media\/11678"}],"wp:attachment":[{"href":"https:\/\/petworld.ma\/index.php\/wp-json\/wp\/v2\/media?parent=11677"}],"wp:term":[{"taxonomy":"product_brand","embeddable":true,"href":"https:\/\/petworld.ma\/index.php\/wp-json\/wp\/v2\/product_brand?post=11677"},{"taxonomy":"product_cat","embeddable":true,"href":"https:\/\/petworld.ma\/index.php\/wp-json\/wp\/v2\/product_cat?post=11677"},{"taxonomy":"product_tag","embeddable":true,"href":"https:\/\/petworld.ma\/index.php\/wp-json\/wp\/v2\/product_tag?post=11677"}],"curies":[{"name":"wp","href":"https:\/\/api.w.org\/{rel}","templated":true}]}}