{"id":1172,"date":"2023-01-08T17:44:20","date_gmt":"2023-01-08T17:44:20","guid":{"rendered":"https:\/\/petworld.ma\/?post_type=product&#038;p=1172"},"modified":"2026-03-16T17:49:20","modified_gmt":"2026-03-16T17:49:20","slug":"jeux-de-laser-pour-chat-et-chien","status":"publish","type":"product","link":"https:\/\/petworld.ma\/index.php\/produit\/jeux-de-laser-pour-chat-et-chien\/","title":{"rendered":"Jouet laser interactif (automatique) pour chat et chien"},"content":{"rendered":"<p>C&rsquo;est un jouet \u00e0 lumi\u00e8re laser automatique qui rendra votre ami \u00e0 quatre pattes fou. C&rsquo;est un stimulateur d&rsquo;exercice ultime. Les chats adorent suivre la tache lumineuse impr\u00e9visible du laser sur le sol. La lumi\u00e8re tourne \u00e0 360 degr\u00e9s autour du faisceau laser et a un mouvement impr\u00e9visible qui gardera votre animal de compagnie int\u00e9ress\u00e9 pendant des heures et lui fera faire beaucoup d&rsquo;exercice. Le faisceau laser s&rsquo;\u00e9teindra automatiquement apr\u00e8s dix minutes.<\/p>\n<p>Fonctionne avec 3 piles (non incluses).<\/p>\n<div style=\"width: 720px;\" class=\"wp-video\"><video class=\"wp-video-shortcode\" id=\"video-1172-1\" width=\"720\" height=\"720\" preload=\"metadata\" controls=\"controls\"><source type=\"video\/mp4\" src=\"https:\/\/petworld.ma\/wp-content\/uploads\/2023\/01\/1-3.mp4?_=1\" \/><a href=\"https:\/\/petworld.ma\/wp-content\/uploads\/2023\/01\/1-3.mp4\">https:\/\/petworld.ma\/wp-content\/uploads\/2023\/01\/1-3.mp4<\/a><\/video><\/div>\n","protected":false},"excerpt":{"rendered":"<p>Livraison gratuite !!!!<\/p>\n","protected":false},"featured_media":3268,"template":"","meta":{"jetpack_publicize_message":"","jetpack_publicize_feature_enabled":true,"jetpack_social_post_already_shared":true,"jetpack_social_options":{"image_generator_settings":{"template":"highway","default_image_id":0,"font":"","enabled":false},"version":2}},"product_brand":[],"product_cat":[100],"product_tag":[],"class_list":{"0":"post-1172","1":"product","2":"type-product","3":"status-publish","4":"has-post-thumbnail","6":"product_cat-accessoires-jouets-et-colliers","8":"first","9":"outofstock","10":"sale","11":"taxable","12":"shipping-taxable","13":"purchasable","14":"product-type-simple"},"supplier_id":5603,"supplier_sku":"2329","barcode":null,"atum_controlled":true,"out_stock_date":"2026-03-16 17:49:21","out_stock_threshold":null,"inheritable":false,"inbound_stock":0,"stock_on_hold":0,"sold_today":0,"sales_last_days":0,"reserved_stock":0,"customer_returns":0,"warehouse_damage":0,"lost_in_post":0,"other_logs":0,"out_stock_days":17,"lost_sales":971,"has_location":false,"update_date":"2026-04-03T10:35:04","atum_locations":[],"atum_stock_status":"outofstock","restock_status":false,"low_stock_amount":2,"sales_update_date":"2026-04-03T10:35:04","calc_backorders":null,"jetpack_publicize_connections":[],"jetpack_sharing_enabled":true,"batches":[],"_links":{"self":[{"href":"https:\/\/petworld.ma\/index.php\/wp-json\/wp\/v2\/product\/1172","targetHints":{"allow":["GET"]}}],"collection":[{"href":"https:\/\/petworld.ma\/index.php\/wp-json\/wp\/v2\/product"}],"about":[{"href":"https:\/\/petworld.ma\/index.php\/wp-json\/wp\/v2\/types\/product"}],"wp:featuredmedia":[{"embeddable":true,"href":"https:\/\/petworld.ma\/index.php\/wp-json\/wp\/v2\/media\/3268"}],"wp:attachment":[{"href":"https:\/\/petworld.ma\/index.php\/wp-json\/wp\/v2\/media?parent=1172"}],"wp:term":[{"taxonomy":"product_brand","embeddable":true,"href":"https:\/\/petworld.ma\/index.php\/wp-json\/wp\/v2\/product_brand?post=1172"},{"taxonomy":"product_cat","embeddable":true,"href":"https:\/\/petworld.ma\/index.php\/wp-json\/wp\/v2\/product_cat?post=1172"},{"taxonomy":"product_tag","embeddable":true,"href":"https:\/\/petworld.ma\/index.php\/wp-json\/wp\/v2\/product_tag?post=1172"}],"curies":[{"name":"wp","href":"https:\/\/api.w.org\/{rel}","templated":true}]}}