{"id":11739,"date":"2024-09-17T19:44:09","date_gmt":"2024-09-17T19:44:09","guid":{"rendered":"https:\/\/petworld.ma\/?post_type=product&#038;p=11739"},"modified":"2026-05-13T10:41:19","modified_gmt":"2026-05-13T10:41:19","slug":"brit-care-dog-hypoallergenic-adult-medium-breed","status":"publish","type":"product","link":"https:\/\/petworld.ma\/index.php\/produit\/brit-care-dog-hypoallergenic-adult-medium-breed\/","title":{"rendered":"Brit Care Dog Hypoallergenic Adult Medium Breed (Race Medium) 3kg | 12kg"},"content":{"rendered":"<div class=\"hidden-xs\">\n<p>Formule hypoallerg\u00e9nique Agneau et Riz pour chiens adultes de races moyennes (10 \u2013 25 kg). Aliment complet pour chiens.<\/p>\n<p>Aliment hypoallerg\u00e9nique de qualit\u00e9 sup\u00e9rieure avec une seule source de prot\u00e9ines animales pour pr\u00e9venir les r\u00e9actions allergiques. Id\u00e9al pour les chiens adultes de races moyennes ayant des besoins \u00e9nerg\u00e9tiques normaux. Les sources de prot\u00e9ines s\u00e9lectionn\u00e9es ne sont pas allerg\u00e9niques, ce qui r\u00e9duit le risque de r\u00e9actions allergiques. Cette nourriture est particuli\u00e8rement adapt\u00e9e aux chiens \u00e0 digestion sensible, aux chiens ayant des besoins nutritionnels particuliers et aux chiens \u00e0 risque de d\u00e9velopper des allergies alimentaires. Les formules sont enrichies en probiotiques pour une microflore intestinale \u00e9quilibr\u00e9e et en chardon-marie, qui soutient la fonction h\u00e9patique tout en nettoyant le corps et en le d\u00e9livrant des toxines nocives.<\/p>\n<p class=\"composition\"><strong>Composition:<\/strong><\/p>\n<p>agneau d\u00e9shydrat\u00e9 (40%), riz (35%), pulpe de pomme s\u00e9ch\u00e9e, graisse de poulet, ar\u00f4me naturel, levure de bi\u00e8re, huile de saumon (2%), farine de pois, glucosamine (260 mg\/kg), fructo-oligosaccharides (200 mg\/kg), sulfate de chondro\u00eftine (200 mg\/kg), mannan-oligosaccharides (150 mg\/kg), yucca de Mojave (150 mg\/kg), graines de chardon-Marie (90 mg\/kg), \u03b2-glucanes (50 mg\/kg), agripaume s\u00e9ch\u00e9e (50 mg\/kg), argousier s\u00e9ch\u00e9 (50 mg\/kg), probiotique Lactobacillus helveticus HA \u2013 122 inactiv\u00e9 (15&#215;109 cellules\/kg).<\/p>\n<p><strong>Ingr\u00e9dients analytiques :<\/strong><\/p>\n<p>prot\u00e9ines brutes 26,0 %, mati\u00e8res grasses brutes 16,0 %, humidit\u00e9 10,0 %, cendres brutes 7,2 %, fibres brutes 2,5 %, calcium 1,4 %, phosphore 1,0 %, sodium 0,4 %, acides gras om\u00e9ga-3 0,5 %, acides gras om\u00e9ga-6 1,9 %, EPA (20:5 n-3) 0,05 %, DHA (22:6 n-3) 0,1 %.<\/p>\n<p><strong>Composition nutritionnelle :<\/strong><\/p>\n<p>vitamine A (3a672a) 20 000 UI, vitamine D3 (3a671) 1 500 UI, vitamine E (3a700) 500 mg, vitamine C (3a312) 300 mg, taurine (3a370) 1 500 mg, chlorure de choline (3a890) 1 800 mg, L-carnitine (3a910) 250 mg, vitamine B1 (3a821) 2,5 mg, vitamine B2 (3a825i) 9,6 mg, biotine (3a880) 3,5 mg, acide folique (3a316) 1,2 mg, vitamine B6 (3a831) 2,5 mg, calcium-D-pantoth\u00e9nate (3a841) 25 mg, niacinamide (3a315) 32,5 mg, vitamine Vitamine B12 0,1 mg, iode (3b201) 0,8 mg, zinc organique (3b606) 85 mg, mangan\u00e8se organique (3b504) 40 mg, cuivre organique (3b406) 18 mg, fer organique (3b106) 75 mg, s\u00e9l\u00e9nium organique (3b810) 0,16 mg. Contient des antioxydants approuv\u00e9s par l&rsquo;UE : extraits de tocoph\u00e9rols d&rsquo;huile v\u00e9g\u00e9tale (1b306(i)), palmitate d&rsquo;ascorbyle (1b304) et extrait de romarin.<\/p>\n<\/div>\n","protected":false},"excerpt":{"rendered":"<p style=\"font-weight: 400;\">Formule hypoallerg\u00e9nique Agneau et Riz pour chiens adultes de races moyennes (10 \u2013 25 kg). Aliment complet pour chiens.<\/p>\n","protected":false},"featured_media":11740,"template":"","meta":{"jetpack_publicize_message":"","jetpack_publicize_feature_enabled":true,"jetpack_social_post_already_shared":true,"jetpack_social_options":{"image_generator_settings":{"template":"highway","default_image_id":0,"font":"","enabled":false},"version":2}},"product_brand":[],"product_cat":[26],"product_tag":[],"class_list":{"0":"post-11739","1":"product","2":"type-product","3":"status-publish","4":"has-post-thumbnail","6":"product_cat-croquettes","8":"first","9":"instock","10":"taxable","11":"shipping-taxable","12":"purchasable","13":"product-type-variable"},"supplier_id":5590,"supplier_sku":"","barcode":null,"atum_controlled":true,"out_stock_date":null,"out_stock_threshold":null,"inheritable":true,"inbound_stock":0,"stock_on_hold":0,"sold_today":0,"sales_last_days":2,"reserved_stock":0,"customer_returns":0,"warehouse_damage":0,"lost_in_post":0,"other_logs":0,"out_stock_days":0,"lost_sales":0,"has_location":false,"update_date":"2026-05-14T09:01:40","atum_locations":[],"atum_stock_status":"instock","restock_status":false,"low_stock_amount":"","sales_update_date":"2026-05-13T00:22:24","calc_backorders":null,"jetpack_publicize_connections":[],"jetpack_sharing_enabled":true,"batches":[],"_links":{"self":[{"href":"https:\/\/petworld.ma\/index.php\/wp-json\/wp\/v2\/product\/11739","targetHints":{"allow":["GET"]}}],"collection":[{"href":"https:\/\/petworld.ma\/index.php\/wp-json\/wp\/v2\/product"}],"about":[{"href":"https:\/\/petworld.ma\/index.php\/wp-json\/wp\/v2\/types\/product"}],"wp:featuredmedia":[{"embeddable":true,"href":"https:\/\/petworld.ma\/index.php\/wp-json\/wp\/v2\/media\/11740"}],"wp:attachment":[{"href":"https:\/\/petworld.ma\/index.php\/wp-json\/wp\/v2\/media?parent=11739"}],"wp:term":[{"taxonomy":"product_brand","embeddable":true,"href":"https:\/\/petworld.ma\/index.php\/wp-json\/wp\/v2\/product_brand?post=11739"},{"taxonomy":"product_cat","embeddable":true,"href":"https:\/\/petworld.ma\/index.php\/wp-json\/wp\/v2\/product_cat?post=11739"},{"taxonomy":"product_tag","embeddable":true,"href":"https:\/\/petworld.ma\/index.php\/wp-json\/wp\/v2\/product_tag?post=11739"}],"curies":[{"name":"wp","href":"https:\/\/api.w.org\/{rel}","templated":true}]}}