{"id":11746,"date":"2024-09-17T20:13:49","date_gmt":"2024-09-17T20:13:49","guid":{"rendered":"https:\/\/petworld.ma\/?post_type=product&#038;p=11746"},"modified":"2026-04-16T15:31:12","modified_gmt":"2026-04-16T15:31:12","slug":"brit-care-dog-grain-free-adult-salmon-saumon-pour-race-petite-et-medium-3kg-12kg","status":"publish","type":"product","link":"https:\/\/petworld.ma\/index.php\/produit\/brit-care-dog-grain-free-adult-salmon-saumon-pour-race-petite-et-medium-3kg-12kg\/","title":{"rendered":"Brit Care Dog Grain-free Adult Salmon Skin And Coat (Saumon pour Race Petite et Medium) 3kg | 12kg"},"content":{"rendered":"<p>Formule sans c\u00e9r\u00e9ales au saumon et aux pommes de terre pour chiens adultes de petites et moyennes races (1 \u00e0 25 kg). Aliment complet pour chiens.<\/p>\n<p>Aliment sans c\u00e9r\u00e9ales de qualit\u00e9 sup\u00e9rieure pour favoriser la sant\u00e9 de la peau et du pelage, le syst\u00e8me circulatoire et le c\u0153ur, une excellente condition physique et l&rsquo;immunit\u00e9 chez les chiens adultes de petite et moyenne races. Il contient des prot\u00e9ines \u00e0 haute valeur nutritionnelle et des acides gras pour favoriser la sant\u00e9 de la peau et du pelage. La formule sans c\u00e9r\u00e9ales est id\u00e9ale pour les chiens ayant besoin de soins exigeants pour leur pelage, les chiens qui ont besoin de maintenir une condition physique optimale et les chiens ayant des r\u00e9actions ind\u00e9sirables \u00e0 d&rsquo;autres types d&rsquo;aliments. Les acides gras jouent un r\u00f4le crucial dans le d\u00e9veloppement sain des chiots et des jeunes chiens.<\/p>\n<div class=\"benefits__item\"><img loading=\"lazy\" decoding=\"async\" src=\"https:\/\/brit-petfood.com\/file\/nodes\/productPictogram\/icon\/100-172196-1-muscles.png\/150x150\/FIT\" alt=\"Muscles Riche en om\u00e9ga-3 pour booster la synth\u00e8se musculaire et contribuer \u00e0 une r\u00e9cup\u00e9ration plus rapide\" width=\"50\" height=\"50\" \/>Muscles Riche en om\u00e9ga-3 pour booster la synth\u00e8se musculaire et contribuer \u00e0 une r\u00e9cup\u00e9ration plus rapide<\/div>\n<div class=\"benefits__item\"><img loading=\"lazy\" decoding=\"async\" src=\"https:\/\/brit-petfood.com\/file\/nodes\/productPictogram\/icon\/100-172196-2-healthy-skin.png\/150x150\/FIT\" alt=\"Peau saine L'argousier contribue \u00e0 la sant\u00e9 des reins et des voies urinaires\" width=\"50\" height=\"50\" \/>Peau saine L&rsquo;argousier contribue \u00e0 la sant\u00e9 des reins et des voies urinaires<\/div>\n<div class=\"benefits__item\"><img loading=\"lazy\" decoding=\"async\" src=\"https:\/\/brit-petfood.com\/file\/nodes\/productPictogram\/icon\/100-172196-3-immunity.png\/150x150\/FIT\" alt=\"Immunit\u00e9 \u2013 Les probiotiques et les antioxydants renforcent le syst\u00e8me immunitaire et soutiennent la sant\u00e9 digestive\" width=\"50\" height=\"50\" \/>Immunit\u00e9 \u2013 Les probiotiques et les antioxydants renforcent le syst\u00e8me immunitaire et soutiennent la sant\u00e9 digestive.<\/div>\n<div><\/div>\n<div>\n<p class=\"composition\"><strong>Composition:<\/strong><\/p>\n<p>saumon (50%) (saumon d\u00e9shydrat\u00e9, saumon hydrolys\u00e9), pommes de terre (26%), pulpe de pomme s\u00e9ch\u00e9e, graisse de poulet, huile de saumon (3%), ar\u00f4me naturel, farine de pois, glucosamine (260 mg\/kg), fructo-oligosaccharides (200 mg\/kg), sulfate de chondro\u00eftine (200 mg\/kg), mannan-oligosaccharides (150 mg\/kg), yucca de Mojave (150 mg\/kg), graines de chardon-Marie (90 mg\/kg), \u03b2-glucanes (50 mg\/kg), agripaume s\u00e9ch\u00e9e (50 mg\/kg), argousier s\u00e9ch\u00e9 (50 mg\/kg), probiotique Lactobacillus helveticus HA \u2013 122 inactiv\u00e9 (15&#215;109 cellules\/kg).<\/p>\n<p><strong>Ingr\u00e9dients analytiques :<\/strong><\/p>\n<p>prot\u00e9ines brutes 26,0 %, mati\u00e8res grasses brutes 15,0 %, humidit\u00e9 10,0 %, cendres brutes 6,2 %, fibres brutes 3,5 %, calcium 1,1 %, phosphore 0,8 %, sodium 0,4 %, acides gras om\u00e9ga-3 1,1 %, acides gras om\u00e9ga-6 1,8 %, EPA (20:5 n-3) 0,12 %, DHA (22:6 n-3) 0,16 %.<\/p>\n<p><strong>Composition nutritionnelle :<\/strong><\/p>\n<p>vitamine A (3a672a) 20 000 UI, vitamine D3 (3a671) 1 500 UI, vitamine E (3a700) 500 mg, vitamine C (3a312) 300 mg, taurine (3a370) 1 500 mg, chlorure de choline (3a890) 1 800 mg, L-carnitine (3a910) 250 mg, vitamine B1 (3a821) 2,5 mg, vitamine B2 (3a825i) 9,6 mg, biotine (3a880) 3,5 mg, acide folique (3a316) 1,2 mg, vitamine B6 (3a831) 2,5 mg, calcium-D-pantoth\u00e9nate (3a841) 25 mg, niacinamide (3a315) 32,5 mg, vitamine Vitamine B12 0,1 mg, iode (3b201) 0,8 mg, zinc organique (3b606) 85 mg, mangan\u00e8se organique (3b504) 40 mg, cuivre organique (3b406) 18 mg, fer organique (3b106) 75 mg, s\u00e9l\u00e9nium organique (3b810) 0,16 mg. Contient des antioxydants approuv\u00e9s par l&rsquo;UE : extraits de tocoph\u00e9rols d&rsquo;huile v\u00e9g\u00e9tale (1b306(i)), palmitate d&rsquo;ascorbyle (1b304) et extrait de romarin.<\/p>\n<\/div>\n","protected":false},"excerpt":{"rendered":"<p>Formule sans c\u00e9r\u00e9ales au saumon et aux pommes de terre pour chiens adultes de petites et moyennes races (1 \u00e0 25 kg). Aliment complet pour chiens.<\/p>\n","protected":false},"featured_media":11747,"template":"","meta":{"jetpack_publicize_message":"","jetpack_publicize_feature_enabled":true,"jetpack_social_post_already_shared":true,"jetpack_social_options":{"image_generator_settings":{"template":"highway","default_image_id":0,"font":"","enabled":false},"version":2}},"product_brand":[],"product_cat":[26],"product_tag":[],"class_list":{"0":"post-11746","1":"product","2":"type-product","3":"status-publish","4":"has-post-thumbnail","6":"product_cat-croquettes","8":"first","9":"outofstock","10":"taxable","11":"shipping-taxable","12":"purchasable","13":"product-type-variable"},"supplier_id":5590,"supplier_sku":"","barcode":null,"atum_controlled":true,"out_stock_date":null,"out_stock_threshold":null,"inheritable":true,"inbound_stock":0,"stock_on_hold":0,"sold_today":0,"sales_last_days":2,"reserved_stock":0,"customer_returns":0,"warehouse_damage":0,"lost_in_post":0,"other_logs":0,"out_stock_days":0,"lost_sales":0,"has_location":false,"update_date":"2026-04-25T08:58:47","atum_locations":[],"atum_stock_status":"instock","restock_status":false,"low_stock_amount":"","sales_update_date":"2026-04-25T08:58:47","calc_backorders":null,"jetpack_publicize_connections":[],"jetpack_sharing_enabled":true,"batches":[{"id":"1464","date_created":"2024-12-31 22:51:41","date_expiry":"2026-01-06 00:00:00","user_id":"1","batch_number":"britCGrFrAdult3KG060126","location":"","quantity":"2.0000","quantity_available":"0.0000","units":"1","status":"archived","order_ids":"[16726,19337]","supplier":"Brit","po":{"id":"1438","date_created":"2024-12-31 22:51:44","batch_id":"1464","po_number":"","supplier":"Brit","cost":null,"regular_price":null,"sale_price":null,"price_margin":null,"price_discount":null}}],"_links":{"self":[{"href":"https:\/\/petworld.ma\/index.php\/wp-json\/wp\/v2\/product\/11746","targetHints":{"allow":["GET"]}}],"collection":[{"href":"https:\/\/petworld.ma\/index.php\/wp-json\/wp\/v2\/product"}],"about":[{"href":"https:\/\/petworld.ma\/index.php\/wp-json\/wp\/v2\/types\/product"}],"wp:featuredmedia":[{"embeddable":true,"href":"https:\/\/petworld.ma\/index.php\/wp-json\/wp\/v2\/media\/11747"}],"wp:attachment":[{"href":"https:\/\/petworld.ma\/index.php\/wp-json\/wp\/v2\/media?parent=11746"}],"wp:term":[{"taxonomy":"product_brand","embeddable":true,"href":"https:\/\/petworld.ma\/index.php\/wp-json\/wp\/v2\/product_brand?post=11746"},{"taxonomy":"product_cat","embeddable":true,"href":"https:\/\/petworld.ma\/index.php\/wp-json\/wp\/v2\/product_cat?post=11746"},{"taxonomy":"product_tag","embeddable":true,"href":"https:\/\/petworld.ma\/index.php\/wp-json\/wp\/v2\/product_tag?post=11746"}],"curies":[{"name":"wp","href":"https:\/\/api.w.org\/{rel}","templated":true}]}}