{"id":11749,"date":"2024-09-17T20:25:58","date_gmt":"2024-09-17T20:25:58","guid":{"rendered":"https:\/\/petworld.ma\/?post_type=product&#038;p=11749"},"modified":"2026-04-30T10:20:42","modified_gmt":"2026-04-30T10:20:42","slug":"hills-science-plan-aliment-pour-chien-adulte-sensitive-stomach-skin-1-5kg","status":"publish","type":"product","link":"https:\/\/petworld.ma\/index.php\/produit\/hills-science-plan-aliment-pour-chien-adulte-sensitive-stomach-skin-1-5kg\/","title":{"rendered":"Hill\u2019s Science Plan Aliment Pour Chien Adulte Sensitive Stomach And Skin (1.5kg)"},"content":{"rendered":"<div class=\"conditionalBox box component section default-style odd col-xs-12\">\n<div id=\"384317279\" class=\"component-content\">\n<div class=\"paragraphSystem content\">\n<div class=\"productAwareRichText richText component section default-style first odd last col-xs-12 initialized\">\n<div class=\"component-content\">\n<div class=\"richText-content\">\n<p><span class=\"nowrap\">La nourriture s\u00e8che pour chiens Hill&rsquo;s Science Plan<\/span>\u00a0Sensitive Stomach &amp; Skin Small &amp; Mini Breed avec poulet est un aliment complet pour chiens adultes de petite taille \u00e0 partir de 1 an.<\/p>\n<\/div>\n<\/div>\n<\/div>\n<\/div>\n<\/div>\n<\/div>\n<div class=\"box component section pdp-2019-main-product-info pdp-2023-description-rows even col-xs-12 initialized\">\n<div id=\"937463974\" class=\"component-content\">\n<div class=\"paragraphSystem content\">\n<div class=\"richText component section equity2020-rich-text-small even col-xs-12\">\n<div class=\"component-content\">\n<div class=\"richText-content\">\n<h3>Principaux avantages: <span class=\"nowrap\" style=\"color: #555555; font-size: 14.4px;\">Les croquettes Hill&rsquo;s Science Plan<\/span><span style=\"color: #555555; font-size: 14.4px;\">\u00a0Sensitive Stomach &amp; Skin Small &amp; Mini pour chiens sont une alimentation sur mesure pour les chiens de petite et de petite taille tout en \u00e9tant douces pour l&rsquo;estomac. Nourrit la peau et favorise un pelage brillant.<\/span><\/h3>\n<\/div>\n<\/div>\n<\/div>\n<div class=\"productAwareRichText richText component section equity2020-rich-text-small odd col-xs-12 initialized\">\n<div class=\"component-content\">\n<div class=\"richText-content\">\n<ul>\n<li>Avec de la pulpe de betterave, une fibre pr\u00e9biotique nourrissante<\/li>\n<li>Aliments hautement digestibles et doux pour l&rsquo;estomac<\/li>\n<li>Vitamine E et acides gras om\u00e9ga-6 pour nourrir la peau et le pelage<\/li>\n<\/ul>\n<\/div>\n<\/div>\n<\/div>\n<div class=\"conditionalBox box component section default-style even col-xs-12\">\n<div id=\"02138423564\" class=\"component-content\">\n<div class=\"paragraphSystem content\">\n<div class=\"richText component section equity2020-rich-text-small col-xs-12 richtext_copy_1156434456\">\n<div class=\"component-content\">\n<div class=\"richText-content\">\n<h3>Recommand\u00e9 pour : <span style=\"color: #555555; font-size: 14.4px;\">Chiens adultes de 1 an et plus, y compris ceux ayant un estomac et une peau sensibles et pesant jusqu&rsquo;\u00e0 10 kg \u00e0 l&rsquo;\u00e2ge adulte.<\/span><\/h3>\n<\/div>\n<\/div>\n<\/div>\n<\/div>\n<\/div>\n<\/div>\n<div class=\"conditionalBox box component section default-style odd col-xs-12\">\n<div id=\"2111236104\" class=\"component-content\">\n<div class=\"paragraphSystem content\">\n<div class=\"richText component section equity2020-rich-text-small first odd col-xs-12\">\n<div class=\"component-content\">\n<div class=\"richText-content\">\n<div class=\"productAwareRichText richText component section equity2020-rich-text even col-xs-12 initialized\">\n<div class=\"component-content\">\n<div class=\"richText-content\">\n<h3>Des ingr\u00e9dients naturels pour une vie longue et heureuse<\/h3>\n<p>Hill&rsquo;s ouvre la voie en combinant des ingr\u00e9dients naturels avec une science de pointe pour aider votre chien \u00e0 mener une vie longue et saine.<\/p>\n<\/div>\n<\/div>\n<\/div>\n<div class=\"productAwareRichText richText component section default-style odd col-xs-12 col-lg-12 col-lg-offset-0 initialized\">\n<div class=\"component-content\">\n<div class=\"richText-content\">\n<p><span class=\"selection-color-grey\">COMPOSITION : Farine de poulet (9%) et de dinde (total volaille 15%), riz de brasserie, riz complet, ma\u00efs, farine de gluten de ma\u00efs, orge, avoine, graisse animale, hydrolysat, huile v\u00e9g\u00e9tale, pulpe de betterave s\u00e9ch\u00e9e (2,5%), graines de lin, min\u00e9raux.<\/span><\/p>\n<\/div>\n<\/div>\n<\/div>\n<div class=\"productAwareRichText richText component section default-style even col-xs-12 col-lg-12 col-lg-offset-0 initialized\">\n<div class=\"component-content\">\n<div class=\"richText-content\">\n<p><span class=\"selection-color-grey\">CONSTITUANTS ANALYTIQUES : Prot\u00e9ine 22,6 %, Teneur en mati\u00e8res grasses 14,5 %, Cellulose brute 1,7 %, Acides gras om\u00e9ga-6 3,6 %, Cendres brutes 5,0 %, Calcium 0,80 %, Phosphore 0,67 %, Sodium 0,26 %, Potassium 0,64 %, Magn\u00e9sium 0,09 % ; par kg : Vitamine A 10 092 UI, Vitamine D3 765 UI, Vitamine E 690 mg, Vitamine C 105 mg, B\u00eata-carot\u00e8ne 1,5 mg.<\/span><\/p>\n<\/div>\n<\/div>\n<\/div>\n<div class=\"productAwareRichText richText component section default-style odd col-xs-12 col-lg-12 col-lg-offset-0 initialized\">\n<div class=\"component-content\">\n<div class=\"richText-content\">\n<p><span class=\"selection-color-grey\">ADDITIFS PAR KG : Additifs nutritionnels : 3b103 (Fer) 76,4 mg, 3b202 (Iode) 1,9 mg, 3b405 (Cuivre) 7,5 mg, 3b502 (Mangan\u00e8se) 7,9 mg, 3b603 (Zinc) 134 mg, 3b801 (S\u00e9l\u00e9nium) 0,2 mg ; avec antioxydant naturel.<\/span><\/p>\n<\/div>\n<\/div>\n<\/div>\n<\/div>\n<\/div>\n<\/div>\n<\/div>\n<\/div>\n<\/div>\n<\/div>\n<\/div>\n<\/div>\n","protected":false},"excerpt":{"rendered":"<div class=\"conditionalBox box component section default-style even col-xs-12\">\n<div id=\"1096030739\" class=\"component-content\">\n<div class=\"paragraphSystem content\">\n<div class=\"productAwareRichText richText component section col-xs-12 productawarerichtext default-style initialized\">\n<div class=\"component-content\">\n<div class=\"richText-content\">\n<div class=\"conditionalBox box component section default-style odd col-xs-12\">\n<div id=\"384317279\" class=\"component-content\">\n<div class=\"paragraphSystem content\">\n<div class=\"productAwareRichText richText component section default-style first odd last col-xs-12 initialized\">\n<div class=\"component-content\">\n<div class=\"richText-content\">\n<p><span class=\"nowrap\">La nourriture s\u00e8che pour chiens Hill&rsquo;s Science Plan<\/span> Sensitive Stomach &amp; Skin Small &amp; Mini Breed avec poulet est un aliment complet pour chiens adultes de petite taille \u00e0 partir de 1 an.<\/p>\n<\/div>\n<\/div>\n<\/div>\n<\/div>\n<\/div>\n<\/div>\n<\/div>\n<\/div>\n<\/div>\n<\/div>\n<\/div>\n<\/div>\n","protected":false},"featured_media":11755,"template":"","meta":{"jetpack_publicize_message":"","jetpack_publicize_feature_enabled":true,"jetpack_social_post_already_shared":true,"jetpack_social_options":{"image_generator_settings":{"template":"highway","default_image_id":0,"font":"","enabled":false},"version":2}},"product_brand":[],"product_cat":[26],"product_tag":[],"class_list":{"0":"post-11749","1":"product","2":"type-product","3":"status-publish","4":"has-post-thumbnail","6":"product_cat-croquettes","8":"first","9":"instock","10":"taxable","11":"shipping-taxable","12":"purchasable","13":"product-type-simple"},"supplier_id":5603,"supplier_sku":"604247","barcode":null,"atum_controlled":true,"out_stock_date":null,"out_stock_threshold":null,"inheritable":false,"inbound_stock":0,"stock_on_hold":0,"sold_today":0,"sales_last_days":0,"reserved_stock":0,"customer_returns":0,"warehouse_damage":0,"lost_in_post":0,"other_logs":0,"out_stock_days":0,"lost_sales":0,"has_location":false,"update_date":"2026-05-08T21:20:27","atum_locations":[],"atum_stock_status":"instock","restock_status":false,"low_stock_amount":2,"sales_update_date":"2026-05-08T21:20:27","calc_backorders":null,"jetpack_publicize_connections":[],"jetpack_sharing_enabled":true,"batches":[{"id":"455","date_created":"2024-09-30 17:08:57","date_expiry":"2025-11-30 00:00:00","user_id":"2760","batch_number":"HILLSSensitiveCH1,5KG30112025","location":"","quantity":"2.0000","quantity_available":"0.0000","units":"1","status":"archived","order_ids":"[14554,16824]","supplier":"Hill&#039;s","po":{"id":"439","date_created":"2024-09-30 17:08:57","batch_id":"455","po_number":"","supplier":"Hill&#039;s","cost":null,"regular_price":null,"sale_price":null,"price_margin":null,"price_discount":null}},{"id":"1426","date_created":"2024-12-27 22:17:31","date_expiry":"2025-11-24 00:00:00","user_id":"2760","batch_number":"HILLSSensitiveCH1,5KG241125","location":"","quantity":"1.0000","quantity_available":"0.0000","units":"1","status":"archived","order_ids":"[16737]","supplier":"Hill&#039;s","po":{"id":"1399","date_created":"2024-12-27 22:17:34","batch_id":"1426","po_number":"","supplier":"Hill&#039;s","cost":null,"regular_price":null,"sale_price":null,"price_margin":null,"price_discount":null}},{"id":"1572","date_created":"2025-01-09 22:47:46","date_expiry":"2026-03-31 00:00:00","user_id":"2760","batch_number":"HILLSSensitiveCH1,5KG310326","location":"","quantity":"2.0000","quantity_available":"0.0000","units":"1","status":"archived","order_ids":"[17410,17439]","supplier":"Hill&#039;s","po":{"id":"1546","date_created":"2025-01-09 22:47:48","batch_id":"1572","po_number":"","supplier":"Hill&#039;s","cost":null,"regular_price":null,"sale_price":null,"price_margin":null,"price_discount":null}},{"id":"1885","date_created":"2025-02-06 21:21:39","date_expiry":"2026-03-20 00:00:00","user_id":"2760","batch_number":"HILLSSensitiveCH1,5KG200326","location":"","quantity":"1.0000","quantity_available":"0.0000","units":"1","status":"archived","order_ids":"[20188]","supplier":"Hill&#039;s","po":{"id":"1859","date_created":"2025-02-06 21:21:42","batch_id":"1885","po_number":"","supplier":"Hill&#039;s","cost":null,"regular_price":null,"sale_price":null,"price_margin":null,"price_discount":null}},{"id":"2822","date_created":"2025-04-09 23:51:09","date_expiry":"2026-03-20 00:00:00","user_id":"2760","batch_number":"HILLSSensitiveCH1,5KG200326","location":"","quantity":"2.0000","quantity_available":"0.0000","units":"1","status":"archived","order_ids":"[22081,22888]","supplier":"Hill&#039;s","po":{"id":"2791","date_created":"2025-04-09 23:51:16","batch_id":"2822","po_number":"","supplier":"Hill&#039;s","cost":null,"regular_price":null,"sale_price":null,"price_margin":null,"price_discount":null}},{"id":"3642","date_created":"2025-05-29 08:35:06","date_expiry":"2026-03-20 00:00:00","user_id":"2760","batch_number":"HILLSSensitiveCH1,5KG200326","location":"","quantity":"1.0000","quantity_available":"0.0000","units":"1","status":"archived","order_ids":"[23513]","supplier":"Hill&#039;s","po":{"id":"3610","date_created":"2025-05-29 08:35:11","batch_id":"3642","po_number":"","supplier":"Hill&#039;s","cost":null,"regular_price":null,"sale_price":null,"price_margin":null,"price_discount":null}},{"id":"4039","date_created":"2025-06-18 21:04:10","date_expiry":"2026-03-31 00:00:00","user_id":"2760","batch_number":"HILLSSensitiveCH1,5KG200326","location":"","quantity":"1.0000","quantity_available":"0.0000","units":"1","status":"archived","order_ids":"[30418]","supplier":"Hill&#039;s","po":{"id":"4004","date_created":"2025-06-18 21:04:14","batch_id":"4039","po_number":"","supplier":"Hill&#039;s","cost":null,"regular_price":null,"sale_price":null,"price_margin":null,"price_discount":null}},{"id":"4159","date_created":"2025-06-30 20:33:01","date_expiry":"2026-06-30 00:00:00","user_id":"2760","batch_number":"HILLSSensitiveCH1,5KG140626","location":"","quantity":"1.0000","quantity_available":"0.0000","units":"1","status":"archived","order_ids":"[32851]","supplier":"Hill&#039;s","po":{"id":"4121","date_created":"2025-06-30 20:33:01","batch_id":"4159","po_number":"","supplier":"Hill&#039;s","cost":null,"regular_price":null,"sale_price":null,"price_margin":null,"price_discount":null}},{"id":"4687","date_created":"2025-08-02 16:06:50","date_expiry":"2026-06-30 00:00:00","user_id":"2760","batch_number":"HILLSSensitiveCH1,5KG140626","location":"","quantity":"2.0000","quantity_available":"0.0000","units":"1","status":"archived","order_ids":"[34670,36342]","supplier":"HILLS","po":{"id":"4651","date_created":"2025-08-02 16:06:51","batch_id":"4687","po_number":"","supplier":"HILLS","cost":null,"regular_price":null,"sale_price":null,"price_margin":null,"price_discount":null}},{"id":"7996","date_created":"2026-02-27 20:20:58","date_expiry":"2027-02-01 00:00:00","user_id":"2760","batch_number":"HILLSSensitiveCH1,5KG010227","location":"","quantity":"1.0000","quantity_available":"0.0000","units":"1","status":"archived","order_ids":"[38248]","supplier":"HILLS","po":{"id":"7934","date_created":"2026-02-27 20:20:59","batch_id":"7996","po_number":"","supplier":"HILLS","cost":null,"regular_price":null,"sale_price":null,"price_margin":null,"price_discount":null}},{"id":"8361","date_created":"2026-03-19 10:32:39","date_expiry":"2027-02-01 00:00:00","user_id":"2760","batch_number":"HILLSSensitiveCH1,5KG010227","location":"","quantity":"1.0000","quantity_available":"0.0000","units":"1","status":"archived","order_ids":"[40523]","supplier":"HILLS","po":{"id":"8289","date_created":"2026-03-19 10:32:39","batch_id":"8361","po_number":"","supplier":"HILLS","cost":null,"regular_price":null,"sale_price":null,"price_margin":null,"price_discount":null}},{"id":"8852","date_created":"2026-04-16 18:08:26","date_expiry":"2027-02-01 00:00:00","user_id":"2760","batch_number":"HILLSSensitiveCH1,5KG010227","location":"","quantity":"1.0000","quantity_available":"1.0000","units":"1","status":"active","order_ids":null,"supplier":"HILLS","po":{"id":"8779","date_created":"2026-04-16 18:08:27","batch_id":"8852","po_number":"","supplier":"HILLS","cost":null,"regular_price":null,"sale_price":null,"price_margin":null,"price_discount":null}},{"id":"9238","date_created":"2026-04-30 10:20:41","date_expiry":"2027-02-01 00:00:00","user_id":"2760","batch_number":"HILLSSensitiveCH1,5KG010227","location":"","quantity":"1.0000","quantity_available":"1.0000","units":"1","status":"active","order_ids":null,"supplier":"HILLS","po":{"id":"9161","date_created":"2026-04-30 10:20:42","batch_id":"9238","po_number":"","supplier":"HILLS","cost":null,"regular_price":null,"sale_price":null,"price_margin":null,"price_discount":null}}],"_links":{"self":[{"href":"https:\/\/petworld.ma\/index.php\/wp-json\/wp\/v2\/product\/11749","targetHints":{"allow":["GET"]}}],"collection":[{"href":"https:\/\/petworld.ma\/index.php\/wp-json\/wp\/v2\/product"}],"about":[{"href":"https:\/\/petworld.ma\/index.php\/wp-json\/wp\/v2\/types\/product"}],"wp:featuredmedia":[{"embeddable":true,"href":"https:\/\/petworld.ma\/index.php\/wp-json\/wp\/v2\/media\/11755"}],"wp:attachment":[{"href":"https:\/\/petworld.ma\/index.php\/wp-json\/wp\/v2\/media?parent=11749"}],"wp:term":[{"taxonomy":"product_brand","embeddable":true,"href":"https:\/\/petworld.ma\/index.php\/wp-json\/wp\/v2\/product_brand?post=11749"},{"taxonomy":"product_cat","embeddable":true,"href":"https:\/\/petworld.ma\/index.php\/wp-json\/wp\/v2\/product_cat?post=11749"},{"taxonomy":"product_tag","embeddable":true,"href":"https:\/\/petworld.ma\/index.php\/wp-json\/wp\/v2\/product_tag?post=11749"}],"curies":[{"name":"wp","href":"https:\/\/api.w.org\/{rel}","templated":true}]}}