{"id":118,"date":"2022-12-15T20:32:59","date_gmt":"2022-12-15T20:32:59","guid":{"rendered":"http:\/\/petworld.ma\/?post_type=product&#038;p=118"},"modified":"2026-04-15T15:50:35","modified_gmt":"2026-04-15T15:50:35","slug":"royal-canin-maxi-puppy-sauce-sachet-fraicheur-pour-chiot-140g","status":"publish","type":"product","link":"https:\/\/petworld.ma\/index.php\/produit\/royal-canin-maxi-puppy-sauce-sachet-fraicheur-pour-chiot-140g\/","title":{"rendered":"Royal Canin Maxi Puppy Sauce-Sachet fra\u00eecheur pour chiot 140G"},"content":{"rendered":"<div class=\"product-section description-section\">\n<div class=\"single-description fr-view\">\n<div>\n<div>\n<div>\n<h2>Aliment complet pour chiens \u2013 Pour chiots de races moyennes (poids adulte de 11 \u00e0 25 kg) &#8211; Jusqu&rsquo;\u00e0 15 mois<\/h2>\n<\/div>\n<\/div>\n<div><\/div>\n<\/div>\n<div>\n<div>\n<div>L\u2019aliment humide ROYAL CANIN\u00ae Maxi Puppy Sauce est sp\u00e9cialement formul\u00e9 pour r\u00e9pondre aux besoins nutritionnels des chiots de grandes races. Cette formule convient aux chiots de grandes races \u00e2g\u00e9s de 2 \u00e0 15 mois qui devraient atteindre un poids adulte compris entre 26 et 44 kg. Cette formule sur mesure est compos\u00e9e de tendres bouch\u00e9es en sauce dont la taille, la texture et le go\u00fbt sont optimaux pour les chiots de grandes races en pleine croissance. Les tendres bouch\u00e9es en sauce sont enrichies en acides gras om\u00e9ga-3 (dont le DHA), scientifiquement prouv\u00e9s pour contribuer au bon d\u00e9veloppement c\u00e9r\u00e9bral et \u00e0 la sant\u00e9 visuelle des chiots. Gr\u00e2ce \u00e0 une combinaison de pr\u00e9biotiques b\u00e9n\u00e9fiques (tels que les FOS et les MOS) et de prot\u00e9ines hautement digestibles, ROYAL CANIN\u00ae Maxi Puppy Sauce soutient le d\u00e9veloppement du microbiote intestinal de votre chiot et favorise son \u00e9quilibre pour lui assurer une bonne sant\u00e9 digestive. L\u2019aliment humide ROYAL CANIN\u00ae Maxi Puppy Sauce contient des nutriments tels que la vitamine C et E pour aider les chiots \u00e0 soutenir leurs d\u00e9fenses naturelles et favoriser le bon d\u00e9veloppement de leur syst\u00e8me immunitaire encore immature. ROYAL CANIN\u00ae Maxi Puppy Sauce a \u00e9t\u00e9 \u00e9labor\u00e9 pour satisfaire le palais des chiots les plus exigeants. Cette nourriture humide offre \u00e0 votre chiot une exp\u00e9rience sensorielle agr\u00e9able, favorise une bonne hydratation. Elle s\u2019associe id\u00e9alement avec les croquettes ROYAL CANIN\u00ae Maxi Puppy. \u00c0 l\u2019\u00e2ge de 15 mois, vos chiots auront besoin d&rsquo;une alimentation sp\u00e9cialement adapt\u00e9e leur permettant de r\u00e9pondre aux besoins nutritionnels de chien adulte. \u00c0 ce stade, vous pouvez commencer la transition vers l\u2019aliment ROYAL CANIN\u00ae Maxi Adult, disponible sous forme de croquettes. Tous les aliments humides de notre gamme croissance sont formul\u00e9s sans conservateurs ni colorants artificiels.<\/div>\n<div><\/div>\n<h3>\u00a0Informations Nutritionnelles :<\/h3>\n<div>\n<div data-gtm-vis-first-on-screen-40760133_376=\"18636\" data-gtm-vis-first-on-screen-40760133_379=\"18636\" data-gtm-vis-first-on-screen-40760133_751=\"18636\" data-gtm-vis-has-fired-40760133_376=\"1\" data-gtm-vis-has-fired-40760133_379=\"1\" data-gtm-vis-has-fired-40760133_751=\"1\" data-gtm-vis-total-visible-time-40760133_376=\"500\" data-gtm-vis-total-visible-time-40760133_379=\"500\" data-gtm-vis-total-visible-time-40760133_751=\"1500\" data-tms=\"Product description\">\n<div>\n<div>\n<div>\n<div>\n<div>Les formules de la gamme Croissance \u00e9voluent et laissent place \u00e0 un nouveau programme nutritionnel complet ! Pendant cette p\u00e9riode de transition les sacheries vont cohabiter jusqu\u2019\u00e0 \u00e9puisement des stocks. Il est donc possible que vous receviez encore les aliments correspondant aux formules pr\u00e9c\u00e9dentes. Si vous souhaitez en savoir plus, n&rsquo;h\u00e9sitez pas \u00e0 contacter notre service consommateur au 0800415161.<\/div>\n<div>COMPOSITION : viandes et sous-produits animaux, c\u00e9r\u00e9ales, extrait de prot\u00e9ines v\u00e9g\u00e9tales, huiles et graisses, sous-produits d\u2019origine v\u00e9g\u00e9tale, substances min\u00e9rales, levures. MODE D\u2019EMPLOI : voir tableau. Num\u00e9ro de lot, Num\u00e9ro d\u2019identifiant usine, \u00e0 utiliser de pr\u00e9f\u00e9rence avant : voir sur l\u2019emballage. \u00c0 conserver dans un endroit sec et frais. De l&rsquo;eau fra\u00eeche doit \u00eatre disponible en permanence.<\/div>\n<div>ADDITIFS (AU KG) : Additifs nutritionnels : Vitamine D3 :150 UI, Fer (3b103) : 5 mg, Iode (3b202) : 0,34 mg, Cuivre (3b405, 3b406) : 2,7 mg, Mangan\u00e8se (3b502, 3b503, 3b504) : 1,4 mg, Zinc (3b603, 3b605, 3b606) : 14 mg &#8211; Additifs technologiques : Clinoptilolite d\u2019origine s\u00e9dimentaire : 2 g<\/div>\n<div>CONSTITUANTS ANALYTIQUES : Prot\u00e9ine : 8,3 % &#8211; Teneur en mati\u00e8res grasses : 5,0 % &#8211; Cendres brutes : 2,0 % &#8211; Cellulose brute : 1,2 % &#8211; Humidit\u00e9 : 79,7 % &#8211; Acide gras om\u00e9ga-3 (DHA) : 0,04% &#8211; Vitamine E : 150 mg\/kg &#8211; Vitamine C : 85 mg\/kg.<\/div>\n<h3>\u00a0B\u00e9n\u00e9fices :<\/h3>\n<div>\n<div data-gtm-vis-first-on-screen-40760133_376=\"18636\" data-gtm-vis-first-on-screen-40760133_379=\"18636\" data-gtm-vis-first-on-screen-40760133_751=\"18636\" data-gtm-vis-has-fired-40760133_376=\"1\" data-gtm-vis-has-fired-40760133_379=\"1\" data-gtm-vis-has-fired-40760133_751=\"1\" data-gtm-vis-total-visible-time-40760133_376=\"500\" data-gtm-vis-total-visible-time-40760133_379=\"500\" data-gtm-vis-total-visible-time-40760133_751=\"1500\" data-tms=\"Product description\">\n<div>\n<div>\n<div>\n<div>\n<div>\n<div data-gtm-vis-first-on-screen-40760133_376=\"18636\" data-gtm-vis-first-on-screen-40760133_379=\"18636\" data-gtm-vis-first-on-screen-40760133_751=\"18636\" data-gtm-vis-has-fired-40760133_376=\"1\" data-gtm-vis-has-fired-40760133_379=\"1\" data-gtm-vis-has-fired-40760133_751=\"1\" data-gtm-vis-total-visible-time-40760133_376=\"500\" data-gtm-vis-total-visible-time-40760133_379=\"500\" data-gtm-vis-total-visible-time-40760133_751=\"1500\" data-tms=\"Product description\">\n<div>\n<div>\n<div>\n<div>\n<ul>\n<li>\n<div>Texture tendre pour les dents de lait<\/div>\n<div>Taille, texture et go\u00fbt parfaits des bouch\u00e9es pour les chiots de grandes races en croissance.<\/div>\n<\/li>\n<li>\n<div>Syst\u00e8me immunitaire fort<\/div>\n<div>Aide \u00e0 soutenir le d\u00e9veloppement du syst\u00e8me immunitaire du chiot gr\u00e2ce \u00e0 la pr\u00e9sence d\u2019un complexe scientifiquement prouv\u00e9, comprenant les vitamines E et C.<\/div>\n<\/li>\n<li>\n<div>D\u00e9veloppement c\u00e9r\u00e9bral<\/div>\n<div>Enrichi en acide gras om\u00e9ga-3 (DHA), qui est scientifiquement prouv\u00e9 pour soutenir le d\u00e9veloppement c\u00e9r\u00e9bral et promouvoir l\u2019apprentissage du chiot lors de son \u00e9ducation pr\u00e9coce.<\/div>\n<\/li>\n<li>\n<div>Soutien du microbiome<\/div>\n<div>Une combinaison de pr\u00e9biotiques (MOS) et de prot\u00e9ines hautement digestibles pour favoriser l\u2019\u00e9quilibre du microbiote intestinal pour une sant\u00e9 digestive optimale.<\/div>\n<\/li>\n<\/ul>\n<h3><a href=\"https:\/\/wa.me\/212708052510\" target=\"_blank\" rel=\"noopener noreferrer\"><img loading=\"lazy\" decoding=\"async\" class=\"fr-fic fr-dib aligncenter\" src=\"https:\/\/cdn.youcan.shop\/stores\/d0742d556df94ddbc7ae4c9810aff04b\/others\/xQzaKaYPjCKi8gARuXFEc44jurmWbofqAI6N9An6.png\" width=\"258\" height=\"68\" data-fr-image-pasted=\"true\" data-name=\"stores\/d0742d556df94ddbc7ae4c9810aff04b\/others\/xQzaKaYPjCKi8gARuXFEc44jurmWbofqAI6N9An6.png\" \/><\/a><\/h3>\n<\/div>\n<\/div>\n<\/div>\n<\/div>\n<\/div>\n<\/div>\n<\/div>\n<\/div>\n<\/div>\n<\/div>\n<\/div>\n<\/div>\n<\/div>\n<\/div>\n<\/div>\n<\/div>\n<\/div>\n<\/div>\n<\/div>\n<\/div>\n<\/div>\n<\/div>\n","protected":false},"excerpt":{"rendered":"<p>Aliment complet pour chiens \u2013 Pour chiots de races moyennes (poids adulte de 11 \u00e0 25 kg) &#8211; Jusqu&rsquo;\u00e0 15 mois L\u2019aliment humide ROYAL CANIN\u00ae Maxi Puppy Sauce est sp\u00e9cialement formul\u00e9 pour r\u00e9pondre aux besoins nutritionnels des chiots de grandes races. Cette formule convient aux chiots de grandes races \u00e2g\u00e9s de 2 \u00e0 15 mois [&#8230;]\n","protected":false},"featured_media":428,"template":"","meta":{"jetpack_publicize_message":"","jetpack_publicize_feature_enabled":true,"jetpack_social_post_already_shared":false,"jetpack_social_options":{"image_generator_settings":{"template":"highway","default_image_id":0,"font":"","enabled":false},"version":2}},"product_brand":[],"product_cat":[39],"product_tag":[],"class_list":{"0":"post-118","1":"product","2":"type-product","3":"status-publish","4":"has-post-thumbnail","6":"product_cat-friandises-et-pates-pour-chien","8":"first","9":"outofstock","10":"taxable","11":"shipping-taxable","12":"purchasable","13":"product-type-simple"},"supplier_id":5587,"supplier_sku":"7217","barcode":null,"atum_controlled":true,"out_stock_date":"2026-03-12 15:54:15","out_stock_threshold":null,"inheritable":false,"inbound_stock":0,"stock_on_hold":0,"sold_today":0,"sales_last_days":0,"reserved_stock":0,"customer_returns":0,"warehouse_damage":0,"lost_in_post":0,"other_logs":0,"out_stock_days":41,"lost_sales":0,"has_location":false,"update_date":"2026-04-23T08:52:03","atum_locations":[],"atum_stock_status":"outofstock","restock_status":false,"low_stock_amount":12,"sales_update_date":"2026-04-23T08:52:03","calc_backorders":null,"jetpack_publicize_connections":[],"jetpack_sharing_enabled":true,"batches":[{"id":"178","date_created":"2024-09-29 09:28:01","date_expiry":"2026-06-05 00:00:00","user_id":"2760","batch_number":"RCMaxiPuppySauce050626","location":"","quantity":"9.0000","quantity_available":"0.0000","units":"1","status":"archived","order_ids":"[18793,25529]","supplier":"Royal Canin","po":{"id":"173","date_created":"2024-09-29 09:28:02","batch_id":"178","po_number":"","supplier":"Royal Canin","cost":null,"regular_price":null,"sale_price":null,"price_margin":null,"price_discount":null}},{"id":"2028","date_created":"2025-02-16 16:45:49","date_expiry":"2026-07-04 00:00:00","user_id":"2760","batch_number":"RCMaxiPuppySauce040726","location":"","quantity":"7.0000","quantity_available":"0.0000","units":"1","status":"archived","order_ids":"[26060,30669,31159]","supplier":"Royal Canin","po":{"id":"5841","date_created":"2025-10-29 12:27:54","batch_id":"2028","po_number":"","supplier":"Royal Canin","cost":null,"regular_price":null,"sale_price":null,"price_margin":null,"price_discount":null}},{"id":"5892","date_created":"2025-10-29 12:27:54","date_expiry":"2027-03-12 00:00:00","user_id":"2760","batch_number":"RCMaxiPuppySauce120327","location":"","quantity":"10.0000","quantity_available":"0.0000","units":"1","status":"archived","order_ids":"[32984]","supplier":"Royal Canin","po":{"id":"5842","date_created":"2025-10-29 12:27:55","batch_id":"5892","po_number":"","supplier":"Royal Canin","cost":null,"regular_price":null,"sale_price":null,"price_margin":null,"price_discount":null}}],"_links":{"self":[{"href":"https:\/\/petworld.ma\/index.php\/wp-json\/wp\/v2\/product\/118","targetHints":{"allow":["GET"]}}],"collection":[{"href":"https:\/\/petworld.ma\/index.php\/wp-json\/wp\/v2\/product"}],"about":[{"href":"https:\/\/petworld.ma\/index.php\/wp-json\/wp\/v2\/types\/product"}],"wp:featuredmedia":[{"embeddable":true,"href":"https:\/\/petworld.ma\/index.php\/wp-json\/wp\/v2\/media\/428"}],"wp:attachment":[{"href":"https:\/\/petworld.ma\/index.php\/wp-json\/wp\/v2\/media?parent=118"}],"wp:term":[{"taxonomy":"product_brand","embeddable":true,"href":"https:\/\/petworld.ma\/index.php\/wp-json\/wp\/v2\/product_brand?post=118"},{"taxonomy":"product_cat","embeddable":true,"href":"https:\/\/petworld.ma\/index.php\/wp-json\/wp\/v2\/product_cat?post=118"},{"taxonomy":"product_tag","embeddable":true,"href":"https:\/\/petworld.ma\/index.php\/wp-json\/wp\/v2\/product_tag?post=118"}],"curies":[{"name":"wp","href":"https:\/\/api.w.org\/{rel}","templated":true}]}}