{"id":11837,"date":"2024-09-20T16:08:41","date_gmt":"2024-09-20T16:08:41","guid":{"rendered":"https:\/\/petworld.ma\/?post_type=product&#038;p=11837"},"modified":"2026-05-04T12:29:30","modified_gmt":"2026-05-04T12:29:30","slug":"reflex-plus-pate-au-saumon-et-crevette-chat-adulte-salmon-and-shrimp-for-adult-cats-85-g","status":"publish","type":"product","link":"https:\/\/petworld.ma\/index.php\/produit\/reflex-plus-pate-au-saumon-et-crevette-chat-adulte-salmon-and-shrimp-for-adult-cats-85-g\/","title":{"rendered":"Reflex Plus P\u00e2t\u00e9 Au Saumon et Crevette Chat Adulte (Salmon And Shrimp for Adult Cats) 85 g"},"content":{"rendered":"<div class=\"food-content-sec\">\n<p>C&rsquo;est un aliment humide nutritif contenant des prot\u00e9ines animales de haute qualit\u00e9 et une vari\u00e9t\u00e9 de vitamines. Il offre des avantages multisyst\u00e9miques gr\u00e2ce \u00e0 ses composants fonctionnels. Gr\u00e2ce \u00e0 sa teneur \u00e9lev\u00e9e en eau, il soutient l&rsquo;apport quotidien en eau de l&rsquo;organisme et contribue \u00e0 la sant\u00e9 r\u00e9nale. De plus, il est facile \u00e0 dig\u00e9rer et tr\u00e8s app\u00e9tissant.<\/p>\n<p><strong>Ingr\u00e9dients :\u00a0<\/strong>\u00a0Viandes et sous-produits animaux, Poissons et poissons (4% Saumon MSC), Mollusques et crustac\u00e9s (4% Crevettes), Min\u00e9raux.<\/p>\n<\/div>\n<div class=\"row\">\n<div class=\"col-md-6\">\n<div class=\"food-content-sec mb-5\">\n<p class=\"food-content-title font-bold\"><strong>Composants nutritifs<\/strong><\/p>\n<table width=\"176\">\n<tbody>\n<tr>\n<td width=\"105\"><strong>Prot\u00e9ine brute<\/strong><\/td>\n<td width=\"71\">8,5\u00a0%<\/td>\n<\/tr>\n<tr>\n<td><strong>Teneur en mati\u00e8res grasses<\/strong><\/td>\n<td>4%<\/td>\n<\/tr>\n<tr>\n<td><strong>Fibres brutes<\/strong><\/td>\n<td>0,4\u00a0%<\/td>\n<\/tr>\n<tr>\n<td><strong>Cendres brutes<\/strong><\/td>\n<td>2%<\/td>\n<\/tr>\n<tr>\n<td><strong>Humidit\u00e9<\/strong><\/td>\n<td>85%<\/td>\n<\/tr>\n<\/tbody>\n<\/table>\n<p><strong style=\"font-size: 14.4px\">Compl\u00e9ments alimentaires<\/strong><\/p>\n<\/div>\n<\/div>\n<div class=\"col-md-6\">\n<div class=\"food-content-sec\">\n<table width=\"299\">\n<tbody>\n<tr>\n<td><strong>Composants fonctionnels :<\/strong><\/td>\n<\/tr>\n<tr>\n<td>Taurine (3a370) 450 mg.<\/td>\n<\/tr>\n<tr>\n<td><strong>Vitamines :<\/strong><\/td>\n<\/tr>\n<tr>\n<td>Vitamine D3 (3a671) 75 UI, Vitamine E (3a700) 30 mg.<\/td>\n<\/tr>\n<tr>\n<td><strong>Oligo-\u00e9l\u00e9ments :<\/strong><\/td>\n<\/tr>\n<tr>\n<td>3b605 (Zinc 20 mg), 3b503 (Mangan\u00e8se 6 mg), 3b405 (Cuivre 1 mg), 3b202 (Iode 0,5 mg).<\/td>\n<\/tr>\n<\/tbody>\n<\/table>\n<\/div>\n<\/div>\n<\/div>\n","protected":false},"excerpt":{"rendered":"<p>C&rsquo;est un aliment humide nutritif contenant des prot\u00e9ines animales de haute qualit\u00e9 et une vari\u00e9t\u00e9 de vitamines. Il offre des avantages multisyst\u00e9miques gr\u00e2ce \u00e0 ses composants fonctionnels. Gr\u00e2ce \u00e0 sa teneur \u00e9lev\u00e9e en eau, il soutient l&rsquo;apport quotidien en eau de l&rsquo;organisme et contribue \u00e0 la sant\u00e9 r\u00e9nale. De plus, il est facile \u00e0 dig\u00e9rer [&#8230;]\n","protected":false},"featured_media":11838,"template":"","meta":{"jetpack_publicize_message":"","jetpack_publicize_feature_enabled":true,"jetpack_social_post_already_shared":true,"jetpack_social_options":{"image_generator_settings":{"template":"highway","default_image_id":0,"font":"","enabled":false},"version":2}},"product_brand":[],"product_cat":[41],"product_tag":[],"class_list":{"0":"post-11837","1":"product","2":"type-product","3":"status-publish","4":"has-post-thumbnail","6":"product_cat-friandises-et-pate-pour-chat","8":"first","9":"instock","10":"taxable","11":"shipping-taxable","12":"purchasable","13":"product-type-simple"},"supplier_id":5589,"supplier_sku":"RFK-74","barcode":null,"atum_controlled":true,"out_stock_date":null,"out_stock_threshold":null,"inheritable":false,"inbound_stock":0,"stock_on_hold":0,"sold_today":0,"sales_last_days":10,"reserved_stock":0,"customer_returns":0,"warehouse_damage":0,"lost_in_post":0,"other_logs":0,"out_stock_days":0,"lost_sales":0,"has_location":false,"update_date":"2026-05-07T19:10:52","atum_locations":[],"atum_stock_status":"instock","restock_status":false,"low_stock_amount":60,"sales_update_date":"2026-05-07T19:10:52","calc_backorders":null,"jetpack_publicize_connections":[],"jetpack_sharing_enabled":true,"batches":[{"id":"2084","date_created":"2025-02-20 08:25:25","date_expiry":"2026-02-11 00:00:00","user_id":"9","batch_number":"ReflexPateSaumon110226","location":"","quantity":"88.0000","quantity_available":"0.0000","units":"1","status":"archived","order_ids":"[18198,18471,18699,19369,19647,20211,20482,21005,22080,22448,22559,22811,22955,23488,23784,24119]","supplier":"Zooluxe","po":{"id":"2054","date_created":"2025-02-20 08:25:28","batch_id":"2084","po_number":"","supplier":"Zooluxe","cost":null,"regular_price":null,"sale_price":null,"price_margin":null,"price_discount":null}},{"id":"4527","date_created":"2025-07-18 18:24:07","date_expiry":"2027-05-16 00:00:00","user_id":"9","batch_number":"ReflexPateSaumon160527","location":"","quantity":"64.0000","quantity_available":"0.0000","units":"1","status":"archived","order_ids":"[24867,25155,26051,26214,26292,26393,27460,27701,27817,27820,28099,28679]","supplier":"Rabat","po":{"id":"4491","date_created":"2025-07-18 18:24:07","batch_id":"4527","po_number":"","supplier":"Rabat","cost":null,"regular_price":null,"sale_price":null,"price_margin":null,"price_discount":null}},{"id":"5813","date_created":"2025-10-20 10:34:52","date_expiry":"2027-05-16 00:00:00","user_id":"9","batch_number":"ReflexPateSaumon160527","location":"","quantity":"48.0000","quantity_available":"0.0000","units":"1","status":"archived","order_ids":"[29174,29313,29593,29655,32841,33061,33260,33676,33687,34006,34505,34713]","supplier":"Rabat","po":{"id":"5762","date_created":"2025-10-20 10:34:53","batch_id":"5813","po_number":"","supplier":"Rabat","cost":null,"regular_price":null,"sale_price":null,"price_margin":null,"price_discount":null}},{"id":"5957","date_created":"2025-11-02 18:29:24","date_expiry":"2027-05-06 00:00:00","user_id":"9","batch_number":"ReflexPateSaumon060527","location":"","quantity":"80.0000","quantity_available":"0.0000","units":"1","status":"archived","order_ids":"[29300,30021,30389,30581,30745,30899,31170,31270,31278,31672,32469]","supplier":"Zoolux","po":{"id":"5896","date_created":"2025-11-02 18:29:24","batch_id":"5957","po_number":"","supplier":"Zoolux","cost":null,"regular_price":null,"sale_price":null,"price_margin":null,"price_discount":null}},{"id":"6607","date_created":"2025-12-10 14:20:44","date_expiry":"2027-05-06 00:00:00","user_id":"9","batch_number":"ReflexPateSaumon060527","location":"","quantity":"0.0000","quantity_available":"0.0000","units":"1","status":"archived","order_ids":null,"supplier":"Rabat","po":{"id":"6552","date_created":"2025-12-10 14:20:45","batch_id":"6607","po_number":"","supplier":"Rabat","cost":null,"regular_price":null,"sale_price":null,"price_margin":null,"price_discount":null}},{"id":"7545","date_created":"2026-02-05 17:05:54","date_expiry":"2027-05-16 00:00:00","user_id":"9","batch_number":"ReflexPateSaumon160527","location":"","quantity":"160.0000","quantity_available":"93.0000","units":"1","status":"active","order_ids":"[35156,35549,35882,36347,36556,36625,37205,37320,37379,37985,38315,38337,38512,39233,39334,40080,41064,41342]","supplier":"Zooluxe","po":{"id":"7480","date_created":"2026-02-05 17:05:55","batch_id":"7545","po_number":"","supplier":"Zooluxe","cost":null,"regular_price":null,"sale_price":null,"price_margin":null,"price_discount":null}}],"_links":{"self":[{"href":"https:\/\/petworld.ma\/index.php\/wp-json\/wp\/v2\/product\/11837","targetHints":{"allow":["GET"]}}],"collection":[{"href":"https:\/\/petworld.ma\/index.php\/wp-json\/wp\/v2\/product"}],"about":[{"href":"https:\/\/petworld.ma\/index.php\/wp-json\/wp\/v2\/types\/product"}],"wp:featuredmedia":[{"embeddable":true,"href":"https:\/\/petworld.ma\/index.php\/wp-json\/wp\/v2\/media\/11838"}],"wp:attachment":[{"href":"https:\/\/petworld.ma\/index.php\/wp-json\/wp\/v2\/media?parent=11837"}],"wp:term":[{"taxonomy":"product_brand","embeddable":true,"href":"https:\/\/petworld.ma\/index.php\/wp-json\/wp\/v2\/product_brand?post=11837"},{"taxonomy":"product_cat","embeddable":true,"href":"https:\/\/petworld.ma\/index.php\/wp-json\/wp\/v2\/product_cat?post=11837"},{"taxonomy":"product_tag","embeddable":true,"href":"https:\/\/petworld.ma\/index.php\/wp-json\/wp\/v2\/product_tag?post=11837"}],"curies":[{"name":"wp","href":"https:\/\/api.w.org\/{rel}","templated":true}]}}