{"id":11843,"date":"2024-09-20T16:20:51","date_gmt":"2024-09-20T16:20:51","guid":{"rendered":"https:\/\/petworld.ma\/?post_type=product&#038;p=11843"},"modified":"2026-05-04T12:29:34","modified_gmt":"2026-05-04T12:29:34","slug":"reflex-plus-pate-poulet-pour-chaton-chicken-for-kittens-85-g","status":"publish","type":"product","link":"https:\/\/petworld.ma\/index.php\/produit\/reflex-plus-pate-poulet-pour-chaton-chicken-for-kittens-85-g\/","title":{"rendered":"Reflex Plus P\u00e2t\u00e9 Poulet Pour Chaton (Chicken for Kittens) 85 g"},"content":{"rendered":"<div class=\"food-content-sec\">\n<p>C&rsquo;est un aliment humide nutritif contenant des prot\u00e9ines animales de haute qualit\u00e9 et une vari\u00e9t\u00e9 de vitamines. Il offre des avantages multisyst\u00e9miques gr\u00e2ce \u00e0 ses composants fonctionnels. Gr\u00e2ce \u00e0 sa teneur \u00e9lev\u00e9e en eau, il soutient l&rsquo;apport quotidien en eau de l&rsquo;organisme et contribue \u00e0 la sant\u00e9 r\u00e9nale. De plus, il est facile \u00e0 dig\u00e9rer et tr\u00e8s app\u00e9tissant.<\/p>\n<\/div>\n<div class=\"food-content-sec\"><\/div>\n<div class=\"row\">\n<div class=\"col-md-6\">\n<div class=\"food-content-sec\">\n<div class=\"food-content-sec\">\n<p><strong>Ingr\u00e9dients :\u00a0<\/strong>\u00a0Viandes et sous-produits animaux (4% Poulet), Min\u00e9raux, Sous-produits d&rsquo;origine v\u00e9g\u00e9tale, Huiles et graisses.<\/p>\n<\/div>\n<div class=\"row\">\n<div class=\"col-md-6\">\n<div class=\"food-content-sec mb-5\">\n<p class=\"food-content-title font-bold\"><strong>Composants nutritifs<\/strong><\/p>\n<table style=\"height: 224px\" width=\"317\">\n<tbody>\n<tr>\n<td width=\"105\"><strong>Prot\u00e9ine brute<\/strong><\/td>\n<td width=\"71\">10%<\/td>\n<\/tr>\n<tr>\n<td><strong>Teneur en mati\u00e8res grasses<\/strong><\/td>\n<td>6%<\/td>\n<\/tr>\n<tr>\n<td><strong>Fibres brutes<\/strong><\/td>\n<td>0,5\u00a0%<\/td>\n<\/tr>\n<tr>\n<td><strong>Cendres brutes<\/strong><\/td>\n<td>2%<\/td>\n<\/tr>\n<tr>\n<td><strong>Humidit\u00e9<\/strong><\/td>\n<td>80%<\/td>\n<\/tr>\n<\/tbody>\n<\/table>\n<\/div>\n<\/div>\n<div class=\"col-md-6\">\n<div class=\"food-content-sec\">\n<p class=\"food-content-title font-bold\"><strong>Compl\u00e9ments alimentaires<\/strong><\/p>\n<table style=\"height: 247px\" width=\"409\">\n<tbody>\n<tr>\n<td><strong>Composants fonctionnels :<\/strong><\/td>\n<\/tr>\n<tr>\n<td>Taurine (3a370) 1000 mg., L-carnitine 100 mg.<\/td>\n<\/tr>\n<tr>\n<td><strong>Vitamines :<\/strong><\/td>\n<\/tr>\n<tr>\n<td>Vitamine D3 (3a671) 75 UI, Vitamine E (3a700) 30 mg.<\/td>\n<\/tr>\n<tr>\n<td><strong>Oligo-\u00e9l\u00e9ments :<\/strong><\/td>\n<\/tr>\n<tr>\n<td>3b605 (Zinc 20 mg), 3b503 (Mangan\u00e8se 6 mg), 3b405 (Cuivre 1 mg), 3b202 (Iode 0,5 mg).<\/td>\n<\/tr>\n<\/tbody>\n<\/table>\n<\/div>\n<\/div>\n<\/div>\n<\/div>\n<\/div>\n<\/div>\n<div class=\"food-content-sec\">\n<p>&nbsp;<\/p>\n<\/div>\n","protected":false},"excerpt":{"rendered":"<p>C&rsquo;est un aliment humide nutritif contenant des prot\u00e9ines animales de haute qualit\u00e9 et une vari\u00e9t\u00e9 de vitamines. Il offre des avantages multisyst\u00e9miques gr\u00e2ce \u00e0 ses composants fonctionnels. Gr\u00e2ce \u00e0 sa teneur \u00e9lev\u00e9e en eau, il soutient l&rsquo;apport quotidien en eau de l&rsquo;organisme et contribue \u00e0 la sant\u00e9 r\u00e9nale. De plus, il est facile \u00e0 dig\u00e9rer [&#8230;]\n","protected":false},"featured_media":11844,"template":"","meta":{"jetpack_publicize_message":"","jetpack_publicize_feature_enabled":true,"jetpack_social_post_already_shared":true,"jetpack_social_options":{"image_generator_settings":{"template":"highway","default_image_id":0,"font":"","enabled":false},"version":2}},"product_brand":[],"product_cat":[41],"product_tag":[],"class_list":{"0":"post-11843","1":"product","2":"type-product","3":"status-publish","4":"has-post-thumbnail","6":"product_cat-friandises-et-pate-pour-chat","8":"first","9":"instock","10":"taxable","11":"shipping-taxable","12":"purchasable","13":"product-type-simple"},"supplier_id":5589,"supplier_sku":"REF076","barcode":null,"atum_controlled":true,"out_stock_date":null,"out_stock_threshold":null,"inheritable":false,"inbound_stock":0,"stock_on_hold":0,"sold_today":0,"sales_last_days":2,"reserved_stock":0,"customer_returns":0,"warehouse_damage":0,"lost_in_post":0,"other_logs":0,"out_stock_days":0,"lost_sales":0,"has_location":false,"update_date":"2026-05-10T00:22:48","atum_locations":[],"atum_stock_status":"instock","restock_status":false,"low_stock_amount":60,"sales_update_date":"2026-05-10T00:22:48","calc_backorders":null,"jetpack_publicize_connections":[],"jetpack_sharing_enabled":true,"batches":[{"id":"2082","date_created":"2025-02-20 08:21:45","date_expiry":"2026-08-12 00:00:00","user_id":"2760","batch_number":"ReflexPatekitten","location":"","quantity":"59.0000","quantity_available":"0.0000","units":"1","status":"archived","order_ids":"[18198,18221,18291,18398,18638,18699]","supplier":"Zoolux","po":{"id":"2052","date_created":"2025-02-20 08:21:48","batch_id":"2082","po_number":"","supplier":"Zoolux","cost":null,"regular_price":null,"sale_price":null,"price_margin":null,"price_discount":null}},{"id":"2411","date_created":"2025-03-20 23:14:02","date_expiry":"2026-08-12 00:00:00","user_id":"2760","batch_number":"ReflexPatekitten120826","location":"","quantity":"47.0000","quantity_available":"0.0000","units":"1","status":"archived","order_ids":"[19647,22179,22559,22934,23122,23485,24119,24867]","supplier":"Rabat","po":{"id":"2380","date_created":"2025-03-20 23:14:05","batch_id":"2411","po_number":"","supplier":"Rabat","cost":null,"regular_price":null,"sale_price":null,"price_margin":null,"price_discount":null}},{"id":"4529","date_created":"2025-07-18 18:25:26","date_expiry":"2027-05-16 00:00:00","user_id":"2760","batch_number":"ReflexPatekitten160527","location":"","quantity":"64.0000","quantity_available":"0.0000","units":"1","status":"archived","order_ids":"[24881,25385,25412,26045,26101,26214,26295,27701,27719,28057,28400,28479,28487]","supplier":"Rabat","po":{"id":"4493","date_created":"2025-07-18 18:25:27","batch_id":"4529","po_number":"","supplier":"Rabat","cost":null,"regular_price":null,"sale_price":null,"price_margin":null,"price_discount":null}},{"id":"5811","date_created":"2025-10-20 10:19:24","date_expiry":"2027-05-17 00:00:00","user_id":"2760","batch_number":"ReflexPatekitten160527","location":"","quantity":"48.0000","quantity_available":"20.0000","units":"1","status":"active","order_ids":"[29174,29188,29321,29593,29655,37379,37466,37878]","supplier":"Zoolux","po":{"id":"5760","date_created":"2025-10-20 10:19:24","batch_id":"5811","po_number":"","supplier":"Zoolux","cost":null,"regular_price":null,"sale_price":null,"price_margin":null,"price_discount":null}},{"id":"5958","date_created":"2025-11-02 18:30:30","date_expiry":"2027-05-16 00:00:00","user_id":"2760","batch_number":"ReflexPatekitten160527","location":"","quantity":"80.0000","quantity_available":"0.0000","units":"1","status":"archived","order_ids":"[29785,29789,30021,30224,30419,30527,31087,31170,31241,31451,31591,31672,32429,32915]","supplier":"Zoolux","po":{"id":"5897","date_created":"2025-11-02 18:30:30","batch_id":"5958","po_number":"","supplier":"Zoolux","cost":null,"regular_price":null,"sale_price":null,"price_margin":null,"price_discount":null}},{"id":"6606","date_created":"2025-12-10 10:39:43","date_expiry":"2027-05-16 00:00:00","user_id":"2760","batch_number":"ReflexPatekitten160527","location":"","quantity":"64.0000","quantity_available":"0.0000","units":"1","status":"archived","order_ids":"[32915,33004,33260,34006,34412,35496,36012,36195,36347,36770,37223,37379]","supplier":"Zoolux","po":{"id":"6551","date_created":"2025-12-10 10:39:43","batch_id":"6606","po_number":"","supplier":"Zoolux","cost":null,"regular_price":null,"sale_price":null,"price_margin":null,"price_discount":null}},{"id":"8329","date_created":"2026-03-18 14:37:41","date_expiry":"2027-05-16 00:00:00","user_id":"2760","batch_number":"ReflexPatekitten160527","location":"","quantity":"64.0000","quantity_available":"28.0000","units":"1","status":"active","order_ids":"[37973,38315,39334,40080,40543,41342]","supplier":"Zoolux","po":{"id":"8257","date_created":"2026-03-18 14:37:41","batch_id":"8329","po_number":"","supplier":"Zoolux","cost":null,"regular_price":null,"sale_price":null,"price_margin":null,"price_discount":null}}],"_links":{"self":[{"href":"https:\/\/petworld.ma\/index.php\/wp-json\/wp\/v2\/product\/11843","targetHints":{"allow":["GET"]}}],"collection":[{"href":"https:\/\/petworld.ma\/index.php\/wp-json\/wp\/v2\/product"}],"about":[{"href":"https:\/\/petworld.ma\/index.php\/wp-json\/wp\/v2\/types\/product"}],"wp:featuredmedia":[{"embeddable":true,"href":"https:\/\/petworld.ma\/index.php\/wp-json\/wp\/v2\/media\/11844"}],"wp:attachment":[{"href":"https:\/\/petworld.ma\/index.php\/wp-json\/wp\/v2\/media?parent=11843"}],"wp:term":[{"taxonomy":"product_brand","embeddable":true,"href":"https:\/\/petworld.ma\/index.php\/wp-json\/wp\/v2\/product_brand?post=11843"},{"taxonomy":"product_cat","embeddable":true,"href":"https:\/\/petworld.ma\/index.php\/wp-json\/wp\/v2\/product_cat?post=11843"},{"taxonomy":"product_tag","embeddable":true,"href":"https:\/\/petworld.ma\/index.php\/wp-json\/wp\/v2\/product_tag?post=11843"}],"curies":[{"name":"wp","href":"https:\/\/api.w.org\/{rel}","templated":true}]}}