{"id":119,"date":"2022-12-15T20:36:42","date_gmt":"2022-12-15T20:36:42","guid":{"rendered":"http:\/\/petworld.ma\/?post_type=product&#038;p=119"},"modified":"2026-04-24T09:37:01","modified_gmt":"2026-04-24T09:37:01","slug":"royal-canin-maxi-starter-mother-babydog-15-kg","status":"publish","type":"product","link":"https:\/\/petworld.ma\/index.php\/produit\/royal-canin-maxi-starter-mother-babydog-15-kg\/","title":{"rendered":"Royal Canin Maxi Starter Mother and Babydog 15 Kg"},"content":{"rendered":"<div>\n<div>\n<div>\n<h2>Aliment complet pour chiens &#8211; Sp\u00e9cial chienne de grande race (de 26 \u00e0 44 kg) et ses chiots : chienne en fin de gestation ou en lactation &#8211; Chiots au sevrage jusqu\u2019\u00e0 2 mois<\/h2>\n<\/div>\n<\/div>\n<div>Les croquettes ROYAL CANIN\u00ae Maxi Starter Mother &amp; Babydog sont formul\u00e9es pour r\u00e9pondre aux besoins nutritionnels des chiennes et de leurs chiots. Cette formule convient aux chiennes adultes de grandes races pesant entre 26 et 44 kg et aux chiots au sevrage jusqu&rsquo;\u00e0 l&rsquo;\u00e2ge de 2 mois. L\u2019aliment sec ROYAL CANIN\u00ae Maxi Starter Mother &amp; Babydog contient des nutriments tels que la vitamine C et E pour aider les chiots \u00e0 soutenir le bon d\u00e9veloppement de leur syst\u00e8me immunitaire encore immature. Gr\u00e2ce \u00e0 une combinaison de pr\u00e9biotiques b\u00e9n\u00e9fiques (tels que les MOS) et de prot\u00e9ines hautement digestibles, ROYAL CANIN\u00ae Maxi Starter Mother &amp; Babydog soutient le d\u00e9veloppement du microbiote intestinal de votre chiot et favorise son \u00e9quilibre, pour lui assurer une bonne sant\u00e9 digestive. De plus, cette formule est enrichie en acides gras om\u00e9ga-3 (dont le DHA), scientifiquement prouv\u00e9s pour contribuer au bon d\u00e9veloppement c\u00e9r\u00e9bral et \u00e0 la sant\u00e9 visuelle des chiots. Les croquettes ROYAL CANIN\u00ae Maxi Starter Mother &amp; Babydog sont faciles \u00e0 r\u00e9hydrater avec de l&rsquo;eau ti\u00e8de, ce qui permet de les ramollir et de mieux en d\u00e9gager les ar\u00f4mes, afin de stimuler l\u2019app\u00e9tit des chiots au sevrage et favoriser leur hydratation. \u00c0 l\u2019\u00e2ge de 2 mois, vos chiots auront besoin d&rsquo;une alimentation sp\u00e9cialement adapt\u00e9e leur permettant de r\u00e9pondre aux besoins nutritionnels de leur prochaine phase de croissance. \u00c0 ce stade, vous pouvez commencer la transition vers l\u2019aliment ROYAL CANIN\u00ae Maxi Puppy, disponible sous forme de croquettes ou en aliment humide en sauce. Tous les aliments secs de notre gamme croissance contiennent des antioxydants d\u2019origine naturelle, et sont formul\u00e9s sans colorants ni ar\u00f4mes artificiels.<\/div>\n<\/div>\n<div>\n<h3>Informations Nutritionnelles :<\/h3>\n<div>ADDITIFS (AU KG) : Additifs nutritionnels : Vitamine A : 18500 UI, Vitamine D3 : 1200 UI, Fer (3b103) : 42 mg, Iode (3b201, 3b202) : 4,2 mg, Cuivre (3b405, 3b406) : 13 mg, Mangan\u00e8se (3b502, 3b504) : 55 mg, Zinc (3b603, 3b605, 3b606) : 136 mg, S\u00e9l\u00e9nium (3b801, 3b811, 3b812) : 0,06 mg &#8211; Additifs technologiques : Clinoptilolite d\u2019origine s\u00e9dimentaire : 10 g &#8211; Conservateurs &#8211; Antioxyg\u00e8nes.<\/div>\n<div>CONSTITUANTS ANALYTIQUES : Prot\u00e9ine : 30,0 % &#8211; Teneur en mati\u00e8res grasses : 22,0 % &#8211; Cendres brutes : 8,4 % &#8211; Cellulose brute : 1,8 % &#8211; Acide gras om\u00e9ga-3 (DHA) : 0,19 % &#8211; Vitamine E : 500 mg\/kg &#8211; Vitamine C : 400 mg\/kg. \u00c9nergie m\u00e9tabolisable : 4173 kcal\/kg.<\/div>\n<div>COMPOSITION : riz, prot\u00e9ines de volaille d\u00e9shydrat\u00e9es, graisses animales, gluten de bl\u00e9*, ma\u00efs, prot\u00e9ines animales hydrolys\u00e9es, sels min\u00e9raux, pulpe de betterave, huile de soja, fibres v\u00e9g\u00e9tales, huile de poisson, t\u00e9guments et graines de psyllium, fructo-oligosaccharides, levures hydrolys\u00e9es (source de mannan-oligosaccharides et de b\u00eata-glucanes) (0,30 %), huile d\u2019algues Schizochytrium sp. (source de DHA), sel d\u2019acide butyrique, farine de tag\u00e8te. * L.I.P. : prot\u00e9ine s\u00e9lectionn\u00e9e pour sa tr\u00e8s haute digestibilit\u00e9 MODE D\u2019EMPLOI : voir tableau. Num\u00e9ro de lot, Num\u00e9ro d\u2019identifiant usine, \u00e0 utiliser de pr\u00e9f\u00e9rence avant : voir sur l\u2019emballage. \u00c0 conserver dans un endroit sec et frais. De l&rsquo;eau fra\u00eeche doit \u00eatre disponible en permanence.<\/div>\n<div>Les formules de la gamme Croissance \u00e9voluent et laissent place \u00e0 un nouveau programme nutritionnel complet !<\/div>\n<h3>\u00a0B\u00e9n\u00e9fices :<\/h3>\n<div>\n<ul>\n<li>\n<div>Soutien de la sant\u00e9 de la chienne et de ses chiots<\/div>\n<div>MAXI STARTER est une solution nutritionnelle unique qui est adapt\u00e9e aux besoins \u00e9nerg\u00e9tiques \u00e9lev\u00e9s de la chienne en fin de gestation ou en lactation, pour permettre la croissance optimale des chiots en cours d\u2019allaitement.<\/div>\n<\/li>\n<li>\n<div>Syst\u00e8me immunitaire fort<\/div>\n<div>Aide \u00e0 soutenir le d\u00e9veloppement du syst\u00e8me immunitaire du chiot gr\u00e2ce \u00e0 la pr\u00e9sence d\u2019un complexe scientifiquement prouv\u00e9, comprenant les vitamines E et C.<\/div>\n<\/li>\n<li>\n<div>Soutien du microbiome<\/div>\n<div>Une combinaison de pr\u00e9biotiques (MOS) et de prot\u00e9ines hautement digestibles pour favoriser l\u2019\u00e9quilibre du microbiote intestinal pour une sant\u00e9 digestive optimale.<\/div>\n<\/li>\n<li>\n<div>D\u00e9veloppement c\u00e9r\u00e9bral<\/div>\n<div>Des acides gras om\u00e9ga-3 pour favoriser le d\u00e9veloppement c\u00e9r\u00e9bral et l&rsquo;apprentissage des chiots.<\/div>\n<\/li>\n<\/ul>\n<h3><a style=\"font-size: 14.4px\" href=\"https:\/\/wa.me\/212708052510\" target=\"_blank\" rel=\"noopener noreferrer\"><img decoding=\"async\" class=\"fr-fic fr-dib aligncenter\" src=\"https:\/\/cdn.youcan.shop\/stores\/d0742d556df94ddbc7ae4c9810aff04b\/others\/GrnvXj8EUkD73IVJSJIIZvvYmggpg1MCE7Uq9C9T.png\" width=\"281\" height=\"74\" data-name=\"stores\/d0742d556df94ddbc7ae4c9810aff04b\/others\/GrnvXj8EUkD73IVJSJIIZvvYmggpg1MCE7Uq9C9T.png\" \/><\/a><span style=\"font-size: 14.4px\">\u00a0<\/span><\/h3>\n<\/div>\n<\/div>\n","protected":false},"excerpt":{"rendered":"<p>Aliment complet pour chiens &#8211; Sp\u00e9cial chienne de grande race (de 26 \u00e0 44 kg) et ses chiots : chienne en fin de gestation ou en lactation &#8211; Chiots au sevrage jusqu\u2019\u00e0 2 mois Les croquettes ROYAL CANIN\u00ae Maxi Starter Mother &amp; Babydog sont formul\u00e9es pour r\u00e9pondre aux besoins nutritionnels des chiennes et de leurs [&#8230;]\n","protected":false},"featured_media":429,"template":"","meta":{"jetpack_publicize_message":"","jetpack_publicize_feature_enabled":true,"jetpack_social_post_already_shared":false,"jetpack_social_options":{"image_generator_settings":{"template":"highway","default_image_id":0,"font":"","enabled":false},"version":2}},"product_brand":[],"product_cat":[26],"product_tag":[],"class_list":{"0":"post-119","1":"product","2":"type-product","3":"status-publish","4":"has-post-thumbnail","6":"product_cat-croquettes","8":"first","9":"instock","10":"taxable","11":"shipping-taxable","12":"purchasable","13":"product-type-simple"},"supplier_id":5587,"supplier_sku":"7139","barcode":null,"atum_controlled":true,"out_stock_date":null,"out_stock_threshold":null,"inheritable":false,"inbound_stock":0,"stock_on_hold":0,"sold_today":0,"sales_last_days":1,"reserved_stock":0,"customer_returns":0,"warehouse_damage":0,"lost_in_post":0,"other_logs":0,"out_stock_days":0,"lost_sales":0,"has_location":false,"update_date":"2026-04-29T21:47:04","atum_locations":[],"atum_stock_status":"instock","restock_status":true,"low_stock_amount":1,"sales_update_date":"2026-04-29T21:47:04","calc_backorders":null,"jetpack_publicize_connections":[],"jetpack_sharing_enabled":true,"batches":[{"id":"179","date_created":"2024-09-29 09:42:59","date_expiry":"2025-06-24 00:00:00","user_id":"2461","batch_number":"RCMaxiStarter240625","location":"","quantity":"1.0000","quantity_available":"0.0000","units":"1","status":"archived","order_ids":"[12880,16920]","supplier":"Royal Canin","po":{"id":"174","date_created":"2024-09-29 09:43:00","batch_id":"179","po_number":"","supplier":"Royal Canin","cost":null,"regular_price":null,"sale_price":null,"price_margin":null,"price_discount":null}},{"id":"1387","date_created":"2024-12-26 21:21:32","date_expiry":"2025-07-17 00:00:00","user_id":"2461","batch_number":"RCMaxiStarter170725","location":"","quantity":"1.0000","quantity_available":"0.0000","units":"1","status":"archived","order_ids":"[16920]","supplier":"Royal Canin","po":{"id":"1361","date_created":"2024-12-26 21:21:34","batch_id":"1387","po_number":"","supplier":"Royal Canin","cost":null,"regular_price":null,"sale_price":null,"price_margin":null,"price_discount":null}},{"id":"1721","date_created":"2025-01-22 22:05:43","date_expiry":"2025-07-17 00:00:00","user_id":"2461","batch_number":"RCMaxiStarter170725","location":"","quantity":"1.0000","quantity_available":"0.0000","units":"1","status":"archived","order_ids":"[18009]","supplier":"Royal Canin","po":{"id":"1695","date_created":"2025-01-22 22:05:46","batch_id":"1721","po_number":"","supplier":"Royal Canin","cost":null,"regular_price":null,"sale_price":null,"price_margin":null,"price_discount":null}},{"id":"1722","date_created":"2025-01-22 22:05:58","date_expiry":"2025-07-17 00:00:00","user_id":"2461","batch_number":"RCMaxiStarter170725","location":"","quantity":"0.0000","quantity_available":"0.0000","units":"1","status":"archived","order_ids":null,"supplier":"Royal Canin","po":{"id":"1696","date_created":"2025-01-22 22:06:01","batch_id":"1722","po_number":"","supplier":"Royal Canin","cost":null,"regular_price":null,"sale_price":null,"price_margin":null,"price_discount":null}},{"id":"2065","date_created":"2025-02-19 21:34:02","date_expiry":"2025-07-17 00:00:00","user_id":"2461","batch_number":"RCMaxiStarter170725","location":"","quantity":"1.0000","quantity_available":"0.0000","units":"1","status":"archived","order_ids":"[21033]","supplier":"Royal Canin","po":{"id":"2035","date_created":"2025-02-19 21:34:05","batch_id":"2065","po_number":"","supplier":"Royal Canin","cost":null,"regular_price":null,"sale_price":null,"price_margin":null,"price_discount":null}},{"id":"3305","date_created":"2025-05-07 22:39:03","date_expiry":"2025-08-27 00:00:00","user_id":"2461","batch_number":"RCMaxiStarter270825","location":"","quantity":"1.0000","quantity_available":"0.0000","units":"1","status":"archived","order_ids":"[23371]","supplier":"Royal Canin","po":{"id":"3272","date_created":"2025-05-07 22:39:03","batch_id":"3305","po_number":"","supplier":"Royal Canin","cost":null,"regular_price":null,"sale_price":null,"price_margin":null,"price_discount":null}},{"id":"4074","date_created":"2025-06-20 18:57:06","date_expiry":"2025-10-27 00:00:00","user_id":"2461","batch_number":"RCMaxiStarter271025","location":"","quantity":"2.0000","quantity_available":"0.0000","units":"1","status":"archived","order_ids":"[23760,23827]","supplier":"Royal Canin","po":{"id":"4038","date_created":"2025-06-20 18:57:07","batch_id":"4074","po_number":"","supplier":"Royal Canin","cost":null,"regular_price":null,"sale_price":null,"price_margin":null,"price_discount":null}},{"id":"4123","date_created":"2025-06-26 21:12:29","date_expiry":"2026-09-02 00:00:00","user_id":"2461","batch_number":"RCMaxiStarter020926","location":"","quantity":"2.0000","quantity_available":"0.0000","units":"1","status":"archived","order_ids":"[25463,35839]","supplier":"Royal Canin","po":{"id":"4087","date_created":"2025-06-26 21:12:29","batch_id":"4123","po_number":"","supplier":"Royal Canin","cost":null,"regular_price":null,"sale_price":null,"price_margin":null,"price_discount":null}},{"id":"7932","date_created":"2026-02-24 20:55:57","date_expiry":"2026-09-02 00:00:00","user_id":"2461","batch_number":"RCMaxiStarter020926","location":"","quantity":"1.0000","quantity_available":"0.0000","units":"1","status":"archived","order_ids":"[38430]","supplier":"Royal Canin","po":{"id":"7870","date_created":"2026-02-24 20:55:58","batch_id":"7932","po_number":"","supplier":"Royal Canin","cost":null,"regular_price":null,"sale_price":null,"price_margin":null,"price_discount":null}},{"id":"8729","date_created":"2026-04-05 13:09:14","date_expiry":"2026-11-30 00:00:00","user_id":"2461","batch_number":"RCMaxiStarter301126","location":"","quantity":"1.0000","quantity_available":"0.0000","units":"1","status":"archived","order_ids":"[39710]","supplier":"Royal Canin","po":{"id":"8656","date_created":"2026-04-05 13:09:14","batch_id":"8729","po_number":"","supplier":"Royal Canin","cost":null,"regular_price":null,"sale_price":null,"price_margin":null,"price_discount":null}},{"id":"9064","date_created":"2026-04-22 14:36:43","date_expiry":"2026-11-11 00:00:00","user_id":"2461","batch_number":"RCMaxiStarter111126NEW","location":"","quantity":"2.0000","quantity_available":"1.0000","units":"1","status":"active","order_ids":"[40664]","supplier":"Royal Canin","po":{"id":"8987","date_created":"2026-04-22 14:36:43","batch_id":"9064","po_number":"","supplier":"Royal Canin","cost":null,"regular_price":null,"sale_price":null,"price_margin":null,"price_discount":null}}],"_links":{"self":[{"href":"https:\/\/petworld.ma\/index.php\/wp-json\/wp\/v2\/product\/119","targetHints":{"allow":["GET"]}}],"collection":[{"href":"https:\/\/petworld.ma\/index.php\/wp-json\/wp\/v2\/product"}],"about":[{"href":"https:\/\/petworld.ma\/index.php\/wp-json\/wp\/v2\/types\/product"}],"wp:featuredmedia":[{"embeddable":true,"href":"https:\/\/petworld.ma\/index.php\/wp-json\/wp\/v2\/media\/429"}],"wp:attachment":[{"href":"https:\/\/petworld.ma\/index.php\/wp-json\/wp\/v2\/media?parent=119"}],"wp:term":[{"taxonomy":"product_brand","embeddable":true,"href":"https:\/\/petworld.ma\/index.php\/wp-json\/wp\/v2\/product_brand?post=119"},{"taxonomy":"product_cat","embeddable":true,"href":"https:\/\/petworld.ma\/index.php\/wp-json\/wp\/v2\/product_cat?post=119"},{"taxonomy":"product_tag","embeddable":true,"href":"https:\/\/petworld.ma\/index.php\/wp-json\/wp\/v2\/product_tag?post=119"}],"curies":[{"name":"wp","href":"https:\/\/api.w.org\/{rel}","templated":true}]}}