{"id":1197,"date":"2023-01-08T20:44:50","date_gmt":"2023-01-08T20:44:50","guid":{"rendered":"https:\/\/petworld.ma\/?post_type=product&#038;p=1197"},"modified":"2026-02-27T16:23:50","modified_gmt":"2026-02-27T16:23:50","slug":"jouet-pour-chat-baton-de-chenille-en-couleur-arc-en-ciel","status":"publish","type":"product","link":"https:\/\/petworld.ma\/index.php\/produit\/jouet-pour-chat-baton-de-chenille-en-couleur-arc-en-ciel\/","title":{"rendered":"Jouet B\u00e2ton de chenille en couleur arc-en-ciel"},"content":{"rendered":"<p>Il s\u2019agit d\u2019un jouet tr\u00e8s ador\u00e9 par les chats. Il permet de stimuler leur instinct de felin.<\/p>\n<p>Ce jouet est compos\u00e9 d\u2019un b\u00e2ton et d&rsquo;une peluche sous forme de chenille.<\/p>\n","protected":false},"excerpt":{"rendered":"<p>Il s\u2019agit d\u2019un jouet tr\u00e8s ador\u00e9 par les chats. Il permet de stimuler leur instinct de felin. Ce jouet est compos\u00e9 d\u2019un b\u00e2ton et d&rsquo;une peluche sous forme de chenille.<\/p>\n","protected":false},"featured_media":1198,"template":"","meta":{"jetpack_publicize_message":"","jetpack_publicize_feature_enabled":true,"jetpack_social_post_already_shared":false,"jetpack_social_options":{"image_generator_settings":{"template":"highway","default_image_id":0,"font":"","enabled":false},"version":2}},"product_brand":[],"product_cat":[100],"product_tag":[],"class_list":{"0":"post-1197","1":"product","2":"type-product","3":"status-publish","4":"has-post-thumbnail","6":"product_cat-accessoires-jouets-et-colliers","8":"first","9":"outofstock","10":"sale","11":"taxable","12":"shipping-taxable","13":"purchasable","14":"product-type-simple"},"supplier_id":5592,"supplier_sku":"","barcode":null,"atum_controlled":true,"out_stock_date":"2026-02-27 16:23:50","out_stock_threshold":null,"inheritable":false,"inbound_stock":0,"stock_on_hold":0,"sold_today":0,"sales_last_days":0,"reserved_stock":0,"customer_returns":0,"warehouse_damage":0,"lost_in_post":0,"other_logs":0,"out_stock_days":58,"lost_sales":414,"has_location":false,"update_date":"2026-04-27T00:14:43","atum_locations":[],"atum_stock_status":"outofstock","restock_status":false,"low_stock_amount":"","sales_update_date":"2026-04-27T00:14:43","calc_backorders":null,"jetpack_publicize_connections":[],"jetpack_sharing_enabled":true,"batches":[],"_links":{"self":[{"href":"https:\/\/petworld.ma\/index.php\/wp-json\/wp\/v2\/product\/1197","targetHints":{"allow":["GET"]}}],"collection":[{"href":"https:\/\/petworld.ma\/index.php\/wp-json\/wp\/v2\/product"}],"about":[{"href":"https:\/\/petworld.ma\/index.php\/wp-json\/wp\/v2\/types\/product"}],"wp:featuredmedia":[{"embeddable":true,"href":"https:\/\/petworld.ma\/index.php\/wp-json\/wp\/v2\/media\/1198"}],"wp:attachment":[{"href":"https:\/\/petworld.ma\/index.php\/wp-json\/wp\/v2\/media?parent=1197"}],"wp:term":[{"taxonomy":"product_brand","embeddable":true,"href":"https:\/\/petworld.ma\/index.php\/wp-json\/wp\/v2\/product_brand?post=1197"},{"taxonomy":"product_cat","embeddable":true,"href":"https:\/\/petworld.ma\/index.php\/wp-json\/wp\/v2\/product_cat?post=1197"},{"taxonomy":"product_tag","embeddable":true,"href":"https:\/\/petworld.ma\/index.php\/wp-json\/wp\/v2\/product_tag?post=1197"}],"curies":[{"name":"wp","href":"https:\/\/api.w.org\/{rel}","templated":true}]}}